{"id":9148,"date":"2025-02-14T14:04:26","date_gmt":"2025-02-14T14:04:26","guid":{"rendered":"https:\/\/botanian.com\/?post_type=product&#038;p=9148"},"modified":"2025-02-14T14:04:28","modified_gmt":"2025-02-14T14:04:28","slug":"propagation-soil-mix-4","status":"publish","type":"product","link":"https:\/\/botanian.com\/pt-pt\/product\/propagation-soil-mix-4\/","title":{"rendered":"Propagation Soil Mix"},"content":{"rendered":"<p>Para todas as plantas de interior e exterior, incluindo vegetais, ervas arom\u00e1ticas e flores.<\/p>\n<p>N\u00e3o importa qual produto escolha da gama de produtos Botanian, come\u00e7ar \u00e9 sempre f\u00e1cil.<\/p>\n<h2>Informa\u00e7\u00e3o do produto<\/h2>\n<p>Este saco cont\u00e9m 20* litros de substrato premium sem turfa para propaga\u00e7\u00e3o.<\/p>\n<p>Substrato premium sem turfa, ideal para a sementeira e enraizamento de estacas de todos os tipos de culturas, gra\u00e7as \u00e0 sua estrutura fina. O substrato deste saco \u00e9 uma mistura de materiais renov\u00e1veis e isento de turfa, garantindo uma composi\u00e7\u00e3o de alta qualidade.<\/p>\n<p>Considere utilizar este substrato para encher os seus Botanian Grow Pots &#038; Strips.<\/p>\n","protected":false},"excerpt":{"rendered":"<p>Para todas as plantas de interior e exterior, incluindo vegetais, ervas arom\u00e1ticas e flores. N\u00e3o importa qual produto escolha da gama de produtos Botanian, come\u00e7ar \u00e9 sempre f\u00e1cil. Informa\u00e7\u00e3o do produto Este saco cont\u00e9m 20* litros de substrato premium sem turfa para propaga\u00e7\u00e3o. Substrato premium sem turfa, ideal para a sementeira e enraizamento de estacas [&hellip;]<\/p>\n","protected":false},"featured_media":10038,"template":"","meta":{"site-sidebar-layout":"default","site-content-layout":"","ast-site-content-layout":"default","site-content-style":"default","site-sidebar-style":"default","ast-global-header-display":"","ast-banner-title-visibility":"","ast-main-header-display":"","ast-hfb-above-header-display":"","ast-hfb-below-header-display":"","ast-hfb-mobile-header-display":"","site-post-title":"","ast-breadcrumbs-content":"","ast-featured-img":"","footer-sml-layout":"","ast-disable-related-posts":"","theme-transparent-header-meta":"default","adv-header-id-meta":"","stick-header-meta":"","header-above-stick-meta":"","header-main-stick-meta":"","header-below-stick-meta":"","astra-migrate-meta-layouts":"default","ast-page-background-enabled":"default","ast-page-background-meta":{"desktop":{"background-color":"var(--ast-global-color-4)","background-image":"","background-repeat":"repeat","background-position":"center center","background-size":"auto","background-attachment":"scroll","background-type":"","background-media":"","overlay-type":"","overlay-color":"","overlay-opacity":"","overlay-gradient":""},"tablet":{"background-color":"","background-image":"","background-repeat":"repeat","background-position":"center center","background-size":"auto","background-attachment":"scroll","background-type":"","background-media":"","overlay-type":"","overlay-color":"","overlay-opacity":"","overlay-gradient":""},"mobile":{"background-color":"","background-image":"","background-repeat":"repeat","background-position":"center center","background-size":"auto","background-attachment":"scroll","background-type":"","background-media":"","overlay-type":"","overlay-color":"","overlay-opacity":"","overlay-gradient":""}},"ast-content-background-meta":{"desktop":{"background-color":"var(--ast-global-color-5)","background-image":"","background-repeat":"repeat","background-position":"center center","background-size":"auto","background-attachment":"scroll","background-type":"","background-media":"","overlay-type":"","overlay-color":"","overlay-opacity":"","overlay-gradient":""},"tablet":{"background-color":"var(--ast-global-color-5)","background-image":"","background-repeat":"repeat","background-position":"center center","background-size":"auto","background-attachment":"scroll","background-type":"","background-media":"","overlay-type":"","overlay-color":"","overlay-opacity":"","overlay-gradient":""},"mobile":{"background-color":"var(--ast-global-color-5)","background-image":"","background-repeat":"repeat","background-position":"center center","background-size":"auto","background-attachment":"scroll","background-type":"","background-media":"","overlay-type":"","overlay-color":"","overlay-opacity":"","overlay-gradient":""}}},"product_brand":[],"product_cat":[226,249],"product_tag":[184],"class_list":{"0":"post-9148","1":"product","2":"type-product","3":"status-publish","4":"has-post-thumbnail","6":"product_cat-potting-soil-mix-pt-pt","7":"product_cat-propagation-pt-pt","8":"product_tag-sem-turfa","9":"desktop-align-left","10":"tablet-align-left","11":"mobile-align-left","12":"ast-product-gallery-layout-horizontal-slider","13":"ast-product-gallery-with-no-image","14":"ast-magnify-disabled","15":"ast-product-tabs-layout-horizontal","17":"first","18":"instock","19":"shipping-taxable","20":"product-type-simple"},"yoast_head":"<!-- This site is optimized with the Yoast SEO plugin v27.3 - https:\/\/yoast.com\/product\/yoast-seo-wordpress\/ -->\n<title>Propagation Soil Mix - Botanian<\/title>\n<meta name=\"robots\" content=\"index, follow, max-snippet:-1, max-image-preview:large, max-video-preview:-1\" \/>\n<link rel=\"canonical\" href=\"https:\/\/botanian.com\/pt-pt\/product\/propagation-soil-mix-4\/\" \/>\n<meta property=\"og:locale\" content=\"pt_PT\" \/>\n<meta property=\"og:type\" content=\"article\" \/>\n<meta property=\"og:title\" content=\"Propagation Soil Mix - Botanian\" \/>\n<meta property=\"og:description\" content=\"Para todas as plantas de interior e exterior, incluindo vegetais, ervas arom\u00e1ticas e flores. N\u00e3o importa qual produto escolha da gama de produtos Botanian, come\u00e7ar \u00e9 sempre f\u00e1cil. Informa\u00e7\u00e3o do produto Este saco cont\u00e9m 20* litros de substrato premium sem turfa para propaga\u00e7\u00e3o. Substrato premium sem turfa, ideal para a sementeira e enraizamento de estacas [&hellip;]\" \/>\n<meta property=\"og:url\" content=\"https:\/\/botanian.com\/pt-pt\/product\/propagation-soil-mix-4\/\" \/>\n<meta property=\"og:site_name\" content=\"Botanian\" \/>\n<meta property=\"article:modified_time\" content=\"2025-02-14T14:04:28+00:00\" \/>\n<meta property=\"og:image\" content=\"https:\/\/botanian.com\/wp-content\/uploads\/botanian-placeholder.png\" \/>\n\t<meta property=\"og:image:width\" content=\"1024\" \/>\n\t<meta property=\"og:image:height\" content=\"1024\" \/>\n\t<meta property=\"og:image:type\" content=\"image\/png\" \/>\n<meta name=\"twitter:card\" content=\"summary_large_image\" \/>\n<meta name=\"twitter:label1\" content=\"Tempo estimado de leitura\" \/>\n\t<meta name=\"twitter:data1\" content=\"1 minuto\" \/>\n<script type=\"application\/ld+json\" class=\"yoast-schema-graph\">{\"@context\":\"https:\\\/\\\/schema.org\",\"@graph\":[{\"@type\":\"WebPage\",\"@id\":\"https:\\\/\\\/botanian.com\\\/pt-pt\\\/product\\\/propagation-soil-mix-4\\\/\",\"url\":\"https:\\\/\\\/botanian.com\\\/pt-pt\\\/product\\\/propagation-soil-mix-4\\\/\",\"name\":\"Propagation Soil Mix - Botanian\",\"isPartOf\":{\"@id\":\"https:\\\/\\\/botanian.com\\\/pt-pt\\\/#website\"},\"primaryImageOfPage\":{\"@id\":\"https:\\\/\\\/botanian.com\\\/pt-pt\\\/product\\\/propagation-soil-mix-4\\\/#primaryimage\"},\"image\":{\"@id\":\"https:\\\/\\\/botanian.com\\\/pt-pt\\\/product\\\/propagation-soil-mix-4\\\/#primaryimage\"},\"thumbnailUrl\":\"https:\\\/\\\/botanian.com\\\/wp-content\\\/uploads\\\/110183.png\",\"datePublished\":\"2025-02-14T14:04:26+00:00\",\"dateModified\":\"2025-02-14T14:04:28+00:00\",\"breadcrumb\":{\"@id\":\"https:\\\/\\\/botanian.com\\\/pt-pt\\\/product\\\/propagation-soil-mix-4\\\/#breadcrumb\"},\"inLanguage\":\"pt-PT\",\"potentialAction\":[{\"@type\":\"ReadAction\",\"target\":[\"https:\\\/\\\/botanian.com\\\/pt-pt\\\/product\\\/propagation-soil-mix-4\\\/\"]}]},{\"@type\":\"ImageObject\",\"inLanguage\":\"pt-PT\",\"@id\":\"https:\\\/\\\/botanian.com\\\/pt-pt\\\/product\\\/propagation-soil-mix-4\\\/#primaryimage\",\"url\":\"https:\\\/\\\/botanian.com\\\/wp-content\\\/uploads\\\/110183.png\",\"contentUrl\":\"https:\\\/\\\/botanian.com\\\/wp-content\\\/uploads\\\/110183.png\",\"width\":1024,\"height\":1024,\"caption\":\"Propagation Soil Mix 20L peat-free\"},{\"@type\":\"BreadcrumbList\",\"@id\":\"https:\\\/\\\/botanian.com\\\/pt-pt\\\/product\\\/propagation-soil-mix-4\\\/#breadcrumb\",\"itemListElement\":[{\"@type\":\"ListItem\",\"position\":1,\"name\":\"Home\",\"item\":\"https:\\\/\\\/botanian.com\\\/pt-pt\\\/\"},{\"@type\":\"ListItem\",\"position\":2,\"name\":\"Produtos\",\"item\":\"https:\\\/\\\/botanian.com\\\/products\\\/\"},{\"@type\":\"ListItem\",\"position\":3,\"name\":\"Propagation Soil Mix\"}]},{\"@type\":\"WebSite\",\"@id\":\"https:\\\/\\\/botanian.com\\\/pt-pt\\\/#website\",\"url\":\"https:\\\/\\\/botanian.com\\\/pt-pt\\\/\",\"name\":\"Botanian\",\"description\":\"Growing wherever you can imagine\",\"publisher\":{\"@id\":\"https:\\\/\\\/botanian.com\\\/pt-pt\\\/#organization\"},\"potentialAction\":[{\"@type\":\"SearchAction\",\"target\":{\"@type\":\"EntryPoint\",\"urlTemplate\":\"https:\\\/\\\/botanian.com\\\/pt-pt\\\/?s={search_term_string}\"},\"query-input\":{\"@type\":\"PropertyValueSpecification\",\"valueRequired\":true,\"valueName\":\"search_term_string\"}}],\"inLanguage\":\"pt-PT\"},{\"@type\":\"Organization\",\"@id\":\"https:\\\/\\\/botanian.com\\\/pt-pt\\\/#organization\",\"name\":\"Botanian\",\"url\":\"https:\\\/\\\/botanian.com\\\/pt-pt\\\/\",\"logo\":{\"@type\":\"ImageObject\",\"inLanguage\":\"pt-PT\",\"@id\":\"https:\\\/\\\/botanian.com\\\/pt-pt\\\/#\\\/schema\\\/logo\\\/image\\\/\",\"url\":\"https:\\\/\\\/botanian.com\\\/wp-content\\\/uploads\\\/botanian-logo.svg\",\"contentUrl\":\"https:\\\/\\\/botanian.com\\\/wp-content\\\/uploads\\\/botanian-logo.svg\",\"caption\":\"Botanian\"},\"image\":{\"@id\":\"https:\\\/\\\/botanian.com\\\/pt-pt\\\/#\\\/schema\\\/logo\\\/image\\\/\"}}]}<\/script>\n<!-- \/ Yoast SEO plugin. -->","yoast_head_json":{"title":"Propagation Soil Mix - Botanian","robots":{"index":"index","follow":"follow","max-snippet":"max-snippet:-1","max-image-preview":"max-image-preview:large","max-video-preview":"max-video-preview:-1"},"canonical":"https:\/\/botanian.com\/pt-pt\/product\/propagation-soil-mix-4\/","og_locale":"pt_PT","og_type":"article","og_title":"Propagation Soil Mix - Botanian","og_description":"Para todas as plantas de interior e exterior, incluindo vegetais, ervas arom\u00e1ticas e flores. N\u00e3o importa qual produto escolha da gama de produtos Botanian, come\u00e7ar \u00e9 sempre f\u00e1cil. Informa\u00e7\u00e3o do produto Este saco cont\u00e9m 20* litros de substrato premium sem turfa para propaga\u00e7\u00e3o. Substrato premium sem turfa, ideal para a sementeira e enraizamento de estacas [&hellip;]","og_url":"https:\/\/botanian.com\/pt-pt\/product\/propagation-soil-mix-4\/","og_site_name":"Botanian","article_modified_time":"2025-02-14T14:04:28+00:00","og_image":[{"width":1024,"height":1024,"url":"https:\/\/botanian.com\/wp-content\/uploads\/botanian-placeholder.png","type":"image\/png"}],"twitter_card":"summary_large_image","twitter_misc":{"Tempo estimado de leitura":"1 minuto"},"schema":{"@context":"https:\/\/schema.org","@graph":[{"@type":"WebPage","@id":"https:\/\/botanian.com\/pt-pt\/product\/propagation-soil-mix-4\/","url":"https:\/\/botanian.com\/pt-pt\/product\/propagation-soil-mix-4\/","name":"Propagation Soil Mix - Botanian","isPartOf":{"@id":"https:\/\/botanian.com\/pt-pt\/#website"},"primaryImageOfPage":{"@id":"https:\/\/botanian.com\/pt-pt\/product\/propagation-soil-mix-4\/#primaryimage"},"image":{"@id":"https:\/\/botanian.com\/pt-pt\/product\/propagation-soil-mix-4\/#primaryimage"},"thumbnailUrl":"https:\/\/botanian.com\/wp-content\/uploads\/110183.png","datePublished":"2025-02-14T14:04:26+00:00","dateModified":"2025-02-14T14:04:28+00:00","breadcrumb":{"@id":"https:\/\/botanian.com\/pt-pt\/product\/propagation-soil-mix-4\/#breadcrumb"},"inLanguage":"pt-PT","potentialAction":[{"@type":"ReadAction","target":["https:\/\/botanian.com\/pt-pt\/product\/propagation-soil-mix-4\/"]}]},{"@type":"ImageObject","inLanguage":"pt-PT","@id":"https:\/\/botanian.com\/pt-pt\/product\/propagation-soil-mix-4\/#primaryimage","url":"https:\/\/botanian.com\/wp-content\/uploads\/110183.png","contentUrl":"https:\/\/botanian.com\/wp-content\/uploads\/110183.png","width":1024,"height":1024,"caption":"Propagation Soil Mix 20L peat-free"},{"@type":"BreadcrumbList","@id":"https:\/\/botanian.com\/pt-pt\/product\/propagation-soil-mix-4\/#breadcrumb","itemListElement":[{"@type":"ListItem","position":1,"name":"Home","item":"https:\/\/botanian.com\/pt-pt\/"},{"@type":"ListItem","position":2,"name":"Produtos","item":"https:\/\/botanian.com\/products\/"},{"@type":"ListItem","position":3,"name":"Propagation Soil Mix"}]},{"@type":"WebSite","@id":"https:\/\/botanian.com\/pt-pt\/#website","url":"https:\/\/botanian.com\/pt-pt\/","name":"Botanian","description":"Growing wherever you can imagine","publisher":{"@id":"https:\/\/botanian.com\/pt-pt\/#organization"},"potentialAction":[{"@type":"SearchAction","target":{"@type":"EntryPoint","urlTemplate":"https:\/\/botanian.com\/pt-pt\/?s={search_term_string}"},"query-input":{"@type":"PropertyValueSpecification","valueRequired":true,"valueName":"search_term_string"}}],"inLanguage":"pt-PT"},{"@type":"Organization","@id":"https:\/\/botanian.com\/pt-pt\/#organization","name":"Botanian","url":"https:\/\/botanian.com\/pt-pt\/","logo":{"@type":"ImageObject","inLanguage":"pt-PT","@id":"https:\/\/botanian.com\/pt-pt\/#\/schema\/logo\/image\/","url":"https:\/\/botanian.com\/wp-content\/uploads\/botanian-logo.svg","contentUrl":"https:\/\/botanian.com\/wp-content\/uploads\/botanian-logo.svg","caption":"Botanian"},"image":{"@id":"https:\/\/botanian.com\/pt-pt\/#\/schema\/logo\/image\/"}}]}},"_links":{"self":[{"href":"https:\/\/botanian.com\/pt-pt\/wp-json\/wp\/v2\/product\/9148","targetHints":{"allow":["GET"]}}],"collection":[{"href":"https:\/\/botanian.com\/pt-pt\/wp-json\/wp\/v2\/product"}],"about":[{"href":"https:\/\/botanian.com\/pt-pt\/wp-json\/wp\/v2\/types\/product"}],"version-history":[{"count":1,"href":"https:\/\/botanian.com\/pt-pt\/wp-json\/wp\/v2\/product\/9148\/revisions"}],"predecessor-version":[{"id":9260,"href":"https:\/\/botanian.com\/pt-pt\/wp-json\/wp\/v2\/product\/9148\/revisions\/9260"}],"wp:featuredmedia":[{"embeddable":true,"href":"https:\/\/botanian.com\/pt-pt\/wp-json\/wp\/v2\/media\/10038"}],"wp:attachment":[{"href":"https:\/\/botanian.com\/pt-pt\/wp-json\/wp\/v2\/media?parent=9148"}],"wp:term":[{"taxonomy":"product_brand","embeddable":true,"href":"https:\/\/botanian.com\/pt-pt\/wp-json\/wp\/v2\/product_brand?post=9148"},{"taxonomy":"product_cat","embeddable":true,"href":"https:\/\/botanian.com\/pt-pt\/wp-json\/wp\/v2\/product_cat?post=9148"},{"taxonomy":"product_tag","embeddable":true,"href":"https:\/\/botanian.com\/pt-pt\/wp-json\/wp\/v2\/product_tag?post=9148"}],"curies":[{"name":"wp","href":"https:\/\/api.w.org\/{rel}","templated":true}]}}