{"id":8079,"date":"2024-12-09T21:40:51","date_gmt":"2024-12-09T21:40:51","guid":{"rendered":"https:\/\/botanian.com\/?post_type=product&#038;p=8079"},"modified":"2024-12-09T22:01:17","modified_gmt":"2024-12-09T22:01:17","slug":"mini-greenhouse","status":"publish","type":"product","link":"https:\/\/botanian.com\/pt-pt\/product\/mini-greenhouse\/","title":{"rendered":"Mini Greenhouse"},"content":{"rendered":"<h2>Estufa mini com pellets de 36 mm* &#8211; embalagem de 12 unidades<\/h2>\n<p>Para todas as plantas de interior e exterior, incluindo vegetais, ervas arom\u00e1ticas e flores<\/p>\n<p>Solu\u00e7\u00e3o completa para a propaga\u00e7\u00e3o r\u00e1pida e eficaz de sementes e estacas. O produto perfeito para qualquer cultivador iniciante ou experiente.<br \/>\nSimples e f\u00e1cil de usar \u2013 basta adicionar \u00e1gua e sementes!<\/p>\n<h2>Informa\u00e7\u00f5es sobre o produto<\/h2>\n<p>Este kit Botanian Greenhouse inclui: 12 pellets de 36 mm*, 1 bandeja \u00e0 prova de \u00e1gua e 1 tampa transparente.<\/p>\n<p>Voc\u00ea obt\u00e9m mais flores, frutas e vegetais com os Pellets Botanian. Isso porque o desenvolvimento das ra\u00edzes das plantas, que \u00e9 fundamental, n\u00e3o \u00e9 perturbado. Quando chegar a hora de mover as suas plantas para um recipiente maior ou para o jardim, voc\u00ea simplesmente transplanta com o Pellet intacto.<\/p>\n<p>Os Pellets Botanian s\u00e3o feitos de turfa colhida de forma respons\u00e1vel.<\/p>\n","protected":false},"excerpt":{"rendered":"<p>Pellets de 36 mm &#8211; embalagem de 12 unidades<\/p>\n","protected":false},"featured_media":8089,"template":"","meta":{"site-sidebar-layout":"default","site-content-layout":"default","ast-site-content-layout":"default","site-content-style":"default","site-sidebar-style":"default","ast-global-header-display":"","ast-banner-title-visibility":"","ast-main-header-display":"","ast-hfb-above-header-display":"","ast-hfb-below-header-display":"","ast-hfb-mobile-header-display":"","site-post-title":"","ast-breadcrumbs-content":"","ast-featured-img":"","footer-sml-layout":"","ast-disable-related-posts":"","theme-transparent-header-meta":"default","adv-header-id-meta":"","stick-header-meta":"","header-above-stick-meta":"","header-main-stick-meta":"","header-below-stick-meta":"","astra-migrate-meta-layouts":"set","ast-page-background-enabled":"default","ast-page-background-meta":{"desktop":{"background-color":"var(--ast-global-color-4)","background-image":"","background-repeat":"repeat","background-position":"center center","background-size":"auto","background-attachment":"scroll","background-type":"","background-media":"","overlay-type":"","overlay-color":"","overlay-opacity":"","overlay-gradient":""},"tablet":{"background-color":"","background-image":"","background-repeat":"repeat","background-position":"center center","background-size":"auto","background-attachment":"scroll","background-type":"","background-media":"","overlay-type":"","overlay-color":"","overlay-opacity":"","overlay-gradient":""},"mobile":{"background-color":"","background-image":"","background-repeat":"repeat","background-position":"center center","background-size":"auto","background-attachment":"scroll","background-type":"","background-media":"","overlay-type":"","overlay-color":"","overlay-opacity":"","overlay-gradient":""}},"ast-content-background-meta":{"desktop":{"background-color":"var(--ast-global-color-5)","background-image":"","background-repeat":"repeat","background-position":"center center","background-size":"auto","background-attachment":"scroll","background-type":"","background-media":"","overlay-type":"","overlay-color":"","overlay-opacity":"","overlay-gradient":""},"tablet":{"background-color":"var(--ast-global-color-5)","background-image":"","background-repeat":"repeat","background-position":"center center","background-size":"auto","background-attachment":"scroll","background-type":"","background-media":"","overlay-type":"","overlay-color":"","overlay-opacity":"","overlay-gradient":""},"mobile":{"background-color":"var(--ast-global-color-5)","background-image":"","background-repeat":"repeat","background-position":"center center","background-size":"auto","background-attachment":"scroll","background-type":"","background-media":"","overlay-type":"","overlay-color":"","overlay-opacity":"","overlay-gradient":""}}},"product_brand":[],"product_cat":[89],"product_tag":[175],"class_list":{"0":"post-8079","1":"product","2":"type-product","3":"status-publish","4":"has-post-thumbnail","6":"product_cat-greenhouse-kits","7":"product_tag-a-base-de-turfa","8":"desktop-align-left","9":"tablet-align-left","10":"mobile-align-left","11":"ast-product-gallery-layout-horizontal-slider","12":"ast-magnify-disabled","13":"ast-product-tabs-layout-horizontal","15":"first","16":"instock","17":"shipping-taxable","18":"product-type-simple"},"yoast_head":"<!-- This site is optimized with the Yoast SEO plugin v27.3 - https:\/\/yoast.com\/product\/yoast-seo-wordpress\/ -->\n<title>Mini Greenhouse - Botanian<\/title>\n<meta name=\"robots\" content=\"index, follow, max-snippet:-1, max-image-preview:large, max-video-preview:-1\" \/>\n<link rel=\"canonical\" href=\"https:\/\/botanian.com\/pt-pt\/product\/mini-greenhouse\/\" \/>\n<meta property=\"og:locale\" content=\"pt_PT\" \/>\n<meta property=\"og:type\" content=\"article\" \/>\n<meta property=\"og:title\" content=\"Mini Greenhouse - Botanian\" \/>\n<meta property=\"og:description\" content=\"Pellets de 36 mm - embalagem de 12 unidades\" \/>\n<meta property=\"og:url\" content=\"https:\/\/botanian.com\/pt-pt\/product\/mini-greenhouse\/\" \/>\n<meta property=\"og:site_name\" content=\"Botanian\" \/>\n<meta property=\"article:modified_time\" content=\"2024-12-09T22:01:17+00:00\" \/>\n<meta property=\"og:image\" content=\"https:\/\/botanian.com\/wp-content\/uploads\/botanian-mini-greenhouse-110163-with-36-mm-pellets-12x-pack-front-tmp.png\" \/>\n\t<meta property=\"og:image:width\" content=\"1024\" \/>\n\t<meta property=\"og:image:height\" content=\"1024\" \/>\n\t<meta property=\"og:image:type\" content=\"image\/png\" \/>\n<meta name=\"twitter:card\" content=\"summary_large_image\" \/>\n<meta name=\"twitter:label1\" content=\"Tempo estimado de leitura\" \/>\n\t<meta name=\"twitter:data1\" content=\"1 minuto\" \/>\n<script type=\"application\/ld+json\" class=\"yoast-schema-graph\">{\"@context\":\"https:\\\/\\\/schema.org\",\"@graph\":[{\"@type\":\"WebPage\",\"@id\":\"https:\\\/\\\/botanian.com\\\/pt-pt\\\/product\\\/mini-greenhouse\\\/\",\"url\":\"https:\\\/\\\/botanian.com\\\/pt-pt\\\/product\\\/mini-greenhouse\\\/\",\"name\":\"Mini Greenhouse - Botanian\",\"isPartOf\":{\"@id\":\"https:\\\/\\\/botanian.com\\\/pt-pt\\\/#website\"},\"primaryImageOfPage\":{\"@id\":\"https:\\\/\\\/botanian.com\\\/pt-pt\\\/product\\\/mini-greenhouse\\\/#primaryimage\"},\"image\":{\"@id\":\"https:\\\/\\\/botanian.com\\\/pt-pt\\\/product\\\/mini-greenhouse\\\/#primaryimage\"},\"thumbnailUrl\":\"https:\\\/\\\/botanian.com\\\/wp-content\\\/uploads\\\/botanian-mini-greenhouse-110163-with-36-mm-pellets-12x-pack-front-tmp.png\",\"datePublished\":\"2024-12-09T21:40:51+00:00\",\"dateModified\":\"2024-12-09T22:01:17+00:00\",\"breadcrumb\":{\"@id\":\"https:\\\/\\\/botanian.com\\\/pt-pt\\\/product\\\/mini-greenhouse\\\/#breadcrumb\"},\"inLanguage\":\"pt-PT\",\"potentialAction\":[{\"@type\":\"ReadAction\",\"target\":[\"https:\\\/\\\/botanian.com\\\/pt-pt\\\/product\\\/mini-greenhouse\\\/\"]}]},{\"@type\":\"ImageObject\",\"inLanguage\":\"pt-PT\",\"@id\":\"https:\\\/\\\/botanian.com\\\/pt-pt\\\/product\\\/mini-greenhouse\\\/#primaryimage\",\"url\":\"https:\\\/\\\/botanian.com\\\/wp-content\\\/uploads\\\/botanian-mini-greenhouse-110163-with-36-mm-pellets-12x-pack-front-tmp.png\",\"contentUrl\":\"https:\\\/\\\/botanian.com\\\/wp-content\\\/uploads\\\/botanian-mini-greenhouse-110163-with-36-mm-pellets-12x-pack-front-tmp.png\",\"width\":1024,\"height\":1024,\"caption\":\"Mini Greenhouse\"},{\"@type\":\"BreadcrumbList\",\"@id\":\"https:\\\/\\\/botanian.com\\\/pt-pt\\\/product\\\/mini-greenhouse\\\/#breadcrumb\",\"itemListElement\":[{\"@type\":\"ListItem\",\"position\":1,\"name\":\"Home\",\"item\":\"https:\\\/\\\/botanian.com\\\/pt-pt\\\/\"},{\"@type\":\"ListItem\",\"position\":2,\"name\":\"Produtos\",\"item\":\"https:\\\/\\\/botanian.com\\\/products\\\/\"},{\"@type\":\"ListItem\",\"position\":3,\"name\":\"Mini Greenhouse\"}]},{\"@type\":\"WebSite\",\"@id\":\"https:\\\/\\\/botanian.com\\\/pt-pt\\\/#website\",\"url\":\"https:\\\/\\\/botanian.com\\\/pt-pt\\\/\",\"name\":\"Botanian\",\"description\":\"Growing wherever you can imagine\",\"publisher\":{\"@id\":\"https:\\\/\\\/botanian.com\\\/pt-pt\\\/#organization\"},\"potentialAction\":[{\"@type\":\"SearchAction\",\"target\":{\"@type\":\"EntryPoint\",\"urlTemplate\":\"https:\\\/\\\/botanian.com\\\/pt-pt\\\/?s={search_term_string}\"},\"query-input\":{\"@type\":\"PropertyValueSpecification\",\"valueRequired\":true,\"valueName\":\"search_term_string\"}}],\"inLanguage\":\"pt-PT\"},{\"@type\":\"Organization\",\"@id\":\"https:\\\/\\\/botanian.com\\\/pt-pt\\\/#organization\",\"name\":\"Botanian\",\"url\":\"https:\\\/\\\/botanian.com\\\/pt-pt\\\/\",\"logo\":{\"@type\":\"ImageObject\",\"inLanguage\":\"pt-PT\",\"@id\":\"https:\\\/\\\/botanian.com\\\/pt-pt\\\/#\\\/schema\\\/logo\\\/image\\\/\",\"url\":\"https:\\\/\\\/botanian.com\\\/wp-content\\\/uploads\\\/botanian-logo.svg\",\"contentUrl\":\"https:\\\/\\\/botanian.com\\\/wp-content\\\/uploads\\\/botanian-logo.svg\",\"caption\":\"Botanian\"},\"image\":{\"@id\":\"https:\\\/\\\/botanian.com\\\/pt-pt\\\/#\\\/schema\\\/logo\\\/image\\\/\"}}]}<\/script>\n<!-- \/ Yoast SEO plugin. -->","yoast_head_json":{"title":"Mini Greenhouse - Botanian","robots":{"index":"index","follow":"follow","max-snippet":"max-snippet:-1","max-image-preview":"max-image-preview:large","max-video-preview":"max-video-preview:-1"},"canonical":"https:\/\/botanian.com\/pt-pt\/product\/mini-greenhouse\/","og_locale":"pt_PT","og_type":"article","og_title":"Mini Greenhouse - Botanian","og_description":"Pellets de 36 mm - embalagem de 12 unidades","og_url":"https:\/\/botanian.com\/pt-pt\/product\/mini-greenhouse\/","og_site_name":"Botanian","article_modified_time":"2024-12-09T22:01:17+00:00","og_image":[{"width":1024,"height":1024,"url":"https:\/\/botanian.com\/wp-content\/uploads\/botanian-mini-greenhouse-110163-with-36-mm-pellets-12x-pack-front-tmp.png","type":"image\/png"}],"twitter_card":"summary_large_image","twitter_misc":{"Tempo estimado de leitura":"1 minuto"},"schema":{"@context":"https:\/\/schema.org","@graph":[{"@type":"WebPage","@id":"https:\/\/botanian.com\/pt-pt\/product\/mini-greenhouse\/","url":"https:\/\/botanian.com\/pt-pt\/product\/mini-greenhouse\/","name":"Mini Greenhouse - Botanian","isPartOf":{"@id":"https:\/\/botanian.com\/pt-pt\/#website"},"primaryImageOfPage":{"@id":"https:\/\/botanian.com\/pt-pt\/product\/mini-greenhouse\/#primaryimage"},"image":{"@id":"https:\/\/botanian.com\/pt-pt\/product\/mini-greenhouse\/#primaryimage"},"thumbnailUrl":"https:\/\/botanian.com\/wp-content\/uploads\/botanian-mini-greenhouse-110163-with-36-mm-pellets-12x-pack-front-tmp.png","datePublished":"2024-12-09T21:40:51+00:00","dateModified":"2024-12-09T22:01:17+00:00","breadcrumb":{"@id":"https:\/\/botanian.com\/pt-pt\/product\/mini-greenhouse\/#breadcrumb"},"inLanguage":"pt-PT","potentialAction":[{"@type":"ReadAction","target":["https:\/\/botanian.com\/pt-pt\/product\/mini-greenhouse\/"]}]},{"@type":"ImageObject","inLanguage":"pt-PT","@id":"https:\/\/botanian.com\/pt-pt\/product\/mini-greenhouse\/#primaryimage","url":"https:\/\/botanian.com\/wp-content\/uploads\/botanian-mini-greenhouse-110163-with-36-mm-pellets-12x-pack-front-tmp.png","contentUrl":"https:\/\/botanian.com\/wp-content\/uploads\/botanian-mini-greenhouse-110163-with-36-mm-pellets-12x-pack-front-tmp.png","width":1024,"height":1024,"caption":"Mini Greenhouse"},{"@type":"BreadcrumbList","@id":"https:\/\/botanian.com\/pt-pt\/product\/mini-greenhouse\/#breadcrumb","itemListElement":[{"@type":"ListItem","position":1,"name":"Home","item":"https:\/\/botanian.com\/pt-pt\/"},{"@type":"ListItem","position":2,"name":"Produtos","item":"https:\/\/botanian.com\/products\/"},{"@type":"ListItem","position":3,"name":"Mini Greenhouse"}]},{"@type":"WebSite","@id":"https:\/\/botanian.com\/pt-pt\/#website","url":"https:\/\/botanian.com\/pt-pt\/","name":"Botanian","description":"Growing wherever you can imagine","publisher":{"@id":"https:\/\/botanian.com\/pt-pt\/#organization"},"potentialAction":[{"@type":"SearchAction","target":{"@type":"EntryPoint","urlTemplate":"https:\/\/botanian.com\/pt-pt\/?s={search_term_string}"},"query-input":{"@type":"PropertyValueSpecification","valueRequired":true,"valueName":"search_term_string"}}],"inLanguage":"pt-PT"},{"@type":"Organization","@id":"https:\/\/botanian.com\/pt-pt\/#organization","name":"Botanian","url":"https:\/\/botanian.com\/pt-pt\/","logo":{"@type":"ImageObject","inLanguage":"pt-PT","@id":"https:\/\/botanian.com\/pt-pt\/#\/schema\/logo\/image\/","url":"https:\/\/botanian.com\/wp-content\/uploads\/botanian-logo.svg","contentUrl":"https:\/\/botanian.com\/wp-content\/uploads\/botanian-logo.svg","caption":"Botanian"},"image":{"@id":"https:\/\/botanian.com\/pt-pt\/#\/schema\/logo\/image\/"}}]}},"_links":{"self":[{"href":"https:\/\/botanian.com\/pt-pt\/wp-json\/wp\/v2\/product\/8079","targetHints":{"allow":["GET"]}}],"collection":[{"href":"https:\/\/botanian.com\/pt-pt\/wp-json\/wp\/v2\/product"}],"about":[{"href":"https:\/\/botanian.com\/pt-pt\/wp-json\/wp\/v2\/types\/product"}],"version-history":[{"count":2,"href":"https:\/\/botanian.com\/pt-pt\/wp-json\/wp\/v2\/product\/8079\/revisions"}],"predecessor-version":[{"id":8108,"href":"https:\/\/botanian.com\/pt-pt\/wp-json\/wp\/v2\/product\/8079\/revisions\/8108"}],"wp:featuredmedia":[{"embeddable":true,"href":"https:\/\/botanian.com\/pt-pt\/wp-json\/wp\/v2\/media\/8089"}],"wp:attachment":[{"href":"https:\/\/botanian.com\/pt-pt\/wp-json\/wp\/v2\/media?parent=8079"}],"wp:term":[{"taxonomy":"product_brand","embeddable":true,"href":"https:\/\/botanian.com\/pt-pt\/wp-json\/wp\/v2\/product_brand?post=8079"},{"taxonomy":"product_cat","embeddable":true,"href":"https:\/\/botanian.com\/pt-pt\/wp-json\/wp\/v2\/product_cat?post=8079"},{"taxonomy":"product_tag","embeddable":true,"href":"https:\/\/botanian.com\/pt-pt\/wp-json\/wp\/v2\/product_tag?post=8079"}],"curies":[{"name":"wp","href":"https:\/\/api.w.org\/{rel}","templated":true}]}}