{"id":4383,"date":"2023-06-19T21:41:43","date_gmt":"2023-06-19T21:41:43","guid":{"rendered":"https:\/\/botanian.com\/product\/grow-pots-7\/"},"modified":"2024-12-02T13:08:18","modified_gmt":"2024-12-02T13:08:18","slug":"grow-pots-7","status":"publish","type":"product","link":"https:\/\/botanian.com\/pt-pt\/product\/grow-pots-7\/","title":{"rendered":"Grow Pots"},"content":{"rendered":"<h2>Vasos redondos de 8 cm* sem turfa &#8211; embalagem de 16 unidades<\/h2>\n<p>Para todas as plantas de interior e exterior, incluindo vegetais, ervas arom\u00e1ticas e flores.<\/p>\n<p>Independentemente do produto que escolher da gama de produtos Botanian, come\u00e7ar nunca \u00e9 dif\u00edcil.<br \/>\nSimples e f\u00e1cil de usar \u2013 basta adicionar terra, \u00e1gua e sementes.<\/p>\n<h2>Informa\u00e7\u00f5es sobre o produto<\/h2>\n<p>Este pacote inclui 16 vasos Botanian Grow sem turfa de 8 cm* redondos.<\/p>\n<p>Os vasos Botanian promovem um crescimento de ra\u00edzes mais r\u00e1pido e forte em compara\u00e7\u00e3o com os vasos de pl\u00e1stico. Facilitam o transplante, evitando a perturba\u00e7\u00e3o das ra\u00edzes e reduzindo as mudan\u00e7as de temperatura na zona das ra\u00edzes.<\/p>\n<p>Estes vasos Botanian oferecem uma alternativa ecol\u00f3gica para o cultivo de plantas. S\u00e3o feitos de musgo de esfagno, que \u00e9 uma fonte natural e renov\u00e1vel.<\/p>\n","protected":false},"excerpt":{"rendered":"<p>Vasos redondos de 8 cm &#8211; embalagem de 16 unidades<\/p>\n","protected":false},"featured_media":4033,"template":"","meta":{"site-sidebar-layout":"default","site-content-layout":"default","ast-site-content-layout":"default","site-content-style":"default","site-sidebar-style":"default","ast-global-header-display":"","ast-banner-title-visibility":"","ast-main-header-display":"","ast-hfb-above-header-display":"","ast-hfb-below-header-display":"","ast-hfb-mobile-header-display":"","site-post-title":"","ast-breadcrumbs-content":"","ast-featured-img":"","footer-sml-layout":"","ast-disable-related-posts":"","theme-transparent-header-meta":"default","adv-header-id-meta":"","stick-header-meta":"","header-above-stick-meta":"","header-main-stick-meta":"","header-below-stick-meta":"","astra-migrate-meta-layouts":"default","ast-page-background-enabled":"default","ast-page-background-meta":{"desktop":{"background-color":"var(--ast-global-color-4)","background-image":"","background-repeat":"repeat","background-position":"center center","background-size":"auto","background-attachment":"scroll","background-type":"","background-media":"","overlay-type":"","overlay-color":"","overlay-opacity":"","overlay-gradient":""},"tablet":{"background-color":"","background-image":"","background-repeat":"repeat","background-position":"center center","background-size":"auto","background-attachment":"scroll","background-type":"","background-media":"","overlay-type":"","overlay-color":"","overlay-opacity":"","overlay-gradient":""},"mobile":{"background-color":"","background-image":"","background-repeat":"repeat","background-position":"center center","background-size":"auto","background-attachment":"scroll","background-type":"","background-media":"","overlay-type":"","overlay-color":"","overlay-opacity":"","overlay-gradient":""}},"ast-content-background-meta":{"desktop":{"background-color":"var(--ast-global-color-5)","background-image":"","background-repeat":"repeat","background-position":"center center","background-size":"auto","background-attachment":"scroll","background-type":"","background-media":"","overlay-type":"","overlay-color":"","overlay-opacity":"","overlay-gradient":""},"tablet":{"background-color":"var(--ast-global-color-5)","background-image":"","background-repeat":"repeat","background-position":"center center","background-size":"auto","background-attachment":"scroll","background-type":"","background-media":"","overlay-type":"","overlay-color":"","overlay-opacity":"","overlay-gradient":""},"mobile":{"background-color":"var(--ast-global-color-5)","background-image":"","background-repeat":"repeat","background-position":"center center","background-size":"auto","background-attachment":"scroll","background-type":"","background-media":"","overlay-type":"","overlay-color":"","overlay-opacity":"","overlay-gradient":""}}},"product_brand":[],"product_cat":[106],"product_tag":[124,184],"class_list":{"0":"post-4383","1":"product","2":"type-product","3":"status-publish","4":"has-post-thumbnail","6":"product_cat-grow-pots","7":"product_tag-round-pt-pt","8":"product_tag-sem-turfa","9":"desktop-align-left","10":"tablet-align-left","11":"mobile-align-left","12":"ast-product-gallery-layout-horizontal-slider","13":"ast-magnify-disabled","14":"ast-product-tabs-layout-horizontal","16":"first","17":"instock","18":"shipping-taxable","19":"product-type-simple"},"yoast_head":"<!-- This site is optimized with the Yoast SEO plugin v27.3 - https:\/\/yoast.com\/product\/yoast-seo-wordpress\/ -->\n<title>Grow Pots - Botanian<\/title>\n<meta name=\"robots\" content=\"index, follow, max-snippet:-1, max-image-preview:large, max-video-preview:-1\" \/>\n<link rel=\"canonical\" href=\"https:\/\/botanian.com\/pt-pt\/product\/grow-pots-7\/\" \/>\n<meta property=\"og:locale\" content=\"pt_PT\" \/>\n<meta property=\"og:type\" content=\"article\" \/>\n<meta property=\"og:title\" content=\"Grow Pots - Botanian\" \/>\n<meta property=\"og:description\" content=\"Vasos redondos de 8 cm - embalagem de 16 unidades\" \/>\n<meta property=\"og:url\" content=\"https:\/\/botanian.com\/pt-pt\/product\/grow-pots-7\/\" \/>\n<meta property=\"og:site_name\" content=\"Botanian\" \/>\n<meta property=\"article:modified_time\" content=\"2024-12-02T13:08:18+00:00\" \/>\n<meta name=\"twitter:card\" content=\"summary_large_image\" \/>\n<meta name=\"twitter:label1\" content=\"Tempo estimado de leitura\" \/>\n\t<meta name=\"twitter:data1\" content=\"1 minuto\" \/>\n<script type=\"application\/ld+json\" class=\"yoast-schema-graph\">{\"@context\":\"https:\\\/\\\/schema.org\",\"@graph\":[{\"@type\":\"WebPage\",\"@id\":\"https:\\\/\\\/botanian.com\\\/pt-pt\\\/product\\\/grow-pots-7\\\/\",\"url\":\"https:\\\/\\\/botanian.com\\\/pt-pt\\\/product\\\/grow-pots-7\\\/\",\"name\":\"Grow Pots - Botanian\",\"isPartOf\":{\"@id\":\"https:\\\/\\\/botanian.com\\\/pt-pt\\\/#website\"},\"primaryImageOfPage\":{\"@id\":\"https:\\\/\\\/botanian.com\\\/pt-pt\\\/product\\\/grow-pots-7\\\/#primaryimage\"},\"image\":{\"@id\":\"https:\\\/\\\/botanian.com\\\/pt-pt\\\/product\\\/grow-pots-7\\\/#primaryimage\"},\"thumbnailUrl\":\"https:\\\/\\\/botanian.com\\\/wp-content\\\/uploads\\\/botanian-grow-pots-round-110160-8cm-peat-free-16x-pack.png\",\"datePublished\":\"2023-06-19T21:41:43+00:00\",\"dateModified\":\"2024-12-02T13:08:18+00:00\",\"breadcrumb\":{\"@id\":\"https:\\\/\\\/botanian.com\\\/pt-pt\\\/product\\\/grow-pots-7\\\/#breadcrumb\"},\"inLanguage\":\"pt-PT\",\"potentialAction\":[{\"@type\":\"ReadAction\",\"target\":[\"https:\\\/\\\/botanian.com\\\/pt-pt\\\/product\\\/grow-pots-7\\\/\"]}]},{\"@type\":\"ImageObject\",\"inLanguage\":\"pt-PT\",\"@id\":\"https:\\\/\\\/botanian.com\\\/pt-pt\\\/product\\\/grow-pots-7\\\/#primaryimage\",\"url\":\"https:\\\/\\\/botanian.com\\\/wp-content\\\/uploads\\\/botanian-grow-pots-round-110160-8cm-peat-free-16x-pack.png\",\"contentUrl\":\"https:\\\/\\\/botanian.com\\\/wp-content\\\/uploads\\\/botanian-grow-pots-round-110160-8cm-peat-free-16x-pack.png\",\"width\":1024,\"height\":1024,\"caption\":\"8 cm pots round 16x pack\"},{\"@type\":\"BreadcrumbList\",\"@id\":\"https:\\\/\\\/botanian.com\\\/pt-pt\\\/product\\\/grow-pots-7\\\/#breadcrumb\",\"itemListElement\":[{\"@type\":\"ListItem\",\"position\":1,\"name\":\"Home\",\"item\":\"https:\\\/\\\/botanian.com\\\/pt-pt\\\/\"},{\"@type\":\"ListItem\",\"position\":2,\"name\":\"Produtos\",\"item\":\"https:\\\/\\\/botanian.com\\\/products\\\/\"},{\"@type\":\"ListItem\",\"position\":3,\"name\":\"Grow Pots\"}]},{\"@type\":\"WebSite\",\"@id\":\"https:\\\/\\\/botanian.com\\\/pt-pt\\\/#website\",\"url\":\"https:\\\/\\\/botanian.com\\\/pt-pt\\\/\",\"name\":\"Botanian\",\"description\":\"Growing wherever you can imagine\",\"publisher\":{\"@id\":\"https:\\\/\\\/botanian.com\\\/pt-pt\\\/#organization\"},\"potentialAction\":[{\"@type\":\"SearchAction\",\"target\":{\"@type\":\"EntryPoint\",\"urlTemplate\":\"https:\\\/\\\/botanian.com\\\/pt-pt\\\/?s={search_term_string}\"},\"query-input\":{\"@type\":\"PropertyValueSpecification\",\"valueRequired\":true,\"valueName\":\"search_term_string\"}}],\"inLanguage\":\"pt-PT\"},{\"@type\":\"Organization\",\"@id\":\"https:\\\/\\\/botanian.com\\\/pt-pt\\\/#organization\",\"name\":\"Botanian\",\"url\":\"https:\\\/\\\/botanian.com\\\/pt-pt\\\/\",\"logo\":{\"@type\":\"ImageObject\",\"inLanguage\":\"pt-PT\",\"@id\":\"https:\\\/\\\/botanian.com\\\/pt-pt\\\/#\\\/schema\\\/logo\\\/image\\\/\",\"url\":\"https:\\\/\\\/botanian.com\\\/wp-content\\\/uploads\\\/botanian-logo.svg\",\"contentUrl\":\"https:\\\/\\\/botanian.com\\\/wp-content\\\/uploads\\\/botanian-logo.svg\",\"caption\":\"Botanian\"},\"image\":{\"@id\":\"https:\\\/\\\/botanian.com\\\/pt-pt\\\/#\\\/schema\\\/logo\\\/image\\\/\"}}]}<\/script>\n<!-- \/ Yoast SEO plugin. -->","yoast_head_json":{"title":"Grow Pots - Botanian","robots":{"index":"index","follow":"follow","max-snippet":"max-snippet:-1","max-image-preview":"max-image-preview:large","max-video-preview":"max-video-preview:-1"},"canonical":"https:\/\/botanian.com\/pt-pt\/product\/grow-pots-7\/","og_locale":"pt_PT","og_type":"article","og_title":"Grow Pots - Botanian","og_description":"Vasos redondos de 8 cm - embalagem de 16 unidades","og_url":"https:\/\/botanian.com\/pt-pt\/product\/grow-pots-7\/","og_site_name":"Botanian","article_modified_time":"2024-12-02T13:08:18+00:00","twitter_card":"summary_large_image","twitter_misc":{"Tempo estimado de leitura":"1 minuto"},"schema":{"@context":"https:\/\/schema.org","@graph":[{"@type":"WebPage","@id":"https:\/\/botanian.com\/pt-pt\/product\/grow-pots-7\/","url":"https:\/\/botanian.com\/pt-pt\/product\/grow-pots-7\/","name":"Grow Pots - Botanian","isPartOf":{"@id":"https:\/\/botanian.com\/pt-pt\/#website"},"primaryImageOfPage":{"@id":"https:\/\/botanian.com\/pt-pt\/product\/grow-pots-7\/#primaryimage"},"image":{"@id":"https:\/\/botanian.com\/pt-pt\/product\/grow-pots-7\/#primaryimage"},"thumbnailUrl":"https:\/\/botanian.com\/wp-content\/uploads\/botanian-grow-pots-round-110160-8cm-peat-free-16x-pack.png","datePublished":"2023-06-19T21:41:43+00:00","dateModified":"2024-12-02T13:08:18+00:00","breadcrumb":{"@id":"https:\/\/botanian.com\/pt-pt\/product\/grow-pots-7\/#breadcrumb"},"inLanguage":"pt-PT","potentialAction":[{"@type":"ReadAction","target":["https:\/\/botanian.com\/pt-pt\/product\/grow-pots-7\/"]}]},{"@type":"ImageObject","inLanguage":"pt-PT","@id":"https:\/\/botanian.com\/pt-pt\/product\/grow-pots-7\/#primaryimage","url":"https:\/\/botanian.com\/wp-content\/uploads\/botanian-grow-pots-round-110160-8cm-peat-free-16x-pack.png","contentUrl":"https:\/\/botanian.com\/wp-content\/uploads\/botanian-grow-pots-round-110160-8cm-peat-free-16x-pack.png","width":1024,"height":1024,"caption":"8 cm pots round 16x pack"},{"@type":"BreadcrumbList","@id":"https:\/\/botanian.com\/pt-pt\/product\/grow-pots-7\/#breadcrumb","itemListElement":[{"@type":"ListItem","position":1,"name":"Home","item":"https:\/\/botanian.com\/pt-pt\/"},{"@type":"ListItem","position":2,"name":"Produtos","item":"https:\/\/botanian.com\/products\/"},{"@type":"ListItem","position":3,"name":"Grow Pots"}]},{"@type":"WebSite","@id":"https:\/\/botanian.com\/pt-pt\/#website","url":"https:\/\/botanian.com\/pt-pt\/","name":"Botanian","description":"Growing wherever you can imagine","publisher":{"@id":"https:\/\/botanian.com\/pt-pt\/#organization"},"potentialAction":[{"@type":"SearchAction","target":{"@type":"EntryPoint","urlTemplate":"https:\/\/botanian.com\/pt-pt\/?s={search_term_string}"},"query-input":{"@type":"PropertyValueSpecification","valueRequired":true,"valueName":"search_term_string"}}],"inLanguage":"pt-PT"},{"@type":"Organization","@id":"https:\/\/botanian.com\/pt-pt\/#organization","name":"Botanian","url":"https:\/\/botanian.com\/pt-pt\/","logo":{"@type":"ImageObject","inLanguage":"pt-PT","@id":"https:\/\/botanian.com\/pt-pt\/#\/schema\/logo\/image\/","url":"https:\/\/botanian.com\/wp-content\/uploads\/botanian-logo.svg","contentUrl":"https:\/\/botanian.com\/wp-content\/uploads\/botanian-logo.svg","caption":"Botanian"},"image":{"@id":"https:\/\/botanian.com\/pt-pt\/#\/schema\/logo\/image\/"}}]}},"_links":{"self":[{"href":"https:\/\/botanian.com\/pt-pt\/wp-json\/wp\/v2\/product\/4383","targetHints":{"allow":["GET"]}}],"collection":[{"href":"https:\/\/botanian.com\/pt-pt\/wp-json\/wp\/v2\/product"}],"about":[{"href":"https:\/\/botanian.com\/pt-pt\/wp-json\/wp\/v2\/types\/product"}],"version-history":[{"count":1,"href":"https:\/\/botanian.com\/pt-pt\/wp-json\/wp\/v2\/product\/4383\/revisions"}],"predecessor-version":[{"id":6344,"href":"https:\/\/botanian.com\/pt-pt\/wp-json\/wp\/v2\/product\/4383\/revisions\/6344"}],"wp:featuredmedia":[{"embeddable":true,"href":"https:\/\/botanian.com\/pt-pt\/wp-json\/wp\/v2\/media\/4033"}],"wp:attachment":[{"href":"https:\/\/botanian.com\/pt-pt\/wp-json\/wp\/v2\/media?parent=4383"}],"wp:term":[{"taxonomy":"product_brand","embeddable":true,"href":"https:\/\/botanian.com\/pt-pt\/wp-json\/wp\/v2\/product_brand?post=4383"},{"taxonomy":"product_cat","embeddable":true,"href":"https:\/\/botanian.com\/pt-pt\/wp-json\/wp\/v2\/product_cat?post=4383"},{"taxonomy":"product_tag","embeddable":true,"href":"https:\/\/botanian.com\/pt-pt\/wp-json\/wp\/v2\/product_tag?post=4383"}],"curies":[{"name":"wp","href":"https:\/\/api.w.org\/{rel}","templated":true}]}}