{"id":10506,"date":"2026-03-15T14:29:37","date_gmt":"2026-03-15T14:29:37","guid":{"rendered":"https:\/\/botanian.com\/?post_type=product&#038;p=10506"},"modified":"2026-04-03T12:10:07","modified_gmt":"2026-04-03T12:10:07","slug":"grow-block-kit-peat-free","status":"publish","type":"product","link":"https:\/\/botanian.com\/pt-pt\/product\/grow-block-kit-peat-free\/","title":{"rendered":"Grow Block Kit"},"content":{"rendered":"<h2>Grow Block Kit com Grow Blocks de 80x80mm*, pack de 6<\/h2>\n<p>Para todas as plantas de interior e exterior, incluindo vegetais, ervas arom\u00e1ticas e flores.<\/p>\n<p>A melhoria definitiva para os seus pellets Botanian para uma propaga\u00e7\u00e3o eficaz de sementes e estacas, criando um sistema radicular mais s\u00f3lido antes do transplante. O produto perfeito para qualquer cultivador iniciante ou experiente. Os Grow Blocks s\u00e3o extremamente adequados para o cultivo de culturas maiores, como tomates, pepinos, curgetes, beringelas e ab\u00f3boras.<br \/>\nSimples e f\u00e1cil de usar \u2013 basta adicionar \u00e1gua e pellets!<\/p>\n<p>Os Grow Blocks tamb\u00e9m podem ser utilizados diretamente com sementes ou estacas, mas para melhores resultados, recomenda-se vivamente utiliz\u00e1-los em conjunto com os pellets Botanian.<\/p>\n<h2>Informa\u00e7\u00f5es sobre o produto<\/h2>\n<p>Este kit Botanian Grow Block inclui: 6 Grow Blocks de 80x80mm*, 1 tabuleiro estanque com tampa.<\/p>\n<p>Obtenha mais flores, frutos e legumes com os Botanian\u00ae Grow Blocks. Isso deve-se ao facto de o desenvolvimento radicular, t\u00e3o importante para as plantas, n\u00e3o ser perturbado. Na verdade, os Grow Blocks permitem que as suas sementes ou estacas desenvolvam um sistema radicular ainda mais robusto antes de as transplantar para um recipiente maior ou diretamente para o seu jardim, mantendo os Grow Blocks intactos.<\/p>\n<p>Estes Botanian\u00ae Grow Blocks s\u00e3o isentos de turfa. S\u00e3o feitos de fibra de coco (&#8220;coir&#8221;), um subproduto da ind\u00fastria de processamento de coco. Adquirimos e processamos as nossas cascas de coco de forma respons\u00e1vel.<\/p>\n<p>O tabuleiro e a tampa s\u00e3o reutiliz\u00e1veis. Basta recarregar com Botanian Grow Blocks e estar\u00e1 pronto para come\u00e7ar a pr\u00f3xima cultura.<br \/>\nO tabuleiro tamb\u00e9m pode ser reutilizado com os seus Botanian Grow Pots, o que ajuda a manter o ambiente seco e limpo.<\/p>\n","protected":false},"excerpt":{"rendered":"<p>Grow Blocks de 80x80mm, pack de 6<\/p>\n","protected":false},"featured_media":8914,"template":"","meta":{"site-sidebar-layout":"default","site-content-layout":"default","ast-site-content-layout":"default","site-content-style":"default","site-sidebar-style":"default","ast-global-header-display":"","ast-banner-title-visibility":"","ast-main-header-display":"","ast-hfb-above-header-display":"","ast-hfb-below-header-display":"","ast-hfb-mobile-header-display":"","site-post-title":"","ast-breadcrumbs-content":"","ast-featured-img":"","footer-sml-layout":"","ast-disable-related-posts":"","theme-transparent-header-meta":"default","adv-header-id-meta":"","stick-header-meta":"","header-above-stick-meta":"","header-main-stick-meta":"","header-below-stick-meta":"","astra-migrate-meta-layouts":"set","ast-page-background-enabled":"default","ast-page-background-meta":{"desktop":{"background-color":"var(--ast-global-color-4)","background-image":"","background-repeat":"repeat","background-position":"center center","background-size":"auto","background-attachment":"scroll","background-type":"","background-media":"","overlay-type":"","overlay-color":"","overlay-opacity":"","overlay-gradient":""},"tablet":{"background-color":"","background-image":"","background-repeat":"repeat","background-position":"center center","background-size":"auto","background-attachment":"scroll","background-type":"","background-media":"","overlay-type":"","overlay-color":"","overlay-opacity":"","overlay-gradient":""},"mobile":{"background-color":"","background-image":"","background-repeat":"repeat","background-position":"center center","background-size":"auto","background-attachment":"scroll","background-type":"","background-media":"","overlay-type":"","overlay-color":"","overlay-opacity":"","overlay-gradient":""}},"ast-content-background-meta":{"desktop":{"background-color":"var(--ast-global-color-5)","background-image":"","background-repeat":"repeat","background-position":"center center","background-size":"auto","background-attachment":"scroll","background-type":"","background-media":"","overlay-type":"","overlay-color":"","overlay-opacity":"","overlay-gradient":""},"tablet":{"background-color":"var(--ast-global-color-5)","background-image":"","background-repeat":"repeat","background-position":"center center","background-size":"auto","background-attachment":"scroll","background-type":"","background-media":"","overlay-type":"","overlay-color":"","overlay-opacity":"","overlay-gradient":""},"mobile":{"background-color":"var(--ast-global-color-5)","background-image":"","background-repeat":"repeat","background-position":"center center","background-size":"auto","background-attachment":"scroll","background-type":"","background-media":"","overlay-type":"","overlay-color":"","overlay-opacity":"","overlay-gradient":""}}},"product_brand":[],"product_cat":[296],"product_tag":[184],"class_list":{"0":"post-10506","1":"product","2":"type-product","3":"status-publish","4":"has-post-thumbnail","6":"product_cat-grow-block-kits","7":"product_tag-sem-turfa","8":"desktop-align-left","9":"tablet-align-left","10":"mobile-align-left","11":"ast-product-gallery-layout-horizontal-slider","12":"ast-product-gallery-with-no-image","13":"ast-magnify-disabled","14":"ast-product-tabs-layout-horizontal","16":"first","17":"instock","18":"shipping-taxable","19":"product-type-simple"},"yoast_head":"<!-- This site is optimized with the Yoast SEO plugin v27.4 - https:\/\/yoast.com\/product\/yoast-seo-wordpress\/ -->\n<title>Grow Block Kit - Botanian<\/title>\n<meta name=\"robots\" content=\"index, follow, max-snippet:-1, max-image-preview:large, max-video-preview:-1\" \/>\n<link rel=\"canonical\" href=\"https:\/\/botanian.com\/pt-pt\/product\/grow-block-kit-peat-free\/\" \/>\n<meta property=\"og:locale\" content=\"pt_PT\" \/>\n<meta property=\"og:type\" content=\"article\" \/>\n<meta property=\"og:title\" content=\"Grow Block Kit - Botanian\" \/>\n<meta property=\"og:description\" content=\"Grow Blocks de 80x80mm, pack de 6\" \/>\n<meta property=\"og:url\" content=\"https:\/\/botanian.com\/pt-pt\/product\/grow-block-kit-peat-free\/\" \/>\n<meta property=\"og:site_name\" content=\"Botanian\" \/>\n<meta property=\"article:modified_time\" content=\"2026-04-03T12:10:07+00:00\" \/>\n<meta property=\"og:image\" content=\"https:\/\/botanian.com\/wp-content\/uploads\/botanian-placeholder.png\" \/>\n\t<meta property=\"og:image:width\" content=\"1024\" \/>\n\t<meta property=\"og:image:height\" content=\"1024\" \/>\n\t<meta property=\"og:image:type\" content=\"image\/png\" \/>\n<meta name=\"twitter:card\" content=\"summary_large_image\" \/>\n<meta name=\"twitter:label1\" content=\"Tempo estimado de leitura\" \/>\n\t<meta name=\"twitter:data1\" content=\"1 minuto\" \/>\n<script type=\"application\/ld+json\" class=\"yoast-schema-graph\">{\"@context\":\"https:\\\/\\\/schema.org\",\"@graph\":[{\"@type\":\"WebPage\",\"@id\":\"https:\\\/\\\/botanian.com\\\/pt-pt\\\/product\\\/grow-block-kit-peat-free\\\/\",\"url\":\"https:\\\/\\\/botanian.com\\\/pt-pt\\\/product\\\/grow-block-kit-peat-free\\\/\",\"name\":\"Grow Block Kit - Botanian\",\"isPartOf\":{\"@id\":\"https:\\\/\\\/botanian.com\\\/pt-pt\\\/#website\"},\"primaryImageOfPage\":{\"@id\":\"https:\\\/\\\/botanian.com\\\/pt-pt\\\/product\\\/grow-block-kit-peat-free\\\/#primaryimage\"},\"image\":{\"@id\":\"https:\\\/\\\/botanian.com\\\/pt-pt\\\/product\\\/grow-block-kit-peat-free\\\/#primaryimage\"},\"thumbnailUrl\":\"https:\\\/\\\/botanian.com\\\/wp-content\\\/uploads\\\/botanian-placeholder.png\",\"datePublished\":\"2026-03-15T14:29:37+00:00\",\"dateModified\":\"2026-04-03T12:10:07+00:00\",\"breadcrumb\":{\"@id\":\"https:\\\/\\\/botanian.com\\\/pt-pt\\\/product\\\/grow-block-kit-peat-free\\\/#breadcrumb\"},\"inLanguage\":\"pt-PT\",\"potentialAction\":[{\"@type\":\"ReadAction\",\"target\":[\"https:\\\/\\\/botanian.com\\\/pt-pt\\\/product\\\/grow-block-kit-peat-free\\\/\"]}]},{\"@type\":\"ImageObject\",\"inLanguage\":\"pt-PT\",\"@id\":\"https:\\\/\\\/botanian.com\\\/pt-pt\\\/product\\\/grow-block-kit-peat-free\\\/#primaryimage\",\"url\":\"https:\\\/\\\/botanian.com\\\/wp-content\\\/uploads\\\/botanian-placeholder.png\",\"contentUrl\":\"https:\\\/\\\/botanian.com\\\/wp-content\\\/uploads\\\/botanian-placeholder.png\",\"width\":1024,\"height\":1024},{\"@type\":\"BreadcrumbList\",\"@id\":\"https:\\\/\\\/botanian.com\\\/pt-pt\\\/product\\\/grow-block-kit-peat-free\\\/#breadcrumb\",\"itemListElement\":[{\"@type\":\"ListItem\",\"position\":1,\"name\":\"Home\",\"item\":\"https:\\\/\\\/botanian.com\\\/pt-pt\\\/\"},{\"@type\":\"ListItem\",\"position\":2,\"name\":\"Produtos\",\"item\":\"https:\\\/\\\/botanian.com\\\/products\\\/\"},{\"@type\":\"ListItem\",\"position\":3,\"name\":\"Grow Block Kit\"}]},{\"@type\":\"WebSite\",\"@id\":\"https:\\\/\\\/botanian.com\\\/pt-pt\\\/#website\",\"url\":\"https:\\\/\\\/botanian.com\\\/pt-pt\\\/\",\"name\":\"Botanian\",\"description\":\"Growing wherever you can imagine\",\"publisher\":{\"@id\":\"https:\\\/\\\/botanian.com\\\/pt-pt\\\/#organization\"},\"potentialAction\":[{\"@type\":\"SearchAction\",\"target\":{\"@type\":\"EntryPoint\",\"urlTemplate\":\"https:\\\/\\\/botanian.com\\\/pt-pt\\\/?s={search_term_string}\"},\"query-input\":{\"@type\":\"PropertyValueSpecification\",\"valueRequired\":true,\"valueName\":\"search_term_string\"}}],\"inLanguage\":\"pt-PT\"},{\"@type\":\"Organization\",\"@id\":\"https:\\\/\\\/botanian.com\\\/pt-pt\\\/#organization\",\"name\":\"Botanian\",\"url\":\"https:\\\/\\\/botanian.com\\\/pt-pt\\\/\",\"logo\":{\"@type\":\"ImageObject\",\"inLanguage\":\"pt-PT\",\"@id\":\"https:\\\/\\\/botanian.com\\\/pt-pt\\\/#\\\/schema\\\/logo\\\/image\\\/\",\"url\":\"https:\\\/\\\/botanian.com\\\/wp-content\\\/uploads\\\/botanian-logo.svg\",\"contentUrl\":\"https:\\\/\\\/botanian.com\\\/wp-content\\\/uploads\\\/botanian-logo.svg\",\"caption\":\"Botanian\"},\"image\":{\"@id\":\"https:\\\/\\\/botanian.com\\\/pt-pt\\\/#\\\/schema\\\/logo\\\/image\\\/\"}}]}<\/script>\n<!-- \/ Yoast SEO plugin. -->","yoast_head_json":{"title":"Grow Block Kit - Botanian","robots":{"index":"index","follow":"follow","max-snippet":"max-snippet:-1","max-image-preview":"max-image-preview:large","max-video-preview":"max-video-preview:-1"},"canonical":"https:\/\/botanian.com\/pt-pt\/product\/grow-block-kit-peat-free\/","og_locale":"pt_PT","og_type":"article","og_title":"Grow Block Kit - Botanian","og_description":"Grow Blocks de 80x80mm, pack de 6","og_url":"https:\/\/botanian.com\/pt-pt\/product\/grow-block-kit-peat-free\/","og_site_name":"Botanian","article_modified_time":"2026-04-03T12:10:07+00:00","og_image":[{"width":1024,"height":1024,"url":"https:\/\/botanian.com\/wp-content\/uploads\/botanian-placeholder.png","type":"image\/png"}],"twitter_card":"summary_large_image","twitter_misc":{"Tempo estimado de leitura":"1 minuto"},"schema":{"@context":"https:\/\/schema.org","@graph":[{"@type":"WebPage","@id":"https:\/\/botanian.com\/pt-pt\/product\/grow-block-kit-peat-free\/","url":"https:\/\/botanian.com\/pt-pt\/product\/grow-block-kit-peat-free\/","name":"Grow Block Kit - Botanian","isPartOf":{"@id":"https:\/\/botanian.com\/pt-pt\/#website"},"primaryImageOfPage":{"@id":"https:\/\/botanian.com\/pt-pt\/product\/grow-block-kit-peat-free\/#primaryimage"},"image":{"@id":"https:\/\/botanian.com\/pt-pt\/product\/grow-block-kit-peat-free\/#primaryimage"},"thumbnailUrl":"https:\/\/botanian.com\/wp-content\/uploads\/botanian-placeholder.png","datePublished":"2026-03-15T14:29:37+00:00","dateModified":"2026-04-03T12:10:07+00:00","breadcrumb":{"@id":"https:\/\/botanian.com\/pt-pt\/product\/grow-block-kit-peat-free\/#breadcrumb"},"inLanguage":"pt-PT","potentialAction":[{"@type":"ReadAction","target":["https:\/\/botanian.com\/pt-pt\/product\/grow-block-kit-peat-free\/"]}]},{"@type":"ImageObject","inLanguage":"pt-PT","@id":"https:\/\/botanian.com\/pt-pt\/product\/grow-block-kit-peat-free\/#primaryimage","url":"https:\/\/botanian.com\/wp-content\/uploads\/botanian-placeholder.png","contentUrl":"https:\/\/botanian.com\/wp-content\/uploads\/botanian-placeholder.png","width":1024,"height":1024},{"@type":"BreadcrumbList","@id":"https:\/\/botanian.com\/pt-pt\/product\/grow-block-kit-peat-free\/#breadcrumb","itemListElement":[{"@type":"ListItem","position":1,"name":"Home","item":"https:\/\/botanian.com\/pt-pt\/"},{"@type":"ListItem","position":2,"name":"Produtos","item":"https:\/\/botanian.com\/products\/"},{"@type":"ListItem","position":3,"name":"Grow Block Kit"}]},{"@type":"WebSite","@id":"https:\/\/botanian.com\/pt-pt\/#website","url":"https:\/\/botanian.com\/pt-pt\/","name":"Botanian","description":"Growing wherever you can imagine","publisher":{"@id":"https:\/\/botanian.com\/pt-pt\/#organization"},"potentialAction":[{"@type":"SearchAction","target":{"@type":"EntryPoint","urlTemplate":"https:\/\/botanian.com\/pt-pt\/?s={search_term_string}"},"query-input":{"@type":"PropertyValueSpecification","valueRequired":true,"valueName":"search_term_string"}}],"inLanguage":"pt-PT"},{"@type":"Organization","@id":"https:\/\/botanian.com\/pt-pt\/#organization","name":"Botanian","url":"https:\/\/botanian.com\/pt-pt\/","logo":{"@type":"ImageObject","inLanguage":"pt-PT","@id":"https:\/\/botanian.com\/pt-pt\/#\/schema\/logo\/image\/","url":"https:\/\/botanian.com\/wp-content\/uploads\/botanian-logo.svg","contentUrl":"https:\/\/botanian.com\/wp-content\/uploads\/botanian-logo.svg","caption":"Botanian"},"image":{"@id":"https:\/\/botanian.com\/pt-pt\/#\/schema\/logo\/image\/"}}]}},"_links":{"self":[{"href":"https:\/\/botanian.com\/pt-pt\/wp-json\/wp\/v2\/product\/10506","targetHints":{"allow":["GET"]}}],"collection":[{"href":"https:\/\/botanian.com\/pt-pt\/wp-json\/wp\/v2\/product"}],"about":[{"href":"https:\/\/botanian.com\/pt-pt\/wp-json\/wp\/v2\/types\/product"}],"version-history":[{"count":4,"href":"https:\/\/botanian.com\/pt-pt\/wp-json\/wp\/v2\/product\/10506\/revisions"}],"predecessor-version":[{"id":11031,"href":"https:\/\/botanian.com\/pt-pt\/wp-json\/wp\/v2\/product\/10506\/revisions\/11031"}],"wp:featuredmedia":[{"embeddable":true,"href":"https:\/\/botanian.com\/pt-pt\/wp-json\/wp\/v2\/media\/8914"}],"wp:attachment":[{"href":"https:\/\/botanian.com\/pt-pt\/wp-json\/wp\/v2\/media?parent=10506"}],"wp:term":[{"taxonomy":"product_brand","embeddable":true,"href":"https:\/\/botanian.com\/pt-pt\/wp-json\/wp\/v2\/product_brand?post=10506"},{"taxonomy":"product_cat","embeddable":true,"href":"https:\/\/botanian.com\/pt-pt\/wp-json\/wp\/v2\/product_cat?post=10506"},{"taxonomy":"product_tag","embeddable":true,"href":"https:\/\/botanian.com\/pt-pt\/wp-json\/wp\/v2\/product_tag?post=10506"}],"curies":[{"name":"wp","href":"https:\/\/api.w.org\/{rel}","templated":true}]}}