{"id":5614,"date":"2023-01-19T12:06:04","date_gmt":"2023-01-19T12:06:04","guid":{"rendered":"https:\/\/botanian.com\/politica-de-privacidade\/"},"modified":"2024-10-30T09:41:05","modified_gmt":"2024-10-30T09:41:05","slug":"politica-de-privacidade","status":"publish","type":"page","link":"https:\/\/botanian.com\/pt-pt\/politica-de-privacidade\/","title":{"rendered":"Pol\u00edtica de Privacidade"},"content":{"rendered":"\t\t<div data-elementor-type=\"wp-page\" data-elementor-id=\"5614\" class=\"elementor elementor-5614 elementor-1743\" data-elementor-post-type=\"page\">\n\t\t\t\t<div class=\"elementor-element elementor-element-d8fcd35 e-flex e-con-boxed e-con e-parent\" data-id=\"d8fcd35\" data-element_type=\"container\" data-e-type=\"container\">\n\t\t\t\t\t<div class=\"e-con-inner\">\n\t\t<div class=\"elementor-element elementor-element-08e45e1 e-con-full e-flex e-con e-child\" data-id=\"08e45e1\" data-element_type=\"container\" data-e-type=\"container\">\n\t\t\t\t<div class=\"elementor-element elementor-element-bbdca60 elementor-widget elementor-widget-text-editor\" data-id=\"bbdca60\" data-element_type=\"widget\" data-e-type=\"widget\" data-widget_type=\"text-editor.default\">\n\t\t\t\t<div class=\"elementor-widget-container\">\n\t\t\t\t\t\t\t\t\t<h1>Pol\u00edtica de Privacidade<\/h1>\n<p>A Botanian, o Grupo Jiffy e outros utilizam cookies (ou tecnologias semelhantes) neste website. Estes s\u00e3o cookies funcionais que optimizam o desempenho do site, cookies anal\u00edticos que ajudam a analisar e melhorar o desempenho do site, e cookies de rastreamento para exibir an\u00fancios adaptados aos seus interesses.<\/p>\n<p><strong>Cookies funcionais<\/strong><br \/>Estes cookies ajudam a tornar o site mais utiliz\u00e1vel, ao ativar funcionalidades b\u00e1sicas, como navega\u00e7\u00e3o entre p\u00e1ginas e acesso a \u00e1reas seguras do site. Sem estes cookies, o site n\u00e3o consegue funcionar corretamente.<\/p>\n<p><strong>Cookies anal\u00edticos<\/strong><br \/>Estes cookies ajudam o Grupo Jiffy a compreender como utiliza o nosso site, recolhendo e reportando dados. Os cookies anal\u00edticos que utilizamos s\u00e3o configurados para respeitar a privacidade.<\/p>\n<p><strong>Cookies de marketing<\/strong><br \/>O Grupo Jiffy trabalha com terceiros que utilizam cookies de rastreamento para exibir an\u00fancios adaptados aos seus interesses ou para oferecer certas funcionalidades de redes sociais.<\/p>\n<p><strong>Perguntas?<\/strong><br \/><a href=\"https:\/\/botanian.com\/pt-pt\/contato\/\">A nossa equipa de atendimento ao cliente<\/a> est\u00e1 dispon\u00edvel para o ajudar caso tenha alguma d\u00favida sobre esta pol\u00edtica de privacidade.<\/p>\n\t\t\t\t\t\t\t\t<\/div>\n\t\t\t\t<\/div>\n\t\t\t\t<\/div>\n\t\t<div class=\"elementor-element elementor-element-dc41788 e-con-full elementor-hidden-mobile e-flex e-con e-child\" data-id=\"dc41788\" data-element_type=\"container\" data-e-type=\"container\" data-settings=\"{&quot;background_background&quot;:&quot;classic&quot;}\">\n\t\t\t\t<\/div>\n\t\t\t\t\t<\/div>\n\t\t\t\t<\/div>\n\t\t\t\t<\/div>\n\t\t","protected":false},"excerpt":{"rendered":"<p>Pol\u00edtica de Privacidade A Botanian, o Grupo Jiffy e outros utilizam cookies (ou tecnologias semelhantes) neste website. Estes s\u00e3o cookies funcionais que optimizam o desempenho do site, cookies anal\u00edticos que ajudam a analisar e melhorar o desempenho do site, e cookies de rastreamento para exibir an\u00fancios adaptados aos seus interesses. Cookies funcionaisEstes cookies ajudam a [&hellip;]<\/p>\n","protected":false},"author":1,"featured_media":0,"parent":0,"menu_order":0,"comment_status":"closed","ping_status":"closed","template":"","meta":{"site-sidebar-layout":"no-sidebar","site-content-layout":"page-builder","ast-site-content-layout":"default","site-content-style":"default","site-sidebar-style":"default","ast-global-header-display":"","ast-banner-title-visibility":"","ast-main-header-display":"","ast-hfb-above-header-display":"","ast-hfb-below-header-display":"","ast-hfb-mobile-header-display":"","site-post-title":"disabled","ast-breadcrumbs-content":"","ast-featured-img":"disabled","footer-sml-layout":"","ast-disable-related-posts":"","theme-transparent-header-meta":"","adv-header-id-meta":"","stick-header-meta":"","header-above-stick-meta":"","header-main-stick-meta":"","header-below-stick-meta":"","astra-migrate-meta-layouts":"default","ast-page-background-enabled":"default","ast-page-background-meta":{"desktop":{"background-color":"var(--ast-global-color-4)","background-image":"","background-repeat":"repeat","background-position":"center center","background-size":"auto","background-attachment":"scroll","background-type":"","background-media":"","overlay-type":"","overlay-color":"","overlay-opacity":"","overlay-gradient":""},"tablet":{"background-color":"","background-image":"","background-repeat":"repeat","background-position":"center center","background-size":"auto","background-attachment":"scroll","background-type":"","background-media":"","overlay-type":"","overlay-color":"","overlay-opacity":"","overlay-gradient":""},"mobile":{"background-color":"","background-image":"","background-repeat":"repeat","background-position":"center center","background-size":"auto","background-attachment":"scroll","background-type":"","background-media":"","overlay-type":"","overlay-color":"","overlay-opacity":"","overlay-gradient":""}},"ast-content-background-meta":{"desktop":{"background-color":"var(--ast-global-color-5)","background-image":"","background-repeat":"repeat","background-position":"center center","background-size":"auto","background-attachment":"scroll","background-type":"","background-media":"","overlay-type":"","overlay-color":"","overlay-opacity":"","overlay-gradient":""},"tablet":{"background-color":"var(--ast-global-color-5)","background-image":"","background-repeat":"repeat","background-position":"center center","background-size":"auto","background-attachment":"scroll","background-type":"","background-media":"","overlay-type":"","overlay-color":"","overlay-opacity":"","overlay-gradient":""},"mobile":{"background-color":"var(--ast-global-color-5)","background-image":"","background-repeat":"repeat","background-position":"center center","background-size":"auto","background-attachment":"scroll","background-type":"","background-media":"","overlay-type":"","overlay-color":"","overlay-opacity":"","overlay-gradient":""}},"footnotes":""},"class_list":["post-5614","page","type-page","status-publish","hentry"],"yoast_head":"<!-- This site is optimized with the Yoast SEO plugin v27.4 - https:\/\/yoast.com\/product\/yoast-seo-wordpress\/ -->\n<title>Pol\u00edtica de Privacidade - Botanian<\/title>\n<meta name=\"robots\" content=\"index, follow, max-snippet:-1, max-image-preview:large, max-video-preview:-1\" \/>\n<link rel=\"canonical\" href=\"https:\/\/botanian.com\/pt-pt\/politica-de-privacidade\/\" \/>\n<meta property=\"og:locale\" content=\"pt_PT\" \/>\n<meta property=\"og:type\" content=\"article\" \/>\n<meta property=\"og:title\" content=\"Pol\u00edtica de Privacidade - Botanian\" \/>\n<meta property=\"og:description\" content=\"Pol\u00edtica de Privacidade A Botanian, o Grupo Jiffy e outros utilizam cookies (ou tecnologias semelhantes) neste website. Estes s\u00e3o cookies funcionais que optimizam o desempenho do site, cookies anal\u00edticos que ajudam a analisar e melhorar o desempenho do site, e cookies de rastreamento para exibir an\u00fancios adaptados aos seus interesses. Cookies funcionaisEstes cookies ajudam a [&hellip;]\" \/>\n<meta property=\"og:url\" content=\"https:\/\/botanian.com\/pt-pt\/politica-de-privacidade\/\" \/>\n<meta property=\"og:site_name\" content=\"Botanian\" \/>\n<meta property=\"article:modified_time\" content=\"2024-10-30T09:41:05+00:00\" \/>\n<meta name=\"twitter:card\" content=\"summary_large_image\" \/>\n<meta name=\"twitter:label1\" content=\"Tempo estimado de leitura\" \/>\n\t<meta name=\"twitter:data1\" content=\"1 minuto\" \/>\n<script type=\"application\/ld+json\" class=\"yoast-schema-graph\">{\"@context\":\"https:\\\/\\\/schema.org\",\"@graph\":[{\"@type\":\"WebPage\",\"@id\":\"https:\\\/\\\/botanian.com\\\/pt-pt\\\/politica-de-privacidade\\\/\",\"url\":\"https:\\\/\\\/botanian.com\\\/pt-pt\\\/politica-de-privacidade\\\/\",\"name\":\"Pol\u00edtica de Privacidade - Botanian\",\"isPartOf\":{\"@id\":\"https:\\\/\\\/botanian.com\\\/pt-pt\\\/#website\"},\"datePublished\":\"2023-01-19T12:06:04+00:00\",\"dateModified\":\"2024-10-30T09:41:05+00:00\",\"breadcrumb\":{\"@id\":\"https:\\\/\\\/botanian.com\\\/pt-pt\\\/politica-de-privacidade\\\/#breadcrumb\"},\"inLanguage\":\"pt-PT\",\"potentialAction\":[{\"@type\":\"ReadAction\",\"target\":[\"https:\\\/\\\/botanian.com\\\/pt-pt\\\/politica-de-privacidade\\\/\"]}]},{\"@type\":\"BreadcrumbList\",\"@id\":\"https:\\\/\\\/botanian.com\\\/pt-pt\\\/politica-de-privacidade\\\/#breadcrumb\",\"itemListElement\":[{\"@type\":\"ListItem\",\"position\":1,\"name\":\"Home\",\"item\":\"https:\\\/\\\/botanian.com\\\/pt-pt\\\/\"},{\"@type\":\"ListItem\",\"position\":2,\"name\":\"Pol\u00edtica de Privacidade\"}]},{\"@type\":\"WebSite\",\"@id\":\"https:\\\/\\\/botanian.com\\\/pt-pt\\\/#website\",\"url\":\"https:\\\/\\\/botanian.com\\\/pt-pt\\\/\",\"name\":\"Botanian\",\"description\":\"Growing wherever you can imagine\",\"publisher\":{\"@id\":\"https:\\\/\\\/botanian.com\\\/pt-pt\\\/#organization\"},\"potentialAction\":[{\"@type\":\"SearchAction\",\"target\":{\"@type\":\"EntryPoint\",\"urlTemplate\":\"https:\\\/\\\/botanian.com\\\/pt-pt\\\/?s={search_term_string}\"},\"query-input\":{\"@type\":\"PropertyValueSpecification\",\"valueRequired\":true,\"valueName\":\"search_term_string\"}}],\"inLanguage\":\"pt-PT\"},{\"@type\":\"Organization\",\"@id\":\"https:\\\/\\\/botanian.com\\\/pt-pt\\\/#organization\",\"name\":\"Botanian\",\"url\":\"https:\\\/\\\/botanian.com\\\/pt-pt\\\/\",\"logo\":{\"@type\":\"ImageObject\",\"inLanguage\":\"pt-PT\",\"@id\":\"https:\\\/\\\/botanian.com\\\/pt-pt\\\/#\\\/schema\\\/logo\\\/image\\\/\",\"url\":\"https:\\\/\\\/botanian.com\\\/wp-content\\\/uploads\\\/botanian-logo.svg\",\"contentUrl\":\"https:\\\/\\\/botanian.com\\\/wp-content\\\/uploads\\\/botanian-logo.svg\",\"caption\":\"Botanian\"},\"image\":{\"@id\":\"https:\\\/\\\/botanian.com\\\/pt-pt\\\/#\\\/schema\\\/logo\\\/image\\\/\"}}]}<\/script>\n<!-- \/ Yoast SEO plugin. -->","yoast_head_json":{"title":"Pol\u00edtica de Privacidade - Botanian","robots":{"index":"index","follow":"follow","max-snippet":"max-snippet:-1","max-image-preview":"max-image-preview:large","max-video-preview":"max-video-preview:-1"},"canonical":"https:\/\/botanian.com\/pt-pt\/politica-de-privacidade\/","og_locale":"pt_PT","og_type":"article","og_title":"Pol\u00edtica de Privacidade - Botanian","og_description":"Pol\u00edtica de Privacidade A Botanian, o Grupo Jiffy e outros utilizam cookies (ou tecnologias semelhantes) neste website. Estes s\u00e3o cookies funcionais que optimizam o desempenho do site, cookies anal\u00edticos que ajudam a analisar e melhorar o desempenho do site, e cookies de rastreamento para exibir an\u00fancios adaptados aos seus interesses. Cookies funcionaisEstes cookies ajudam a [&hellip;]","og_url":"https:\/\/botanian.com\/pt-pt\/politica-de-privacidade\/","og_site_name":"Botanian","article_modified_time":"2024-10-30T09:41:05+00:00","twitter_card":"summary_large_image","twitter_misc":{"Tempo estimado de leitura":"1 minuto"},"schema":{"@context":"https:\/\/schema.org","@graph":[{"@type":"WebPage","@id":"https:\/\/botanian.com\/pt-pt\/politica-de-privacidade\/","url":"https:\/\/botanian.com\/pt-pt\/politica-de-privacidade\/","name":"Pol\u00edtica de Privacidade - Botanian","isPartOf":{"@id":"https:\/\/botanian.com\/pt-pt\/#website"},"datePublished":"2023-01-19T12:06:04+00:00","dateModified":"2024-10-30T09:41:05+00:00","breadcrumb":{"@id":"https:\/\/botanian.com\/pt-pt\/politica-de-privacidade\/#breadcrumb"},"inLanguage":"pt-PT","potentialAction":[{"@type":"ReadAction","target":["https:\/\/botanian.com\/pt-pt\/politica-de-privacidade\/"]}]},{"@type":"BreadcrumbList","@id":"https:\/\/botanian.com\/pt-pt\/politica-de-privacidade\/#breadcrumb","itemListElement":[{"@type":"ListItem","position":1,"name":"Home","item":"https:\/\/botanian.com\/pt-pt\/"},{"@type":"ListItem","position":2,"name":"Pol\u00edtica de Privacidade"}]},{"@type":"WebSite","@id":"https:\/\/botanian.com\/pt-pt\/#website","url":"https:\/\/botanian.com\/pt-pt\/","name":"Botanian","description":"Growing wherever you can imagine","publisher":{"@id":"https:\/\/botanian.com\/pt-pt\/#organization"},"potentialAction":[{"@type":"SearchAction","target":{"@type":"EntryPoint","urlTemplate":"https:\/\/botanian.com\/pt-pt\/?s={search_term_string}"},"query-input":{"@type":"PropertyValueSpecification","valueRequired":true,"valueName":"search_term_string"}}],"inLanguage":"pt-PT"},{"@type":"Organization","@id":"https:\/\/botanian.com\/pt-pt\/#organization","name":"Botanian","url":"https:\/\/botanian.com\/pt-pt\/","logo":{"@type":"ImageObject","inLanguage":"pt-PT","@id":"https:\/\/botanian.com\/pt-pt\/#\/schema\/logo\/image\/","url":"https:\/\/botanian.com\/wp-content\/uploads\/botanian-logo.svg","contentUrl":"https:\/\/botanian.com\/wp-content\/uploads\/botanian-logo.svg","caption":"Botanian"},"image":{"@id":"https:\/\/botanian.com\/pt-pt\/#\/schema\/logo\/image\/"}}]}},"_links":{"self":[{"href":"https:\/\/botanian.com\/pt-pt\/wp-json\/wp\/v2\/pages\/5614","targetHints":{"allow":["GET"]}}],"collection":[{"href":"https:\/\/botanian.com\/pt-pt\/wp-json\/wp\/v2\/pages"}],"about":[{"href":"https:\/\/botanian.com\/pt-pt\/wp-json\/wp\/v2\/types\/page"}],"author":[{"embeddable":true,"href":"https:\/\/botanian.com\/pt-pt\/wp-json\/wp\/v2\/users\/1"}],"replies":[{"embeddable":true,"href":"https:\/\/botanian.com\/pt-pt\/wp-json\/wp\/v2\/comments?post=5614"}],"version-history":[{"count":4,"href":"https:\/\/botanian.com\/pt-pt\/wp-json\/wp\/v2\/pages\/5614\/revisions"}],"predecessor-version":[{"id":6926,"href":"https:\/\/botanian.com\/pt-pt\/wp-json\/wp\/v2\/pages\/5614\/revisions\/6926"}],"wp:attachment":[{"href":"https:\/\/botanian.com\/pt-pt\/wp-json\/wp\/v2\/media?parent=5614"}],"curies":[{"name":"wp","href":"https:\/\/api.w.org\/{rel}","templated":true}]}}