{"id":9141,"date":"2025-02-14T14:04:35","date_gmt":"2025-02-14T14:04:35","guid":{"rendered":"https:\/\/botanian.com\/?post_type=product&#038;p=9141"},"modified":"2025-02-14T14:04:36","modified_gmt":"2025-02-14T14:04:36","slug":"propagation-soil-mix","status":"publish","type":"product","link":"https:\/\/botanian.com\/fr\/product\/propagation-soil-mix\/","title":{"rendered":"Propagation Soil Mix"},"content":{"rendered":"<p>Pour toutes les plantes d\u2019ext\u00e9rieur et d\u2019int\u00e9rieur, y compris les l\u00e9gumes, les herbes et les fleurs.<\/p>\n<p>Quel que soit le produit que vous choisissez dans la gamme Botanian, commencer est toujours simple.<\/p>\n<h2>Informations sur le produit<\/h2>\n<p>Ce sac contient 10* litres de terreau premium sans tourbe pour la propagation.<\/p>\n<p>Terreau premium sans tourbe, id\u00e9al pour le semis et l\u2019enracinement des boutures de toutes sortes de cultures, gr\u00e2ce \u00e0 sa structure fine. Le substrat contenu dans ce sac est un m\u00e9lange de mat\u00e9riaux renouvelables vari\u00e9s et ne contient pas de tourbe, garantissant un m\u00e9lange de haute qualit\u00e9.<\/p>\n<p>Envisagez d\u2019utiliser ce terreau pour remplir vos Botanian Grow Pots &#038; Strips.<\/p>\n","protected":false},"excerpt":{"rendered":"<p>10L sans tourbe<\/p>\n","protected":false},"featured_media":10023,"template":"","meta":{"site-sidebar-layout":"default","site-content-layout":"","ast-site-content-layout":"default","site-content-style":"default","site-sidebar-style":"default","ast-global-header-display":"","ast-banner-title-visibility":"","ast-main-header-display":"","ast-hfb-above-header-display":"","ast-hfb-below-header-display":"","ast-hfb-mobile-header-display":"","site-post-title":"","ast-breadcrumbs-content":"","ast-featured-img":"","footer-sml-layout":"","ast-disable-related-posts":"","theme-transparent-header-meta":"default","adv-header-id-meta":"","stick-header-meta":"","header-above-stick-meta":"","header-main-stick-meta":"","header-below-stick-meta":"","astra-migrate-meta-layouts":"default","ast-page-background-enabled":"default","ast-page-background-meta":{"desktop":{"background-color":"var(--ast-global-color-4)","background-image":"","background-repeat":"repeat","background-position":"center center","background-size":"auto","background-attachment":"scroll","background-type":"","background-media":"","overlay-type":"","overlay-color":"","overlay-opacity":"","overlay-gradient":""},"tablet":{"background-color":"","background-image":"","background-repeat":"repeat","background-position":"center center","background-size":"auto","background-attachment":"scroll","background-type":"","background-media":"","overlay-type":"","overlay-color":"","overlay-opacity":"","overlay-gradient":""},"mobile":{"background-color":"","background-image":"","background-repeat":"repeat","background-position":"center center","background-size":"auto","background-attachment":"scroll","background-type":"","background-media":"","overlay-type":"","overlay-color":"","overlay-opacity":"","overlay-gradient":""}},"ast-content-background-meta":{"desktop":{"background-color":"var(--ast-global-color-5)","background-image":"","background-repeat":"repeat","background-position":"center center","background-size":"auto","background-attachment":"scroll","background-type":"","background-media":"","overlay-type":"","overlay-color":"","overlay-opacity":"","overlay-gradient":""},"tablet":{"background-color":"var(--ast-global-color-5)","background-image":"","background-repeat":"repeat","background-position":"center center","background-size":"auto","background-attachment":"scroll","background-type":"","background-media":"","overlay-type":"","overlay-color":"","overlay-opacity":"","overlay-gradient":""},"mobile":{"background-color":"var(--ast-global-color-5)","background-image":"","background-repeat":"repeat","background-position":"center center","background-size":"auto","background-attachment":"scroll","background-type":"","background-media":"","overlay-type":"","overlay-color":"","overlay-opacity":"","overlay-gradient":""}}},"product_brand":[],"product_cat":[229,245],"product_tag":[180],"class_list":{"0":"post-9141","1":"product","2":"type-product","3":"status-publish","4":"has-post-thumbnail","6":"product_cat-potting-soil-mix-fr-2","7":"product_cat-propagation-fr","8":"product_tag-sans-tourbe","9":"desktop-align-left","10":"tablet-align-left","11":"mobile-align-left","12":"ast-product-gallery-layout-horizontal-slider","13":"ast-product-gallery-with-no-image","14":"ast-magnify-disabled","15":"ast-product-tabs-layout-horizontal","17":"first","18":"instock","19":"shipping-taxable","20":"product-type-simple"},"yoast_head":"<!-- This site is optimized with the Yoast SEO plugin v27.4 - https:\/\/yoast.com\/product\/yoast-seo-wordpress\/ -->\n<title>Propagation Soil Mix - Botanian<\/title>\n<meta name=\"robots\" content=\"index, follow, max-snippet:-1, max-image-preview:large, max-video-preview:-1\" \/>\n<link rel=\"canonical\" href=\"https:\/\/botanian.com\/fr\/product\/propagation-soil-mix\/\" \/>\n<meta property=\"og:locale\" content=\"fr_FR\" \/>\n<meta property=\"og:type\" content=\"article\" \/>\n<meta property=\"og:title\" content=\"Propagation Soil Mix - Botanian\" \/>\n<meta property=\"og:description\" content=\"10L sans tourbe\" \/>\n<meta property=\"og:url\" content=\"https:\/\/botanian.com\/fr\/product\/propagation-soil-mix\/\" \/>\n<meta property=\"og:site_name\" content=\"Botanian\" \/>\n<meta property=\"article:modified_time\" content=\"2025-02-14T14:04:36+00:00\" \/>\n<meta property=\"og:image\" content=\"https:\/\/botanian.com\/wp-content\/uploads\/botanian-placeholder.png\" \/>\n\t<meta property=\"og:image:width\" content=\"1024\" \/>\n\t<meta property=\"og:image:height\" content=\"1024\" \/>\n\t<meta property=\"og:image:type\" content=\"image\/png\" \/>\n<meta name=\"twitter:card\" content=\"summary_large_image\" \/>\n<meta name=\"twitter:label1\" content=\"Dur\u00e9e de lecture estim\u00e9e\" \/>\n\t<meta name=\"twitter:data1\" content=\"1 minute\" \/>\n<script type=\"application\/ld+json\" class=\"yoast-schema-graph\">{\"@context\":\"https:\\\/\\\/schema.org\",\"@graph\":[{\"@type\":\"WebPage\",\"@id\":\"https:\\\/\\\/botanian.com\\\/fr\\\/product\\\/propagation-soil-mix\\\/\",\"url\":\"https:\\\/\\\/botanian.com\\\/fr\\\/product\\\/propagation-soil-mix\\\/\",\"name\":\"Propagation Soil Mix - Botanian\",\"isPartOf\":{\"@id\":\"https:\\\/\\\/botanian.com\\\/fr\\\/#website\"},\"primaryImageOfPage\":{\"@id\":\"https:\\\/\\\/botanian.com\\\/fr\\\/product\\\/propagation-soil-mix\\\/#primaryimage\"},\"image\":{\"@id\":\"https:\\\/\\\/botanian.com\\\/fr\\\/product\\\/propagation-soil-mix\\\/#primaryimage\"},\"thumbnailUrl\":\"https:\\\/\\\/botanian.com\\\/wp-content\\\/uploads\\\/110182.png\",\"datePublished\":\"2025-02-14T14:04:35+00:00\",\"dateModified\":\"2025-02-14T14:04:36+00:00\",\"breadcrumb\":{\"@id\":\"https:\\\/\\\/botanian.com\\\/fr\\\/product\\\/propagation-soil-mix\\\/#breadcrumb\"},\"inLanguage\":\"fr-FR\",\"potentialAction\":[{\"@type\":\"ReadAction\",\"target\":[\"https:\\\/\\\/botanian.com\\\/fr\\\/product\\\/propagation-soil-mix\\\/\"]}]},{\"@type\":\"ImageObject\",\"inLanguage\":\"fr-FR\",\"@id\":\"https:\\\/\\\/botanian.com\\\/fr\\\/product\\\/propagation-soil-mix\\\/#primaryimage\",\"url\":\"https:\\\/\\\/botanian.com\\\/wp-content\\\/uploads\\\/110182.png\",\"contentUrl\":\"https:\\\/\\\/botanian.com\\\/wp-content\\\/uploads\\\/110182.png\",\"width\":1024,\"height\":1024,\"caption\":\"Propagation Soil Mix 10L peat-free\"},{\"@type\":\"BreadcrumbList\",\"@id\":\"https:\\\/\\\/botanian.com\\\/fr\\\/product\\\/propagation-soil-mix\\\/#breadcrumb\",\"itemListElement\":[{\"@type\":\"ListItem\",\"position\":1,\"name\":\"Home\",\"item\":\"https:\\\/\\\/botanian.com\\\/fr\\\/\"},{\"@type\":\"ListItem\",\"position\":2,\"name\":\"Produits\",\"item\":\"https:\\\/\\\/botanian.com\\\/products\\\/\"},{\"@type\":\"ListItem\",\"position\":3,\"name\":\"Propagation Soil Mix\"}]},{\"@type\":\"WebSite\",\"@id\":\"https:\\\/\\\/botanian.com\\\/fr\\\/#website\",\"url\":\"https:\\\/\\\/botanian.com\\\/fr\\\/\",\"name\":\"Botanian\",\"description\":\"Growing wherever you can imagine\",\"publisher\":{\"@id\":\"https:\\\/\\\/botanian.com\\\/fr\\\/#organization\"},\"potentialAction\":[{\"@type\":\"SearchAction\",\"target\":{\"@type\":\"EntryPoint\",\"urlTemplate\":\"https:\\\/\\\/botanian.com\\\/fr\\\/?s={search_term_string}\"},\"query-input\":{\"@type\":\"PropertyValueSpecification\",\"valueRequired\":true,\"valueName\":\"search_term_string\"}}],\"inLanguage\":\"fr-FR\"},{\"@type\":\"Organization\",\"@id\":\"https:\\\/\\\/botanian.com\\\/fr\\\/#organization\",\"name\":\"Botanian\",\"url\":\"https:\\\/\\\/botanian.com\\\/fr\\\/\",\"logo\":{\"@type\":\"ImageObject\",\"inLanguage\":\"fr-FR\",\"@id\":\"https:\\\/\\\/botanian.com\\\/fr\\\/#\\\/schema\\\/logo\\\/image\\\/\",\"url\":\"https:\\\/\\\/botanian.com\\\/wp-content\\\/uploads\\\/botanian-logo.svg\",\"contentUrl\":\"https:\\\/\\\/botanian.com\\\/wp-content\\\/uploads\\\/botanian-logo.svg\",\"caption\":\"Botanian\"},\"image\":{\"@id\":\"https:\\\/\\\/botanian.com\\\/fr\\\/#\\\/schema\\\/logo\\\/image\\\/\"}}]}<\/script>\n<!-- \/ Yoast SEO plugin. -->","yoast_head_json":{"title":"Propagation Soil Mix - Botanian","robots":{"index":"index","follow":"follow","max-snippet":"max-snippet:-1","max-image-preview":"max-image-preview:large","max-video-preview":"max-video-preview:-1"},"canonical":"https:\/\/botanian.com\/fr\/product\/propagation-soil-mix\/","og_locale":"fr_FR","og_type":"article","og_title":"Propagation Soil Mix - Botanian","og_description":"10L sans tourbe","og_url":"https:\/\/botanian.com\/fr\/product\/propagation-soil-mix\/","og_site_name":"Botanian","article_modified_time":"2025-02-14T14:04:36+00:00","og_image":[{"width":1024,"height":1024,"url":"https:\/\/botanian.com\/wp-content\/uploads\/botanian-placeholder.png","type":"image\/png"}],"twitter_card":"summary_large_image","twitter_misc":{"Dur\u00e9e de lecture estim\u00e9e":"1 minute"},"schema":{"@context":"https:\/\/schema.org","@graph":[{"@type":"WebPage","@id":"https:\/\/botanian.com\/fr\/product\/propagation-soil-mix\/","url":"https:\/\/botanian.com\/fr\/product\/propagation-soil-mix\/","name":"Propagation Soil Mix - Botanian","isPartOf":{"@id":"https:\/\/botanian.com\/fr\/#website"},"primaryImageOfPage":{"@id":"https:\/\/botanian.com\/fr\/product\/propagation-soil-mix\/#primaryimage"},"image":{"@id":"https:\/\/botanian.com\/fr\/product\/propagation-soil-mix\/#primaryimage"},"thumbnailUrl":"https:\/\/botanian.com\/wp-content\/uploads\/110182.png","datePublished":"2025-02-14T14:04:35+00:00","dateModified":"2025-02-14T14:04:36+00:00","breadcrumb":{"@id":"https:\/\/botanian.com\/fr\/product\/propagation-soil-mix\/#breadcrumb"},"inLanguage":"fr-FR","potentialAction":[{"@type":"ReadAction","target":["https:\/\/botanian.com\/fr\/product\/propagation-soil-mix\/"]}]},{"@type":"ImageObject","inLanguage":"fr-FR","@id":"https:\/\/botanian.com\/fr\/product\/propagation-soil-mix\/#primaryimage","url":"https:\/\/botanian.com\/wp-content\/uploads\/110182.png","contentUrl":"https:\/\/botanian.com\/wp-content\/uploads\/110182.png","width":1024,"height":1024,"caption":"Propagation Soil Mix 10L peat-free"},{"@type":"BreadcrumbList","@id":"https:\/\/botanian.com\/fr\/product\/propagation-soil-mix\/#breadcrumb","itemListElement":[{"@type":"ListItem","position":1,"name":"Home","item":"https:\/\/botanian.com\/fr\/"},{"@type":"ListItem","position":2,"name":"Produits","item":"https:\/\/botanian.com\/products\/"},{"@type":"ListItem","position":3,"name":"Propagation Soil Mix"}]},{"@type":"WebSite","@id":"https:\/\/botanian.com\/fr\/#website","url":"https:\/\/botanian.com\/fr\/","name":"Botanian","description":"Growing wherever you can imagine","publisher":{"@id":"https:\/\/botanian.com\/fr\/#organization"},"potentialAction":[{"@type":"SearchAction","target":{"@type":"EntryPoint","urlTemplate":"https:\/\/botanian.com\/fr\/?s={search_term_string}"},"query-input":{"@type":"PropertyValueSpecification","valueRequired":true,"valueName":"search_term_string"}}],"inLanguage":"fr-FR"},{"@type":"Organization","@id":"https:\/\/botanian.com\/fr\/#organization","name":"Botanian","url":"https:\/\/botanian.com\/fr\/","logo":{"@type":"ImageObject","inLanguage":"fr-FR","@id":"https:\/\/botanian.com\/fr\/#\/schema\/logo\/image\/","url":"https:\/\/botanian.com\/wp-content\/uploads\/botanian-logo.svg","contentUrl":"https:\/\/botanian.com\/wp-content\/uploads\/botanian-logo.svg","caption":"Botanian"},"image":{"@id":"https:\/\/botanian.com\/fr\/#\/schema\/logo\/image\/"}}]}},"_links":{"self":[{"href":"https:\/\/botanian.com\/fr\/wp-json\/wp\/v2\/product\/9141","targetHints":{"allow":["GET"]}}],"collection":[{"href":"https:\/\/botanian.com\/fr\/wp-json\/wp\/v2\/product"}],"about":[{"href":"https:\/\/botanian.com\/fr\/wp-json\/wp\/v2\/types\/product"}],"version-history":[{"count":1,"href":"https:\/\/botanian.com\/fr\/wp-json\/wp\/v2\/product\/9141\/revisions"}],"predecessor-version":[{"id":9229,"href":"https:\/\/botanian.com\/fr\/wp-json\/wp\/v2\/product\/9141\/revisions\/9229"}],"wp:featuredmedia":[{"embeddable":true,"href":"https:\/\/botanian.com\/fr\/wp-json\/wp\/v2\/media\/10023"}],"wp:attachment":[{"href":"https:\/\/botanian.com\/fr\/wp-json\/wp\/v2\/media?parent=9141"}],"wp:term":[{"taxonomy":"product_brand","embeddable":true,"href":"https:\/\/botanian.com\/fr\/wp-json\/wp\/v2\/product_brand?post=9141"},{"taxonomy":"product_cat","embeddable":true,"href":"https:\/\/botanian.com\/fr\/wp-json\/wp\/v2\/product_cat?post=9141"},{"taxonomy":"product_tag","embeddable":true,"href":"https:\/\/botanian.com\/fr\/wp-json\/wp\/v2\/product_tag?post=9141"}],"curies":[{"name":"wp","href":"https:\/\/api.w.org\/{rel}","templated":true}]}}