{"id":9040,"date":"2025-03-06T12:32:18","date_gmt":"2025-03-06T12:32:18","guid":{"rendered":"https:\/\/botanian.com\/?post_type=product&#038;p=9040"},"modified":"2025-03-06T12:32:18","modified_gmt":"2025-03-06T12:32:18","slug":"grow-strips-35mm-3pack-peat-free","status":"publish","type":"product","link":"https:\/\/botanian.com\/fr\/product\/grow-strips-35mm-3pack-peat-free\/","title":{"rendered":"Grow Strips"},"content":{"rendered":"<h2>Grow Strips Sans Tourbe 12 cellules de culture 3.5&#215;3.5 cm* 3x pack<\/h2>\n<p>Pour toutes les plantes d\u2019int\u00e9rieur et d\u2019ext\u00e9rieur, y compris les l\u00e9gumes, les herbes et les fleurs.<\/p>\n<p>Quel que soit le produit que vous choisissez dans la gamme Botanian, commencer n\u2019est jamais difficile.<br \/>\nSimple et facile \u00e0 utiliser \u2013 il suffit d\u2019ajouter du terreau, de l\u2019eau et des graines.<\/p>\n<h2>Informations sur le produit<\/h2>\n<p>Ce pack contient 3 bandes de culture, chacune comprenant 12 cellules individuelles.<\/p>\n<p>Les Botanian Grow Strips favorisent une croissance des racines plus rapide et plus robuste par rapport aux pots en plastique. Ils facilitent la transplantation en \u00e9vitant de perturber les racines et en r\u00e9duisant les variations de temp\u00e9rature dans la zone racinaire.<\/p>\n<p>Ces Botanian Grow Strips offrent une alternative \u00e9cologique pour la culture des plantes. Ils sont fabriqu\u00e9s \u00e0 partir de sphaigne, une ressource naturelle et renouvelable.<\/p>\n","protected":false},"excerpt":{"rendered":"<p>12 cellules de culture 3.5&#215;3.5 cm 3x pack sans tourbe<\/p>\n","protected":false},"featured_media":10261,"template":"","meta":{"site-sidebar-layout":"default","site-content-layout":"default","ast-site-content-layout":"default","site-content-style":"default","site-sidebar-style":"default","ast-global-header-display":"","ast-banner-title-visibility":"","ast-main-header-display":"","ast-hfb-above-header-display":"","ast-hfb-below-header-display":"","ast-hfb-mobile-header-display":"","site-post-title":"","ast-breadcrumbs-content":"","ast-featured-img":"","footer-sml-layout":"","ast-disable-related-posts":"","theme-transparent-header-meta":"default","adv-header-id-meta":"","stick-header-meta":"","header-above-stick-meta":"","header-main-stick-meta":"","header-below-stick-meta":"","astra-migrate-meta-layouts":"set","ast-page-background-enabled":"default","ast-page-background-meta":{"desktop":{"background-color":"var(--ast-global-color-4)","background-image":"","background-repeat":"repeat","background-position":"center center","background-size":"auto","background-attachment":"scroll","background-type":"","background-media":"","overlay-type":"","overlay-color":"","overlay-opacity":"","overlay-gradient":""},"tablet":{"background-color":"","background-image":"","background-repeat":"repeat","background-position":"center center","background-size":"auto","background-attachment":"scroll","background-type":"","background-media":"","overlay-type":"","overlay-color":"","overlay-opacity":"","overlay-gradient":""},"mobile":{"background-color":"","background-image":"","background-repeat":"repeat","background-position":"center center","background-size":"auto","background-attachment":"scroll","background-type":"","background-media":"","overlay-type":"","overlay-color":"","overlay-opacity":"","overlay-gradient":""}},"ast-content-background-meta":{"desktop":{"background-color":"var(--ast-global-color-5)","background-image":"","background-repeat":"repeat","background-position":"center center","background-size":"auto","background-attachment":"scroll","background-type":"","background-media":"","overlay-type":"","overlay-color":"","overlay-opacity":"","overlay-gradient":""},"tablet":{"background-color":"var(--ast-global-color-5)","background-image":"","background-repeat":"repeat","background-position":"center center","background-size":"auto","background-attachment":"scroll","background-type":"","background-media":"","overlay-type":"","overlay-color":"","overlay-opacity":"","overlay-gradient":""},"mobile":{"background-color":"var(--ast-global-color-5)","background-image":"","background-repeat":"repeat","background-position":"center center","background-size":"auto","background-attachment":"scroll","background-type":"","background-media":"","overlay-type":"","overlay-color":"","overlay-opacity":"","overlay-gradient":""}}},"product_brand":[],"product_cat":[278],"product_tag":[180],"class_list":{"0":"post-9040","1":"product","2":"type-product","3":"status-publish","4":"has-post-thumbnail","6":"product_cat-grow-strips-fr","7":"product_tag-sans-tourbe","8":"desktop-align-left","9":"tablet-align-left","10":"mobile-align-left","11":"ast-product-gallery-layout-horizontal-slider","12":"ast-product-gallery-with-no-image","13":"ast-magnify-disabled","14":"ast-product-tabs-layout-horizontal","16":"first","17":"instock","18":"shipping-taxable","19":"product-type-simple"},"yoast_head":"<!-- This site is optimized with the Yoast SEO plugin v27.3 - https:\/\/yoast.com\/product\/yoast-seo-wordpress\/ -->\n<title>Grow Strips - Botanian<\/title>\n<meta name=\"robots\" content=\"index, follow, max-snippet:-1, max-image-preview:large, max-video-preview:-1\" \/>\n<link rel=\"canonical\" href=\"https:\/\/botanian.com\/fr\/product\/grow-strips-35mm-3pack-peat-free\/\" \/>\n<meta property=\"og:locale\" content=\"fr_FR\" \/>\n<meta property=\"og:type\" content=\"article\" \/>\n<meta property=\"og:title\" content=\"Grow Strips - Botanian\" \/>\n<meta property=\"og:description\" content=\"12 cellules de culture 3.5x3.5 cm 3x pack sans tourbe\" \/>\n<meta property=\"og:url\" content=\"https:\/\/botanian.com\/fr\/product\/grow-strips-35mm-3pack-peat-free\/\" \/>\n<meta property=\"og:site_name\" content=\"Botanian\" \/>\n<meta property=\"og:image\" content=\"https:\/\/botanian.com\/wp-content\/uploads\/botanian-placeholder.png\" \/>\n\t<meta property=\"og:image:width\" content=\"1024\" \/>\n\t<meta property=\"og:image:height\" content=\"1024\" \/>\n\t<meta property=\"og:image:type\" content=\"image\/png\" \/>\n<meta name=\"twitter:card\" content=\"summary_large_image\" \/>\n<meta name=\"twitter:label1\" content=\"Dur\u00e9e de lecture estim\u00e9e\" \/>\n\t<meta name=\"twitter:data1\" content=\"1 minute\" \/>\n<script type=\"application\/ld+json\" class=\"yoast-schema-graph\">{\"@context\":\"https:\\\/\\\/schema.org\",\"@graph\":[{\"@type\":\"WebPage\",\"@id\":\"https:\\\/\\\/botanian.com\\\/fr\\\/product\\\/grow-strips-35mm-3pack-peat-free\\\/\",\"url\":\"https:\\\/\\\/botanian.com\\\/fr\\\/product\\\/grow-strips-35mm-3pack-peat-free\\\/\",\"name\":\"Grow Strips - Botanian\",\"isPartOf\":{\"@id\":\"https:\\\/\\\/botanian.com\\\/fr\\\/#website\"},\"primaryImageOfPage\":{\"@id\":\"https:\\\/\\\/botanian.com\\\/fr\\\/product\\\/grow-strips-35mm-3pack-peat-free\\\/#primaryimage\"},\"image\":{\"@id\":\"https:\\\/\\\/botanian.com\\\/fr\\\/product\\\/grow-strips-35mm-3pack-peat-free\\\/#primaryimage\"},\"thumbnailUrl\":\"https:\\\/\\\/botanian.com\\\/wp-content\\\/uploads\\\/botanian-grow-strips-peat-free.png\",\"datePublished\":\"2025-03-06T12:32:18+00:00\",\"breadcrumb\":{\"@id\":\"https:\\\/\\\/botanian.com\\\/fr\\\/product\\\/grow-strips-35mm-3pack-peat-free\\\/#breadcrumb\"},\"inLanguage\":\"fr-FR\",\"potentialAction\":[{\"@type\":\"ReadAction\",\"target\":[\"https:\\\/\\\/botanian.com\\\/fr\\\/product\\\/grow-strips-35mm-3pack-peat-free\\\/\"]}]},{\"@type\":\"ImageObject\",\"inLanguage\":\"fr-FR\",\"@id\":\"https:\\\/\\\/botanian.com\\\/fr\\\/product\\\/grow-strips-35mm-3pack-peat-free\\\/#primaryimage\",\"url\":\"https:\\\/\\\/botanian.com\\\/wp-content\\\/uploads\\\/botanian-grow-strips-peat-free.png\",\"contentUrl\":\"https:\\\/\\\/botanian.com\\\/wp-content\\\/uploads\\\/botanian-grow-strips-peat-free.png\",\"width\":1024,\"height\":1024,\"caption\":\"Botanian Grow Strips Peat-free\"},{\"@type\":\"BreadcrumbList\",\"@id\":\"https:\\\/\\\/botanian.com\\\/fr\\\/product\\\/grow-strips-35mm-3pack-peat-free\\\/#breadcrumb\",\"itemListElement\":[{\"@type\":\"ListItem\",\"position\":1,\"name\":\"Home\",\"item\":\"https:\\\/\\\/botanian.com\\\/fr\\\/\"},{\"@type\":\"ListItem\",\"position\":2,\"name\":\"Produits\",\"item\":\"https:\\\/\\\/botanian.com\\\/products\\\/\"},{\"@type\":\"ListItem\",\"position\":3,\"name\":\"Grow Strips\"}]},{\"@type\":\"WebSite\",\"@id\":\"https:\\\/\\\/botanian.com\\\/fr\\\/#website\",\"url\":\"https:\\\/\\\/botanian.com\\\/fr\\\/\",\"name\":\"Botanian\",\"description\":\"Growing wherever you can imagine\",\"publisher\":{\"@id\":\"https:\\\/\\\/botanian.com\\\/fr\\\/#organization\"},\"potentialAction\":[{\"@type\":\"SearchAction\",\"target\":{\"@type\":\"EntryPoint\",\"urlTemplate\":\"https:\\\/\\\/botanian.com\\\/fr\\\/?s={search_term_string}\"},\"query-input\":{\"@type\":\"PropertyValueSpecification\",\"valueRequired\":true,\"valueName\":\"search_term_string\"}}],\"inLanguage\":\"fr-FR\"},{\"@type\":\"Organization\",\"@id\":\"https:\\\/\\\/botanian.com\\\/fr\\\/#organization\",\"name\":\"Botanian\",\"url\":\"https:\\\/\\\/botanian.com\\\/fr\\\/\",\"logo\":{\"@type\":\"ImageObject\",\"inLanguage\":\"fr-FR\",\"@id\":\"https:\\\/\\\/botanian.com\\\/fr\\\/#\\\/schema\\\/logo\\\/image\\\/\",\"url\":\"https:\\\/\\\/botanian.com\\\/wp-content\\\/uploads\\\/botanian-logo.svg\",\"contentUrl\":\"https:\\\/\\\/botanian.com\\\/wp-content\\\/uploads\\\/botanian-logo.svg\",\"caption\":\"Botanian\"},\"image\":{\"@id\":\"https:\\\/\\\/botanian.com\\\/fr\\\/#\\\/schema\\\/logo\\\/image\\\/\"}}]}<\/script>\n<!-- \/ Yoast SEO plugin. -->","yoast_head_json":{"title":"Grow Strips - Botanian","robots":{"index":"index","follow":"follow","max-snippet":"max-snippet:-1","max-image-preview":"max-image-preview:large","max-video-preview":"max-video-preview:-1"},"canonical":"https:\/\/botanian.com\/fr\/product\/grow-strips-35mm-3pack-peat-free\/","og_locale":"fr_FR","og_type":"article","og_title":"Grow Strips - Botanian","og_description":"12 cellules de culture 3.5x3.5 cm 3x pack sans tourbe","og_url":"https:\/\/botanian.com\/fr\/product\/grow-strips-35mm-3pack-peat-free\/","og_site_name":"Botanian","og_image":[{"width":1024,"height":1024,"url":"https:\/\/botanian.com\/wp-content\/uploads\/botanian-placeholder.png","type":"image\/png"}],"twitter_card":"summary_large_image","twitter_misc":{"Dur\u00e9e de lecture estim\u00e9e":"1 minute"},"schema":{"@context":"https:\/\/schema.org","@graph":[{"@type":"WebPage","@id":"https:\/\/botanian.com\/fr\/product\/grow-strips-35mm-3pack-peat-free\/","url":"https:\/\/botanian.com\/fr\/product\/grow-strips-35mm-3pack-peat-free\/","name":"Grow Strips - Botanian","isPartOf":{"@id":"https:\/\/botanian.com\/fr\/#website"},"primaryImageOfPage":{"@id":"https:\/\/botanian.com\/fr\/product\/grow-strips-35mm-3pack-peat-free\/#primaryimage"},"image":{"@id":"https:\/\/botanian.com\/fr\/product\/grow-strips-35mm-3pack-peat-free\/#primaryimage"},"thumbnailUrl":"https:\/\/botanian.com\/wp-content\/uploads\/botanian-grow-strips-peat-free.png","datePublished":"2025-03-06T12:32:18+00:00","breadcrumb":{"@id":"https:\/\/botanian.com\/fr\/product\/grow-strips-35mm-3pack-peat-free\/#breadcrumb"},"inLanguage":"fr-FR","potentialAction":[{"@type":"ReadAction","target":["https:\/\/botanian.com\/fr\/product\/grow-strips-35mm-3pack-peat-free\/"]}]},{"@type":"ImageObject","inLanguage":"fr-FR","@id":"https:\/\/botanian.com\/fr\/product\/grow-strips-35mm-3pack-peat-free\/#primaryimage","url":"https:\/\/botanian.com\/wp-content\/uploads\/botanian-grow-strips-peat-free.png","contentUrl":"https:\/\/botanian.com\/wp-content\/uploads\/botanian-grow-strips-peat-free.png","width":1024,"height":1024,"caption":"Botanian Grow Strips Peat-free"},{"@type":"BreadcrumbList","@id":"https:\/\/botanian.com\/fr\/product\/grow-strips-35mm-3pack-peat-free\/#breadcrumb","itemListElement":[{"@type":"ListItem","position":1,"name":"Home","item":"https:\/\/botanian.com\/fr\/"},{"@type":"ListItem","position":2,"name":"Produits","item":"https:\/\/botanian.com\/products\/"},{"@type":"ListItem","position":3,"name":"Grow Strips"}]},{"@type":"WebSite","@id":"https:\/\/botanian.com\/fr\/#website","url":"https:\/\/botanian.com\/fr\/","name":"Botanian","description":"Growing wherever you can imagine","publisher":{"@id":"https:\/\/botanian.com\/fr\/#organization"},"potentialAction":[{"@type":"SearchAction","target":{"@type":"EntryPoint","urlTemplate":"https:\/\/botanian.com\/fr\/?s={search_term_string}"},"query-input":{"@type":"PropertyValueSpecification","valueRequired":true,"valueName":"search_term_string"}}],"inLanguage":"fr-FR"},{"@type":"Organization","@id":"https:\/\/botanian.com\/fr\/#organization","name":"Botanian","url":"https:\/\/botanian.com\/fr\/","logo":{"@type":"ImageObject","inLanguage":"fr-FR","@id":"https:\/\/botanian.com\/fr\/#\/schema\/logo\/image\/","url":"https:\/\/botanian.com\/wp-content\/uploads\/botanian-logo.svg","contentUrl":"https:\/\/botanian.com\/wp-content\/uploads\/botanian-logo.svg","caption":"Botanian"},"image":{"@id":"https:\/\/botanian.com\/fr\/#\/schema\/logo\/image\/"}}]}},"_links":{"self":[{"href":"https:\/\/botanian.com\/fr\/wp-json\/wp\/v2\/product\/9040","targetHints":{"allow":["GET"]}}],"collection":[{"href":"https:\/\/botanian.com\/fr\/wp-json\/wp\/v2\/product"}],"about":[{"href":"https:\/\/botanian.com\/fr\/wp-json\/wp\/v2\/types\/product"}],"version-history":[{"count":2,"href":"https:\/\/botanian.com\/fr\/wp-json\/wp\/v2\/product\/9040\/revisions"}],"predecessor-version":[{"id":9087,"href":"https:\/\/botanian.com\/fr\/wp-json\/wp\/v2\/product\/9040\/revisions\/9087"}],"wp:featuredmedia":[{"embeddable":true,"href":"https:\/\/botanian.com\/fr\/wp-json\/wp\/v2\/media\/10261"}],"wp:attachment":[{"href":"https:\/\/botanian.com\/fr\/wp-json\/wp\/v2\/media?parent=9040"}],"wp:term":[{"taxonomy":"product_brand","embeddable":true,"href":"https:\/\/botanian.com\/fr\/wp-json\/wp\/v2\/product_brand?post=9040"},{"taxonomy":"product_cat","embeddable":true,"href":"https:\/\/botanian.com\/fr\/wp-json\/wp\/v2\/product_cat?post=9040"},{"taxonomy":"product_tag","embeddable":true,"href":"https:\/\/botanian.com\/fr\/wp-json\/wp\/v2\/product_tag?post=9040"}],"curies":[{"name":"wp","href":"https:\/\/api.w.org\/{rel}","templated":true}]}}