{"id":7792,"date":"2024-12-04T13:00:49","date_gmt":"2024-12-04T13:00:49","guid":{"rendered":"https:\/\/botanian.com\/?post_type=product&#038;p=7792"},"modified":"2024-12-04T13:23:38","modified_gmt":"2024-12-04T13:23:38","slug":"grow-pots-6cm-15x-pack","status":"publish","type":"product","link":"https:\/\/botanian.com\/fr\/product\/grow-pots-6cm-15x-pack\/","title":{"rendered":"Grow Pots"},"content":{"rendered":"<h2>Pots ronds 6 cm* &#8211; pack de 15<\/h2>\n<p>Pour toutes les plantes d&rsquo;ext\u00e9rieur et d&rsquo;int\u00e9rieur, y compris les l\u00e9gumes, les herbes et les fleurs.<\/p>\n<p>Quel que soit le produit que vous choisissez dans la gamme de produits Botanian, d\u00e9marrer n&rsquo;est jamais difficile.<br \/>\nSimple et facile \u00e0 utiliser \u2013 il suffit d&rsquo;ajouter du terreau, de l&rsquo;eau et des graines.<\/p>\n<h2>Informations sur le produit<\/h2>\n<p>Cet emballage comprend 15 pots de culture Botanian de 6 cm* ronds.<\/p>\n<p>Les pots Botanian favorisent une croissance des racines plus rapide et plus robuste par rapport aux pots en plastique. Ils facilitent la transplantation en \u00e9vitant les perturbations des racines et en r\u00e9duisant les variations de temp\u00e9rature de la zone racinaire.<\/p>\n<p>Ces pots Botanian offrent une alternative respectueuse de l&rsquo;environnement pour la culture des plantes. Ils sont fabriqu\u00e9s \u00e0 partir de tourbe r\u00e9colt\u00e9e de mani\u00e8re responsable.<\/p>\n","protected":false},"excerpt":{"rendered":"<p>6 cm pots ronds &#8211; pack de 15<\/p>\n","protected":false},"featured_media":7801,"template":"","meta":{"site-sidebar-layout":"default","site-content-layout":"default","ast-site-content-layout":"default","site-content-style":"default","site-sidebar-style":"default","ast-global-header-display":"","ast-banner-title-visibility":"","ast-main-header-display":"","ast-hfb-above-header-display":"","ast-hfb-below-header-display":"","ast-hfb-mobile-header-display":"","site-post-title":"","ast-breadcrumbs-content":"","ast-featured-img":"","footer-sml-layout":"","ast-disable-related-posts":"","theme-transparent-header-meta":"default","adv-header-id-meta":"","stick-header-meta":"","header-above-stick-meta":"","header-main-stick-meta":"","header-below-stick-meta":"","astra-migrate-meta-layouts":"set","ast-page-background-enabled":"default","ast-page-background-meta":{"desktop":{"background-color":"var(--ast-global-color-4)","background-image":"","background-repeat":"repeat","background-position":"center center","background-size":"auto","background-attachment":"scroll","background-type":"","background-media":"","overlay-type":"","overlay-color":"","overlay-opacity":"","overlay-gradient":""},"tablet":{"background-color":"","background-image":"","background-repeat":"repeat","background-position":"center center","background-size":"auto","background-attachment":"scroll","background-type":"","background-media":"","overlay-type":"","overlay-color":"","overlay-opacity":"","overlay-gradient":""},"mobile":{"background-color":"","background-image":"","background-repeat":"repeat","background-position":"center center","background-size":"auto","background-attachment":"scroll","background-type":"","background-media":"","overlay-type":"","overlay-color":"","overlay-opacity":"","overlay-gradient":""}},"ast-content-background-meta":{"desktop":{"background-color":"var(--ast-global-color-5)","background-image":"","background-repeat":"repeat","background-position":"center center","background-size":"auto","background-attachment":"scroll","background-type":"","background-media":"","overlay-type":"","overlay-color":"","overlay-opacity":"","overlay-gradient":""},"tablet":{"background-color":"var(--ast-global-color-5)","background-image":"","background-repeat":"repeat","background-position":"center center","background-size":"auto","background-attachment":"scroll","background-type":"","background-media":"","overlay-type":"","overlay-color":"","overlay-opacity":"","overlay-gradient":""},"mobile":{"background-color":"var(--ast-global-color-5)","background-image":"","background-repeat":"repeat","background-position":"center center","background-size":"auto","background-attachment":"scroll","background-type":"","background-media":"","overlay-type":"","overlay-color":"","overlay-opacity":"","overlay-gradient":""}}},"product_brand":[],"product_cat":[105],"product_tag":[171,121],"class_list":{"0":"post-7792","1":"product","2":"type-product","3":"status-publish","4":"has-post-thumbnail","6":"product_cat-grow-pots","7":"product_tag-a-base-de-tourbe","8":"product_tag-round-fr","9":"desktop-align-left","10":"tablet-align-left","11":"mobile-align-left","12":"ast-product-gallery-layout-horizontal-slider","13":"ast-magnify-disabled","14":"ast-product-tabs-layout-horizontal","16":"first","17":"instock","18":"shipping-taxable","19":"product-type-simple"},"yoast_head":"<!-- This site is optimized with the Yoast SEO plugin v27.3 - https:\/\/yoast.com\/product\/yoast-seo-wordpress\/ -->\n<title>Grow Pots - Botanian<\/title>\n<meta name=\"robots\" content=\"index, follow, max-snippet:-1, max-image-preview:large, max-video-preview:-1\" \/>\n<link rel=\"canonical\" href=\"https:\/\/botanian.com\/fr\/product\/grow-pots-6cm-15x-pack\/\" \/>\n<meta property=\"og:locale\" content=\"fr_FR\" \/>\n<meta property=\"og:type\" content=\"article\" \/>\n<meta property=\"og:title\" content=\"Grow Pots - Botanian\" \/>\n<meta property=\"og:description\" content=\"6 cm pots ronds - pack de 15\" \/>\n<meta property=\"og:url\" content=\"https:\/\/botanian.com\/fr\/product\/grow-pots-6cm-15x-pack\/\" \/>\n<meta property=\"og:site_name\" content=\"Botanian\" \/>\n<meta property=\"article:modified_time\" content=\"2024-12-04T13:23:38+00:00\" \/>\n<meta property=\"og:image\" content=\"https:\/\/botanian.com\/wp-content\/uploads\/botanian-grow-pots-110170-6-cm-15x-pack.png\" \/>\n\t<meta property=\"og:image:width\" content=\"1024\" \/>\n\t<meta property=\"og:image:height\" content=\"1024\" \/>\n\t<meta property=\"og:image:type\" content=\"image\/png\" \/>\n<meta name=\"twitter:card\" content=\"summary_large_image\" \/>\n<meta name=\"twitter:label1\" content=\"Dur\u00e9e de lecture estim\u00e9e\" \/>\n\t<meta name=\"twitter:data1\" content=\"1 minute\" \/>\n<script type=\"application\/ld+json\" class=\"yoast-schema-graph\">{\"@context\":\"https:\\\/\\\/schema.org\",\"@graph\":[{\"@type\":\"WebPage\",\"@id\":\"https:\\\/\\\/botanian.com\\\/fr\\\/product\\\/grow-pots-6cm-15x-pack\\\/\",\"url\":\"https:\\\/\\\/botanian.com\\\/fr\\\/product\\\/grow-pots-6cm-15x-pack\\\/\",\"name\":\"Grow Pots - Botanian\",\"isPartOf\":{\"@id\":\"https:\\\/\\\/botanian.com\\\/fr\\\/#website\"},\"primaryImageOfPage\":{\"@id\":\"https:\\\/\\\/botanian.com\\\/fr\\\/product\\\/grow-pots-6cm-15x-pack\\\/#primaryimage\"},\"image\":{\"@id\":\"https:\\\/\\\/botanian.com\\\/fr\\\/product\\\/grow-pots-6cm-15x-pack\\\/#primaryimage\"},\"thumbnailUrl\":\"https:\\\/\\\/botanian.com\\\/wp-content\\\/uploads\\\/botanian-grow-pots-110170-6-cm-15x-pack.png\",\"datePublished\":\"2024-12-04T13:00:49+00:00\",\"dateModified\":\"2024-12-04T13:23:38+00:00\",\"breadcrumb\":{\"@id\":\"https:\\\/\\\/botanian.com\\\/fr\\\/product\\\/grow-pots-6cm-15x-pack\\\/#breadcrumb\"},\"inLanguage\":\"fr-FR\",\"potentialAction\":[{\"@type\":\"ReadAction\",\"target\":[\"https:\\\/\\\/botanian.com\\\/fr\\\/product\\\/grow-pots-6cm-15x-pack\\\/\"]}]},{\"@type\":\"ImageObject\",\"inLanguage\":\"fr-FR\",\"@id\":\"https:\\\/\\\/botanian.com\\\/fr\\\/product\\\/grow-pots-6cm-15x-pack\\\/#primaryimage\",\"url\":\"https:\\\/\\\/botanian.com\\\/wp-content\\\/uploads\\\/botanian-grow-pots-110170-6-cm-15x-pack.png\",\"contentUrl\":\"https:\\\/\\\/botanian.com\\\/wp-content\\\/uploads\\\/botanian-grow-pots-110170-6-cm-15x-pack.png\",\"width\":1024,\"height\":1024,\"caption\":\"Grow Pots\"},{\"@type\":\"BreadcrumbList\",\"@id\":\"https:\\\/\\\/botanian.com\\\/fr\\\/product\\\/grow-pots-6cm-15x-pack\\\/#breadcrumb\",\"itemListElement\":[{\"@type\":\"ListItem\",\"position\":1,\"name\":\"Home\",\"item\":\"https:\\\/\\\/botanian.com\\\/fr\\\/\"},{\"@type\":\"ListItem\",\"position\":2,\"name\":\"Produits\",\"item\":\"https:\\\/\\\/botanian.com\\\/products\\\/\"},{\"@type\":\"ListItem\",\"position\":3,\"name\":\"Grow Pots\"}]},{\"@type\":\"WebSite\",\"@id\":\"https:\\\/\\\/botanian.com\\\/fr\\\/#website\",\"url\":\"https:\\\/\\\/botanian.com\\\/fr\\\/\",\"name\":\"Botanian\",\"description\":\"Growing wherever you can imagine\",\"publisher\":{\"@id\":\"https:\\\/\\\/botanian.com\\\/fr\\\/#organization\"},\"potentialAction\":[{\"@type\":\"SearchAction\",\"target\":{\"@type\":\"EntryPoint\",\"urlTemplate\":\"https:\\\/\\\/botanian.com\\\/fr\\\/?s={search_term_string}\"},\"query-input\":{\"@type\":\"PropertyValueSpecification\",\"valueRequired\":true,\"valueName\":\"search_term_string\"}}],\"inLanguage\":\"fr-FR\"},{\"@type\":\"Organization\",\"@id\":\"https:\\\/\\\/botanian.com\\\/fr\\\/#organization\",\"name\":\"Botanian\",\"url\":\"https:\\\/\\\/botanian.com\\\/fr\\\/\",\"logo\":{\"@type\":\"ImageObject\",\"inLanguage\":\"fr-FR\",\"@id\":\"https:\\\/\\\/botanian.com\\\/fr\\\/#\\\/schema\\\/logo\\\/image\\\/\",\"url\":\"https:\\\/\\\/botanian.com\\\/wp-content\\\/uploads\\\/botanian-logo.svg\",\"contentUrl\":\"https:\\\/\\\/botanian.com\\\/wp-content\\\/uploads\\\/botanian-logo.svg\",\"caption\":\"Botanian\"},\"image\":{\"@id\":\"https:\\\/\\\/botanian.com\\\/fr\\\/#\\\/schema\\\/logo\\\/image\\\/\"}}]}<\/script>\n<!-- \/ Yoast SEO plugin. -->","yoast_head_json":{"title":"Grow Pots - Botanian","robots":{"index":"index","follow":"follow","max-snippet":"max-snippet:-1","max-image-preview":"max-image-preview:large","max-video-preview":"max-video-preview:-1"},"canonical":"https:\/\/botanian.com\/fr\/product\/grow-pots-6cm-15x-pack\/","og_locale":"fr_FR","og_type":"article","og_title":"Grow Pots - Botanian","og_description":"6 cm pots ronds - pack de 15","og_url":"https:\/\/botanian.com\/fr\/product\/grow-pots-6cm-15x-pack\/","og_site_name":"Botanian","article_modified_time":"2024-12-04T13:23:38+00:00","og_image":[{"width":1024,"height":1024,"url":"https:\/\/botanian.com\/wp-content\/uploads\/botanian-grow-pots-110170-6-cm-15x-pack.png","type":"image\/png"}],"twitter_card":"summary_large_image","twitter_misc":{"Dur\u00e9e de lecture estim\u00e9e":"1 minute"},"schema":{"@context":"https:\/\/schema.org","@graph":[{"@type":"WebPage","@id":"https:\/\/botanian.com\/fr\/product\/grow-pots-6cm-15x-pack\/","url":"https:\/\/botanian.com\/fr\/product\/grow-pots-6cm-15x-pack\/","name":"Grow Pots - Botanian","isPartOf":{"@id":"https:\/\/botanian.com\/fr\/#website"},"primaryImageOfPage":{"@id":"https:\/\/botanian.com\/fr\/product\/grow-pots-6cm-15x-pack\/#primaryimage"},"image":{"@id":"https:\/\/botanian.com\/fr\/product\/grow-pots-6cm-15x-pack\/#primaryimage"},"thumbnailUrl":"https:\/\/botanian.com\/wp-content\/uploads\/botanian-grow-pots-110170-6-cm-15x-pack.png","datePublished":"2024-12-04T13:00:49+00:00","dateModified":"2024-12-04T13:23:38+00:00","breadcrumb":{"@id":"https:\/\/botanian.com\/fr\/product\/grow-pots-6cm-15x-pack\/#breadcrumb"},"inLanguage":"fr-FR","potentialAction":[{"@type":"ReadAction","target":["https:\/\/botanian.com\/fr\/product\/grow-pots-6cm-15x-pack\/"]}]},{"@type":"ImageObject","inLanguage":"fr-FR","@id":"https:\/\/botanian.com\/fr\/product\/grow-pots-6cm-15x-pack\/#primaryimage","url":"https:\/\/botanian.com\/wp-content\/uploads\/botanian-grow-pots-110170-6-cm-15x-pack.png","contentUrl":"https:\/\/botanian.com\/wp-content\/uploads\/botanian-grow-pots-110170-6-cm-15x-pack.png","width":1024,"height":1024,"caption":"Grow Pots"},{"@type":"BreadcrumbList","@id":"https:\/\/botanian.com\/fr\/product\/grow-pots-6cm-15x-pack\/#breadcrumb","itemListElement":[{"@type":"ListItem","position":1,"name":"Home","item":"https:\/\/botanian.com\/fr\/"},{"@type":"ListItem","position":2,"name":"Produits","item":"https:\/\/botanian.com\/products\/"},{"@type":"ListItem","position":3,"name":"Grow Pots"}]},{"@type":"WebSite","@id":"https:\/\/botanian.com\/fr\/#website","url":"https:\/\/botanian.com\/fr\/","name":"Botanian","description":"Growing wherever you can imagine","publisher":{"@id":"https:\/\/botanian.com\/fr\/#organization"},"potentialAction":[{"@type":"SearchAction","target":{"@type":"EntryPoint","urlTemplate":"https:\/\/botanian.com\/fr\/?s={search_term_string}"},"query-input":{"@type":"PropertyValueSpecification","valueRequired":true,"valueName":"search_term_string"}}],"inLanguage":"fr-FR"},{"@type":"Organization","@id":"https:\/\/botanian.com\/fr\/#organization","name":"Botanian","url":"https:\/\/botanian.com\/fr\/","logo":{"@type":"ImageObject","inLanguage":"fr-FR","@id":"https:\/\/botanian.com\/fr\/#\/schema\/logo\/image\/","url":"https:\/\/botanian.com\/wp-content\/uploads\/botanian-logo.svg","contentUrl":"https:\/\/botanian.com\/wp-content\/uploads\/botanian-logo.svg","caption":"Botanian"},"image":{"@id":"https:\/\/botanian.com\/fr\/#\/schema\/logo\/image\/"}}]}},"_links":{"self":[{"href":"https:\/\/botanian.com\/fr\/wp-json\/wp\/v2\/product\/7792","targetHints":{"allow":["GET"]}}],"collection":[{"href":"https:\/\/botanian.com\/fr\/wp-json\/wp\/v2\/product"}],"about":[{"href":"https:\/\/botanian.com\/fr\/wp-json\/wp\/v2\/types\/product"}],"version-history":[{"count":2,"href":"https:\/\/botanian.com\/fr\/wp-json\/wp\/v2\/product\/7792\/revisions"}],"predecessor-version":[{"id":7825,"href":"https:\/\/botanian.com\/fr\/wp-json\/wp\/v2\/product\/7792\/revisions\/7825"}],"wp:featuredmedia":[{"embeddable":true,"href":"https:\/\/botanian.com\/fr\/wp-json\/wp\/v2\/media\/7801"}],"wp:attachment":[{"href":"https:\/\/botanian.com\/fr\/wp-json\/wp\/v2\/media?parent=7792"}],"wp:term":[{"taxonomy":"product_brand","embeddable":true,"href":"https:\/\/botanian.com\/fr\/wp-json\/wp\/v2\/product_brand?post=7792"},{"taxonomy":"product_cat","embeddable":true,"href":"https:\/\/botanian.com\/fr\/wp-json\/wp\/v2\/product_cat?post=7792"},{"taxonomy":"product_tag","embeddable":true,"href":"https:\/\/botanian.com\/fr\/wp-json\/wp\/v2\/product_tag?post=7792"}],"curies":[{"name":"wp","href":"https:\/\/api.w.org\/{rel}","templated":true}]}}