{"id":4338,"date":"2023-06-19T18:18:01","date_gmt":"2023-06-19T18:18:01","guid":{"rendered":"https:\/\/botanian.com\/product\/grow-pellets\/"},"modified":"2024-12-02T13:15:10","modified_gmt":"2024-12-02T13:15:10","slug":"grow-pellets","status":"publish","type":"product","link":"https:\/\/botanian.com\/fr\/product\/grow-pellets\/","title":{"rendered":"Grow Pellets"},"content":{"rendered":"<h2>Pellets sans tourbe 36 mm* &#8211; pack de 36<\/h2>\n<p>Pour toutes les plantes d&rsquo;ext\u00e9rieur et d&rsquo;int\u00e9rieur, y compris les l\u00e9gumes, les herbes et les fleurs.<br \/>\nLe produit parfait pour tout cultivateur d\u00e9butant ou exp\u00e9riment\u00e9. Ce pellet se dilatera avec l&rsquo;ajout d&rsquo;eau pour cr\u00e9er un habitat id\u00e9al pour la croissance des semis et des boutures.<br \/>\nSimple et facile \u00e0 utiliser \u2013 il suffit d&rsquo;ajouter de l&rsquo;eau et des graines\u00a0!<\/p>\n<h2>Informations sur le produit<\/h2>\n<p>Cet emballage comprend 36 pellets sans tourbe de 36 mm*<\/p>\n<p>Vous obtiendrez plus de fleurs, de fruits et de l\u00e9gumes avec les pellets Botanian. C&rsquo;est parce que le d\u00e9veloppement crucial des racines des plantes n&rsquo;est pas perturb\u00e9. Lorsqu&rsquo;il est temps de d\u00e9placer vos plantes dans un plus grand contenant ou dans le jardin, vous les transplantez simplement avec le pellet intact.<\/p>\n<p>Ces pellets Botanian sont sans tourbe. Ils sont fabriqu\u00e9s \u00e0 partir de fibre de coco, un sous-produit \u00e9cologique de l&rsquo;industrie de transformation de la noix de coco. Nous sour\u00e7ons et transformons nos coques de noix de coco de mani\u00e8re responsable.<\/p>\n","protected":false},"excerpt":{"rendered":"<p>36 mm pellets &#8211; pack de 36<\/p>\n","protected":false},"featured_media":4002,"template":"","meta":{"site-sidebar-layout":"default","site-content-layout":"default","ast-site-content-layout":"default","site-content-style":"default","site-sidebar-style":"default","ast-global-header-display":"","ast-banner-title-visibility":"","ast-main-header-display":"","ast-hfb-above-header-display":"","ast-hfb-below-header-display":"","ast-hfb-mobile-header-display":"","site-post-title":"","ast-breadcrumbs-content":"","ast-featured-img":"","footer-sml-layout":"","ast-disable-related-posts":"","theme-transparent-header-meta":"default","adv-header-id-meta":"","stick-header-meta":"","header-above-stick-meta":"","header-main-stick-meta":"","header-below-stick-meta":"","astra-migrate-meta-layouts":"default","ast-page-background-enabled":"default","ast-page-background-meta":{"desktop":{"background-color":"var(--ast-global-color-4)","background-image":"","background-repeat":"repeat","background-position":"center center","background-size":"auto","background-attachment":"scroll","background-type":"","background-media":"","overlay-type":"","overlay-color":"","overlay-opacity":"","overlay-gradient":""},"tablet":{"background-color":"","background-image":"","background-repeat":"repeat","background-position":"center center","background-size":"auto","background-attachment":"scroll","background-type":"","background-media":"","overlay-type":"","overlay-color":"","overlay-opacity":"","overlay-gradient":""},"mobile":{"background-color":"","background-image":"","background-repeat":"repeat","background-position":"center center","background-size":"auto","background-attachment":"scroll","background-type":"","background-media":"","overlay-type":"","overlay-color":"","overlay-opacity":"","overlay-gradient":""}},"ast-content-background-meta":{"desktop":{"background-color":"var(--ast-global-color-5)","background-image":"","background-repeat":"repeat","background-position":"center center","background-size":"auto","background-attachment":"scroll","background-type":"","background-media":"","overlay-type":"","overlay-color":"","overlay-opacity":"","overlay-gradient":""},"tablet":{"background-color":"var(--ast-global-color-5)","background-image":"","background-repeat":"repeat","background-position":"center center","background-size":"auto","background-attachment":"scroll","background-type":"","background-media":"","overlay-type":"","overlay-color":"","overlay-opacity":"","overlay-gradient":""},"mobile":{"background-color":"var(--ast-global-color-5)","background-image":"","background-repeat":"repeat","background-position":"center center","background-size":"auto","background-attachment":"scroll","background-type":"","background-media":"","overlay-type":"","overlay-color":"","overlay-opacity":"","overlay-gradient":""}}},"product_brand":[],"product_cat":[98],"product_tag":[180],"class_list":{"0":"post-4338","1":"product","2":"type-product","3":"status-publish","4":"has-post-thumbnail","6":"product_cat-grow-pellets","7":"product_tag-sans-tourbe","8":"desktop-align-left","9":"tablet-align-left","10":"mobile-align-left","11":"ast-product-gallery-layout-horizontal-slider","12":"ast-magnify-disabled","13":"ast-product-tabs-layout-horizontal","15":"first","16":"instock","17":"shipping-taxable","18":"product-type-simple"},"yoast_head":"<!-- This site is optimized with the Yoast SEO plugin v27.3 - https:\/\/yoast.com\/product\/yoast-seo-wordpress\/ -->\n<title>Grow Pellets - Botanian<\/title>\n<meta name=\"robots\" content=\"index, follow, max-snippet:-1, max-image-preview:large, max-video-preview:-1\" \/>\n<link rel=\"canonical\" href=\"https:\/\/botanian.com\/fr\/product\/grow-pellets\/\" \/>\n<meta property=\"og:locale\" content=\"fr_FR\" \/>\n<meta property=\"og:type\" content=\"article\" \/>\n<meta property=\"og:title\" content=\"Grow Pellets - Botanian\" \/>\n<meta property=\"og:description\" content=\"36 mm pellets - pack de 36\" \/>\n<meta property=\"og:url\" content=\"https:\/\/botanian.com\/fr\/product\/grow-pellets\/\" \/>\n<meta property=\"og:site_name\" content=\"Botanian\" \/>\n<meta property=\"article:modified_time\" content=\"2024-12-02T13:15:10+00:00\" \/>\n<meta property=\"og:image\" content=\"https:\/\/botanian.com\/wp-content\/uploads\/botanian-grow-pellets-110152-36-mm-peat-free-36x-pack-front-winner.png\" \/>\n\t<meta property=\"og:image:width\" content=\"1000\" \/>\n\t<meta property=\"og:image:height\" content=\"1000\" \/>\n\t<meta property=\"og:image:type\" content=\"image\/png\" \/>\n<meta name=\"twitter:card\" content=\"summary_large_image\" \/>\n<meta name=\"twitter:label1\" content=\"Dur\u00e9e de lecture estim\u00e9e\" \/>\n\t<meta name=\"twitter:data1\" content=\"1 minute\" \/>\n<script type=\"application\/ld+json\" class=\"yoast-schema-graph\">{\"@context\":\"https:\\\/\\\/schema.org\",\"@graph\":[{\"@type\":\"WebPage\",\"@id\":\"https:\\\/\\\/botanian.com\\\/fr\\\/product\\\/grow-pellets\\\/\",\"url\":\"https:\\\/\\\/botanian.com\\\/fr\\\/product\\\/grow-pellets\\\/\",\"name\":\"Grow Pellets - Botanian\",\"isPartOf\":{\"@id\":\"https:\\\/\\\/botanian.com\\\/fr\\\/#website\"},\"primaryImageOfPage\":{\"@id\":\"https:\\\/\\\/botanian.com\\\/fr\\\/product\\\/grow-pellets\\\/#primaryimage\"},\"image\":{\"@id\":\"https:\\\/\\\/botanian.com\\\/fr\\\/product\\\/grow-pellets\\\/#primaryimage\"},\"thumbnailUrl\":\"https:\\\/\\\/botanian.com\\\/wp-content\\\/uploads\\\/botanian-grow-pellets-110152-36-mm-peat-free-36x-pack-front-winner.png\",\"datePublished\":\"2023-06-19T18:18:01+00:00\",\"dateModified\":\"2024-12-02T13:15:10+00:00\",\"breadcrumb\":{\"@id\":\"https:\\\/\\\/botanian.com\\\/fr\\\/product\\\/grow-pellets\\\/#breadcrumb\"},\"inLanguage\":\"fr-FR\",\"potentialAction\":[{\"@type\":\"ReadAction\",\"target\":[\"https:\\\/\\\/botanian.com\\\/fr\\\/product\\\/grow-pellets\\\/\"]}]},{\"@type\":\"ImageObject\",\"inLanguage\":\"fr-FR\",\"@id\":\"https:\\\/\\\/botanian.com\\\/fr\\\/product\\\/grow-pellets\\\/#primaryimage\",\"url\":\"https:\\\/\\\/botanian.com\\\/wp-content\\\/uploads\\\/botanian-grow-pellets-110152-36-mm-peat-free-36x-pack-front-winner.png\",\"contentUrl\":\"https:\\\/\\\/botanian.com\\\/wp-content\\\/uploads\\\/botanian-grow-pellets-110152-36-mm-peat-free-36x-pack-front-winner.png\",\"width\":1000,\"height\":1000,\"caption\":\"Grow Pellets\"},{\"@type\":\"BreadcrumbList\",\"@id\":\"https:\\\/\\\/botanian.com\\\/fr\\\/product\\\/grow-pellets\\\/#breadcrumb\",\"itemListElement\":[{\"@type\":\"ListItem\",\"position\":1,\"name\":\"Home\",\"item\":\"https:\\\/\\\/botanian.com\\\/fr\\\/\"},{\"@type\":\"ListItem\",\"position\":2,\"name\":\"Produits\",\"item\":\"https:\\\/\\\/botanian.com\\\/products\\\/\"},{\"@type\":\"ListItem\",\"position\":3,\"name\":\"Grow Pellets\"}]},{\"@type\":\"WebSite\",\"@id\":\"https:\\\/\\\/botanian.com\\\/fr\\\/#website\",\"url\":\"https:\\\/\\\/botanian.com\\\/fr\\\/\",\"name\":\"Botanian\",\"description\":\"Growing wherever you can imagine\",\"publisher\":{\"@id\":\"https:\\\/\\\/botanian.com\\\/fr\\\/#organization\"},\"potentialAction\":[{\"@type\":\"SearchAction\",\"target\":{\"@type\":\"EntryPoint\",\"urlTemplate\":\"https:\\\/\\\/botanian.com\\\/fr\\\/?s={search_term_string}\"},\"query-input\":{\"@type\":\"PropertyValueSpecification\",\"valueRequired\":true,\"valueName\":\"search_term_string\"}}],\"inLanguage\":\"fr-FR\"},{\"@type\":\"Organization\",\"@id\":\"https:\\\/\\\/botanian.com\\\/fr\\\/#organization\",\"name\":\"Botanian\",\"url\":\"https:\\\/\\\/botanian.com\\\/fr\\\/\",\"logo\":{\"@type\":\"ImageObject\",\"inLanguage\":\"fr-FR\",\"@id\":\"https:\\\/\\\/botanian.com\\\/fr\\\/#\\\/schema\\\/logo\\\/image\\\/\",\"url\":\"https:\\\/\\\/botanian.com\\\/wp-content\\\/uploads\\\/botanian-logo.svg\",\"contentUrl\":\"https:\\\/\\\/botanian.com\\\/wp-content\\\/uploads\\\/botanian-logo.svg\",\"caption\":\"Botanian\"},\"image\":{\"@id\":\"https:\\\/\\\/botanian.com\\\/fr\\\/#\\\/schema\\\/logo\\\/image\\\/\"}}]}<\/script>\n<!-- \/ Yoast SEO plugin. -->","yoast_head_json":{"title":"Grow Pellets - Botanian","robots":{"index":"index","follow":"follow","max-snippet":"max-snippet:-1","max-image-preview":"max-image-preview:large","max-video-preview":"max-video-preview:-1"},"canonical":"https:\/\/botanian.com\/fr\/product\/grow-pellets\/","og_locale":"fr_FR","og_type":"article","og_title":"Grow Pellets - Botanian","og_description":"36 mm pellets - pack de 36","og_url":"https:\/\/botanian.com\/fr\/product\/grow-pellets\/","og_site_name":"Botanian","article_modified_time":"2024-12-02T13:15:10+00:00","og_image":[{"width":1000,"height":1000,"url":"https:\/\/botanian.com\/wp-content\/uploads\/botanian-grow-pellets-110152-36-mm-peat-free-36x-pack-front-winner.png","type":"image\/png"}],"twitter_card":"summary_large_image","twitter_misc":{"Dur\u00e9e de lecture estim\u00e9e":"1 minute"},"schema":{"@context":"https:\/\/schema.org","@graph":[{"@type":"WebPage","@id":"https:\/\/botanian.com\/fr\/product\/grow-pellets\/","url":"https:\/\/botanian.com\/fr\/product\/grow-pellets\/","name":"Grow Pellets - Botanian","isPartOf":{"@id":"https:\/\/botanian.com\/fr\/#website"},"primaryImageOfPage":{"@id":"https:\/\/botanian.com\/fr\/product\/grow-pellets\/#primaryimage"},"image":{"@id":"https:\/\/botanian.com\/fr\/product\/grow-pellets\/#primaryimage"},"thumbnailUrl":"https:\/\/botanian.com\/wp-content\/uploads\/botanian-grow-pellets-110152-36-mm-peat-free-36x-pack-front-winner.png","datePublished":"2023-06-19T18:18:01+00:00","dateModified":"2024-12-02T13:15:10+00:00","breadcrumb":{"@id":"https:\/\/botanian.com\/fr\/product\/grow-pellets\/#breadcrumb"},"inLanguage":"fr-FR","potentialAction":[{"@type":"ReadAction","target":["https:\/\/botanian.com\/fr\/product\/grow-pellets\/"]}]},{"@type":"ImageObject","inLanguage":"fr-FR","@id":"https:\/\/botanian.com\/fr\/product\/grow-pellets\/#primaryimage","url":"https:\/\/botanian.com\/wp-content\/uploads\/botanian-grow-pellets-110152-36-mm-peat-free-36x-pack-front-winner.png","contentUrl":"https:\/\/botanian.com\/wp-content\/uploads\/botanian-grow-pellets-110152-36-mm-peat-free-36x-pack-front-winner.png","width":1000,"height":1000,"caption":"Grow Pellets"},{"@type":"BreadcrumbList","@id":"https:\/\/botanian.com\/fr\/product\/grow-pellets\/#breadcrumb","itemListElement":[{"@type":"ListItem","position":1,"name":"Home","item":"https:\/\/botanian.com\/fr\/"},{"@type":"ListItem","position":2,"name":"Produits","item":"https:\/\/botanian.com\/products\/"},{"@type":"ListItem","position":3,"name":"Grow Pellets"}]},{"@type":"WebSite","@id":"https:\/\/botanian.com\/fr\/#website","url":"https:\/\/botanian.com\/fr\/","name":"Botanian","description":"Growing wherever you can imagine","publisher":{"@id":"https:\/\/botanian.com\/fr\/#organization"},"potentialAction":[{"@type":"SearchAction","target":{"@type":"EntryPoint","urlTemplate":"https:\/\/botanian.com\/fr\/?s={search_term_string}"},"query-input":{"@type":"PropertyValueSpecification","valueRequired":true,"valueName":"search_term_string"}}],"inLanguage":"fr-FR"},{"@type":"Organization","@id":"https:\/\/botanian.com\/fr\/#organization","name":"Botanian","url":"https:\/\/botanian.com\/fr\/","logo":{"@type":"ImageObject","inLanguage":"fr-FR","@id":"https:\/\/botanian.com\/fr\/#\/schema\/logo\/image\/","url":"https:\/\/botanian.com\/wp-content\/uploads\/botanian-logo.svg","contentUrl":"https:\/\/botanian.com\/wp-content\/uploads\/botanian-logo.svg","caption":"Botanian"},"image":{"@id":"https:\/\/botanian.com\/fr\/#\/schema\/logo\/image\/"}}]}},"_links":{"self":[{"href":"https:\/\/botanian.com\/fr\/wp-json\/wp\/v2\/product\/4338","targetHints":{"allow":["GET"]}}],"collection":[{"href":"https:\/\/botanian.com\/fr\/wp-json\/wp\/v2\/product"}],"about":[{"href":"https:\/\/botanian.com\/fr\/wp-json\/wp\/v2\/types\/product"}],"version-history":[{"count":1,"href":"https:\/\/botanian.com\/fr\/wp-json\/wp\/v2\/product\/4338\/revisions"}],"predecessor-version":[{"id":6371,"href":"https:\/\/botanian.com\/fr\/wp-json\/wp\/v2\/product\/4338\/revisions\/6371"}],"wp:featuredmedia":[{"embeddable":true,"href":"https:\/\/botanian.com\/fr\/wp-json\/wp\/v2\/media\/4002"}],"wp:attachment":[{"href":"https:\/\/botanian.com\/fr\/wp-json\/wp\/v2\/media?parent=4338"}],"wp:term":[{"taxonomy":"product_brand","embeddable":true,"href":"https:\/\/botanian.com\/fr\/wp-json\/wp\/v2\/product_brand?post=4338"},{"taxonomy":"product_cat","embeddable":true,"href":"https:\/\/botanian.com\/fr\/wp-json\/wp\/v2\/product_cat?post=4338"},{"taxonomy":"product_tag","embeddable":true,"href":"https:\/\/botanian.com\/fr\/wp-json\/wp\/v2\/product_tag?post=4338"}],"curies":[{"name":"wp","href":"https:\/\/api.w.org\/{rel}","templated":true}]}}