{"id":4337,"date":"2023-06-19T18:34:10","date_gmt":"2023-06-19T18:34:10","guid":{"rendered":"https:\/\/botanian.com\/product\/quick-soil-mix-pellets-2\/"},"modified":"2024-12-02T13:11:30","modified_gmt":"2024-12-02T13:11:30","slug":"quick-soil-mix-pellets-2","status":"publish","type":"product","link":"https:\/\/botanian.com\/fr\/product\/quick-soil-mix-pellets-2\/","title":{"rendered":"Quick Soil Mix Pellets"},"content":{"rendered":"<h2>Pellets 38 mm* &#8211; pack de 18<\/h2>\n<p>Pour toutes les plantes d&rsquo;ext\u00e9rieur et d&rsquo;int\u00e9rieur, y compris les l\u00e9gumes, les herbes et les fleurs.<\/p>\n<h2>Informations sur le produit<\/h2>\n<p>Contient 18 pellets de m\u00e9lange rapide de sol Botanian (diam\u00e8tre de 38 mm) \u00e0 utiliser comme terreau \u2013 id\u00e9al pour le semis ou la plantation.<\/p>\n<p>Produit environ 1* litre de m\u00e9lange de terreau de qualit\u00e9 sup\u00e9rieure.<\/p>\n<p>Ces pellets Botanian sont sans tourbe. Ils sont fabriqu\u00e9s \u00e0 partir de fibre de coco, un sous-produit \u00e9cologique de l&rsquo;industrie de transformation de la noix de coco. Nous sour\u00e7ons et transformons nos coques de noix de coco de mani\u00e8re responsable.<\/p>\n","protected":false},"excerpt":{"rendered":"<p>38 mm pellets &#8211; pack de 18<\/p>\n","protected":false},"featured_media":4011,"template":"","meta":{"site-sidebar-layout":"default","site-content-layout":"default","ast-site-content-layout":"default","site-content-style":"default","site-sidebar-style":"default","ast-global-header-display":"","ast-banner-title-visibility":"","ast-main-header-display":"","ast-hfb-above-header-display":"","ast-hfb-below-header-display":"","ast-hfb-mobile-header-display":"","site-post-title":"","ast-breadcrumbs-content":"","ast-featured-img":"","footer-sml-layout":"","ast-disable-related-posts":"","theme-transparent-header-meta":"default","adv-header-id-meta":"","stick-header-meta":"","header-above-stick-meta":"","header-main-stick-meta":"","header-below-stick-meta":"","astra-migrate-meta-layouts":"default","ast-page-background-enabled":"default","ast-page-background-meta":{"desktop":{"background-color":"var(--ast-global-color-4)","background-image":"","background-repeat":"repeat","background-position":"center center","background-size":"auto","background-attachment":"scroll","background-type":"","background-media":"","overlay-type":"","overlay-color":"","overlay-opacity":"","overlay-gradient":""},"tablet":{"background-color":"","background-image":"","background-repeat":"repeat","background-position":"center center","background-size":"auto","background-attachment":"scroll","background-type":"","background-media":"","overlay-type":"","overlay-color":"","overlay-opacity":"","overlay-gradient":""},"mobile":{"background-color":"","background-image":"","background-repeat":"repeat","background-position":"center center","background-size":"auto","background-attachment":"scroll","background-type":"","background-media":"","overlay-type":"","overlay-color":"","overlay-opacity":"","overlay-gradient":""}},"ast-content-background-meta":{"desktop":{"background-color":"var(--ast-global-color-5)","background-image":"","background-repeat":"repeat","background-position":"center center","background-size":"auto","background-attachment":"scroll","background-type":"","background-media":"","overlay-type":"","overlay-color":"","overlay-opacity":"","overlay-gradient":""},"tablet":{"background-color":"var(--ast-global-color-5)","background-image":"","background-repeat":"repeat","background-position":"center center","background-size":"auto","background-attachment":"scroll","background-type":"","background-media":"","overlay-type":"","overlay-color":"","overlay-opacity":"","overlay-gradient":""},"mobile":{"background-color":"var(--ast-global-color-5)","background-image":"","background-repeat":"repeat","background-position":"center center","background-size":"auto","background-attachment":"scroll","background-type":"","background-media":"","overlay-type":"","overlay-color":"","overlay-opacity":"","overlay-gradient":""}}},"product_brand":[],"product_cat":[114],"product_tag":[180],"class_list":{"0":"post-4337","1":"product","2":"type-product","3":"status-publish","4":"has-post-thumbnail","6":"product_cat-quick-soil-mix-pellets","7":"product_tag-sans-tourbe","8":"desktop-align-left","9":"tablet-align-left","10":"mobile-align-left","11":"ast-product-gallery-layout-horizontal-slider","12":"ast-magnify-disabled","13":"ast-product-tabs-layout-horizontal","15":"first","16":"instock","17":"shipping-taxable","18":"product-type-simple"},"yoast_head":"<!-- This site is optimized with the Yoast SEO plugin v27.3 - https:\/\/yoast.com\/product\/yoast-seo-wordpress\/ -->\n<title>Quick Soil Mix Pellets - Botanian<\/title>\n<meta name=\"robots\" content=\"index, follow, max-snippet:-1, max-image-preview:large, max-video-preview:-1\" \/>\n<link rel=\"canonical\" href=\"https:\/\/botanian.com\/fr\/product\/quick-soil-mix-pellets-2\/\" \/>\n<meta property=\"og:locale\" content=\"fr_FR\" \/>\n<meta property=\"og:type\" content=\"article\" \/>\n<meta property=\"og:title\" content=\"Quick Soil Mix Pellets - Botanian\" \/>\n<meta property=\"og:description\" content=\"38 mm pellets - pack de 18\" \/>\n<meta property=\"og:url\" content=\"https:\/\/botanian.com\/fr\/product\/quick-soil-mix-pellets-2\/\" \/>\n<meta property=\"og:site_name\" content=\"Botanian\" \/>\n<meta property=\"article:modified_time\" content=\"2024-12-02T13:11:30+00:00\" \/>\n<meta property=\"og:image\" content=\"https:\/\/botanian.com\/wp-content\/uploads\/botanian-grow-pellets-110153-38-mm-peat-free-18x-pack-front.png\" \/>\n\t<meta property=\"og:image:width\" content=\"1024\" \/>\n\t<meta property=\"og:image:height\" content=\"1024\" \/>\n\t<meta property=\"og:image:type\" content=\"image\/png\" \/>\n<meta name=\"twitter:card\" content=\"summary_large_image\" \/>\n<meta name=\"twitter:label1\" content=\"Dur\u00e9e de lecture estim\u00e9e\" \/>\n\t<meta name=\"twitter:data1\" content=\"1 minute\" \/>\n<script type=\"application\/ld+json\" class=\"yoast-schema-graph\">{\"@context\":\"https:\\\/\\\/schema.org\",\"@graph\":[{\"@type\":\"WebPage\",\"@id\":\"https:\\\/\\\/botanian.com\\\/fr\\\/product\\\/quick-soil-mix-pellets-2\\\/\",\"url\":\"https:\\\/\\\/botanian.com\\\/fr\\\/product\\\/quick-soil-mix-pellets-2\\\/\",\"name\":\"Quick Soil Mix Pellets - Botanian\",\"isPartOf\":{\"@id\":\"https:\\\/\\\/botanian.com\\\/fr\\\/#website\"},\"primaryImageOfPage\":{\"@id\":\"https:\\\/\\\/botanian.com\\\/fr\\\/product\\\/quick-soil-mix-pellets-2\\\/#primaryimage\"},\"image\":{\"@id\":\"https:\\\/\\\/botanian.com\\\/fr\\\/product\\\/quick-soil-mix-pellets-2\\\/#primaryimage\"},\"thumbnailUrl\":\"https:\\\/\\\/botanian.com\\\/wp-content\\\/uploads\\\/botanian-grow-pellets-110153-38-mm-peat-free-18x-pack-front.png\",\"datePublished\":\"2023-06-19T18:34:10+00:00\",\"dateModified\":\"2024-12-02T13:11:30+00:00\",\"breadcrumb\":{\"@id\":\"https:\\\/\\\/botanian.com\\\/fr\\\/product\\\/quick-soil-mix-pellets-2\\\/#breadcrumb\"},\"inLanguage\":\"fr-FR\",\"potentialAction\":[{\"@type\":\"ReadAction\",\"target\":[\"https:\\\/\\\/botanian.com\\\/fr\\\/product\\\/quick-soil-mix-pellets-2\\\/\"]}]},{\"@type\":\"ImageObject\",\"inLanguage\":\"fr-FR\",\"@id\":\"https:\\\/\\\/botanian.com\\\/fr\\\/product\\\/quick-soil-mix-pellets-2\\\/#primaryimage\",\"url\":\"https:\\\/\\\/botanian.com\\\/wp-content\\\/uploads\\\/botanian-grow-pellets-110153-38-mm-peat-free-18x-pack-front.png\",\"contentUrl\":\"https:\\\/\\\/botanian.com\\\/wp-content\\\/uploads\\\/botanian-grow-pellets-110153-38-mm-peat-free-18x-pack-front.png\",\"width\":1024,\"height\":1024,\"caption\":\"Quick Soil Mix Pellets\"},{\"@type\":\"BreadcrumbList\",\"@id\":\"https:\\\/\\\/botanian.com\\\/fr\\\/product\\\/quick-soil-mix-pellets-2\\\/#breadcrumb\",\"itemListElement\":[{\"@type\":\"ListItem\",\"position\":1,\"name\":\"Home\",\"item\":\"https:\\\/\\\/botanian.com\\\/fr\\\/\"},{\"@type\":\"ListItem\",\"position\":2,\"name\":\"Produits\",\"item\":\"https:\\\/\\\/botanian.com\\\/products\\\/\"},{\"@type\":\"ListItem\",\"position\":3,\"name\":\"Quick Soil Mix Pellets\"}]},{\"@type\":\"WebSite\",\"@id\":\"https:\\\/\\\/botanian.com\\\/fr\\\/#website\",\"url\":\"https:\\\/\\\/botanian.com\\\/fr\\\/\",\"name\":\"Botanian\",\"description\":\"Growing wherever you can imagine\",\"publisher\":{\"@id\":\"https:\\\/\\\/botanian.com\\\/fr\\\/#organization\"},\"potentialAction\":[{\"@type\":\"SearchAction\",\"target\":{\"@type\":\"EntryPoint\",\"urlTemplate\":\"https:\\\/\\\/botanian.com\\\/fr\\\/?s={search_term_string}\"},\"query-input\":{\"@type\":\"PropertyValueSpecification\",\"valueRequired\":true,\"valueName\":\"search_term_string\"}}],\"inLanguage\":\"fr-FR\"},{\"@type\":\"Organization\",\"@id\":\"https:\\\/\\\/botanian.com\\\/fr\\\/#organization\",\"name\":\"Botanian\",\"url\":\"https:\\\/\\\/botanian.com\\\/fr\\\/\",\"logo\":{\"@type\":\"ImageObject\",\"inLanguage\":\"fr-FR\",\"@id\":\"https:\\\/\\\/botanian.com\\\/fr\\\/#\\\/schema\\\/logo\\\/image\\\/\",\"url\":\"https:\\\/\\\/botanian.com\\\/wp-content\\\/uploads\\\/botanian-logo.svg\",\"contentUrl\":\"https:\\\/\\\/botanian.com\\\/wp-content\\\/uploads\\\/botanian-logo.svg\",\"caption\":\"Botanian\"},\"image\":{\"@id\":\"https:\\\/\\\/botanian.com\\\/fr\\\/#\\\/schema\\\/logo\\\/image\\\/\"}}]}<\/script>\n<!-- \/ Yoast SEO plugin. -->","yoast_head_json":{"title":"Quick Soil Mix Pellets - Botanian","robots":{"index":"index","follow":"follow","max-snippet":"max-snippet:-1","max-image-preview":"max-image-preview:large","max-video-preview":"max-video-preview:-1"},"canonical":"https:\/\/botanian.com\/fr\/product\/quick-soil-mix-pellets-2\/","og_locale":"fr_FR","og_type":"article","og_title":"Quick Soil Mix Pellets - Botanian","og_description":"38 mm pellets - pack de 18","og_url":"https:\/\/botanian.com\/fr\/product\/quick-soil-mix-pellets-2\/","og_site_name":"Botanian","article_modified_time":"2024-12-02T13:11:30+00:00","og_image":[{"width":1024,"height":1024,"url":"https:\/\/botanian.com\/wp-content\/uploads\/botanian-grow-pellets-110153-38-mm-peat-free-18x-pack-front.png","type":"image\/png"}],"twitter_card":"summary_large_image","twitter_misc":{"Dur\u00e9e de lecture estim\u00e9e":"1 minute"},"schema":{"@context":"https:\/\/schema.org","@graph":[{"@type":"WebPage","@id":"https:\/\/botanian.com\/fr\/product\/quick-soil-mix-pellets-2\/","url":"https:\/\/botanian.com\/fr\/product\/quick-soil-mix-pellets-2\/","name":"Quick Soil Mix Pellets - Botanian","isPartOf":{"@id":"https:\/\/botanian.com\/fr\/#website"},"primaryImageOfPage":{"@id":"https:\/\/botanian.com\/fr\/product\/quick-soil-mix-pellets-2\/#primaryimage"},"image":{"@id":"https:\/\/botanian.com\/fr\/product\/quick-soil-mix-pellets-2\/#primaryimage"},"thumbnailUrl":"https:\/\/botanian.com\/wp-content\/uploads\/botanian-grow-pellets-110153-38-mm-peat-free-18x-pack-front.png","datePublished":"2023-06-19T18:34:10+00:00","dateModified":"2024-12-02T13:11:30+00:00","breadcrumb":{"@id":"https:\/\/botanian.com\/fr\/product\/quick-soil-mix-pellets-2\/#breadcrumb"},"inLanguage":"fr-FR","potentialAction":[{"@type":"ReadAction","target":["https:\/\/botanian.com\/fr\/product\/quick-soil-mix-pellets-2\/"]}]},{"@type":"ImageObject","inLanguage":"fr-FR","@id":"https:\/\/botanian.com\/fr\/product\/quick-soil-mix-pellets-2\/#primaryimage","url":"https:\/\/botanian.com\/wp-content\/uploads\/botanian-grow-pellets-110153-38-mm-peat-free-18x-pack-front.png","contentUrl":"https:\/\/botanian.com\/wp-content\/uploads\/botanian-grow-pellets-110153-38-mm-peat-free-18x-pack-front.png","width":1024,"height":1024,"caption":"Quick Soil Mix Pellets"},{"@type":"BreadcrumbList","@id":"https:\/\/botanian.com\/fr\/product\/quick-soil-mix-pellets-2\/#breadcrumb","itemListElement":[{"@type":"ListItem","position":1,"name":"Home","item":"https:\/\/botanian.com\/fr\/"},{"@type":"ListItem","position":2,"name":"Produits","item":"https:\/\/botanian.com\/products\/"},{"@type":"ListItem","position":3,"name":"Quick Soil Mix Pellets"}]},{"@type":"WebSite","@id":"https:\/\/botanian.com\/fr\/#website","url":"https:\/\/botanian.com\/fr\/","name":"Botanian","description":"Growing wherever you can imagine","publisher":{"@id":"https:\/\/botanian.com\/fr\/#organization"},"potentialAction":[{"@type":"SearchAction","target":{"@type":"EntryPoint","urlTemplate":"https:\/\/botanian.com\/fr\/?s={search_term_string}"},"query-input":{"@type":"PropertyValueSpecification","valueRequired":true,"valueName":"search_term_string"}}],"inLanguage":"fr-FR"},{"@type":"Organization","@id":"https:\/\/botanian.com\/fr\/#organization","name":"Botanian","url":"https:\/\/botanian.com\/fr\/","logo":{"@type":"ImageObject","inLanguage":"fr-FR","@id":"https:\/\/botanian.com\/fr\/#\/schema\/logo\/image\/","url":"https:\/\/botanian.com\/wp-content\/uploads\/botanian-logo.svg","contentUrl":"https:\/\/botanian.com\/wp-content\/uploads\/botanian-logo.svg","caption":"Botanian"},"image":{"@id":"https:\/\/botanian.com\/fr\/#\/schema\/logo\/image\/"}}]}},"_links":{"self":[{"href":"https:\/\/botanian.com\/fr\/wp-json\/wp\/v2\/product\/4337","targetHints":{"allow":["GET"]}}],"collection":[{"href":"https:\/\/botanian.com\/fr\/wp-json\/wp\/v2\/product"}],"about":[{"href":"https:\/\/botanian.com\/fr\/wp-json\/wp\/v2\/types\/product"}],"version-history":[{"count":1,"href":"https:\/\/botanian.com\/fr\/wp-json\/wp\/v2\/product\/4337\/revisions"}],"predecessor-version":[{"id":6372,"href":"https:\/\/botanian.com\/fr\/wp-json\/wp\/v2\/product\/4337\/revisions\/6372"}],"wp:featuredmedia":[{"embeddable":true,"href":"https:\/\/botanian.com\/fr\/wp-json\/wp\/v2\/media\/4011"}],"wp:attachment":[{"href":"https:\/\/botanian.com\/fr\/wp-json\/wp\/v2\/media?parent=4337"}],"wp:term":[{"taxonomy":"product_brand","embeddable":true,"href":"https:\/\/botanian.com\/fr\/wp-json\/wp\/v2\/product_brand?post=4337"},{"taxonomy":"product_cat","embeddable":true,"href":"https:\/\/botanian.com\/fr\/wp-json\/wp\/v2\/product_cat?post=4337"},{"taxonomy":"product_tag","embeddable":true,"href":"https:\/\/botanian.com\/fr\/wp-json\/wp\/v2\/product_tag?post=4337"}],"curies":[{"name":"wp","href":"https:\/\/api.w.org\/{rel}","templated":true}]}}