{"id":10503,"date":"2026-03-15T14:29:37","date_gmt":"2026-03-15T14:29:37","guid":{"rendered":"https:\/\/botanian.com\/?post_type=product&#038;p=10503"},"modified":"2026-04-03T12:19:32","modified_gmt":"2026-04-03T12:19:32","slug":"grow-block-kit-peat-free","status":"publish","type":"product","link":"https:\/\/botanian.com\/fr\/product\/grow-block-kit-peat-free\/","title":{"rendered":"Grow Block Kit"},"content":{"rendered":"<h2>Grow Block Kit avec Grow Blocks de 80x80mm*, lot de 6<\/h2>\n<p>Pour toutes les plantes d\u2019ext\u00e9rieur et d\u2019int\u00e9rieur, y compris les l\u00e9gumes, les herbes et les fleurs.<\/p>\n<p>La mise \u00e0 niveau ultime pour vos pellets Botanian pour une propagation efficace des graines et des boutures, cr\u00e9ant un syst\u00e8me racinaire plus solide avant la transplantation. Le produit parfait pour tout cultivateur d\u00e9butant ou exp\u00e9riment\u00e9. Les Grow Blocks sont parfaitement adapt\u00e9s \u00e0 la culture de plantes plus grandes telles que les tomates, les concombres, les courgettes, les aubergines et les courges.<br \/>\nSimple et facile \u00e0 utiliser \u2013 il suffit d&rsquo;ajouter de l&rsquo;eau et des pellets\u00a0!<\/p>\n<p>Les Grow Blocks peuvent \u00e9galement \u00eatre utilis\u00e9s directement avec des graines ou des boutures, mais pour de meilleurs r\u00e9sultats, il est fortement recommand\u00e9 de les utiliser avec les pellets Botanian.<\/p>\n<h2>Informations sur le produit<\/h2>\n<p>Ce kit Botanian Grow Block comprend\u00a0: 6\u00a0Grow\u00a0Blocks 80x80mm*, 1 plateau \u00e9tanche et son couvercle.<\/p>\n<p>Vous obtenez plus de fleurs, de fruits et de l\u00e9gumes avec les Botanian\u00ae Grow Blocks. C&rsquo;est parce que le d\u00e9veloppement racinaire, si important pour les plantes, n&rsquo;est pas perturb\u00e9. En fait, les Grow Blocks permettent \u00e0 vos graines ou boutures de d\u00e9velopper un syst\u00e8me racinaire encore plus solide avant de les transplanter dans un plus grand contenant ou directement dans votre jardin, tout en maintenant les Grow Blocks intacts.<\/p>\n<p>Ces Botanian\u00ae Grow Blocks sont sans tourbe. Ils sont fabriqu\u00e9s \u00e0 partir de coco (\u00ab\u00a0koy-ah\u00a0\u00bb), un sous-produit de l&rsquo;industrie de transformation de la noix de coco. Nous nous approvisionnons et transformons nos coques de noix de coco de mani\u00e8re responsable.<\/p>\n<p>Le plateau et le couvercle sont r\u00e9utilisables. Il suffit de les remplir \u00e0 nouveau avec des Botanian Grow Blocks et vous \u00eates pr\u00eat \u00e0 commencer votre prochaine culture.<br \/>\nLe plateau peut \u00e9galement \u00eatre r\u00e9utilis\u00e9 avec vos Botanian Grow Pots, ce qui aide \u00e0 garder votre environnement sec et propre.<\/p>\n","protected":false},"excerpt":{"rendered":"<p>Grow Blocks de 80x80mm, lot de 6<\/p>\n","protected":false},"featured_media":8910,"template":"","meta":{"site-sidebar-layout":"default","site-content-layout":"default","ast-site-content-layout":"default","site-content-style":"default","site-sidebar-style":"default","ast-global-header-display":"","ast-banner-title-visibility":"","ast-main-header-display":"","ast-hfb-above-header-display":"","ast-hfb-below-header-display":"","ast-hfb-mobile-header-display":"","site-post-title":"","ast-breadcrumbs-content":"","ast-featured-img":"","footer-sml-layout":"","ast-disable-related-posts":"","theme-transparent-header-meta":"default","adv-header-id-meta":"","stick-header-meta":"","header-above-stick-meta":"","header-main-stick-meta":"","header-below-stick-meta":"","astra-migrate-meta-layouts":"set","ast-page-background-enabled":"default","ast-page-background-meta":{"desktop":{"background-color":"var(--ast-global-color-4)","background-image":"","background-repeat":"repeat","background-position":"center center","background-size":"auto","background-attachment":"scroll","background-type":"","background-media":"","overlay-type":"","overlay-color":"","overlay-opacity":"","overlay-gradient":""},"tablet":{"background-color":"","background-image":"","background-repeat":"repeat","background-position":"center center","background-size":"auto","background-attachment":"scroll","background-type":"","background-media":"","overlay-type":"","overlay-color":"","overlay-opacity":"","overlay-gradient":""},"mobile":{"background-color":"","background-image":"","background-repeat":"repeat","background-position":"center center","background-size":"auto","background-attachment":"scroll","background-type":"","background-media":"","overlay-type":"","overlay-color":"","overlay-opacity":"","overlay-gradient":""}},"ast-content-background-meta":{"desktop":{"background-color":"var(--ast-global-color-5)","background-image":"","background-repeat":"repeat","background-position":"center center","background-size":"auto","background-attachment":"scroll","background-type":"","background-media":"","overlay-type":"","overlay-color":"","overlay-opacity":"","overlay-gradient":""},"tablet":{"background-color":"var(--ast-global-color-5)","background-image":"","background-repeat":"repeat","background-position":"center center","background-size":"auto","background-attachment":"scroll","background-type":"","background-media":"","overlay-type":"","overlay-color":"","overlay-opacity":"","overlay-gradient":""},"mobile":{"background-color":"var(--ast-global-color-5)","background-image":"","background-repeat":"repeat","background-position":"center center","background-size":"auto","background-attachment":"scroll","background-type":"","background-media":"","overlay-type":"","overlay-color":"","overlay-opacity":"","overlay-gradient":""}}},"product_brand":[],"product_cat":[292],"product_tag":[180],"class_list":{"0":"post-10503","1":"product","2":"type-product","3":"status-publish","4":"has-post-thumbnail","6":"product_cat-grow-block-kits","7":"product_tag-sans-tourbe","8":"desktop-align-left","9":"tablet-align-left","10":"mobile-align-left","11":"ast-product-gallery-layout-horizontal-slider","12":"ast-product-gallery-with-no-image","13":"ast-magnify-disabled","14":"ast-product-tabs-layout-horizontal","16":"first","17":"instock","18":"shipping-taxable","19":"product-type-simple"},"yoast_head":"<!-- This site is optimized with the Yoast SEO plugin v27.4 - https:\/\/yoast.com\/product\/yoast-seo-wordpress\/ -->\n<title>Grow Block Kit - Botanian<\/title>\n<meta name=\"robots\" content=\"index, follow, max-snippet:-1, max-image-preview:large, max-video-preview:-1\" \/>\n<link rel=\"canonical\" href=\"https:\/\/botanian.com\/fr\/product\/grow-block-kit-peat-free\/\" \/>\n<meta property=\"og:locale\" content=\"fr_FR\" \/>\n<meta property=\"og:type\" content=\"article\" \/>\n<meta property=\"og:title\" content=\"Grow Block Kit - Botanian\" \/>\n<meta property=\"og:description\" content=\"Grow Blocks de 80x80mm, lot de 6\" \/>\n<meta property=\"og:url\" content=\"https:\/\/botanian.com\/fr\/product\/grow-block-kit-peat-free\/\" \/>\n<meta property=\"og:site_name\" content=\"Botanian\" \/>\n<meta property=\"article:modified_time\" content=\"2026-04-03T12:19:32+00:00\" \/>\n<meta property=\"og:image\" content=\"https:\/\/botanian.com\/wp-content\/uploads\/botanian-placeholder.png\" \/>\n\t<meta property=\"og:image:width\" content=\"1024\" \/>\n\t<meta property=\"og:image:height\" content=\"1024\" \/>\n\t<meta property=\"og:image:type\" content=\"image\/png\" \/>\n<meta name=\"twitter:card\" content=\"summary_large_image\" \/>\n<meta name=\"twitter:label1\" content=\"Dur\u00e9e de lecture estim\u00e9e\" \/>\n\t<meta name=\"twitter:data1\" content=\"1 minute\" \/>\n<script type=\"application\/ld+json\" class=\"yoast-schema-graph\">{\"@context\":\"https:\\\/\\\/schema.org\",\"@graph\":[{\"@type\":\"WebPage\",\"@id\":\"https:\\\/\\\/botanian.com\\\/fr\\\/product\\\/grow-block-kit-peat-free\\\/\",\"url\":\"https:\\\/\\\/botanian.com\\\/fr\\\/product\\\/grow-block-kit-peat-free\\\/\",\"name\":\"Grow Block Kit - Botanian\",\"isPartOf\":{\"@id\":\"https:\\\/\\\/botanian.com\\\/fr\\\/#website\"},\"primaryImageOfPage\":{\"@id\":\"https:\\\/\\\/botanian.com\\\/fr\\\/product\\\/grow-block-kit-peat-free\\\/#primaryimage\"},\"image\":{\"@id\":\"https:\\\/\\\/botanian.com\\\/fr\\\/product\\\/grow-block-kit-peat-free\\\/#primaryimage\"},\"thumbnailUrl\":\"https:\\\/\\\/botanian.com\\\/wp-content\\\/uploads\\\/botanian-placeholder.png\",\"datePublished\":\"2026-03-15T14:29:37+00:00\",\"dateModified\":\"2026-04-03T12:19:32+00:00\",\"breadcrumb\":{\"@id\":\"https:\\\/\\\/botanian.com\\\/fr\\\/product\\\/grow-block-kit-peat-free\\\/#breadcrumb\"},\"inLanguage\":\"fr-FR\",\"potentialAction\":[{\"@type\":\"ReadAction\",\"target\":[\"https:\\\/\\\/botanian.com\\\/fr\\\/product\\\/grow-block-kit-peat-free\\\/\"]}]},{\"@type\":\"ImageObject\",\"inLanguage\":\"fr-FR\",\"@id\":\"https:\\\/\\\/botanian.com\\\/fr\\\/product\\\/grow-block-kit-peat-free\\\/#primaryimage\",\"url\":\"https:\\\/\\\/botanian.com\\\/wp-content\\\/uploads\\\/botanian-placeholder.png\",\"contentUrl\":\"https:\\\/\\\/botanian.com\\\/wp-content\\\/uploads\\\/botanian-placeholder.png\",\"width\":1024,\"height\":1024},{\"@type\":\"BreadcrumbList\",\"@id\":\"https:\\\/\\\/botanian.com\\\/fr\\\/product\\\/grow-block-kit-peat-free\\\/#breadcrumb\",\"itemListElement\":[{\"@type\":\"ListItem\",\"position\":1,\"name\":\"Home\",\"item\":\"https:\\\/\\\/botanian.com\\\/fr\\\/\"},{\"@type\":\"ListItem\",\"position\":2,\"name\":\"Produits\",\"item\":\"https:\\\/\\\/botanian.com\\\/products\\\/\"},{\"@type\":\"ListItem\",\"position\":3,\"name\":\"Grow Block Kit\"}]},{\"@type\":\"WebSite\",\"@id\":\"https:\\\/\\\/botanian.com\\\/fr\\\/#website\",\"url\":\"https:\\\/\\\/botanian.com\\\/fr\\\/\",\"name\":\"Botanian\",\"description\":\"Growing wherever you can imagine\",\"publisher\":{\"@id\":\"https:\\\/\\\/botanian.com\\\/fr\\\/#organization\"},\"potentialAction\":[{\"@type\":\"SearchAction\",\"target\":{\"@type\":\"EntryPoint\",\"urlTemplate\":\"https:\\\/\\\/botanian.com\\\/fr\\\/?s={search_term_string}\"},\"query-input\":{\"@type\":\"PropertyValueSpecification\",\"valueRequired\":true,\"valueName\":\"search_term_string\"}}],\"inLanguage\":\"fr-FR\"},{\"@type\":\"Organization\",\"@id\":\"https:\\\/\\\/botanian.com\\\/fr\\\/#organization\",\"name\":\"Botanian\",\"url\":\"https:\\\/\\\/botanian.com\\\/fr\\\/\",\"logo\":{\"@type\":\"ImageObject\",\"inLanguage\":\"fr-FR\",\"@id\":\"https:\\\/\\\/botanian.com\\\/fr\\\/#\\\/schema\\\/logo\\\/image\\\/\",\"url\":\"https:\\\/\\\/botanian.com\\\/wp-content\\\/uploads\\\/botanian-logo.svg\",\"contentUrl\":\"https:\\\/\\\/botanian.com\\\/wp-content\\\/uploads\\\/botanian-logo.svg\",\"caption\":\"Botanian\"},\"image\":{\"@id\":\"https:\\\/\\\/botanian.com\\\/fr\\\/#\\\/schema\\\/logo\\\/image\\\/\"}}]}<\/script>\n<!-- \/ Yoast SEO plugin. -->","yoast_head_json":{"title":"Grow Block Kit - Botanian","robots":{"index":"index","follow":"follow","max-snippet":"max-snippet:-1","max-image-preview":"max-image-preview:large","max-video-preview":"max-video-preview:-1"},"canonical":"https:\/\/botanian.com\/fr\/product\/grow-block-kit-peat-free\/","og_locale":"fr_FR","og_type":"article","og_title":"Grow Block Kit - Botanian","og_description":"Grow Blocks de 80x80mm, lot de 6","og_url":"https:\/\/botanian.com\/fr\/product\/grow-block-kit-peat-free\/","og_site_name":"Botanian","article_modified_time":"2026-04-03T12:19:32+00:00","og_image":[{"width":1024,"height":1024,"url":"https:\/\/botanian.com\/wp-content\/uploads\/botanian-placeholder.png","type":"image\/png"}],"twitter_card":"summary_large_image","twitter_misc":{"Dur\u00e9e de lecture estim\u00e9e":"1 minute"},"schema":{"@context":"https:\/\/schema.org","@graph":[{"@type":"WebPage","@id":"https:\/\/botanian.com\/fr\/product\/grow-block-kit-peat-free\/","url":"https:\/\/botanian.com\/fr\/product\/grow-block-kit-peat-free\/","name":"Grow Block Kit - Botanian","isPartOf":{"@id":"https:\/\/botanian.com\/fr\/#website"},"primaryImageOfPage":{"@id":"https:\/\/botanian.com\/fr\/product\/grow-block-kit-peat-free\/#primaryimage"},"image":{"@id":"https:\/\/botanian.com\/fr\/product\/grow-block-kit-peat-free\/#primaryimage"},"thumbnailUrl":"https:\/\/botanian.com\/wp-content\/uploads\/botanian-placeholder.png","datePublished":"2026-03-15T14:29:37+00:00","dateModified":"2026-04-03T12:19:32+00:00","breadcrumb":{"@id":"https:\/\/botanian.com\/fr\/product\/grow-block-kit-peat-free\/#breadcrumb"},"inLanguage":"fr-FR","potentialAction":[{"@type":"ReadAction","target":["https:\/\/botanian.com\/fr\/product\/grow-block-kit-peat-free\/"]}]},{"@type":"ImageObject","inLanguage":"fr-FR","@id":"https:\/\/botanian.com\/fr\/product\/grow-block-kit-peat-free\/#primaryimage","url":"https:\/\/botanian.com\/wp-content\/uploads\/botanian-placeholder.png","contentUrl":"https:\/\/botanian.com\/wp-content\/uploads\/botanian-placeholder.png","width":1024,"height":1024},{"@type":"BreadcrumbList","@id":"https:\/\/botanian.com\/fr\/product\/grow-block-kit-peat-free\/#breadcrumb","itemListElement":[{"@type":"ListItem","position":1,"name":"Home","item":"https:\/\/botanian.com\/fr\/"},{"@type":"ListItem","position":2,"name":"Produits","item":"https:\/\/botanian.com\/products\/"},{"@type":"ListItem","position":3,"name":"Grow Block Kit"}]},{"@type":"WebSite","@id":"https:\/\/botanian.com\/fr\/#website","url":"https:\/\/botanian.com\/fr\/","name":"Botanian","description":"Growing wherever you can imagine","publisher":{"@id":"https:\/\/botanian.com\/fr\/#organization"},"potentialAction":[{"@type":"SearchAction","target":{"@type":"EntryPoint","urlTemplate":"https:\/\/botanian.com\/fr\/?s={search_term_string}"},"query-input":{"@type":"PropertyValueSpecification","valueRequired":true,"valueName":"search_term_string"}}],"inLanguage":"fr-FR"},{"@type":"Organization","@id":"https:\/\/botanian.com\/fr\/#organization","name":"Botanian","url":"https:\/\/botanian.com\/fr\/","logo":{"@type":"ImageObject","inLanguage":"fr-FR","@id":"https:\/\/botanian.com\/fr\/#\/schema\/logo\/image\/","url":"https:\/\/botanian.com\/wp-content\/uploads\/botanian-logo.svg","contentUrl":"https:\/\/botanian.com\/wp-content\/uploads\/botanian-logo.svg","caption":"Botanian"},"image":{"@id":"https:\/\/botanian.com\/fr\/#\/schema\/logo\/image\/"}}]}},"_links":{"self":[{"href":"https:\/\/botanian.com\/fr\/wp-json\/wp\/v2\/product\/10503","targetHints":{"allow":["GET"]}}],"collection":[{"href":"https:\/\/botanian.com\/fr\/wp-json\/wp\/v2\/product"}],"about":[{"href":"https:\/\/botanian.com\/fr\/wp-json\/wp\/v2\/types\/product"}],"version-history":[{"count":4,"href":"https:\/\/botanian.com\/fr\/wp-json\/wp\/v2\/product\/10503\/revisions"}],"predecessor-version":[{"id":11035,"href":"https:\/\/botanian.com\/fr\/wp-json\/wp\/v2\/product\/10503\/revisions\/11035"}],"wp:featuredmedia":[{"embeddable":true,"href":"https:\/\/botanian.com\/fr\/wp-json\/wp\/v2\/media\/8910"}],"wp:attachment":[{"href":"https:\/\/botanian.com\/fr\/wp-json\/wp\/v2\/media?parent=10503"}],"wp:term":[{"taxonomy":"product_brand","embeddable":true,"href":"https:\/\/botanian.com\/fr\/wp-json\/wp\/v2\/product_brand?post=10503"},{"taxonomy":"product_cat","embeddable":true,"href":"https:\/\/botanian.com\/fr\/wp-json\/wp\/v2\/product_cat?post=10503"},{"taxonomy":"product_tag","embeddable":true,"href":"https:\/\/botanian.com\/fr\/wp-json\/wp\/v2\/product_tag?post=10503"}],"curies":[{"name":"wp","href":"https:\/\/api.w.org\/{rel}","templated":true}]}}