{"id":9154,"date":"2025-02-14T14:04:33","date_gmt":"2025-02-14T14:04:33","guid":{"rendered":"https:\/\/botanian.com\/?post_type=product&#038;p=9154"},"modified":"2025-02-14T14:04:33","modified_gmt":"2025-02-14T14:04:33","slug":"propagation-soil-mix-2","status":"publish","type":"product","link":"https:\/\/botanian.com\/es\/product\/propagation-soil-mix-2\/","title":{"rendered":"Propagation Soil Mix"},"content":{"rendered":"<p>Para todas las plantas de interior y exterior, incluidas verduras, hierbas y flores.<\/p>\n<p>No importa qu\u00e9 producto elija de la gama de productos Botanian, comenzar siempre es f\u00e1cil.<\/p>\n<h2>Informaci\u00f3n del producto<\/h2>\n<p>Esta bolsa contiene 20* litros de mezcla de tierra para macetas premium para propagaci\u00f3n.<\/p>\n<p>Tierra para macetas universal premium a base de turba para cultivar plantas hermosas y saludables de todo tipo de cultivos, como plantas anuales, plantas de terraza, plantas de interior, plantas de hortalizas y para usar como mejorador del suelo.<\/p>\n<p>El sustrato en esta bolsa es una mezcla de turba y otros materiales, lo que garantiza una mezcla de alta calidad. Hemos minimizado la cantidad de turba utilizada porque nos importa el medio ambiente. La turba utilizada est\u00e1 certificada por RPP, lo que significa que se produce de manera responsable seg\u00fan los est\u00e1ndares de la fundaci\u00f3n RPP. Para m\u00e1s informaci\u00f3n, visite: <a href=\"https:\/\/www.responsiblyproducedpeat.org\">www.responsiblyproducedpeat.org<\/a><\/p>\n<p>Considere usar esta tierra para llenar sus Botanian Grow Pots &amp; Strips.<\/p>\n","protected":false},"excerpt":{"rendered":"<p>20L con reducci\u00f3n de turba<\/p>\n","protected":false},"featured_media":10019,"template":"","meta":{"site-sidebar-layout":"default","site-content-layout":"","ast-site-content-layout":"default","site-content-style":"default","site-sidebar-style":"default","ast-global-header-display":"","ast-banner-title-visibility":"","ast-main-header-display":"","ast-hfb-above-header-display":"","ast-hfb-below-header-display":"","ast-hfb-mobile-header-display":"","site-post-title":"","ast-breadcrumbs-content":"","ast-featured-img":"","footer-sml-layout":"","ast-disable-related-posts":"","theme-transparent-header-meta":"default","adv-header-id-meta":"","stick-header-meta":"","header-above-stick-meta":"","header-main-stick-meta":"","header-below-stick-meta":"","astra-migrate-meta-layouts":"default","ast-page-background-enabled":"default","ast-page-background-meta":{"desktop":{"background-color":"var(--ast-global-color-4)","background-image":"","background-repeat":"repeat","background-position":"center center","background-size":"auto","background-attachment":"scroll","background-type":"","background-media":"","overlay-type":"","overlay-color":"","overlay-opacity":"","overlay-gradient":""},"tablet":{"background-color":"","background-image":"","background-repeat":"repeat","background-position":"center center","background-size":"auto","background-attachment":"scroll","background-type":"","background-media":"","overlay-type":"","overlay-color":"","overlay-opacity":"","overlay-gradient":""},"mobile":{"background-color":"","background-image":"","background-repeat":"repeat","background-position":"center center","background-size":"auto","background-attachment":"scroll","background-type":"","background-media":"","overlay-type":"","overlay-color":"","overlay-opacity":"","overlay-gradient":""}},"ast-content-background-meta":{"desktop":{"background-color":"var(--ast-global-color-5)","background-image":"","background-repeat":"repeat","background-position":"center center","background-size":"auto","background-attachment":"scroll","background-type":"","background-media":"","overlay-type":"","overlay-color":"","overlay-opacity":"","overlay-gradient":""},"tablet":{"background-color":"var(--ast-global-color-5)","background-image":"","background-repeat":"repeat","background-position":"center center","background-size":"auto","background-attachment":"scroll","background-type":"","background-media":"","overlay-type":"","overlay-color":"","overlay-opacity":"","overlay-gradient":""},"mobile":{"background-color":"var(--ast-global-color-5)","background-image":"","background-repeat":"repeat","background-position":"center center","background-size":"auto","background-attachment":"scroll","background-type":"","background-media":"","overlay-type":"","overlay-color":"","overlay-opacity":"","overlay-gradient":""}}},"product_brand":[],"product_cat":[224,244],"product_tag":[238],"class_list":{"0":"post-9154","1":"product","2":"type-product","3":"status-publish","4":"has-post-thumbnail","6":"product_cat-potting-soil-mix-es-2","7":"product_cat-propagation-es","8":"product_tag-reduccion-de-turba","9":"desktop-align-left","10":"tablet-align-left","11":"mobile-align-left","12":"ast-product-gallery-layout-horizontal-slider","13":"ast-product-gallery-with-no-image","14":"ast-magnify-disabled","15":"ast-product-tabs-layout-horizontal","17":"first","18":"instock","19":"shipping-taxable","20":"product-type-simple"},"yoast_head":"<!-- This site is optimized with the Yoast SEO plugin v27.3 - https:\/\/yoast.com\/product\/yoast-seo-wordpress\/ -->\n<title>Propagation Soil Mix - Botanian<\/title>\n<meta name=\"robots\" content=\"index, follow, max-snippet:-1, max-image-preview:large, max-video-preview:-1\" \/>\n<link rel=\"canonical\" href=\"https:\/\/botanian.com\/es\/product\/propagation-soil-mix-2\/\" \/>\n<meta property=\"og:locale\" content=\"es_ES\" \/>\n<meta property=\"og:type\" content=\"article\" \/>\n<meta property=\"og:title\" content=\"Propagation Soil Mix - Botanian\" \/>\n<meta property=\"og:description\" content=\"20L con reducci\u00f3n de turba\" \/>\n<meta property=\"og:url\" content=\"https:\/\/botanian.com\/es\/product\/propagation-soil-mix-2\/\" \/>\n<meta property=\"og:site_name\" content=\"Botanian\" \/>\n<meta property=\"og:image\" content=\"https:\/\/botanian.com\/wp-content\/uploads\/botanian-placeholder.png\" \/>\n\t<meta property=\"og:image:width\" content=\"1024\" \/>\n\t<meta property=\"og:image:height\" content=\"1024\" \/>\n\t<meta property=\"og:image:type\" content=\"image\/png\" \/>\n<meta name=\"twitter:card\" content=\"summary_large_image\" \/>\n<meta name=\"twitter:label1\" content=\"Tiempo de lectura\" \/>\n\t<meta name=\"twitter:data1\" content=\"1 minuto\" \/>\n<script type=\"application\/ld+json\" class=\"yoast-schema-graph\">{\"@context\":\"https:\\\/\\\/schema.org\",\"@graph\":[{\"@type\":\"WebPage\",\"@id\":\"https:\\\/\\\/botanian.com\\\/es\\\/product\\\/propagation-soil-mix-2\\\/\",\"url\":\"https:\\\/\\\/botanian.com\\\/es\\\/product\\\/propagation-soil-mix-2\\\/\",\"name\":\"Propagation Soil Mix - Botanian\",\"isPartOf\":{\"@id\":\"https:\\\/\\\/botanian.com\\\/es\\\/#website\"},\"primaryImageOfPage\":{\"@id\":\"https:\\\/\\\/botanian.com\\\/es\\\/product\\\/propagation-soil-mix-2\\\/#primaryimage\"},\"image\":{\"@id\":\"https:\\\/\\\/botanian.com\\\/es\\\/product\\\/propagation-soil-mix-2\\\/#primaryimage\"},\"thumbnailUrl\":\"https:\\\/\\\/botanian.com\\\/wp-content\\\/uploads\\\/110181.png\",\"datePublished\":\"2025-02-14T14:04:33+00:00\",\"breadcrumb\":{\"@id\":\"https:\\\/\\\/botanian.com\\\/es\\\/product\\\/propagation-soil-mix-2\\\/#breadcrumb\"},\"inLanguage\":\"es\",\"potentialAction\":[{\"@type\":\"ReadAction\",\"target\":[\"https:\\\/\\\/botanian.com\\\/es\\\/product\\\/propagation-soil-mix-2\\\/\"]}]},{\"@type\":\"ImageObject\",\"inLanguage\":\"es\",\"@id\":\"https:\\\/\\\/botanian.com\\\/es\\\/product\\\/propagation-soil-mix-2\\\/#primaryimage\",\"url\":\"https:\\\/\\\/botanian.com\\\/wp-content\\\/uploads\\\/110181.png\",\"contentUrl\":\"https:\\\/\\\/botanian.com\\\/wp-content\\\/uploads\\\/110181.png\",\"width\":1024,\"height\":1024,\"caption\":\"Propagation Soil Mix 20L\"},{\"@type\":\"BreadcrumbList\",\"@id\":\"https:\\\/\\\/botanian.com\\\/es\\\/product\\\/propagation-soil-mix-2\\\/#breadcrumb\",\"itemListElement\":[{\"@type\":\"ListItem\",\"position\":1,\"name\":\"Home\",\"item\":\"https:\\\/\\\/botanian.com\\\/es\\\/\"},{\"@type\":\"ListItem\",\"position\":2,\"name\":\"Productos\",\"item\":\"https:\\\/\\\/botanian.com\\\/products\\\/\"},{\"@type\":\"ListItem\",\"position\":3,\"name\":\"Propagation Soil Mix\"}]},{\"@type\":\"WebSite\",\"@id\":\"https:\\\/\\\/botanian.com\\\/es\\\/#website\",\"url\":\"https:\\\/\\\/botanian.com\\\/es\\\/\",\"name\":\"Botanian\",\"description\":\"Growing wherever you can imagine\",\"publisher\":{\"@id\":\"https:\\\/\\\/botanian.com\\\/es\\\/#organization\"},\"potentialAction\":[{\"@type\":\"SearchAction\",\"target\":{\"@type\":\"EntryPoint\",\"urlTemplate\":\"https:\\\/\\\/botanian.com\\\/es\\\/?s={search_term_string}\"},\"query-input\":{\"@type\":\"PropertyValueSpecification\",\"valueRequired\":true,\"valueName\":\"search_term_string\"}}],\"inLanguage\":\"es\"},{\"@type\":\"Organization\",\"@id\":\"https:\\\/\\\/botanian.com\\\/es\\\/#organization\",\"name\":\"Botanian\",\"url\":\"https:\\\/\\\/botanian.com\\\/es\\\/\",\"logo\":{\"@type\":\"ImageObject\",\"inLanguage\":\"es\",\"@id\":\"https:\\\/\\\/botanian.com\\\/es\\\/#\\\/schema\\\/logo\\\/image\\\/\",\"url\":\"https:\\\/\\\/botanian.com\\\/wp-content\\\/uploads\\\/botanian-logo.svg\",\"contentUrl\":\"https:\\\/\\\/botanian.com\\\/wp-content\\\/uploads\\\/botanian-logo.svg\",\"caption\":\"Botanian\"},\"image\":{\"@id\":\"https:\\\/\\\/botanian.com\\\/es\\\/#\\\/schema\\\/logo\\\/image\\\/\"}}]}<\/script>\n<!-- \/ Yoast SEO plugin. -->","yoast_head_json":{"title":"Propagation Soil Mix - Botanian","robots":{"index":"index","follow":"follow","max-snippet":"max-snippet:-1","max-image-preview":"max-image-preview:large","max-video-preview":"max-video-preview:-1"},"canonical":"https:\/\/botanian.com\/es\/product\/propagation-soil-mix-2\/","og_locale":"es_ES","og_type":"article","og_title":"Propagation Soil Mix - Botanian","og_description":"20L con reducci\u00f3n de turba","og_url":"https:\/\/botanian.com\/es\/product\/propagation-soil-mix-2\/","og_site_name":"Botanian","og_image":[{"width":1024,"height":1024,"url":"https:\/\/botanian.com\/wp-content\/uploads\/botanian-placeholder.png","type":"image\/png"}],"twitter_card":"summary_large_image","twitter_misc":{"Tiempo de lectura":"1 minuto"},"schema":{"@context":"https:\/\/schema.org","@graph":[{"@type":"WebPage","@id":"https:\/\/botanian.com\/es\/product\/propagation-soil-mix-2\/","url":"https:\/\/botanian.com\/es\/product\/propagation-soil-mix-2\/","name":"Propagation Soil Mix - Botanian","isPartOf":{"@id":"https:\/\/botanian.com\/es\/#website"},"primaryImageOfPage":{"@id":"https:\/\/botanian.com\/es\/product\/propagation-soil-mix-2\/#primaryimage"},"image":{"@id":"https:\/\/botanian.com\/es\/product\/propagation-soil-mix-2\/#primaryimage"},"thumbnailUrl":"https:\/\/botanian.com\/wp-content\/uploads\/110181.png","datePublished":"2025-02-14T14:04:33+00:00","breadcrumb":{"@id":"https:\/\/botanian.com\/es\/product\/propagation-soil-mix-2\/#breadcrumb"},"inLanguage":"es","potentialAction":[{"@type":"ReadAction","target":["https:\/\/botanian.com\/es\/product\/propagation-soil-mix-2\/"]}]},{"@type":"ImageObject","inLanguage":"es","@id":"https:\/\/botanian.com\/es\/product\/propagation-soil-mix-2\/#primaryimage","url":"https:\/\/botanian.com\/wp-content\/uploads\/110181.png","contentUrl":"https:\/\/botanian.com\/wp-content\/uploads\/110181.png","width":1024,"height":1024,"caption":"Propagation Soil Mix 20L"},{"@type":"BreadcrumbList","@id":"https:\/\/botanian.com\/es\/product\/propagation-soil-mix-2\/#breadcrumb","itemListElement":[{"@type":"ListItem","position":1,"name":"Home","item":"https:\/\/botanian.com\/es\/"},{"@type":"ListItem","position":2,"name":"Productos","item":"https:\/\/botanian.com\/products\/"},{"@type":"ListItem","position":3,"name":"Propagation Soil Mix"}]},{"@type":"WebSite","@id":"https:\/\/botanian.com\/es\/#website","url":"https:\/\/botanian.com\/es\/","name":"Botanian","description":"Growing wherever you can imagine","publisher":{"@id":"https:\/\/botanian.com\/es\/#organization"},"potentialAction":[{"@type":"SearchAction","target":{"@type":"EntryPoint","urlTemplate":"https:\/\/botanian.com\/es\/?s={search_term_string}"},"query-input":{"@type":"PropertyValueSpecification","valueRequired":true,"valueName":"search_term_string"}}],"inLanguage":"es"},{"@type":"Organization","@id":"https:\/\/botanian.com\/es\/#organization","name":"Botanian","url":"https:\/\/botanian.com\/es\/","logo":{"@type":"ImageObject","inLanguage":"es","@id":"https:\/\/botanian.com\/es\/#\/schema\/logo\/image\/","url":"https:\/\/botanian.com\/wp-content\/uploads\/botanian-logo.svg","contentUrl":"https:\/\/botanian.com\/wp-content\/uploads\/botanian-logo.svg","caption":"Botanian"},"image":{"@id":"https:\/\/botanian.com\/es\/#\/schema\/logo\/image\/"}}]}},"_links":{"self":[{"href":"https:\/\/botanian.com\/es\/wp-json\/wp\/v2\/product\/9154","targetHints":{"allow":["GET"]}}],"collection":[{"href":"https:\/\/botanian.com\/es\/wp-json\/wp\/v2\/product"}],"about":[{"href":"https:\/\/botanian.com\/es\/wp-json\/wp\/v2\/types\/product"}],"version-history":[{"count":1,"href":"https:\/\/botanian.com\/es\/wp-json\/wp\/v2\/product\/9154\/revisions"}],"predecessor-version":[{"id":9236,"href":"https:\/\/botanian.com\/es\/wp-json\/wp\/v2\/product\/9154\/revisions\/9236"}],"wp:featuredmedia":[{"embeddable":true,"href":"https:\/\/botanian.com\/es\/wp-json\/wp\/v2\/media\/10019"}],"wp:attachment":[{"href":"https:\/\/botanian.com\/es\/wp-json\/wp\/v2\/media?parent=9154"}],"wp:term":[{"taxonomy":"product_brand","embeddable":true,"href":"https:\/\/botanian.com\/es\/wp-json\/wp\/v2\/product_brand?post=9154"},{"taxonomy":"product_cat","embeddable":true,"href":"https:\/\/botanian.com\/es\/wp-json\/wp\/v2\/product_cat?post=9154"},{"taxonomy":"product_tag","embeddable":true,"href":"https:\/\/botanian.com\/es\/wp-json\/wp\/v2\/product_tag?post=9154"}],"curies":[{"name":"wp","href":"https:\/\/api.w.org\/{rel}","templated":true}]}}