{"id":9116,"date":"2025-02-14T14:04:39","date_gmt":"2025-02-14T14:04:39","guid":{"rendered":"https:\/\/botanian.com\/?post_type=product&#038;p=9116"},"modified":"2025-02-14T14:04:41","modified_gmt":"2025-02-14T14:04:41","slug":"balcony-and-vegetables-soil-mix-40l","status":"publish","type":"product","link":"https:\/\/botanian.com\/es\/product\/balcony-and-vegetables-soil-mix-40l\/","title":{"rendered":"Balcony &#038; Vegetables Soil Mix"},"content":{"rendered":"<p>Para todo tipo de plantas de temporada, frutas y verduras.<\/p>\n<p>No importa qu\u00e9 producto elija de la gama de productos Botanian, comenzar siempre es f\u00e1cil.<\/p>\n<h2>Informaci\u00f3n del producto<\/h2>\n<p>Esta bolsa contiene 40* litros de mezcla de tierra para macetas de primera calidad para plantas de temporada y hortalizas.<\/p>\n<p>Tierra para macetas premium a base de turba, ideal para cultivar sus propias verduras o decorar su jard\u00edn o balc\u00f3n con todo tipo de plantas de temporada.<\/p>\n<p>El sustrato en esta bolsa es una mezcla de turba y otros materiales, como fibra de madera, lo que garantiza una mezcla de alta calidad. Hemos minimizado la cantidad de turba utilizada porque nos importa el medio ambiente. La turba utilizada est\u00e1 certificada por RPP, lo que significa que se produce de manera responsable seg\u00fan los est\u00e1ndares de la fundaci\u00f3n RPP. Para m\u00e1s informaci\u00f3n, visite: <a href=\"https:\/\/www.responsiblyproducedpeat.org\">www.responsiblyproducedpeat.org<\/a><\/p>\n","protected":false},"excerpt":{"rendered":"<p>40L con reducci\u00f3n de turba<\/p>\n","protected":false},"featured_media":9957,"template":"","meta":{"site-sidebar-layout":"default","site-content-layout":"","ast-site-content-layout":"default","site-content-style":"default","site-sidebar-style":"default","ast-global-header-display":"","ast-banner-title-visibility":"","ast-main-header-display":"","ast-hfb-above-header-display":"","ast-hfb-below-header-display":"","ast-hfb-mobile-header-display":"","site-post-title":"","ast-breadcrumbs-content":"","ast-featured-img":"","footer-sml-layout":"","ast-disable-related-posts":"","theme-transparent-header-meta":"default","adv-header-id-meta":"","stick-header-meta":"","header-above-stick-meta":"","header-main-stick-meta":"","header-below-stick-meta":"","astra-migrate-meta-layouts":"set","ast-page-background-enabled":"default","ast-page-background-meta":{"desktop":{"background-color":"var(--ast-global-color-4)","background-image":"","background-repeat":"repeat","background-position":"center center","background-size":"auto","background-attachment":"scroll","background-type":"","background-media":"","overlay-type":"","overlay-color":"","overlay-opacity":"","overlay-gradient":""},"tablet":{"background-color":"","background-image":"","background-repeat":"repeat","background-position":"center center","background-size":"auto","background-attachment":"scroll","background-type":"","background-media":"","overlay-type":"","overlay-color":"","overlay-opacity":"","overlay-gradient":""},"mobile":{"background-color":"","background-image":"","background-repeat":"repeat","background-position":"center center","background-size":"auto","background-attachment":"scroll","background-type":"","background-media":"","overlay-type":"","overlay-color":"","overlay-opacity":"","overlay-gradient":""}},"ast-content-background-meta":{"desktop":{"background-color":"var(--ast-global-color-5)","background-image":"","background-repeat":"repeat","background-position":"center center","background-size":"auto","background-attachment":"scroll","background-type":"","background-media":"","overlay-type":"","overlay-color":"","overlay-opacity":"","overlay-gradient":""},"tablet":{"background-color":"var(--ast-global-color-5)","background-image":"","background-repeat":"repeat","background-position":"center center","background-size":"auto","background-attachment":"scroll","background-type":"","background-media":"","overlay-type":"","overlay-color":"","overlay-opacity":"","overlay-gradient":""},"mobile":{"background-color":"var(--ast-global-color-5)","background-image":"","background-repeat":"repeat","background-position":"center center","background-size":"auto","background-attachment":"scroll","background-type":"","background-media":"","overlay-type":"","overlay-color":"","overlay-opacity":"","overlay-gradient":""}}},"product_brand":[],"product_cat":[265,224],"product_tag":[238],"class_list":{"0":"post-9116","1":"product","2":"type-product","3":"status-publish","4":"has-post-thumbnail","6":"product_cat-balcony-and-vegetables-es","7":"product_cat-potting-soil-mix-es-2","8":"product_tag-reduccion-de-turba","9":"desktop-align-left","10":"tablet-align-left","11":"mobile-align-left","12":"ast-product-gallery-layout-horizontal-slider","13":"ast-product-gallery-with-no-image","14":"ast-magnify-disabled","15":"ast-product-tabs-layout-horizontal","17":"first","18":"instock","19":"shipping-taxable","20":"product-type-simple"},"yoast_head":"<!-- This site is optimized with the Yoast SEO plugin v27.3 - https:\/\/yoast.com\/product\/yoast-seo-wordpress\/ -->\n<title>Balcony &amp; Vegetables Soil Mix - Botanian<\/title>\n<meta name=\"robots\" content=\"index, follow, max-snippet:-1, max-image-preview:large, max-video-preview:-1\" \/>\n<link rel=\"canonical\" href=\"https:\/\/botanian.com\/es\/product\/balcony-and-vegetables-soil-mix-40l\/\" \/>\n<meta property=\"og:locale\" content=\"es_ES\" \/>\n<meta property=\"og:type\" content=\"article\" \/>\n<meta property=\"og:title\" content=\"Balcony &amp; Vegetables Soil Mix - Botanian\" \/>\n<meta property=\"og:description\" content=\"40L con reducci\u00f3n de turba\" \/>\n<meta property=\"og:url\" content=\"https:\/\/botanian.com\/es\/product\/balcony-and-vegetables-soil-mix-40l\/\" \/>\n<meta property=\"og:site_name\" content=\"Botanian\" \/>\n<meta property=\"article:modified_time\" content=\"2025-02-14T14:04:41+00:00\" \/>\n<meta property=\"og:image\" content=\"https:\/\/botanian.com\/wp-content\/uploads\/botanian-placeholder.png\" \/>\n\t<meta property=\"og:image:width\" content=\"1024\" \/>\n\t<meta property=\"og:image:height\" content=\"1024\" \/>\n\t<meta property=\"og:image:type\" content=\"image\/png\" \/>\n<meta name=\"twitter:card\" content=\"summary_large_image\" \/>\n<meta name=\"twitter:label1\" content=\"Tiempo de lectura\" \/>\n\t<meta name=\"twitter:data1\" content=\"1 minuto\" \/>\n<script type=\"application\/ld+json\" class=\"yoast-schema-graph\">{\"@context\":\"https:\\\/\\\/schema.org\",\"@graph\":[{\"@type\":\"WebPage\",\"@id\":\"https:\\\/\\\/botanian.com\\\/es\\\/product\\\/balcony-and-vegetables-soil-mix-40l\\\/\",\"url\":\"https:\\\/\\\/botanian.com\\\/es\\\/product\\\/balcony-and-vegetables-soil-mix-40l\\\/\",\"name\":\"Balcony & Vegetables Soil Mix - Botanian\",\"isPartOf\":{\"@id\":\"https:\\\/\\\/botanian.com\\\/es\\\/#website\"},\"primaryImageOfPage\":{\"@id\":\"https:\\\/\\\/botanian.com\\\/es\\\/product\\\/balcony-and-vegetables-soil-mix-40l\\\/#primaryimage\"},\"image\":{\"@id\":\"https:\\\/\\\/botanian.com\\\/es\\\/product\\\/balcony-and-vegetables-soil-mix-40l\\\/#primaryimage\"},\"thumbnailUrl\":\"https:\\\/\\\/botanian.com\\\/wp-content\\\/uploads\\\/110185.png\",\"datePublished\":\"2025-02-14T14:04:39+00:00\",\"dateModified\":\"2025-02-14T14:04:41+00:00\",\"breadcrumb\":{\"@id\":\"https:\\\/\\\/botanian.com\\\/es\\\/product\\\/balcony-and-vegetables-soil-mix-40l\\\/#breadcrumb\"},\"inLanguage\":\"es\",\"potentialAction\":[{\"@type\":\"ReadAction\",\"target\":[\"https:\\\/\\\/botanian.com\\\/es\\\/product\\\/balcony-and-vegetables-soil-mix-40l\\\/\"]}]},{\"@type\":\"ImageObject\",\"inLanguage\":\"es\",\"@id\":\"https:\\\/\\\/botanian.com\\\/es\\\/product\\\/balcony-and-vegetables-soil-mix-40l\\\/#primaryimage\",\"url\":\"https:\\\/\\\/botanian.com\\\/wp-content\\\/uploads\\\/110185.png\",\"contentUrl\":\"https:\\\/\\\/botanian.com\\\/wp-content\\\/uploads\\\/110185.png\",\"width\":1024,\"height\":1024,\"caption\":\"Balcony & Vegetables Soil Mix 40L\"},{\"@type\":\"BreadcrumbList\",\"@id\":\"https:\\\/\\\/botanian.com\\\/es\\\/product\\\/balcony-and-vegetables-soil-mix-40l\\\/#breadcrumb\",\"itemListElement\":[{\"@type\":\"ListItem\",\"position\":1,\"name\":\"Home\",\"item\":\"https:\\\/\\\/botanian.com\\\/es\\\/\"},{\"@type\":\"ListItem\",\"position\":2,\"name\":\"Productos\",\"item\":\"https:\\\/\\\/botanian.com\\\/products\\\/\"},{\"@type\":\"ListItem\",\"position\":3,\"name\":\"Balcony &#038; Vegetables Soil Mix\"}]},{\"@type\":\"WebSite\",\"@id\":\"https:\\\/\\\/botanian.com\\\/es\\\/#website\",\"url\":\"https:\\\/\\\/botanian.com\\\/es\\\/\",\"name\":\"Botanian\",\"description\":\"Growing wherever you can imagine\",\"publisher\":{\"@id\":\"https:\\\/\\\/botanian.com\\\/es\\\/#organization\"},\"potentialAction\":[{\"@type\":\"SearchAction\",\"target\":{\"@type\":\"EntryPoint\",\"urlTemplate\":\"https:\\\/\\\/botanian.com\\\/es\\\/?s={search_term_string}\"},\"query-input\":{\"@type\":\"PropertyValueSpecification\",\"valueRequired\":true,\"valueName\":\"search_term_string\"}}],\"inLanguage\":\"es\"},{\"@type\":\"Organization\",\"@id\":\"https:\\\/\\\/botanian.com\\\/es\\\/#organization\",\"name\":\"Botanian\",\"url\":\"https:\\\/\\\/botanian.com\\\/es\\\/\",\"logo\":{\"@type\":\"ImageObject\",\"inLanguage\":\"es\",\"@id\":\"https:\\\/\\\/botanian.com\\\/es\\\/#\\\/schema\\\/logo\\\/image\\\/\",\"url\":\"https:\\\/\\\/botanian.com\\\/wp-content\\\/uploads\\\/botanian-logo.svg\",\"contentUrl\":\"https:\\\/\\\/botanian.com\\\/wp-content\\\/uploads\\\/botanian-logo.svg\",\"caption\":\"Botanian\"},\"image\":{\"@id\":\"https:\\\/\\\/botanian.com\\\/es\\\/#\\\/schema\\\/logo\\\/image\\\/\"}}]}<\/script>\n<!-- \/ Yoast SEO plugin. -->","yoast_head_json":{"title":"Balcony & Vegetables Soil Mix - Botanian","robots":{"index":"index","follow":"follow","max-snippet":"max-snippet:-1","max-image-preview":"max-image-preview:large","max-video-preview":"max-video-preview:-1"},"canonical":"https:\/\/botanian.com\/es\/product\/balcony-and-vegetables-soil-mix-40l\/","og_locale":"es_ES","og_type":"article","og_title":"Balcony & Vegetables Soil Mix - Botanian","og_description":"40L con reducci\u00f3n de turba","og_url":"https:\/\/botanian.com\/es\/product\/balcony-and-vegetables-soil-mix-40l\/","og_site_name":"Botanian","article_modified_time":"2025-02-14T14:04:41+00:00","og_image":[{"width":1024,"height":1024,"url":"https:\/\/botanian.com\/wp-content\/uploads\/botanian-placeholder.png","type":"image\/png"}],"twitter_card":"summary_large_image","twitter_misc":{"Tiempo de lectura":"1 minuto"},"schema":{"@context":"https:\/\/schema.org","@graph":[{"@type":"WebPage","@id":"https:\/\/botanian.com\/es\/product\/balcony-and-vegetables-soil-mix-40l\/","url":"https:\/\/botanian.com\/es\/product\/balcony-and-vegetables-soil-mix-40l\/","name":"Balcony & Vegetables Soil Mix - Botanian","isPartOf":{"@id":"https:\/\/botanian.com\/es\/#website"},"primaryImageOfPage":{"@id":"https:\/\/botanian.com\/es\/product\/balcony-and-vegetables-soil-mix-40l\/#primaryimage"},"image":{"@id":"https:\/\/botanian.com\/es\/product\/balcony-and-vegetables-soil-mix-40l\/#primaryimage"},"thumbnailUrl":"https:\/\/botanian.com\/wp-content\/uploads\/110185.png","datePublished":"2025-02-14T14:04:39+00:00","dateModified":"2025-02-14T14:04:41+00:00","breadcrumb":{"@id":"https:\/\/botanian.com\/es\/product\/balcony-and-vegetables-soil-mix-40l\/#breadcrumb"},"inLanguage":"es","potentialAction":[{"@type":"ReadAction","target":["https:\/\/botanian.com\/es\/product\/balcony-and-vegetables-soil-mix-40l\/"]}]},{"@type":"ImageObject","inLanguage":"es","@id":"https:\/\/botanian.com\/es\/product\/balcony-and-vegetables-soil-mix-40l\/#primaryimage","url":"https:\/\/botanian.com\/wp-content\/uploads\/110185.png","contentUrl":"https:\/\/botanian.com\/wp-content\/uploads\/110185.png","width":1024,"height":1024,"caption":"Balcony & Vegetables Soil Mix 40L"},{"@type":"BreadcrumbList","@id":"https:\/\/botanian.com\/es\/product\/balcony-and-vegetables-soil-mix-40l\/#breadcrumb","itemListElement":[{"@type":"ListItem","position":1,"name":"Home","item":"https:\/\/botanian.com\/es\/"},{"@type":"ListItem","position":2,"name":"Productos","item":"https:\/\/botanian.com\/products\/"},{"@type":"ListItem","position":3,"name":"Balcony &#038; Vegetables Soil Mix"}]},{"@type":"WebSite","@id":"https:\/\/botanian.com\/es\/#website","url":"https:\/\/botanian.com\/es\/","name":"Botanian","description":"Growing wherever you can imagine","publisher":{"@id":"https:\/\/botanian.com\/es\/#organization"},"potentialAction":[{"@type":"SearchAction","target":{"@type":"EntryPoint","urlTemplate":"https:\/\/botanian.com\/es\/?s={search_term_string}"},"query-input":{"@type":"PropertyValueSpecification","valueRequired":true,"valueName":"search_term_string"}}],"inLanguage":"es"},{"@type":"Organization","@id":"https:\/\/botanian.com\/es\/#organization","name":"Botanian","url":"https:\/\/botanian.com\/es\/","logo":{"@type":"ImageObject","inLanguage":"es","@id":"https:\/\/botanian.com\/es\/#\/schema\/logo\/image\/","url":"https:\/\/botanian.com\/wp-content\/uploads\/botanian-logo.svg","contentUrl":"https:\/\/botanian.com\/wp-content\/uploads\/botanian-logo.svg","caption":"Botanian"},"image":{"@id":"https:\/\/botanian.com\/es\/#\/schema\/logo\/image\/"}}]}},"_links":{"self":[{"href":"https:\/\/botanian.com\/es\/wp-json\/wp\/v2\/product\/9116","targetHints":{"allow":["GET"]}}],"collection":[{"href":"https:\/\/botanian.com\/es\/wp-json\/wp\/v2\/product"}],"about":[{"href":"https:\/\/botanian.com\/es\/wp-json\/wp\/v2\/types\/product"}],"version-history":[{"count":1,"href":"https:\/\/botanian.com\/es\/wp-json\/wp\/v2\/product\/9116\/revisions"}],"predecessor-version":[{"id":9135,"href":"https:\/\/botanian.com\/es\/wp-json\/wp\/v2\/product\/9116\/revisions\/9135"}],"wp:featuredmedia":[{"embeddable":true,"href":"https:\/\/botanian.com\/es\/wp-json\/wp\/v2\/media\/9957"}],"wp:attachment":[{"href":"https:\/\/botanian.com\/es\/wp-json\/wp\/v2\/media?parent=9116"}],"wp:term":[{"taxonomy":"product_brand","embeddable":true,"href":"https:\/\/botanian.com\/es\/wp-json\/wp\/v2\/product_brand?post=9116"},{"taxonomy":"product_cat","embeddable":true,"href":"https:\/\/botanian.com\/es\/wp-json\/wp\/v2\/product_cat?post=9116"},{"taxonomy":"product_tag","embeddable":true,"href":"https:\/\/botanian.com\/es\/wp-json\/wp\/v2\/product_tag?post=9116"}],"curies":[{"name":"wp","href":"https:\/\/api.w.org\/{rel}","templated":true}]}}