{"id":7529,"date":"2024-12-02T13:19:35","date_gmt":"2024-12-02T13:19:35","guid":{"rendered":"https:\/\/botanian.com\/?post_type=product&#038;p=7529"},"modified":"2024-12-04T13:32:40","modified_gmt":"2024-12-04T13:32:40","slug":"grow-pots-8-cm-16x-pack","status":"publish","type":"product","link":"https:\/\/botanian.com\/es\/product\/grow-pots-8-cm-16x-pack\/","title":{"rendered":"Grow Pots"},"content":{"rendered":"<h2>Macetas redondas de 8 cm*, paquete de 16<\/h2>\n<p>Para todas las plantas de interior y exterior, incluidas verduras, hierbas y flores.<\/p>\n<p>No importa qu\u00e9 producto elijas de la gama de productos de Botanian, empezar nunca es dif\u00edcil.<br \/>\nSimple y f\u00e1cil de usar: solo a\u00f1ade tierra, agua y semillas.<\/p>\n<h2>Informaci\u00f3n del producto<\/h2>\n<p>Este paquete incluye 16 macetas Botanian Grow de 8 cm* redondas.<\/p>\n<p>Las macetas Botanian promueven un crecimiento m\u00e1s r\u00e1pido y fuerte de las ra\u00edces en comparaci\u00f3n con las macetas de pl\u00e1stico. Facilitan el trasplante al evitar la perturbaci\u00f3n de las ra\u00edces y reducir los cambios de temperatura en la zona de las ra\u00edces.<\/p>\n<p>Estas macetas Botanian ofrecen una alternativa ecol\u00f3gica para cultivar plantas. Est\u00e1n hechos de turba recolectada de manera responsable.<\/p>\n","protected":false},"excerpt":{"rendered":"<p>Macetas redondas de 8 cm, paquete de 16<\/p>\n","protected":false},"featured_media":7559,"template":"","meta":{"site-sidebar-layout":"default","site-content-layout":"default","ast-site-content-layout":"default","site-content-style":"default","site-sidebar-style":"default","ast-global-header-display":"","ast-banner-title-visibility":"","ast-main-header-display":"","ast-hfb-above-header-display":"","ast-hfb-below-header-display":"","ast-hfb-mobile-header-display":"","site-post-title":"","ast-breadcrumbs-content":"","ast-featured-img":"","footer-sml-layout":"","ast-disable-related-posts":"","theme-transparent-header-meta":"default","adv-header-id-meta":"","stick-header-meta":"","header-above-stick-meta":"","header-main-stick-meta":"","header-below-stick-meta":"","astra-migrate-meta-layouts":"set","ast-page-background-enabled":"default","ast-page-background-meta":{"desktop":{"background-color":"var(--ast-global-color-4)","background-image":"","background-repeat":"repeat","background-position":"center center","background-size":"auto","background-attachment":"scroll","background-type":"","background-media":"","overlay-type":"","overlay-color":"","overlay-opacity":"","overlay-gradient":""},"tablet":{"background-color":"","background-image":"","background-repeat":"repeat","background-position":"center center","background-size":"auto","background-attachment":"scroll","background-type":"","background-media":"","overlay-type":"","overlay-color":"","overlay-opacity":"","overlay-gradient":""},"mobile":{"background-color":"","background-image":"","background-repeat":"repeat","background-position":"center center","background-size":"auto","background-attachment":"scroll","background-type":"","background-media":"","overlay-type":"","overlay-color":"","overlay-opacity":"","overlay-gradient":""}},"ast-content-background-meta":{"desktop":{"background-color":"var(--ast-global-color-5)","background-image":"","background-repeat":"repeat","background-position":"center center","background-size":"auto","background-attachment":"scroll","background-type":"","background-media":"","overlay-type":"","overlay-color":"","overlay-opacity":"","overlay-gradient":""},"tablet":{"background-color":"var(--ast-global-color-5)","background-image":"","background-repeat":"repeat","background-position":"center center","background-size":"auto","background-attachment":"scroll","background-type":"","background-media":"","overlay-type":"","overlay-color":"","overlay-opacity":"","overlay-gradient":""},"mobile":{"background-color":"var(--ast-global-color-5)","background-image":"","background-repeat":"repeat","background-position":"center center","background-size":"auto","background-attachment":"scroll","background-type":"","background-media":"","overlay-type":"","overlay-color":"","overlay-opacity":"","overlay-gradient":""}}},"product_brand":[],"product_cat":[111],"product_tag":[177,123],"class_list":{"0":"post-7529","1":"product","2":"type-product","3":"status-publish","4":"has-post-thumbnail","6":"product_cat-grow-pots","7":"product_tag-a-base-de-turba","8":"product_tag-round-es","9":"desktop-align-left","10":"tablet-align-left","11":"mobile-align-left","12":"ast-product-gallery-layout-horizontal-slider","13":"ast-magnify-disabled","14":"ast-product-tabs-layout-horizontal","16":"first","17":"instock","18":"shipping-taxable","19":"product-type-simple"},"yoast_head":"<!-- This site is optimized with the Yoast SEO plugin v27.3 - https:\/\/yoast.com\/product\/yoast-seo-wordpress\/ -->\n<title>Grow Pots - Botanian<\/title>\n<meta name=\"robots\" content=\"index, follow, max-snippet:-1, max-image-preview:large, max-video-preview:-1\" \/>\n<link rel=\"canonical\" href=\"https:\/\/botanian.com\/es\/product\/grow-pots-8-cm-16x-pack\/\" \/>\n<meta property=\"og:locale\" content=\"es_ES\" \/>\n<meta property=\"og:type\" content=\"article\" \/>\n<meta property=\"og:title\" content=\"Grow Pots - Botanian\" \/>\n<meta property=\"og:description\" content=\"Macetas redondas de 8 cm, paquete de 16\" \/>\n<meta property=\"og:url\" content=\"https:\/\/botanian.com\/es\/product\/grow-pots-8-cm-16x-pack\/\" \/>\n<meta property=\"og:site_name\" content=\"Botanian\" \/>\n<meta property=\"article:modified_time\" content=\"2024-12-04T13:32:40+00:00\" \/>\n<meta property=\"og:image\" content=\"https:\/\/botanian.com\/wp-content\/uploads\/botanian-grow-pots-round-110173-8-cm-16x-pack-2.png\" \/>\n\t<meta property=\"og:image:width\" content=\"1024\" \/>\n\t<meta property=\"og:image:height\" content=\"1024\" \/>\n\t<meta property=\"og:image:type\" content=\"image\/png\" \/>\n<meta name=\"twitter:card\" content=\"summary_large_image\" \/>\n<meta name=\"twitter:label1\" content=\"Tiempo de lectura\" \/>\n\t<meta name=\"twitter:data1\" content=\"1 minuto\" \/>\n<script type=\"application\/ld+json\" class=\"yoast-schema-graph\">{\"@context\":\"https:\\\/\\\/schema.org\",\"@graph\":[{\"@type\":\"WebPage\",\"@id\":\"https:\\\/\\\/botanian.com\\\/es\\\/product\\\/grow-pots-8-cm-16x-pack\\\/\",\"url\":\"https:\\\/\\\/botanian.com\\\/es\\\/product\\\/grow-pots-8-cm-16x-pack\\\/\",\"name\":\"Grow Pots - Botanian\",\"isPartOf\":{\"@id\":\"https:\\\/\\\/botanian.com\\\/es\\\/#website\"},\"primaryImageOfPage\":{\"@id\":\"https:\\\/\\\/botanian.com\\\/es\\\/product\\\/grow-pots-8-cm-16x-pack\\\/#primaryimage\"},\"image\":{\"@id\":\"https:\\\/\\\/botanian.com\\\/es\\\/product\\\/grow-pots-8-cm-16x-pack\\\/#primaryimage\"},\"thumbnailUrl\":\"https:\\\/\\\/botanian.com\\\/wp-content\\\/uploads\\\/botanian-grow-pots-round-110173-8-cm-16x-pack-2.png\",\"datePublished\":\"2024-12-02T13:19:35+00:00\",\"dateModified\":\"2024-12-04T13:32:40+00:00\",\"breadcrumb\":{\"@id\":\"https:\\\/\\\/botanian.com\\\/es\\\/product\\\/grow-pots-8-cm-16x-pack\\\/#breadcrumb\"},\"inLanguage\":\"es\",\"potentialAction\":[{\"@type\":\"ReadAction\",\"target\":[\"https:\\\/\\\/botanian.com\\\/es\\\/product\\\/grow-pots-8-cm-16x-pack\\\/\"]}]},{\"@type\":\"ImageObject\",\"inLanguage\":\"es\",\"@id\":\"https:\\\/\\\/botanian.com\\\/es\\\/product\\\/grow-pots-8-cm-16x-pack\\\/#primaryimage\",\"url\":\"https:\\\/\\\/botanian.com\\\/wp-content\\\/uploads\\\/botanian-grow-pots-round-110173-8-cm-16x-pack-2.png\",\"contentUrl\":\"https:\\\/\\\/botanian.com\\\/wp-content\\\/uploads\\\/botanian-grow-pots-round-110173-8-cm-16x-pack-2.png\",\"width\":1024,\"height\":1024,\"caption\":\"Grow Pots\"},{\"@type\":\"BreadcrumbList\",\"@id\":\"https:\\\/\\\/botanian.com\\\/es\\\/product\\\/grow-pots-8-cm-16x-pack\\\/#breadcrumb\",\"itemListElement\":[{\"@type\":\"ListItem\",\"position\":1,\"name\":\"Home\",\"item\":\"https:\\\/\\\/botanian.com\\\/es\\\/\"},{\"@type\":\"ListItem\",\"position\":2,\"name\":\"Productos\",\"item\":\"https:\\\/\\\/botanian.com\\\/products\\\/\"},{\"@type\":\"ListItem\",\"position\":3,\"name\":\"Grow Pots\"}]},{\"@type\":\"WebSite\",\"@id\":\"https:\\\/\\\/botanian.com\\\/es\\\/#website\",\"url\":\"https:\\\/\\\/botanian.com\\\/es\\\/\",\"name\":\"Botanian\",\"description\":\"Growing wherever you can imagine\",\"publisher\":{\"@id\":\"https:\\\/\\\/botanian.com\\\/es\\\/#organization\"},\"potentialAction\":[{\"@type\":\"SearchAction\",\"target\":{\"@type\":\"EntryPoint\",\"urlTemplate\":\"https:\\\/\\\/botanian.com\\\/es\\\/?s={search_term_string}\"},\"query-input\":{\"@type\":\"PropertyValueSpecification\",\"valueRequired\":true,\"valueName\":\"search_term_string\"}}],\"inLanguage\":\"es\"},{\"@type\":\"Organization\",\"@id\":\"https:\\\/\\\/botanian.com\\\/es\\\/#organization\",\"name\":\"Botanian\",\"url\":\"https:\\\/\\\/botanian.com\\\/es\\\/\",\"logo\":{\"@type\":\"ImageObject\",\"inLanguage\":\"es\",\"@id\":\"https:\\\/\\\/botanian.com\\\/es\\\/#\\\/schema\\\/logo\\\/image\\\/\",\"url\":\"https:\\\/\\\/botanian.com\\\/wp-content\\\/uploads\\\/botanian-logo.svg\",\"contentUrl\":\"https:\\\/\\\/botanian.com\\\/wp-content\\\/uploads\\\/botanian-logo.svg\",\"caption\":\"Botanian\"},\"image\":{\"@id\":\"https:\\\/\\\/botanian.com\\\/es\\\/#\\\/schema\\\/logo\\\/image\\\/\"}}]}<\/script>\n<!-- \/ Yoast SEO plugin. -->","yoast_head_json":{"title":"Grow Pots - Botanian","robots":{"index":"index","follow":"follow","max-snippet":"max-snippet:-1","max-image-preview":"max-image-preview:large","max-video-preview":"max-video-preview:-1"},"canonical":"https:\/\/botanian.com\/es\/product\/grow-pots-8-cm-16x-pack\/","og_locale":"es_ES","og_type":"article","og_title":"Grow Pots - Botanian","og_description":"Macetas redondas de 8 cm, paquete de 16","og_url":"https:\/\/botanian.com\/es\/product\/grow-pots-8-cm-16x-pack\/","og_site_name":"Botanian","article_modified_time":"2024-12-04T13:32:40+00:00","og_image":[{"width":1024,"height":1024,"url":"https:\/\/botanian.com\/wp-content\/uploads\/botanian-grow-pots-round-110173-8-cm-16x-pack-2.png","type":"image\/png"}],"twitter_card":"summary_large_image","twitter_misc":{"Tiempo de lectura":"1 minuto"},"schema":{"@context":"https:\/\/schema.org","@graph":[{"@type":"WebPage","@id":"https:\/\/botanian.com\/es\/product\/grow-pots-8-cm-16x-pack\/","url":"https:\/\/botanian.com\/es\/product\/grow-pots-8-cm-16x-pack\/","name":"Grow Pots - Botanian","isPartOf":{"@id":"https:\/\/botanian.com\/es\/#website"},"primaryImageOfPage":{"@id":"https:\/\/botanian.com\/es\/product\/grow-pots-8-cm-16x-pack\/#primaryimage"},"image":{"@id":"https:\/\/botanian.com\/es\/product\/grow-pots-8-cm-16x-pack\/#primaryimage"},"thumbnailUrl":"https:\/\/botanian.com\/wp-content\/uploads\/botanian-grow-pots-round-110173-8-cm-16x-pack-2.png","datePublished":"2024-12-02T13:19:35+00:00","dateModified":"2024-12-04T13:32:40+00:00","breadcrumb":{"@id":"https:\/\/botanian.com\/es\/product\/grow-pots-8-cm-16x-pack\/#breadcrumb"},"inLanguage":"es","potentialAction":[{"@type":"ReadAction","target":["https:\/\/botanian.com\/es\/product\/grow-pots-8-cm-16x-pack\/"]}]},{"@type":"ImageObject","inLanguage":"es","@id":"https:\/\/botanian.com\/es\/product\/grow-pots-8-cm-16x-pack\/#primaryimage","url":"https:\/\/botanian.com\/wp-content\/uploads\/botanian-grow-pots-round-110173-8-cm-16x-pack-2.png","contentUrl":"https:\/\/botanian.com\/wp-content\/uploads\/botanian-grow-pots-round-110173-8-cm-16x-pack-2.png","width":1024,"height":1024,"caption":"Grow Pots"},{"@type":"BreadcrumbList","@id":"https:\/\/botanian.com\/es\/product\/grow-pots-8-cm-16x-pack\/#breadcrumb","itemListElement":[{"@type":"ListItem","position":1,"name":"Home","item":"https:\/\/botanian.com\/es\/"},{"@type":"ListItem","position":2,"name":"Productos","item":"https:\/\/botanian.com\/products\/"},{"@type":"ListItem","position":3,"name":"Grow Pots"}]},{"@type":"WebSite","@id":"https:\/\/botanian.com\/es\/#website","url":"https:\/\/botanian.com\/es\/","name":"Botanian","description":"Growing wherever you can imagine","publisher":{"@id":"https:\/\/botanian.com\/es\/#organization"},"potentialAction":[{"@type":"SearchAction","target":{"@type":"EntryPoint","urlTemplate":"https:\/\/botanian.com\/es\/?s={search_term_string}"},"query-input":{"@type":"PropertyValueSpecification","valueRequired":true,"valueName":"search_term_string"}}],"inLanguage":"es"},{"@type":"Organization","@id":"https:\/\/botanian.com\/es\/#organization","name":"Botanian","url":"https:\/\/botanian.com\/es\/","logo":{"@type":"ImageObject","inLanguage":"es","@id":"https:\/\/botanian.com\/es\/#\/schema\/logo\/image\/","url":"https:\/\/botanian.com\/wp-content\/uploads\/botanian-logo.svg","contentUrl":"https:\/\/botanian.com\/wp-content\/uploads\/botanian-logo.svg","caption":"Botanian"},"image":{"@id":"https:\/\/botanian.com\/es\/#\/schema\/logo\/image\/"}}]}},"_links":{"self":[{"href":"https:\/\/botanian.com\/es\/wp-json\/wp\/v2\/product\/7529","targetHints":{"allow":["GET"]}}],"collection":[{"href":"https:\/\/botanian.com\/es\/wp-json\/wp\/v2\/product"}],"about":[{"href":"https:\/\/botanian.com\/es\/wp-json\/wp\/v2\/types\/product"}],"version-history":[{"count":2,"href":"https:\/\/botanian.com\/es\/wp-json\/wp\/v2\/product\/7529\/revisions"}],"predecessor-version":[{"id":7575,"href":"https:\/\/botanian.com\/es\/wp-json\/wp\/v2\/product\/7529\/revisions\/7575"}],"wp:featuredmedia":[{"embeddable":true,"href":"https:\/\/botanian.com\/es\/wp-json\/wp\/v2\/media\/7559"}],"wp:attachment":[{"href":"https:\/\/botanian.com\/es\/wp-json\/wp\/v2\/media?parent=7529"}],"wp:term":[{"taxonomy":"product_brand","embeddable":true,"href":"https:\/\/botanian.com\/es\/wp-json\/wp\/v2\/product_brand?post=7529"},{"taxonomy":"product_cat","embeddable":true,"href":"https:\/\/botanian.com\/es\/wp-json\/wp\/v2\/product_cat?post=7529"},{"taxonomy":"product_tag","embeddable":true,"href":"https:\/\/botanian.com\/es\/wp-json\/wp\/v2\/product_tag?post=7529"}],"curies":[{"name":"wp","href":"https:\/\/api.w.org\/{rel}","templated":true}]}}