{"id":11081,"date":"2026-04-03T14:01:42","date_gmt":"2026-04-03T14:01:42","guid":{"rendered":"https:\/\/botanian.com\/?post_type=product&#038;p=11081"},"modified":"2026-04-03T15:38:18","modified_gmt":"2026-04-03T15:38:18","slug":"grow-blocks-12-pack-peat-free","status":"publish","type":"product","link":"https:\/\/botanian.com\/es\/product\/grow-blocks-12-pack-peat-free\/","title":{"rendered":"Grow Blocks"},"content":{"rendered":"\t\t<div data-elementor-type=\"product-post\" data-elementor-id=\"11081\" class=\"elementor elementor-11081 elementor-11073\" data-elementor-post-type=\"product\">\n\t\t\t\t<div class=\"elementor-element elementor-element-7d133b1b e-flex e-con-boxed e-con e-parent\" data-id=\"7d133b1b\" data-element_type=\"container\" data-e-type=\"container\">\n\t\t\t\t\t<div class=\"e-con-inner\">\n\t\t\t\t<div class=\"elementor-element elementor-element-403b095a elementor-widget elementor-widget-text-editor\" data-id=\"403b095a\" data-element_type=\"widget\" data-e-type=\"widget\" data-widget_type=\"text-editor.default\">\n\t\t\t\t<div class=\"elementor-widget-container\">\n\t\t\t\t\t\t\t\t\t<h2>Grow Blocks 80x80mm*, paquete de 12<\/h2>\nPara todas las plantas de interior y exterior, incluidas verduras, hierbas y flores\nLa mejor actualizaci\u00f3n para tus pellets Botanian para una propagaci\u00f3n eficaz de semillas y esquejes, creando un sistema radicular m\u00e1s s\u00f3lido antes del trasplante. El producto perfecto para cualquier cultivador principiante o experimentado. Los Grow Blocks son extremadamente adecuados para cultivar cultivos m\u00e1s grandes como tomates, pepinos, calabacines, berenjenas y calabazas.\nSimple y f\u00e1cil de usar: \u00a1solo a\u00f1ade agua y pellets!\n<h2>Informaci\u00f3n del producto<\/h2>\nEste paquete incluye: 12 Grow Blocks de 80x80mm*\nObtienes m\u00e1s flores, frutos y verduras con Botanian<sup>\u00ae<\/sup> Grow Blocks. Esto se debe a que el desarrollo radicular, tan importante para las plantas, no se ve perturbado. De hecho, los Grow Blocks permiten que tus semillas o esquejes desarrollen un sistema de ra\u00edces a\u00fan m\u00e1s robusto antes de trasplantarlos a un recipiente m\u00e1s grande o directamente a tu jard\u00edn, manteniendo los Grow Blocks intactos.\nEstos Botanian<sup>\u00ae<\/sup> Grow Blocks son sin turba. Est\u00e1n hechos de fibra de coco (\u00abcoir\u00bb), un subproducto de la industria procesadora del coco. Obtenemos y procesamos nuestras c\u00e1scaras de coco de forma responsable.\t\t\t\t\t\t\t\t<\/div>\n\t\t\t\t<\/div>\n\t\t\t\t\t<\/div>\n\t\t\t\t<\/div>\n\t\t\t\t<\/div>\n\t\t","protected":false},"excerpt":{"rendered":"<p>80x80mm*, paquete de 12<\/p>\n","protected":false},"featured_media":11227,"template":"","meta":{"site-sidebar-layout":"default","site-content-layout":"default","ast-site-content-layout":"default","site-content-style":"default","site-sidebar-style":"default","ast-global-header-display":"","ast-banner-title-visibility":"","ast-main-header-display":"","ast-hfb-above-header-display":"","ast-hfb-below-header-display":"","ast-hfb-mobile-header-display":"","site-post-title":"","ast-breadcrumbs-content":"","ast-featured-img":"","footer-sml-layout":"","ast-disable-related-posts":"","theme-transparent-header-meta":"default","adv-header-id-meta":"","stick-header-meta":"","header-above-stick-meta":"","header-main-stick-meta":"","header-below-stick-meta":"","astra-migrate-meta-layouts":"set","ast-page-background-enabled":"default","ast-page-background-meta":{"desktop":{"background-color":"var(--ast-global-color-4)","background-image":"","background-repeat":"repeat","background-position":"center center","background-size":"auto","background-attachment":"scroll","background-type":"","background-media":"","overlay-type":"","overlay-color":"","overlay-opacity":"","overlay-gradient":""},"tablet":{"background-color":"","background-image":"","background-repeat":"repeat","background-position":"center center","background-size":"auto","background-attachment":"scroll","background-type":"","background-media":"","overlay-type":"","overlay-color":"","overlay-opacity":"","overlay-gradient":""},"mobile":{"background-color":"","background-image":"","background-repeat":"repeat","background-position":"center center","background-size":"auto","background-attachment":"scroll","background-type":"","background-media":"","overlay-type":"","overlay-color":"","overlay-opacity":"","overlay-gradient":""}},"ast-content-background-meta":{"desktop":{"background-color":"var(--ast-global-color-5)","background-image":"","background-repeat":"repeat","background-position":"center center","background-size":"auto","background-attachment":"scroll","background-type":"","background-media":"","overlay-type":"","overlay-color":"","overlay-opacity":"","overlay-gradient":""},"tablet":{"background-color":"var(--ast-global-color-5)","background-image":"","background-repeat":"repeat","background-position":"center center","background-size":"auto","background-attachment":"scroll","background-type":"","background-media":"","overlay-type":"","overlay-color":"","overlay-opacity":"","overlay-gradient":""},"mobile":{"background-color":"var(--ast-global-color-5)","background-image":"","background-repeat":"repeat","background-position":"center center","background-size":"auto","background-attachment":"scroll","background-type":"","background-media":"","overlay-type":"","overlay-color":"","overlay-opacity":"","overlay-gradient":""}}},"product_brand":[],"product_cat":[299],"product_tag":[186],"class_list":{"0":"post-11081","1":"product","2":"type-product","3":"status-publish","4":"has-post-thumbnail","6":"product_cat-grow-blocks","7":"product_tag-sin-turba","8":"desktop-align-left","9":"tablet-align-left","10":"mobile-align-left","11":"ast-product-gallery-layout-horizontal-slider","12":"ast-product-gallery-with-no-image","13":"ast-magnify-disabled","14":"ast-product-tabs-layout-horizontal","16":"first","17":"instock","18":"shipping-taxable","19":"product-type-simple"},"yoast_head":"<!-- This site is optimized with the Yoast SEO plugin v27.3 - https:\/\/yoast.com\/product\/yoast-seo-wordpress\/ -->\n<title>Grow Blocks - Botanian<\/title>\n<meta name=\"robots\" content=\"index, follow, max-snippet:-1, max-image-preview:large, max-video-preview:-1\" \/>\n<link rel=\"canonical\" href=\"https:\/\/botanian.com\/es\/product\/grow-blocks-12-pack-peat-free\/\" \/>\n<meta property=\"og:locale\" content=\"es_ES\" \/>\n<meta property=\"og:type\" content=\"article\" \/>\n<meta property=\"og:title\" content=\"Grow Blocks - Botanian\" \/>\n<meta property=\"og:description\" content=\"80x80mm*, paquete de 12\" \/>\n<meta property=\"og:url\" content=\"https:\/\/botanian.com\/es\/product\/grow-blocks-12-pack-peat-free\/\" \/>\n<meta property=\"og:site_name\" content=\"Botanian\" \/>\n<meta property=\"article:modified_time\" content=\"2026-04-03T15:38:18+00:00\" \/>\n<meta property=\"og:image\" content=\"https:\/\/botanian.com\/wp-content\/uploads\/botanian-placeholder.png\" \/>\n\t<meta property=\"og:image:width\" content=\"1024\" \/>\n\t<meta property=\"og:image:height\" content=\"1024\" \/>\n\t<meta property=\"og:image:type\" content=\"image\/png\" \/>\n<meta name=\"twitter:card\" content=\"summary_large_image\" \/>\n<script type=\"application\/ld+json\" class=\"yoast-schema-graph\">{\"@context\":\"https:\\\/\\\/schema.org\",\"@graph\":[{\"@type\":\"WebPage\",\"@id\":\"https:\\\/\\\/botanian.com\\\/es\\\/product\\\/grow-blocks-12-pack-peat-free\\\/\",\"url\":\"https:\\\/\\\/botanian.com\\\/es\\\/product\\\/grow-blocks-12-pack-peat-free\\\/\",\"name\":\"Grow Blocks - Botanian\",\"isPartOf\":{\"@id\":\"https:\\\/\\\/botanian.com\\\/es\\\/#website\"},\"primaryImageOfPage\":{\"@id\":\"https:\\\/\\\/botanian.com\\\/es\\\/product\\\/grow-blocks-12-pack-peat-free\\\/#primaryimage\"},\"image\":{\"@id\":\"https:\\\/\\\/botanian.com\\\/es\\\/product\\\/grow-blocks-12-pack-peat-free\\\/#primaryimage\"},\"thumbnailUrl\":\"https:\\\/\\\/botanian.com\\\/wp-content\\\/uploads\\\/botanian-grow-blocks-110192-8x8cm-12x-pack-front.png\",\"datePublished\":\"2026-04-03T14:01:42+00:00\",\"dateModified\":\"2026-04-03T15:38:18+00:00\",\"breadcrumb\":{\"@id\":\"https:\\\/\\\/botanian.com\\\/es\\\/product\\\/grow-blocks-12-pack-peat-free\\\/#breadcrumb\"},\"inLanguage\":\"es\",\"potentialAction\":[{\"@type\":\"ReadAction\",\"target\":[\"https:\\\/\\\/botanian.com\\\/es\\\/product\\\/grow-blocks-12-pack-peat-free\\\/\"]}]},{\"@type\":\"ImageObject\",\"inLanguage\":\"es\",\"@id\":\"https:\\\/\\\/botanian.com\\\/es\\\/product\\\/grow-blocks-12-pack-peat-free\\\/#primaryimage\",\"url\":\"https:\\\/\\\/botanian.com\\\/wp-content\\\/uploads\\\/botanian-grow-blocks-110192-8x8cm-12x-pack-front.png\",\"contentUrl\":\"https:\\\/\\\/botanian.com\\\/wp-content\\\/uploads\\\/botanian-grow-blocks-110192-8x8cm-12x-pack-front.png\",\"width\":1024,\"height\":1024,\"caption\":\"botanian-grow-blocks-110192-8x8cm-12x-pack-front\"},{\"@type\":\"BreadcrumbList\",\"@id\":\"https:\\\/\\\/botanian.com\\\/es\\\/product\\\/grow-blocks-12-pack-peat-free\\\/#breadcrumb\",\"itemListElement\":[{\"@type\":\"ListItem\",\"position\":1,\"name\":\"Home\",\"item\":\"https:\\\/\\\/botanian.com\\\/es\\\/\"},{\"@type\":\"ListItem\",\"position\":2,\"name\":\"Productos\",\"item\":\"https:\\\/\\\/botanian.com\\\/products\\\/\"},{\"@type\":\"ListItem\",\"position\":3,\"name\":\"Grow Blocks\"}]},{\"@type\":\"WebSite\",\"@id\":\"https:\\\/\\\/botanian.com\\\/es\\\/#website\",\"url\":\"https:\\\/\\\/botanian.com\\\/es\\\/\",\"name\":\"Botanian\",\"description\":\"Growing wherever you can imagine\",\"publisher\":{\"@id\":\"https:\\\/\\\/botanian.com\\\/es\\\/#organization\"},\"potentialAction\":[{\"@type\":\"SearchAction\",\"target\":{\"@type\":\"EntryPoint\",\"urlTemplate\":\"https:\\\/\\\/botanian.com\\\/es\\\/?s={search_term_string}\"},\"query-input\":{\"@type\":\"PropertyValueSpecification\",\"valueRequired\":true,\"valueName\":\"search_term_string\"}}],\"inLanguage\":\"es\"},{\"@type\":\"Organization\",\"@id\":\"https:\\\/\\\/botanian.com\\\/es\\\/#organization\",\"name\":\"Botanian\",\"url\":\"https:\\\/\\\/botanian.com\\\/es\\\/\",\"logo\":{\"@type\":\"ImageObject\",\"inLanguage\":\"es\",\"@id\":\"https:\\\/\\\/botanian.com\\\/es\\\/#\\\/schema\\\/logo\\\/image\\\/\",\"url\":\"https:\\\/\\\/botanian.com\\\/wp-content\\\/uploads\\\/botanian-logo.svg\",\"contentUrl\":\"https:\\\/\\\/botanian.com\\\/wp-content\\\/uploads\\\/botanian-logo.svg\",\"caption\":\"Botanian\"},\"image\":{\"@id\":\"https:\\\/\\\/botanian.com\\\/es\\\/#\\\/schema\\\/logo\\\/image\\\/\"}}]}<\/script>\n<!-- \/ Yoast SEO plugin. -->","yoast_head_json":{"title":"Grow Blocks - Botanian","robots":{"index":"index","follow":"follow","max-snippet":"max-snippet:-1","max-image-preview":"max-image-preview:large","max-video-preview":"max-video-preview:-1"},"canonical":"https:\/\/botanian.com\/es\/product\/grow-blocks-12-pack-peat-free\/","og_locale":"es_ES","og_type":"article","og_title":"Grow Blocks - Botanian","og_description":"80x80mm*, paquete de 12","og_url":"https:\/\/botanian.com\/es\/product\/grow-blocks-12-pack-peat-free\/","og_site_name":"Botanian","article_modified_time":"2026-04-03T15:38:18+00:00","og_image":[{"width":1024,"height":1024,"url":"https:\/\/botanian.com\/wp-content\/uploads\/botanian-placeholder.png","type":"image\/png"}],"twitter_card":"summary_large_image","schema":{"@context":"https:\/\/schema.org","@graph":[{"@type":"WebPage","@id":"https:\/\/botanian.com\/es\/product\/grow-blocks-12-pack-peat-free\/","url":"https:\/\/botanian.com\/es\/product\/grow-blocks-12-pack-peat-free\/","name":"Grow Blocks - Botanian","isPartOf":{"@id":"https:\/\/botanian.com\/es\/#website"},"primaryImageOfPage":{"@id":"https:\/\/botanian.com\/es\/product\/grow-blocks-12-pack-peat-free\/#primaryimage"},"image":{"@id":"https:\/\/botanian.com\/es\/product\/grow-blocks-12-pack-peat-free\/#primaryimage"},"thumbnailUrl":"https:\/\/botanian.com\/wp-content\/uploads\/botanian-grow-blocks-110192-8x8cm-12x-pack-front.png","datePublished":"2026-04-03T14:01:42+00:00","dateModified":"2026-04-03T15:38:18+00:00","breadcrumb":{"@id":"https:\/\/botanian.com\/es\/product\/grow-blocks-12-pack-peat-free\/#breadcrumb"},"inLanguage":"es","potentialAction":[{"@type":"ReadAction","target":["https:\/\/botanian.com\/es\/product\/grow-blocks-12-pack-peat-free\/"]}]},{"@type":"ImageObject","inLanguage":"es","@id":"https:\/\/botanian.com\/es\/product\/grow-blocks-12-pack-peat-free\/#primaryimage","url":"https:\/\/botanian.com\/wp-content\/uploads\/botanian-grow-blocks-110192-8x8cm-12x-pack-front.png","contentUrl":"https:\/\/botanian.com\/wp-content\/uploads\/botanian-grow-blocks-110192-8x8cm-12x-pack-front.png","width":1024,"height":1024,"caption":"botanian-grow-blocks-110192-8x8cm-12x-pack-front"},{"@type":"BreadcrumbList","@id":"https:\/\/botanian.com\/es\/product\/grow-blocks-12-pack-peat-free\/#breadcrumb","itemListElement":[{"@type":"ListItem","position":1,"name":"Home","item":"https:\/\/botanian.com\/es\/"},{"@type":"ListItem","position":2,"name":"Productos","item":"https:\/\/botanian.com\/products\/"},{"@type":"ListItem","position":3,"name":"Grow Blocks"}]},{"@type":"WebSite","@id":"https:\/\/botanian.com\/es\/#website","url":"https:\/\/botanian.com\/es\/","name":"Botanian","description":"Growing wherever you can imagine","publisher":{"@id":"https:\/\/botanian.com\/es\/#organization"},"potentialAction":[{"@type":"SearchAction","target":{"@type":"EntryPoint","urlTemplate":"https:\/\/botanian.com\/es\/?s={search_term_string}"},"query-input":{"@type":"PropertyValueSpecification","valueRequired":true,"valueName":"search_term_string"}}],"inLanguage":"es"},{"@type":"Organization","@id":"https:\/\/botanian.com\/es\/#organization","name":"Botanian","url":"https:\/\/botanian.com\/es\/","logo":{"@type":"ImageObject","inLanguage":"es","@id":"https:\/\/botanian.com\/es\/#\/schema\/logo\/image\/","url":"https:\/\/botanian.com\/wp-content\/uploads\/botanian-logo.svg","contentUrl":"https:\/\/botanian.com\/wp-content\/uploads\/botanian-logo.svg","caption":"Botanian"},"image":{"@id":"https:\/\/botanian.com\/es\/#\/schema\/logo\/image\/"}}]}},"_links":{"self":[{"href":"https:\/\/botanian.com\/es\/wp-json\/wp\/v2\/product\/11081","targetHints":{"allow":["GET"]}}],"collection":[{"href":"https:\/\/botanian.com\/es\/wp-json\/wp\/v2\/product"}],"about":[{"href":"https:\/\/botanian.com\/es\/wp-json\/wp\/v2\/types\/product"}],"version-history":[{"count":5,"href":"https:\/\/botanian.com\/es\/wp-json\/wp\/v2\/product\/11081\/revisions"}],"predecessor-version":[{"id":11164,"href":"https:\/\/botanian.com\/es\/wp-json\/wp\/v2\/product\/11081\/revisions\/11164"}],"wp:featuredmedia":[{"embeddable":true,"href":"https:\/\/botanian.com\/es\/wp-json\/wp\/v2\/media\/11227"}],"wp:attachment":[{"href":"https:\/\/botanian.com\/es\/wp-json\/wp\/v2\/media?parent=11081"}],"wp:term":[{"taxonomy":"product_brand","embeddable":true,"href":"https:\/\/botanian.com\/es\/wp-json\/wp\/v2\/product_brand?post=11081"},{"taxonomy":"product_cat","embeddable":true,"href":"https:\/\/botanian.com\/es\/wp-json\/wp\/v2\/product_cat?post=11081"},{"taxonomy":"product_tag","embeddable":true,"href":"https:\/\/botanian.com\/es\/wp-json\/wp\/v2\/product_tag?post=11081"}],"curies":[{"name":"wp","href":"https:\/\/api.w.org\/{rel}","templated":true}]}}