{"id":5672,"date":"2023-02-13T20:46:32","date_gmt":"2023-02-13T20:46:32","guid":{"rendered":"https:\/\/botanian.com\/sobre-nosotros\/"},"modified":"2024-10-29T07:46:30","modified_gmt":"2024-10-29T07:46:30","slug":"sobre-nosotros","status":"publish","type":"page","link":"https:\/\/botanian.com\/es\/sobre-nosotros\/","title":{"rendered":"Sobre nosotros"},"content":{"rendered":"\t\t<div data-elementor-type=\"wp-page\" data-elementor-id=\"5672\" class=\"elementor elementor-5672 elementor-2027\" data-elementor-post-type=\"page\">\n\t\t\t\t<div class=\"elementor-element elementor-element-44f1a9f9 e-flex e-con-boxed e-con e-parent\" data-id=\"44f1a9f9\" data-element_type=\"container\" data-e-type=\"container\">\n\t\t\t\t\t<div class=\"e-con-inner\">\n\t\t\t\t\t<\/div>\n\t\t\t\t<\/div>\n\t\t<div class=\"elementor-element elementor-element-3cff66b e-flex e-con-boxed e-con e-parent\" data-id=\"3cff66b\" data-element_type=\"container\" data-e-type=\"container\">\n\t\t\t\t\t<div class=\"e-con-inner\">\n\t\t\t\t<div class=\"elementor-element elementor-element-41570595 elementor-widget elementor-widget-heading\" data-id=\"41570595\" data-element_type=\"widget\" data-e-type=\"widget\" data-widget_type=\"heading.default\">\n\t\t\t\t<div class=\"elementor-widget-container\">\n\t\t\t\t\t<h2 class=\"elementor-heading-title elementor-size-default\">Hola, somos Botanian,<\/h2>\t\t\t\t<\/div>\n\t\t\t\t<\/div>\n\t\t\t\t\t<\/div>\n\t\t\t\t<\/div>\n\t\t<div class=\"elementor-element elementor-element-e0923d4 e-flex e-con-boxed e-con e-parent\" data-id=\"e0923d4\" data-element_type=\"container\" data-e-type=\"container\">\n\t\t\t\t\t<div class=\"e-con-inner\">\n\t\t<div class=\"elementor-element elementor-element-a693e2d e-con-full e-flex e-con e-child\" data-id=\"a693e2d\" data-element_type=\"container\" data-e-type=\"container\">\n\t\t\t\t<div class=\"elementor-element elementor-element-f039067 elementor-widget elementor-widget-text-editor\" data-id=\"f039067\" data-element_type=\"widget\" data-e-type=\"widget\" data-widget_type=\"text-editor.default\">\n\t\t\t\t<div class=\"elementor-widget-container\">\n\t\t\t\t\t\t\t\t\t<p>Puede que seamos nuevos para ti, pero agricultores y viveros de plantas de todo el mundo han confiado en nuestros productos desde la d\u00e9cada de 1950. Ahora est\u00e1n disponibles para todos aquellos que quieran cultivar sus propias verduras, hierbas y flores. Decidimos crear una gama de productos premium para la jardiner\u00eda dom\u00e9stica porque sabemos que no solo es sostenible y saludable, sino que tambi\u00e9n es incre\u00edblemente gratificante ver c\u00f3mo prosperan tus plantas.<\/p>\n<p>\u00bfQuieres darle a tus semillas y esquejes la mejor oportunidad posible? Nuestro consejo n\u00famero 1 es asegurarte de que desarrollen ra\u00edces fuertes r\u00e1pidamente, para llevar los nutrientes del suelo a las hojas y los frutos. Todos los productos Botanian \u2013como nuestras macetas, pellets y mini invernaderos\u2013 incluyen todo lo que necesitas para hacer crecer esas ra\u00edces. Como nutrientes cient\u00edficamente probados, y propiedades \u00f3ptimas de retenci\u00f3n de aire y agua.<\/p>\n<p>\u00bfTe parece complicado? De hecho, hemos hecho el trabajo duro por ti y todos nuestros productos son muy sencillos de usar. S\u00f3lo tienes que agregar agua y ya puedes plantar tus semillas o esquejes. Ni siquiera necesitan mucho espacio: un contenedor en un alf\u00e9izar soleado o balc\u00f3n es suficiente para que crezcan tus propias cosechas de tomates, or\u00e9gano y mucho m\u00e1s.<\/p>\n<p>Puedes confiar en Botanian porque controlamos toda nuestra cadena de suministro, desde la obtenci\u00f3n responsable de materias primas de la m\u00e1s alta calidad, pasando por la mezcla experta de las mismas, hasta el env\u00edo a minoristas de confianza. Es cierto que nuestro enfoque puede parecer un poco diferente al principio. Por ejemplo, siempre hemos fabricado macetas biodegradables, nunca de pl\u00e1stico. Y nuestros Pellets comprimidos y totalmente naturales no parecen grandes sacos de tierra para macetas, pero sum\u00e9rjalos en un poco de agua y tendr\u00e1s todo lo que necesitas para cultivar plantas felices dentro y fuera de casa.<\/p>\n<p>Nos encanta que todos los jardineros tengan \u00e9xito, as\u00ed que echa un vistazo a nuestro sitio web e insp\u00edrate. \u00bfTienes alguna duda? Preg\u00fantanos <a href=\"https:\/\/botanian.com\/es\/contacto\/\">aqu\u00ed<\/a>. Y etiqu\u00e9tanos en Instagram cuando compartas fotos de tus aventuras de jardiner\u00eda en casa. Botanian, creciendo en cualquier lugar que imagines.<\/p>\n\t\t\t\t\t\t\t\t<\/div>\n\t\t\t\t<\/div>\n\t\t\t\t<\/div>\n\t\t<div class=\"elementor-element elementor-element-5d98103 e-con-full e-flex e-con e-child\" data-id=\"5d98103\" data-element_type=\"container\" data-e-type=\"container\">\n\t\t\t\t<div class=\"elementor-element elementor-element-7877449 elementor-widget elementor-widget-image\" data-id=\"7877449\" data-element_type=\"widget\" data-e-type=\"widget\" data-widget_type=\"image.default\">\n\t\t\t\t<div class=\"elementor-widget-container\">\n\t\t\t\t\t\t\t\t\t\t\t\t\t\t\t\t<a href=\"https:\/\/ferrymorse.com\/pages\/about-ferry-morse-home-gardening\">\n\t\t\t\t\t\t\t<img decoding=\"async\" src=\"https:\/\/botanian.com\/wp-content\/uploads\/history-of-botanian.jpg\" title=\"history-of-botanian\" alt=\"history-of-botanian\" loading=\"lazy\" \/>\t\t\t\t\t\t\t\t<\/a>\n\t\t\t\t\t\t\t\t\t\t\t\t\t\t\t<\/div>\n\t\t\t\t<\/div>\n\t\t\t\t<\/div>\n\t\t\t\t\t<\/div>\n\t\t\t\t<\/div>\n\t\t<div class=\"elementor-element elementor-element-2ac8a5e3 e-flex e-con-boxed e-con e-parent\" data-id=\"2ac8a5e3\" data-element_type=\"container\" data-e-type=\"container\" data-settings=\"{&quot;background_background&quot;:&quot;classic&quot;}\">\n\t\t\t\t\t<div class=\"e-con-inner\">\n\t\t\t\t<div class=\"elementor-element elementor-element-e9229ea elementor-widget elementor-widget-heading\" data-id=\"e9229ea\" data-element_type=\"widget\" data-e-type=\"widget\" data-widget_type=\"heading.default\">\n\t\t\t\t<div class=\"elementor-widget-container\">\n\t\t\t\t\t<h4 class=\"elementor-heading-title elementor-size-default\">Conoce todo sobre <br>nuestra colecci\u00f3n<\/h4>\t\t\t\t<\/div>\n\t\t\t\t<\/div>\n\t\t\t\t\t<\/div>\n\t\t\t\t<\/div>\n\t\t<div class=\"elementor-element elementor-element-ad4f193 e-flex e-con-boxed e-con e-parent\" data-id=\"ad4f193\" data-element_type=\"container\" data-e-type=\"container\" data-settings=\"{&quot;background_background&quot;:&quot;classic&quot;}\">\n\t\t\t\t\t<div class=\"e-con-inner\">\n\t\t<a class=\"elementor-element elementor-element-4dbf09a3 e-con-full e-transform e-flex e-con e-child\" data-id=\"4dbf09a3\" data-element_type=\"container\" data-e-type=\"container\" data-settings=\"{&quot;_transform_scale_effect_hover&quot;:{&quot;unit&quot;:&quot;px&quot;,&quot;size&quot;:1.05,&quot;sizes&quot;:[]},&quot;_transform_scale_effect_hover_tablet&quot;:{&quot;unit&quot;:&quot;px&quot;,&quot;size&quot;:&quot;&quot;,&quot;sizes&quot;:[]},&quot;_transform_scale_effect_hover_mobile&quot;:{&quot;unit&quot;:&quot;px&quot;,&quot;size&quot;:&quot;&quot;,&quot;sizes&quot;:[]}}\" link=\"#\" href=\"https:\/\/botanian.com\/es\/categoria-producto\/grow-pots\/\">\n\t\t\t\t<div class=\"elementor-element elementor-element-2237ef82 elementor-widget elementor-widget-image\" data-id=\"2237ef82\" data-element_type=\"widget\" data-e-type=\"widget\" data-widget_type=\"image.default\">\n\t\t\t\t<div class=\"elementor-widget-container\">\n\t\t\t\t\t\t\t\t\t\t\t\t\t\t\t<img fetchpriority=\"high\" decoding=\"async\" width=\"1000\" height=\"1000\" src=\"https:\/\/botanian.com\/wp-content\/uploads\/pots-1.jpg\" class=\"attachment-full size-full wp-image-3810\" alt=\"Grow Pots\" srcset=\"https:\/\/botanian.com\/wp-content\/uploads\/pots-1.jpg 1000w, https:\/\/botanian.com\/wp-content\/uploads\/pots-1-300x300.jpg 300w, https:\/\/botanian.com\/wp-content\/uploads\/pots-1-150x150.jpg 150w, https:\/\/botanian.com\/wp-content\/uploads\/pots-1-768x768.jpg 768w, https:\/\/botanian.com\/wp-content\/uploads\/pots-1-600x600.jpg 600w, https:\/\/botanian.com\/wp-content\/uploads\/pots-1-100x100.jpg 100w\" sizes=\"(max-width: 1000px) 100vw, 1000px\" \/>\t\t\t\t\t\t\t\t\t\t\t\t\t\t\t<\/div>\n\t\t\t\t<\/div>\n\t\t\t\t<div class=\"elementor-element elementor-element-536bba6f elementor-widget elementor-widget-heading\" data-id=\"536bba6f\" data-element_type=\"widget\" data-e-type=\"widget\" data-widget_type=\"heading.default\">\n\t\t\t\t<div class=\"elementor-widget-container\">\n\t\t\t\t\t<h6 class=\"elementor-heading-title elementor-size-default\">GROW POTS<\/h6>\t\t\t\t<\/div>\n\t\t\t\t<\/div>\n\t\t\t\t<\/a>\n\t\t<a class=\"elementor-element elementor-element-1bc5e02e e-con-full e-transform e-flex e-con e-child\" data-id=\"1bc5e02e\" data-element_type=\"container\" data-e-type=\"container\" data-settings=\"{&quot;_transform_scale_effect_hover&quot;:{&quot;unit&quot;:&quot;px&quot;,&quot;size&quot;:1.05,&quot;sizes&quot;:[]},&quot;_transform_scale_effect_hover_tablet&quot;:{&quot;unit&quot;:&quot;px&quot;,&quot;size&quot;:&quot;&quot;,&quot;sizes&quot;:[]},&quot;_transform_scale_effect_hover_mobile&quot;:{&quot;unit&quot;:&quot;px&quot;,&quot;size&quot;:&quot;&quot;,&quot;sizes&quot;:[]}}\" link=\"#\" href=\"https:\/\/botanian.com\/es\/categoria-producto\/grow-pellets\/\">\n\t\t\t\t<div class=\"elementor-element elementor-element-6323bd0 elementor-widget elementor-widget-image\" data-id=\"6323bd0\" data-element_type=\"widget\" data-e-type=\"widget\" data-widget_type=\"image.default\">\n\t\t\t\t<div class=\"elementor-widget-container\">\n\t\t\t\t\t\t\t\t\t\t\t\t\t\t\t<img decoding=\"async\" width=\"1000\" height=\"1000\" src=\"https:\/\/botanian.com\/wp-content\/uploads\/peat-pellets-02-over.jpg\" class=\"attachment-full size-full wp-image-3819\" alt=\"Grow Pellets\" srcset=\"https:\/\/botanian.com\/wp-content\/uploads\/peat-pellets-02-over.jpg 1000w, https:\/\/botanian.com\/wp-content\/uploads\/peat-pellets-02-over-300x300.jpg 300w, https:\/\/botanian.com\/wp-content\/uploads\/peat-pellets-02-over-150x150.jpg 150w, https:\/\/botanian.com\/wp-content\/uploads\/peat-pellets-02-over-768x768.jpg 768w, https:\/\/botanian.com\/wp-content\/uploads\/peat-pellets-02-over-600x600.jpg 600w, https:\/\/botanian.com\/wp-content\/uploads\/peat-pellets-02-over-100x100.jpg 100w\" sizes=\"(max-width: 1000px) 100vw, 1000px\" \/>\t\t\t\t\t\t\t\t\t\t\t\t\t\t\t<\/div>\n\t\t\t\t<\/div>\n\t\t\t\t<div class=\"elementor-element elementor-element-426c70c9 elementor-widget elementor-widget-heading\" data-id=\"426c70c9\" data-element_type=\"widget\" data-e-type=\"widget\" data-widget_type=\"heading.default\">\n\t\t\t\t<div class=\"elementor-widget-container\">\n\t\t\t\t\t<h6 class=\"elementor-heading-title elementor-size-default\">GROW PELLETS<\/h6>\t\t\t\t<\/div>\n\t\t\t\t<\/div>\n\t\t\t\t<\/a>\n\t\t<a class=\"elementor-element elementor-element-6748836e e-con-full e-transform e-flex e-con e-child\" data-id=\"6748836e\" data-element_type=\"container\" data-e-type=\"container\" data-settings=\"{&quot;_transform_scale_effect_hover&quot;:{&quot;unit&quot;:&quot;px&quot;,&quot;size&quot;:1.05,&quot;sizes&quot;:[]},&quot;_transform_scale_effect_hover_tablet&quot;:{&quot;unit&quot;:&quot;px&quot;,&quot;size&quot;:&quot;&quot;,&quot;sizes&quot;:[]},&quot;_transform_scale_effect_hover_mobile&quot;:{&quot;unit&quot;:&quot;px&quot;,&quot;size&quot;:&quot;&quot;,&quot;sizes&quot;:[]}}\" link=\"#\" href=\"https:\/\/botanian.com\/es\/categoria-producto\/quick-soil-mix-pellets\/\">\n\t\t\t\t<div class=\"elementor-element elementor-element-48e5a202 elementor-widget elementor-widget-image\" data-id=\"48e5a202\" data-element_type=\"widget\" data-e-type=\"widget\" data-widget_type=\"image.default\">\n\t\t\t\t<div class=\"elementor-widget-container\">\n\t\t\t\t\t\t\t\t\t\t\t\t\t\t\t<img decoding=\"async\" width=\"1000\" height=\"1000\" src=\"https:\/\/botanian.com\/wp-content\/uploads\/quick-soil-mix-pellets-growing.jpg\" class=\"attachment-full size-full wp-image-4062\" alt=\"Quick Soil Mix Pellets\" srcset=\"https:\/\/botanian.com\/wp-content\/uploads\/quick-soil-mix-pellets-growing.jpg 1000w, https:\/\/botanian.com\/wp-content\/uploads\/quick-soil-mix-pellets-growing-300x300.jpg 300w, https:\/\/botanian.com\/wp-content\/uploads\/quick-soil-mix-pellets-growing-150x150.jpg 150w, https:\/\/botanian.com\/wp-content\/uploads\/quick-soil-mix-pellets-growing-768x768.jpg 768w, https:\/\/botanian.com\/wp-content\/uploads\/quick-soil-mix-pellets-growing-600x600.jpg 600w, https:\/\/botanian.com\/wp-content\/uploads\/quick-soil-mix-pellets-growing-100x100.jpg 100w\" sizes=\"(max-width: 1000px) 100vw, 1000px\" \/>\t\t\t\t\t\t\t\t\t\t\t\t\t\t\t<\/div>\n\t\t\t\t<\/div>\n\t\t\t\t<div class=\"elementor-element elementor-element-75d9105e elementor-widget elementor-widget-heading\" data-id=\"75d9105e\" data-element_type=\"widget\" data-e-type=\"widget\" data-widget_type=\"heading.default\">\n\t\t\t\t<div class=\"elementor-widget-container\">\n\t\t\t\t\t<h6 class=\"elementor-heading-title elementor-size-default\">QUICK SOIL MIX PELLETS<\/h6>\t\t\t\t<\/div>\n\t\t\t\t<\/div>\n\t\t\t\t<\/a>\n\t\t<a class=\"elementor-element elementor-element-69b66092 e-con-full e-transform e-flex e-con e-child\" data-id=\"69b66092\" data-element_type=\"container\" data-e-type=\"container\" data-settings=\"{&quot;_transform_scale_effect_hover&quot;:{&quot;unit&quot;:&quot;px&quot;,&quot;size&quot;:1.05,&quot;sizes&quot;:[]},&quot;_transform_scale_effect_hover_tablet&quot;:{&quot;unit&quot;:&quot;px&quot;,&quot;size&quot;:&quot;&quot;,&quot;sizes&quot;:[]},&quot;_transform_scale_effect_hover_mobile&quot;:{&quot;unit&quot;:&quot;px&quot;,&quot;size&quot;:&quot;&quot;,&quot;sizes&quot;:[]}}\" link=\"#\" href=\"https:\/\/botanian.com\/es\/categoria-producto\/greenhouse-kits\/\">\n\t\t\t\t<div class=\"elementor-element elementor-element-736cada5 elementor-widget elementor-widget-image\" data-id=\"736cada5\" data-element_type=\"widget\" data-e-type=\"widget\" data-widget_type=\"image.default\">\n\t\t\t\t<div class=\"elementor-widget-container\">\n\t\t\t\t\t\t\t\t\t\t\t\t\t\t\t<img loading=\"lazy\" decoding=\"async\" width=\"500\" height=\"500\" src=\"https:\/\/botanian.com\/wp-content\/uploads\/green-house-kits.jpg\" class=\"attachment-full size-full wp-image-3729\" alt=\"Mini Greenhouse\" srcset=\"https:\/\/botanian.com\/wp-content\/uploads\/green-house-kits.jpg 500w, https:\/\/botanian.com\/wp-content\/uploads\/green-house-kits-300x300.jpg 300w, https:\/\/botanian.com\/wp-content\/uploads\/green-house-kits-100x100.jpg 100w, https:\/\/botanian.com\/wp-content\/uploads\/green-house-kits-150x150.jpg 150w\" sizes=\"(max-width: 500px) 100vw, 500px\" \/>\t\t\t\t\t\t\t\t\t\t\t\t\t\t\t<\/div>\n\t\t\t\t<\/div>\n\t\t\t\t<div class=\"elementor-element elementor-element-476ec4c7 elementor-widget elementor-widget-heading\" data-id=\"476ec4c7\" data-element_type=\"widget\" data-e-type=\"widget\" data-widget_type=\"heading.default\">\n\t\t\t\t<div class=\"elementor-widget-container\">\n\t\t\t\t\t<h6 class=\"elementor-heading-title elementor-size-default\">GREENHOUSE KITS<\/h6>\t\t\t\t<\/div>\n\t\t\t\t<\/div>\n\t\t\t\t<\/a>\n\t\t\t\t\t<\/div>\n\t\t\t\t<\/div>\n\t\t\t\t<\/div>\n\t\t","protected":false},"excerpt":{"rendered":"<p>Hola, somos Botanian, Puede que seamos nuevos para ti, pero agricultores y viveros de plantas de todo el mundo han confiado en nuestros productos desde la d\u00e9cada de 1950. Ahora est\u00e1n disponibles para todos aquellos que quieran cultivar sus propias verduras, hierbas y flores. Decidimos crear una gama de productos premium para la jardiner\u00eda dom\u00e9stica [&hellip;]<\/p>\n","protected":false},"author":1,"featured_media":0,"parent":0,"menu_order":0,"comment_status":"closed","ping_status":"closed","template":"","meta":{"site-sidebar-layout":"no-sidebar","site-content-layout":"page-builder","ast-site-content-layout":"default","site-content-style":"default","site-sidebar-style":"default","ast-global-header-display":"","ast-banner-title-visibility":"","ast-main-header-display":"","ast-hfb-above-header-display":"","ast-hfb-below-header-display":"","ast-hfb-mobile-header-display":"","site-post-title":"disabled","ast-breadcrumbs-content":"","ast-featured-img":"disabled","footer-sml-layout":"","ast-disable-related-posts":"","theme-transparent-header-meta":"","adv-header-id-meta":"","stick-header-meta":"","header-above-stick-meta":"","header-main-stick-meta":"","header-below-stick-meta":"","astra-migrate-meta-layouts":"default","ast-page-background-enabled":"default","ast-page-background-meta":{"desktop":{"background-color":"var(--ast-global-color-4)","background-image":"","background-repeat":"repeat","background-position":"center center","background-size":"auto","background-attachment":"scroll","background-type":"","background-media":"","overlay-type":"","overlay-color":"","overlay-opacity":"","overlay-gradient":""},"tablet":{"background-color":"","background-image":"","background-repeat":"repeat","background-position":"center center","background-size":"auto","background-attachment":"scroll","background-type":"","background-media":"","overlay-type":"","overlay-color":"","overlay-opacity":"","overlay-gradient":""},"mobile":{"background-color":"","background-image":"","background-repeat":"repeat","background-position":"center center","background-size":"auto","background-attachment":"scroll","background-type":"","background-media":"","overlay-type":"","overlay-color":"","overlay-opacity":"","overlay-gradient":""}},"ast-content-background-meta":{"desktop":{"background-color":"var(--ast-global-color-5)","background-image":"","background-repeat":"repeat","background-position":"center center","background-size":"auto","background-attachment":"scroll","background-type":"","background-media":"","overlay-type":"","overlay-color":"","overlay-opacity":"","overlay-gradient":""},"tablet":{"background-color":"var(--ast-global-color-5)","background-image":"","background-repeat":"repeat","background-position":"center center","background-size":"auto","background-attachment":"scroll","background-type":"","background-media":"","overlay-type":"","overlay-color":"","overlay-opacity":"","overlay-gradient":""},"mobile":{"background-color":"var(--ast-global-color-5)","background-image":"","background-repeat":"repeat","background-position":"center center","background-size":"auto","background-attachment":"scroll","background-type":"","background-media":"","overlay-type":"","overlay-color":"","overlay-opacity":"","overlay-gradient":""}},"footnotes":""},"class_list":["post-5672","page","type-page","status-publish","hentry"],"yoast_head":"<!-- This site is optimized with the Yoast SEO plugin v27.4 - https:\/\/yoast.com\/product\/yoast-seo-wordpress\/ -->\n<title>Sobre nosotros - Botanian<\/title>\n<meta name=\"robots\" content=\"index, follow, max-snippet:-1, max-image-preview:large, max-video-preview:-1\" \/>\n<link rel=\"canonical\" href=\"https:\/\/botanian.com\/es\/sobre-nosotros\/\" \/>\n<meta property=\"og:locale\" content=\"es_ES\" \/>\n<meta property=\"og:type\" content=\"article\" \/>\n<meta property=\"og:title\" content=\"Sobre nosotros - Botanian\" \/>\n<meta property=\"og:description\" content=\"Hola, somos Botanian, Puede que seamos nuevos para ti, pero agricultores y viveros de plantas de todo el mundo han confiado en nuestros productos desde la d\u00e9cada de 1950. Ahora est\u00e1n disponibles para todos aquellos que quieran cultivar sus propias verduras, hierbas y flores. Decidimos crear una gama de productos premium para la jardiner\u00eda dom\u00e9stica [&hellip;]\" \/>\n<meta property=\"og:url\" content=\"https:\/\/botanian.com\/es\/sobre-nosotros\/\" \/>\n<meta property=\"og:site_name\" content=\"Botanian\" \/>\n<meta property=\"article:modified_time\" content=\"2024-10-29T07:46:30+00:00\" \/>\n<meta property=\"og:image\" content=\"https:\/\/botanian.com\/wp-content\/uploads\/history-of-botanian.jpg\" \/>\n<meta name=\"twitter:card\" content=\"summary_large_image\" \/>\n<meta name=\"twitter:label1\" content=\"Tiempo de lectura\" \/>\n\t<meta name=\"twitter:data1\" content=\"2 minutos\" \/>\n<script type=\"application\/ld+json\" class=\"yoast-schema-graph\">{\"@context\":\"https:\\\/\\\/schema.org\",\"@graph\":[{\"@type\":\"WebPage\",\"@id\":\"https:\\\/\\\/botanian.com\\\/es\\\/sobre-nosotros\\\/\",\"url\":\"https:\\\/\\\/botanian.com\\\/es\\\/sobre-nosotros\\\/\",\"name\":\"Sobre nosotros - Botanian\",\"isPartOf\":{\"@id\":\"https:\\\/\\\/botanian.com\\\/es\\\/#website\"},\"primaryImageOfPage\":{\"@id\":\"https:\\\/\\\/botanian.com\\\/es\\\/sobre-nosotros\\\/#primaryimage\"},\"image\":{\"@id\":\"https:\\\/\\\/botanian.com\\\/es\\\/sobre-nosotros\\\/#primaryimage\"},\"thumbnailUrl\":\"https:\\\/\\\/botanian.com\\\/wp-content\\\/uploads\\\/history-of-botanian.jpg\",\"datePublished\":\"2023-02-13T20:46:32+00:00\",\"dateModified\":\"2024-10-29T07:46:30+00:00\",\"breadcrumb\":{\"@id\":\"https:\\\/\\\/botanian.com\\\/es\\\/sobre-nosotros\\\/#breadcrumb\"},\"inLanguage\":\"es\",\"potentialAction\":[{\"@type\":\"ReadAction\",\"target\":[\"https:\\\/\\\/botanian.com\\\/es\\\/sobre-nosotros\\\/\"]}]},{\"@type\":\"ImageObject\",\"inLanguage\":\"es\",\"@id\":\"https:\\\/\\\/botanian.com\\\/es\\\/sobre-nosotros\\\/#primaryimage\",\"url\":\"https:\\\/\\\/botanian.com\\\/wp-content\\\/uploads\\\/history-of-botanian.jpg\",\"contentUrl\":\"https:\\\/\\\/botanian.com\\\/wp-content\\\/uploads\\\/history-of-botanian.jpg\"},{\"@type\":\"BreadcrumbList\",\"@id\":\"https:\\\/\\\/botanian.com\\\/es\\\/sobre-nosotros\\\/#breadcrumb\",\"itemListElement\":[{\"@type\":\"ListItem\",\"position\":1,\"name\":\"Home\",\"item\":\"https:\\\/\\\/botanian.com\\\/es\\\/\"},{\"@type\":\"ListItem\",\"position\":2,\"name\":\"Sobre nosotros\"}]},{\"@type\":\"WebSite\",\"@id\":\"https:\\\/\\\/botanian.com\\\/es\\\/#website\",\"url\":\"https:\\\/\\\/botanian.com\\\/es\\\/\",\"name\":\"Botanian\",\"description\":\"Growing wherever you can imagine\",\"publisher\":{\"@id\":\"https:\\\/\\\/botanian.com\\\/es\\\/#organization\"},\"potentialAction\":[{\"@type\":\"SearchAction\",\"target\":{\"@type\":\"EntryPoint\",\"urlTemplate\":\"https:\\\/\\\/botanian.com\\\/es\\\/?s={search_term_string}\"},\"query-input\":{\"@type\":\"PropertyValueSpecification\",\"valueRequired\":true,\"valueName\":\"search_term_string\"}}],\"inLanguage\":\"es\"},{\"@type\":\"Organization\",\"@id\":\"https:\\\/\\\/botanian.com\\\/es\\\/#organization\",\"name\":\"Botanian\",\"url\":\"https:\\\/\\\/botanian.com\\\/es\\\/\",\"logo\":{\"@type\":\"ImageObject\",\"inLanguage\":\"es\",\"@id\":\"https:\\\/\\\/botanian.com\\\/es\\\/#\\\/schema\\\/logo\\\/image\\\/\",\"url\":\"https:\\\/\\\/botanian.com\\\/wp-content\\\/uploads\\\/botanian-logo.svg\",\"contentUrl\":\"https:\\\/\\\/botanian.com\\\/wp-content\\\/uploads\\\/botanian-logo.svg\",\"caption\":\"Botanian\"},\"image\":{\"@id\":\"https:\\\/\\\/botanian.com\\\/es\\\/#\\\/schema\\\/logo\\\/image\\\/\"}}]}<\/script>\n<!-- \/ Yoast SEO plugin. -->","yoast_head_json":{"title":"Sobre nosotros - Botanian","robots":{"index":"index","follow":"follow","max-snippet":"max-snippet:-1","max-image-preview":"max-image-preview:large","max-video-preview":"max-video-preview:-1"},"canonical":"https:\/\/botanian.com\/es\/sobre-nosotros\/","og_locale":"es_ES","og_type":"article","og_title":"Sobre nosotros - Botanian","og_description":"Hola, somos Botanian, Puede que seamos nuevos para ti, pero agricultores y viveros de plantas de todo el mundo han confiado en nuestros productos desde la d\u00e9cada de 1950. Ahora est\u00e1n disponibles para todos aquellos que quieran cultivar sus propias verduras, hierbas y flores. Decidimos crear una gama de productos premium para la jardiner\u00eda dom\u00e9stica [&hellip;]","og_url":"https:\/\/botanian.com\/es\/sobre-nosotros\/","og_site_name":"Botanian","article_modified_time":"2024-10-29T07:46:30+00:00","og_image":[{"url":"https:\/\/botanian.com\/wp-content\/uploads\/history-of-botanian.jpg","type":"","width":"","height":""}],"twitter_card":"summary_large_image","twitter_misc":{"Tiempo de lectura":"2 minutos"},"schema":{"@context":"https:\/\/schema.org","@graph":[{"@type":"WebPage","@id":"https:\/\/botanian.com\/es\/sobre-nosotros\/","url":"https:\/\/botanian.com\/es\/sobre-nosotros\/","name":"Sobre nosotros - Botanian","isPartOf":{"@id":"https:\/\/botanian.com\/es\/#website"},"primaryImageOfPage":{"@id":"https:\/\/botanian.com\/es\/sobre-nosotros\/#primaryimage"},"image":{"@id":"https:\/\/botanian.com\/es\/sobre-nosotros\/#primaryimage"},"thumbnailUrl":"https:\/\/botanian.com\/wp-content\/uploads\/history-of-botanian.jpg","datePublished":"2023-02-13T20:46:32+00:00","dateModified":"2024-10-29T07:46:30+00:00","breadcrumb":{"@id":"https:\/\/botanian.com\/es\/sobre-nosotros\/#breadcrumb"},"inLanguage":"es","potentialAction":[{"@type":"ReadAction","target":["https:\/\/botanian.com\/es\/sobre-nosotros\/"]}]},{"@type":"ImageObject","inLanguage":"es","@id":"https:\/\/botanian.com\/es\/sobre-nosotros\/#primaryimage","url":"https:\/\/botanian.com\/wp-content\/uploads\/history-of-botanian.jpg","contentUrl":"https:\/\/botanian.com\/wp-content\/uploads\/history-of-botanian.jpg"},{"@type":"BreadcrumbList","@id":"https:\/\/botanian.com\/es\/sobre-nosotros\/#breadcrumb","itemListElement":[{"@type":"ListItem","position":1,"name":"Home","item":"https:\/\/botanian.com\/es\/"},{"@type":"ListItem","position":2,"name":"Sobre nosotros"}]},{"@type":"WebSite","@id":"https:\/\/botanian.com\/es\/#website","url":"https:\/\/botanian.com\/es\/","name":"Botanian","description":"Growing wherever you can imagine","publisher":{"@id":"https:\/\/botanian.com\/es\/#organization"},"potentialAction":[{"@type":"SearchAction","target":{"@type":"EntryPoint","urlTemplate":"https:\/\/botanian.com\/es\/?s={search_term_string}"},"query-input":{"@type":"PropertyValueSpecification","valueRequired":true,"valueName":"search_term_string"}}],"inLanguage":"es"},{"@type":"Organization","@id":"https:\/\/botanian.com\/es\/#organization","name":"Botanian","url":"https:\/\/botanian.com\/es\/","logo":{"@type":"ImageObject","inLanguage":"es","@id":"https:\/\/botanian.com\/es\/#\/schema\/logo\/image\/","url":"https:\/\/botanian.com\/wp-content\/uploads\/botanian-logo.svg","contentUrl":"https:\/\/botanian.com\/wp-content\/uploads\/botanian-logo.svg","caption":"Botanian"},"image":{"@id":"https:\/\/botanian.com\/es\/#\/schema\/logo\/image\/"}}]}},"_links":{"self":[{"href":"https:\/\/botanian.com\/es\/wp-json\/wp\/v2\/pages\/5672","targetHints":{"allow":["GET"]}}],"collection":[{"href":"https:\/\/botanian.com\/es\/wp-json\/wp\/v2\/pages"}],"about":[{"href":"https:\/\/botanian.com\/es\/wp-json\/wp\/v2\/types\/page"}],"author":[{"embeddable":true,"href":"https:\/\/botanian.com\/es\/wp-json\/wp\/v2\/users\/1"}],"replies":[{"embeddable":true,"href":"https:\/\/botanian.com\/es\/wp-json\/wp\/v2\/comments?post=5672"}],"version-history":[{"count":4,"href":"https:\/\/botanian.com\/es\/wp-json\/wp\/v2\/pages\/5672\/revisions"}],"predecessor-version":[{"id":6910,"href":"https:\/\/botanian.com\/es\/wp-json\/wp\/v2\/pages\/5672\/revisions\/6910"}],"wp:attachment":[{"href":"https:\/\/botanian.com\/es\/wp-json\/wp\/v2\/media?parent=5672"}],"curies":[{"name":"wp","href":"https:\/\/api.w.org\/{rel}","templated":true}]}}