{"id":5578,"date":"2022-12-20T19:52:43","date_gmt":"2022-12-20T19:52:43","guid":{"rendered":"https:\/\/botanian.com\/por-que-botanian\/"},"modified":"2024-11-20T10:35:53","modified_gmt":"2024-11-20T10:35:53","slug":"por-que-botanian","status":"publish","type":"page","link":"https:\/\/botanian.com\/es\/por-que-botanian\/","title":{"rendered":"\u00bfPor qu\u00e9 Botanian?"},"content":{"rendered":"\t\t<div data-elementor-type=\"wp-page\" data-elementor-id=\"5578\" class=\"elementor elementor-5578 elementor-150\" data-elementor-post-type=\"page\">\n\t\t\t\t<div class=\"elementor-element elementor-element-79588c7 e-flex e-con-boxed e-con e-parent\" data-id=\"79588c7\" data-element_type=\"container\" data-e-type=\"container\" data-settings=\"{&quot;background_background&quot;:&quot;classic&quot;}\">\n\t\t\t\t\t<div class=\"e-con-inner\">\n\t\t<div class=\"elementor-element elementor-element-22e030d e-con-full e-flex e-con e-child\" data-id=\"22e030d\" data-element_type=\"container\" data-e-type=\"container\" data-settings=\"{&quot;background_background&quot;:&quot;classic&quot;}\">\n\t\t\t\t<div class=\"elementor-element elementor-element-fdce67b elementor-widget elementor-widget-image\" data-id=\"fdce67b\" data-element_type=\"widget\" data-e-type=\"widget\" data-widget_type=\"image.default\">\n\t\t\t\t<div class=\"elementor-widget-container\">\n\t\t\t\t\t\t\t\t\t\t\t\t\t\t\t<img decoding=\"async\" src=\"https:\/\/botanian.com\/wp-content\/uploads\/growing-wherever.svg\" title=\"\" alt=\"\" loading=\"lazy\" \/>\t\t\t\t\t\t\t\t\t\t\t\t\t\t\t<\/div>\n\t\t\t\t<\/div>\n\t\t\t\t<\/div>\n\t\t<div class=\"elementor-element elementor-element-e5cf5c6 e-con-full e-flex e-con e-child\" data-id=\"e5cf5c6\" data-element_type=\"container\" data-e-type=\"container\">\n\t\t\t\t<div class=\"elementor-element elementor-element-b8674dd elementor-widget elementor-widget-heading\" data-id=\"b8674dd\" data-element_type=\"widget\" data-e-type=\"widget\" data-widget_type=\"heading.default\">\n\t\t\t\t<div class=\"elementor-widget-container\">\n\t\t\t\t\t<h2 class=\"elementor-heading-title elementor-size-default\">\u00bfPor qu\u00e9 Botanian?<\/h2>\t\t\t\t<\/div>\n\t\t\t\t<\/div>\n\t\t\t\t<div class=\"elementor-element elementor-element-2e29967 elementor-widget elementor-widget-text-editor\" data-id=\"2e29967\" data-element_type=\"widget\" data-e-type=\"widget\" data-widget_type=\"text-editor.default\">\n\t\t\t\t<div class=\"elementor-widget-container\">\n\t\t\t\t\t\t\t\t\t<p style=\"font-weight: 400;\">Las plantas son para todos, pero tal vez no todos lo hemos notado. No necesitas un jard\u00edn ni conocer todas esas complicadas palabras latinas para disfrutar de la jardiner\u00eda.<\/p>\n<p style=\"font-weight: 400;\">Los jardines est\u00e1n en cualquier lugar que imagines. Podr\u00eda ser en tu alf\u00e9izar, pero \u00bfpor qu\u00e9 no tener algunas plantas tropicales en tu ba\u00f1o?<\/p>\n<p style=\"font-weight: 400;\">\u00bfO usar la canasta de tu bicicleta? \u00bfMencionaste tu balc\u00f3n?<\/p>\n\t\t\t\t\t\t\t\t<\/div>\n\t\t\t\t<\/div>\n\t\t\t\t<div class=\"elementor-element elementor-element-e934964 elementor-widget elementor-widget-image\" data-id=\"e934964\" data-element_type=\"widget\" data-e-type=\"widget\" data-widget_type=\"image.default\">\n\t\t\t\t<div class=\"elementor-widget-container\">\n\t\t\t\t\t\t\t\t\t\t\t\t\t\t\t<img decoding=\"async\" src=\"https:\/\/botanian.com\/wp-content\/uploads\/make-a-little-city-garden.svg\" title=\"\" alt=\"\" loading=\"lazy\" \/>\t\t\t\t\t\t\t\t\t\t\t\t\t\t\t<\/div>\n\t\t\t\t<\/div>\n\t\t\t\t<div class=\"elementor-element elementor-element-081ef8f elementor-widget elementor-widget-text-editor\" data-id=\"081ef8f\" data-element_type=\"widget\" data-e-type=\"widget\" data-widget_type=\"text-editor.default\">\n\t\t\t\t<div class=\"elementor-widget-container\">\n\t\t\t\t\t\t\t\t\t<p style=\"font-weight: 400;\"><strong>S\u00e9 un Botanian<\/strong> y las plantas crecer\u00e1n donde las imagines.<\/p>\n<p style=\"font-weight: 400;\">La jardiner\u00eda no es solo para personas con grandes patios y a\u00f1os de experiencia, es para todos los que quieran <strong>disfrutar<\/strong> de la jardiner\u00eda.<\/p>\n\t\t\t\t\t\t\t\t<\/div>\n\t\t\t\t<\/div>\n\t\t\t\t<\/div>\n\t\t\t\t\t<\/div>\n\t\t\t\t<\/div>\n\t\t<div class=\"elementor-element elementor-element-af2a50e e-flex e-con-boxed e-con e-parent\" data-id=\"af2a50e\" data-element_type=\"container\" data-e-type=\"container\" data-settings=\"{&quot;background_background&quot;:&quot;classic&quot;}\">\n\t\t\t\t\t<div class=\"e-con-inner\">\n\t\t\t\t<div class=\"elementor-element elementor-element-5295dc25 elementor-widget elementor-widget-heading\" data-id=\"5295dc25\" data-element_type=\"widget\" data-e-type=\"widget\" data-widget_type=\"heading.default\">\n\t\t\t\t<div class=\"elementor-widget-container\">\n\t\t\t\t\t<h4 class=\"elementor-heading-title elementor-size-default\">Conoce todo sobre<br>nuestra colecci\u00f3n<\/h4>\t\t\t\t<\/div>\n\t\t\t\t<\/div>\n\t\t\t\t\t<\/div>\n\t\t\t\t<\/div>\n\t\t<div class=\"elementor-element elementor-element-2b823d4e e-flex e-con-boxed e-con e-parent\" data-id=\"2b823d4e\" data-element_type=\"container\" data-e-type=\"container\" data-settings=\"{&quot;background_background&quot;:&quot;classic&quot;}\">\n\t\t\t\t\t<div class=\"e-con-inner\">\n\t\t<a class=\"elementor-element elementor-element-69f57a2 e-con-full e-transform e-flex e-con e-child\" data-id=\"69f57a2\" data-element_type=\"container\" data-e-type=\"container\" data-settings=\"{&quot;_transform_scale_effect_hover&quot;:{&quot;unit&quot;:&quot;px&quot;,&quot;size&quot;:1.05,&quot;sizes&quot;:[]},&quot;_transform_scale_effect_hover_tablet&quot;:{&quot;unit&quot;:&quot;px&quot;,&quot;size&quot;:&quot;&quot;,&quot;sizes&quot;:[]},&quot;_transform_scale_effect_hover_mobile&quot;:{&quot;unit&quot;:&quot;px&quot;,&quot;size&quot;:&quot;&quot;,&quot;sizes&quot;:[]}}\" link=\"#\" href=\"https:\/\/botanian.com\/es\/categoria-producto\/grow-pots\/\">\n\t\t\t\t<div class=\"elementor-element elementor-element-45284a0f elementor-widget elementor-widget-image\" data-id=\"45284a0f\" data-element_type=\"widget\" data-e-type=\"widget\" data-widget_type=\"image.default\">\n\t\t\t\t<div class=\"elementor-widget-container\">\n\t\t\t\t\t\t\t\t\t\t\t\t\t\t\t<img fetchpriority=\"high\" decoding=\"async\" width=\"1000\" height=\"1000\" src=\"https:\/\/botanian.com\/wp-content\/uploads\/pots-1.jpg\" class=\"attachment-full size-full wp-image-3810\" alt=\"Grow Pots\" srcset=\"https:\/\/botanian.com\/wp-content\/uploads\/pots-1.jpg 1000w, https:\/\/botanian.com\/wp-content\/uploads\/pots-1-300x300.jpg 300w, https:\/\/botanian.com\/wp-content\/uploads\/pots-1-150x150.jpg 150w, https:\/\/botanian.com\/wp-content\/uploads\/pots-1-768x768.jpg 768w, https:\/\/botanian.com\/wp-content\/uploads\/pots-1-600x600.jpg 600w, https:\/\/botanian.com\/wp-content\/uploads\/pots-1-100x100.jpg 100w\" sizes=\"(max-width: 1000px) 100vw, 1000px\" \/>\t\t\t\t\t\t\t\t\t\t\t\t\t\t\t<\/div>\n\t\t\t\t<\/div>\n\t\t\t\t<div class=\"elementor-element elementor-element-21f99dcb elementor-widget elementor-widget-heading\" data-id=\"21f99dcb\" data-element_type=\"widget\" data-e-type=\"widget\" data-widget_type=\"heading.default\">\n\t\t\t\t<div class=\"elementor-widget-container\">\n\t\t\t\t\t<h6 class=\"elementor-heading-title elementor-size-default\">GROW POTS<\/h6>\t\t\t\t<\/div>\n\t\t\t\t<\/div>\n\t\t\t\t<\/a>\n\t\t<a class=\"elementor-element elementor-element-71137aff e-con-full e-transform e-flex e-con e-child\" data-id=\"71137aff\" data-element_type=\"container\" data-e-type=\"container\" data-settings=\"{&quot;_transform_scale_effect_hover&quot;:{&quot;unit&quot;:&quot;px&quot;,&quot;size&quot;:1.05,&quot;sizes&quot;:[]},&quot;_transform_scale_effect_hover_tablet&quot;:{&quot;unit&quot;:&quot;px&quot;,&quot;size&quot;:&quot;&quot;,&quot;sizes&quot;:[]},&quot;_transform_scale_effect_hover_mobile&quot;:{&quot;unit&quot;:&quot;px&quot;,&quot;size&quot;:&quot;&quot;,&quot;sizes&quot;:[]}}\" link=\"#\" href=\"https:\/\/botanian.com\/es\/categoria-producto\/grow-pellets\/\">\n\t\t\t\t<div class=\"elementor-element elementor-element-732950ef elementor-widget elementor-widget-image\" data-id=\"732950ef\" data-element_type=\"widget\" data-e-type=\"widget\" data-widget_type=\"image.default\">\n\t\t\t\t<div class=\"elementor-widget-container\">\n\t\t\t\t\t\t\t\t\t\t\t\t\t\t\t<img decoding=\"async\" width=\"1000\" height=\"1000\" src=\"https:\/\/botanian.com\/wp-content\/uploads\/peat-pellets-02-over.jpg\" class=\"attachment-full size-full wp-image-3819\" alt=\"Grow Pellets\" srcset=\"https:\/\/botanian.com\/wp-content\/uploads\/peat-pellets-02-over.jpg 1000w, https:\/\/botanian.com\/wp-content\/uploads\/peat-pellets-02-over-300x300.jpg 300w, https:\/\/botanian.com\/wp-content\/uploads\/peat-pellets-02-over-150x150.jpg 150w, https:\/\/botanian.com\/wp-content\/uploads\/peat-pellets-02-over-768x768.jpg 768w, https:\/\/botanian.com\/wp-content\/uploads\/peat-pellets-02-over-600x600.jpg 600w, https:\/\/botanian.com\/wp-content\/uploads\/peat-pellets-02-over-100x100.jpg 100w\" sizes=\"(max-width: 1000px) 100vw, 1000px\" \/>\t\t\t\t\t\t\t\t\t\t\t\t\t\t\t<\/div>\n\t\t\t\t<\/div>\n\t\t\t\t<div class=\"elementor-element elementor-element-6c4bd19d elementor-widget elementor-widget-heading\" data-id=\"6c4bd19d\" data-element_type=\"widget\" data-e-type=\"widget\" data-widget_type=\"heading.default\">\n\t\t\t\t<div class=\"elementor-widget-container\">\n\t\t\t\t\t<h6 class=\"elementor-heading-title elementor-size-default\">GROW PELLETS<\/h6>\t\t\t\t<\/div>\n\t\t\t\t<\/div>\n\t\t\t\t<\/a>\n\t\t<a class=\"elementor-element elementor-element-fefdf84 e-con-full e-transform e-flex e-con e-child\" data-id=\"fefdf84\" data-element_type=\"container\" data-e-type=\"container\" data-settings=\"{&quot;_transform_scale_effect_hover&quot;:{&quot;unit&quot;:&quot;px&quot;,&quot;size&quot;:1.05,&quot;sizes&quot;:[]},&quot;_transform_scale_effect_hover_tablet&quot;:{&quot;unit&quot;:&quot;px&quot;,&quot;size&quot;:&quot;&quot;,&quot;sizes&quot;:[]},&quot;_transform_scale_effect_hover_mobile&quot;:{&quot;unit&quot;:&quot;px&quot;,&quot;size&quot;:&quot;&quot;,&quot;sizes&quot;:[]}}\" link=\"#\" href=\"https:\/\/botanian.com\/es\/categoria-producto\/quick-soil-mix-pellets\/\">\n\t\t\t\t<div class=\"elementor-element elementor-element-12c88d5c elementor-widget elementor-widget-image\" data-id=\"12c88d5c\" data-element_type=\"widget\" data-e-type=\"widget\" data-widget_type=\"image.default\">\n\t\t\t\t<div class=\"elementor-widget-container\">\n\t\t\t\t\t\t\t\t\t\t\t\t\t\t\t<img decoding=\"async\" width=\"1000\" height=\"1000\" src=\"https:\/\/botanian.com\/wp-content\/uploads\/quick-soil-mix-pellets-growing.jpg\" class=\"attachment-full size-full wp-image-4062\" alt=\"Quick Soil Mix Pellets\" srcset=\"https:\/\/botanian.com\/wp-content\/uploads\/quick-soil-mix-pellets-growing.jpg 1000w, https:\/\/botanian.com\/wp-content\/uploads\/quick-soil-mix-pellets-growing-300x300.jpg 300w, https:\/\/botanian.com\/wp-content\/uploads\/quick-soil-mix-pellets-growing-150x150.jpg 150w, https:\/\/botanian.com\/wp-content\/uploads\/quick-soil-mix-pellets-growing-768x768.jpg 768w, https:\/\/botanian.com\/wp-content\/uploads\/quick-soil-mix-pellets-growing-600x600.jpg 600w, https:\/\/botanian.com\/wp-content\/uploads\/quick-soil-mix-pellets-growing-100x100.jpg 100w\" sizes=\"(max-width: 1000px) 100vw, 1000px\" \/>\t\t\t\t\t\t\t\t\t\t\t\t\t\t\t<\/div>\n\t\t\t\t<\/div>\n\t\t\t\t<div class=\"elementor-element elementor-element-5282ba9f elementor-widget elementor-widget-heading\" data-id=\"5282ba9f\" data-element_type=\"widget\" data-e-type=\"widget\" data-widget_type=\"heading.default\">\n\t\t\t\t<div class=\"elementor-widget-container\">\n\t\t\t\t\t<h6 class=\"elementor-heading-title elementor-size-default\">QUICK SOIL MIX PELLETS<\/h6>\t\t\t\t<\/div>\n\t\t\t\t<\/div>\n\t\t\t\t<\/a>\n\t\t<a class=\"elementor-element elementor-element-2cd5d675 e-con-full e-transform e-flex e-con e-child\" data-id=\"2cd5d675\" data-element_type=\"container\" data-e-type=\"container\" data-settings=\"{&quot;_transform_scale_effect_hover&quot;:{&quot;unit&quot;:&quot;px&quot;,&quot;size&quot;:1.05,&quot;sizes&quot;:[]},&quot;_transform_scale_effect_hover_tablet&quot;:{&quot;unit&quot;:&quot;px&quot;,&quot;size&quot;:&quot;&quot;,&quot;sizes&quot;:[]},&quot;_transform_scale_effect_hover_mobile&quot;:{&quot;unit&quot;:&quot;px&quot;,&quot;size&quot;:&quot;&quot;,&quot;sizes&quot;:[]}}\" link=\"#\" href=\"https:\/\/botanian.com\/es\/categoria-producto\/greenhouse-kits\/\">\n\t\t\t\t<div class=\"elementor-element elementor-element-7823c308 elementor-widget elementor-widget-image\" data-id=\"7823c308\" data-element_type=\"widget\" data-e-type=\"widget\" data-widget_type=\"image.default\">\n\t\t\t\t<div class=\"elementor-widget-container\">\n\t\t\t\t\t\t\t\t\t\t\t\t\t\t\t<img loading=\"lazy\" decoding=\"async\" width=\"500\" height=\"500\" src=\"https:\/\/botanian.com\/wp-content\/uploads\/green-house-kits.jpg\" class=\"attachment-full size-full wp-image-3729\" alt=\"Mini Greenhouse\" srcset=\"https:\/\/botanian.com\/wp-content\/uploads\/green-house-kits.jpg 500w, https:\/\/botanian.com\/wp-content\/uploads\/green-house-kits-300x300.jpg 300w, https:\/\/botanian.com\/wp-content\/uploads\/green-house-kits-100x100.jpg 100w, https:\/\/botanian.com\/wp-content\/uploads\/green-house-kits-150x150.jpg 150w\" sizes=\"(max-width: 500px) 100vw, 500px\" \/>\t\t\t\t\t\t\t\t\t\t\t\t\t\t\t<\/div>\n\t\t\t\t<\/div>\n\t\t\t\t<div class=\"elementor-element elementor-element-591e474e elementor-widget elementor-widget-heading\" data-id=\"591e474e\" data-element_type=\"widget\" data-e-type=\"widget\" data-widget_type=\"heading.default\">\n\t\t\t\t<div class=\"elementor-widget-container\">\n\t\t\t\t\t<h6 class=\"elementor-heading-title elementor-size-default\">GREENHOUSE KITS<\/h6>\t\t\t\t<\/div>\n\t\t\t\t<\/div>\n\t\t\t\t<\/a>\n\t\t\t\t\t<\/div>\n\t\t\t\t<\/div>\n\t\t\t\t<\/div>\n\t\t","protected":false},"excerpt":{"rendered":"<p>\u00bfPor qu\u00e9 Botanian? Las plantas son para todos, pero tal vez no todos lo hemos notado. No necesitas un jard\u00edn ni conocer todas esas complicadas palabras latinas para disfrutar de la jardiner\u00eda. Los jardines est\u00e1n en cualquier lugar que imagines. Podr\u00eda ser en tu alf\u00e9izar, pero \u00bfpor qu\u00e9 no tener algunas plantas tropicales en tu [&hellip;]<\/p>\n","protected":false},"author":1,"featured_media":0,"parent":0,"menu_order":0,"comment_status":"closed","ping_status":"closed","template":"","meta":{"site-sidebar-layout":"no-sidebar","site-content-layout":"page-builder","ast-site-content-layout":"default","site-content-style":"default","site-sidebar-style":"default","ast-global-header-display":"","ast-banner-title-visibility":"","ast-main-header-display":"","ast-hfb-above-header-display":"","ast-hfb-below-header-display":"","ast-hfb-mobile-header-display":"","site-post-title":"disabled","ast-breadcrumbs-content":"","ast-featured-img":"disabled","footer-sml-layout":"","ast-disable-related-posts":"","theme-transparent-header-meta":"","adv-header-id-meta":"","stick-header-meta":"","header-above-stick-meta":"","header-main-stick-meta":"","header-below-stick-meta":"","astra-migrate-meta-layouts":"default","ast-page-background-enabled":"default","ast-page-background-meta":{"desktop":{"background-color":"var(--ast-global-color-4)","background-image":"","background-repeat":"repeat","background-position":"center center","background-size":"auto","background-attachment":"scroll","background-type":"","background-media":"","overlay-type":"","overlay-color":"","overlay-opacity":"","overlay-gradient":""},"tablet":{"background-color":"","background-image":"","background-repeat":"repeat","background-position":"center center","background-size":"auto","background-attachment":"scroll","background-type":"","background-media":"","overlay-type":"","overlay-color":"","overlay-opacity":"","overlay-gradient":""},"mobile":{"background-color":"","background-image":"","background-repeat":"repeat","background-position":"center center","background-size":"auto","background-attachment":"scroll","background-type":"","background-media":"","overlay-type":"","overlay-color":"","overlay-opacity":"","overlay-gradient":""}},"ast-content-background-meta":{"desktop":{"background-color":"var(--ast-global-color-5)","background-image":"","background-repeat":"repeat","background-position":"center center","background-size":"auto","background-attachment":"scroll","background-type":"","background-media":"","overlay-type":"","overlay-color":"","overlay-opacity":"","overlay-gradient":""},"tablet":{"background-color":"var(--ast-global-color-5)","background-image":"","background-repeat":"repeat","background-position":"center center","background-size":"auto","background-attachment":"scroll","background-type":"","background-media":"","overlay-type":"","overlay-color":"","overlay-opacity":"","overlay-gradient":""},"mobile":{"background-color":"var(--ast-global-color-5)","background-image":"","background-repeat":"repeat","background-position":"center center","background-size":"auto","background-attachment":"scroll","background-type":"","background-media":"","overlay-type":"","overlay-color":"","overlay-opacity":"","overlay-gradient":""}},"footnotes":""},"class_list":["post-5578","page","type-page","status-publish","hentry"],"yoast_head":"<!-- This site is optimized with the Yoast SEO plugin v27.3 - https:\/\/yoast.com\/product\/yoast-seo-wordpress\/ -->\n<title>\u00bfPor qu\u00e9 Botanian? - Botanian<\/title>\n<meta name=\"robots\" content=\"index, follow, max-snippet:-1, max-image-preview:large, max-video-preview:-1\" \/>\n<link rel=\"canonical\" href=\"https:\/\/botanian.com\/es\/por-que-botanian\/\" \/>\n<meta property=\"og:locale\" content=\"es_ES\" \/>\n<meta property=\"og:type\" content=\"article\" \/>\n<meta property=\"og:title\" content=\"\u00bfPor qu\u00e9 Botanian? - Botanian\" \/>\n<meta property=\"og:description\" content=\"\u00bfPor qu\u00e9 Botanian? Las plantas son para todos, pero tal vez no todos lo hemos notado. No necesitas un jard\u00edn ni conocer todas esas complicadas palabras latinas para disfrutar de la jardiner\u00eda. Los jardines est\u00e1n en cualquier lugar que imagines. Podr\u00eda ser en tu alf\u00e9izar, pero \u00bfpor qu\u00e9 no tener algunas plantas tropicales en tu [&hellip;]\" \/>\n<meta property=\"og:url\" content=\"https:\/\/botanian.com\/es\/por-que-botanian\/\" \/>\n<meta property=\"og:site_name\" content=\"Botanian\" \/>\n<meta property=\"article:modified_time\" content=\"2024-11-20T10:35:53+00:00\" \/>\n<meta property=\"og:image\" content=\"https:\/\/botanian.com\/wp-content\/uploads\/growing-wherever.svg\" \/>\n<meta name=\"twitter:card\" content=\"summary_large_image\" \/>\n<meta name=\"twitter:label1\" content=\"Tiempo de lectura\" \/>\n\t<meta name=\"twitter:data1\" content=\"1 minuto\" \/>\n<script type=\"application\/ld+json\" class=\"yoast-schema-graph\">{\"@context\":\"https:\\\/\\\/schema.org\",\"@graph\":[{\"@type\":\"WebPage\",\"@id\":\"https:\\\/\\\/botanian.com\\\/es\\\/por-que-botanian\\\/\",\"url\":\"https:\\\/\\\/botanian.com\\\/es\\\/por-que-botanian\\\/\",\"name\":\"\u00bfPor qu\u00e9 Botanian? - Botanian\",\"isPartOf\":{\"@id\":\"https:\\\/\\\/botanian.com\\\/es\\\/#website\"},\"primaryImageOfPage\":{\"@id\":\"https:\\\/\\\/botanian.com\\\/es\\\/por-que-botanian\\\/#primaryimage\"},\"image\":{\"@id\":\"https:\\\/\\\/botanian.com\\\/es\\\/por-que-botanian\\\/#primaryimage\"},\"thumbnailUrl\":\"https:\\\/\\\/botanian.com\\\/wp-content\\\/uploads\\\/growing-wherever.svg\",\"datePublished\":\"2022-12-20T19:52:43+00:00\",\"dateModified\":\"2024-11-20T10:35:53+00:00\",\"breadcrumb\":{\"@id\":\"https:\\\/\\\/botanian.com\\\/es\\\/por-que-botanian\\\/#breadcrumb\"},\"inLanguage\":\"es\",\"potentialAction\":[{\"@type\":\"ReadAction\",\"target\":[\"https:\\\/\\\/botanian.com\\\/es\\\/por-que-botanian\\\/\"]}]},{\"@type\":\"ImageObject\",\"inLanguage\":\"es\",\"@id\":\"https:\\\/\\\/botanian.com\\\/es\\\/por-que-botanian\\\/#primaryimage\",\"url\":\"https:\\\/\\\/botanian.com\\\/wp-content\\\/uploads\\\/growing-wherever.svg\",\"contentUrl\":\"https:\\\/\\\/botanian.com\\\/wp-content\\\/uploads\\\/growing-wherever.svg\"},{\"@type\":\"BreadcrumbList\",\"@id\":\"https:\\\/\\\/botanian.com\\\/es\\\/por-que-botanian\\\/#breadcrumb\",\"itemListElement\":[{\"@type\":\"ListItem\",\"position\":1,\"name\":\"Home\",\"item\":\"https:\\\/\\\/botanian.com\\\/es\\\/\"},{\"@type\":\"ListItem\",\"position\":2,\"name\":\"\u00bfPor qu\u00e9 Botanian?\"}]},{\"@type\":\"WebSite\",\"@id\":\"https:\\\/\\\/botanian.com\\\/es\\\/#website\",\"url\":\"https:\\\/\\\/botanian.com\\\/es\\\/\",\"name\":\"Botanian\",\"description\":\"Growing wherever you can imagine\",\"publisher\":{\"@id\":\"https:\\\/\\\/botanian.com\\\/es\\\/#organization\"},\"potentialAction\":[{\"@type\":\"SearchAction\",\"target\":{\"@type\":\"EntryPoint\",\"urlTemplate\":\"https:\\\/\\\/botanian.com\\\/es\\\/?s={search_term_string}\"},\"query-input\":{\"@type\":\"PropertyValueSpecification\",\"valueRequired\":true,\"valueName\":\"search_term_string\"}}],\"inLanguage\":\"es\"},{\"@type\":\"Organization\",\"@id\":\"https:\\\/\\\/botanian.com\\\/es\\\/#organization\",\"name\":\"Botanian\",\"url\":\"https:\\\/\\\/botanian.com\\\/es\\\/\",\"logo\":{\"@type\":\"ImageObject\",\"inLanguage\":\"es\",\"@id\":\"https:\\\/\\\/botanian.com\\\/es\\\/#\\\/schema\\\/logo\\\/image\\\/\",\"url\":\"https:\\\/\\\/botanian.com\\\/wp-content\\\/uploads\\\/botanian-logo.svg\",\"contentUrl\":\"https:\\\/\\\/botanian.com\\\/wp-content\\\/uploads\\\/botanian-logo.svg\",\"caption\":\"Botanian\"},\"image\":{\"@id\":\"https:\\\/\\\/botanian.com\\\/es\\\/#\\\/schema\\\/logo\\\/image\\\/\"}}]}<\/script>\n<!-- \/ Yoast SEO plugin. -->","yoast_head_json":{"title":"\u00bfPor qu\u00e9 Botanian? - Botanian","robots":{"index":"index","follow":"follow","max-snippet":"max-snippet:-1","max-image-preview":"max-image-preview:large","max-video-preview":"max-video-preview:-1"},"canonical":"https:\/\/botanian.com\/es\/por-que-botanian\/","og_locale":"es_ES","og_type":"article","og_title":"\u00bfPor qu\u00e9 Botanian? - Botanian","og_description":"\u00bfPor qu\u00e9 Botanian? Las plantas son para todos, pero tal vez no todos lo hemos notado. No necesitas un jard\u00edn ni conocer todas esas complicadas palabras latinas para disfrutar de la jardiner\u00eda. Los jardines est\u00e1n en cualquier lugar que imagines. Podr\u00eda ser en tu alf\u00e9izar, pero \u00bfpor qu\u00e9 no tener algunas plantas tropicales en tu [&hellip;]","og_url":"https:\/\/botanian.com\/es\/por-que-botanian\/","og_site_name":"Botanian","article_modified_time":"2024-11-20T10:35:53+00:00","og_image":[{"url":"https:\/\/botanian.com\/wp-content\/uploads\/growing-wherever.svg","type":"","width":"","height":""}],"twitter_card":"summary_large_image","twitter_misc":{"Tiempo de lectura":"1 minuto"},"schema":{"@context":"https:\/\/schema.org","@graph":[{"@type":"WebPage","@id":"https:\/\/botanian.com\/es\/por-que-botanian\/","url":"https:\/\/botanian.com\/es\/por-que-botanian\/","name":"\u00bfPor qu\u00e9 Botanian? - Botanian","isPartOf":{"@id":"https:\/\/botanian.com\/es\/#website"},"primaryImageOfPage":{"@id":"https:\/\/botanian.com\/es\/por-que-botanian\/#primaryimage"},"image":{"@id":"https:\/\/botanian.com\/es\/por-que-botanian\/#primaryimage"},"thumbnailUrl":"https:\/\/botanian.com\/wp-content\/uploads\/growing-wherever.svg","datePublished":"2022-12-20T19:52:43+00:00","dateModified":"2024-11-20T10:35:53+00:00","breadcrumb":{"@id":"https:\/\/botanian.com\/es\/por-que-botanian\/#breadcrumb"},"inLanguage":"es","potentialAction":[{"@type":"ReadAction","target":["https:\/\/botanian.com\/es\/por-que-botanian\/"]}]},{"@type":"ImageObject","inLanguage":"es","@id":"https:\/\/botanian.com\/es\/por-que-botanian\/#primaryimage","url":"https:\/\/botanian.com\/wp-content\/uploads\/growing-wherever.svg","contentUrl":"https:\/\/botanian.com\/wp-content\/uploads\/growing-wherever.svg"},{"@type":"BreadcrumbList","@id":"https:\/\/botanian.com\/es\/por-que-botanian\/#breadcrumb","itemListElement":[{"@type":"ListItem","position":1,"name":"Home","item":"https:\/\/botanian.com\/es\/"},{"@type":"ListItem","position":2,"name":"\u00bfPor qu\u00e9 Botanian?"}]},{"@type":"WebSite","@id":"https:\/\/botanian.com\/es\/#website","url":"https:\/\/botanian.com\/es\/","name":"Botanian","description":"Growing wherever you can imagine","publisher":{"@id":"https:\/\/botanian.com\/es\/#organization"},"potentialAction":[{"@type":"SearchAction","target":{"@type":"EntryPoint","urlTemplate":"https:\/\/botanian.com\/es\/?s={search_term_string}"},"query-input":{"@type":"PropertyValueSpecification","valueRequired":true,"valueName":"search_term_string"}}],"inLanguage":"es"},{"@type":"Organization","@id":"https:\/\/botanian.com\/es\/#organization","name":"Botanian","url":"https:\/\/botanian.com\/es\/","logo":{"@type":"ImageObject","inLanguage":"es","@id":"https:\/\/botanian.com\/es\/#\/schema\/logo\/image\/","url":"https:\/\/botanian.com\/wp-content\/uploads\/botanian-logo.svg","contentUrl":"https:\/\/botanian.com\/wp-content\/uploads\/botanian-logo.svg","caption":"Botanian"},"image":{"@id":"https:\/\/botanian.com\/es\/#\/schema\/logo\/image\/"}}]}},"_links":{"self":[{"href":"https:\/\/botanian.com\/es\/wp-json\/wp\/v2\/pages\/5578","targetHints":{"allow":["GET"]}}],"collection":[{"href":"https:\/\/botanian.com\/es\/wp-json\/wp\/v2\/pages"}],"about":[{"href":"https:\/\/botanian.com\/es\/wp-json\/wp\/v2\/types\/page"}],"author":[{"embeddable":true,"href":"https:\/\/botanian.com\/es\/wp-json\/wp\/v2\/users\/1"}],"replies":[{"embeddable":true,"href":"https:\/\/botanian.com\/es\/wp-json\/wp\/v2\/comments?post=5578"}],"version-history":[{"count":1,"href":"https:\/\/botanian.com\/es\/wp-json\/wp\/v2\/pages\/5578\/revisions"}],"predecessor-version":[{"id":5579,"href":"https:\/\/botanian.com\/es\/wp-json\/wp\/v2\/pages\/5578\/revisions\/5579"}],"wp:attachment":[{"href":"https:\/\/botanian.com\/es\/wp-json\/wp\/v2\/media?parent=5578"}],"curies":[{"name":"wp","href":"https:\/\/api.w.org\/{rel}","templated":true}]}}