{"id":9107,"date":"2025-02-14T14:04:42","date_gmt":"2025-02-14T14:04:42","guid":{"rendered":"https:\/\/botanian.com\/?post_type=product&#038;p=9107"},"modified":"2025-02-14T14:04:42","modified_gmt":"2025-02-14T14:04:42","slug":"balcony-and-vegetables-soil-mix-20l","status":"publish","type":"product","link":"https:\/\/botanian.com\/de\/product\/balcony-and-vegetables-soil-mix-20l\/","title":{"rendered":"Balcony &#038; Vegetables Soil Mix"},"content":{"rendered":"<p>F\u00fcr alle Arten von Beetpflanzen, Obst und Gem\u00fcse.<\/p>\n<p>Egal f\u00fcr welches Produkt aus dem Botanian-Sortiment Sie sich entscheiden, der Einstieg ist immer einfach.<\/p>\n<h2>Produktinformationen<\/h2>\n<p>Dieser Beutel enth\u00e4lt 20* Liter Premium-Blumenerde f\u00fcr Beetpflanzen und Gem\u00fcse.<\/p>\n<p>Torfbasierte Premium-Blumenerde, ideal f\u00fcr den Anbau von eigenem Gem\u00fcse oder zur Dekoration Ihres Gartens oder Balkons mit allen Arten von Beetpflanzen.<\/p>\n<p>Das Substrat in diesem Beutel ist eine Mischung aus Torf und anderen Materialien wie Holzfasern, die eine hochwertige Qualit\u00e4t gew\u00e4hrleisten. Wir haben die Menge des verwendeten Torfs minimiert, da uns die Umwelt am Herzen liegt. Der verwendete Torf ist RPP-zertifiziert, was bedeutet, dass er gem\u00e4\u00df den Standards der RPP-Stiftung verantwortungsvoll produziert wird. Weitere Informationen finden Sie unter: <a href=\"https:\/\/www.responsiblyproducedpeat.org\">www.responsiblyproducedpeat.org<\/a><\/p>\n","protected":false},"excerpt":{"rendered":"<p>20L torfreduziert<\/p>\n","protected":false},"featured_media":9942,"template":"","meta":{"site-sidebar-layout":"default","site-content-layout":"","ast-site-content-layout":"default","site-content-style":"default","site-sidebar-style":"default","ast-global-header-display":"","ast-banner-title-visibility":"","ast-main-header-display":"","ast-hfb-above-header-display":"","ast-hfb-below-header-display":"","ast-hfb-mobile-header-display":"","site-post-title":"","ast-breadcrumbs-content":"","ast-featured-img":"","footer-sml-layout":"","ast-disable-related-posts":"","theme-transparent-header-meta":"default","adv-header-id-meta":"","stick-header-meta":"","header-above-stick-meta":"","header-main-stick-meta":"","header-below-stick-meta":"","astra-migrate-meta-layouts":"set","ast-page-background-enabled":"default","ast-page-background-meta":{"desktop":{"background-color":"var(--ast-global-color-4)","background-image":"","background-repeat":"repeat","background-position":"center center","background-size":"auto","background-attachment":"scroll","background-type":"","background-media":"","overlay-type":"","overlay-color":"","overlay-opacity":"","overlay-gradient":""},"tablet":{"background-color":"","background-image":"","background-repeat":"repeat","background-position":"center center","background-size":"auto","background-attachment":"scroll","background-type":"","background-media":"","overlay-type":"","overlay-color":"","overlay-opacity":"","overlay-gradient":""},"mobile":{"background-color":"","background-image":"","background-repeat":"repeat","background-position":"center center","background-size":"auto","background-attachment":"scroll","background-type":"","background-media":"","overlay-type":"","overlay-color":"","overlay-opacity":"","overlay-gradient":""}},"ast-content-background-meta":{"desktop":{"background-color":"var(--ast-global-color-5)","background-image":"","background-repeat":"repeat","background-position":"center center","background-size":"auto","background-attachment":"scroll","background-type":"","background-media":"","overlay-type":"","overlay-color":"","overlay-opacity":"","overlay-gradient":""},"tablet":{"background-color":"var(--ast-global-color-5)","background-image":"","background-repeat":"repeat","background-position":"center center","background-size":"auto","background-attachment":"scroll","background-type":"","background-media":"","overlay-type":"","overlay-color":"","overlay-opacity":"","overlay-gradient":""},"mobile":{"background-color":"var(--ast-global-color-5)","background-image":"","background-repeat":"repeat","background-position":"center center","background-size":"auto","background-attachment":"scroll","background-type":"","background-media":"","overlay-type":"","overlay-color":"","overlay-opacity":"","overlay-gradient":""}}},"product_brand":[],"product_cat":[261,223],"product_tag":[233],"class_list":{"0":"post-9107","1":"product","2":"type-product","3":"status-publish","4":"has-post-thumbnail","6":"product_cat-balcony-and-vegetables-de","7":"product_cat-potting-soil-mix-de-2","8":"product_tag-torfreduziert","9":"desktop-align-left","10":"tablet-align-left","11":"mobile-align-left","12":"ast-product-gallery-layout-horizontal-slider","13":"ast-product-gallery-with-no-image","14":"ast-magnify-disabled","15":"ast-product-tabs-layout-horizontal","17":"first","18":"instock","19":"shipping-taxable","20":"product-type-simple"},"yoast_head":"<!-- This site is optimized with the Yoast SEO plugin v27.3 - https:\/\/yoast.com\/product\/yoast-seo-wordpress\/ -->\n<title>Balcony &amp; Vegetables Soil Mix - Botanian<\/title>\n<meta name=\"robots\" content=\"index, follow, max-snippet:-1, max-image-preview:large, max-video-preview:-1\" \/>\n<link rel=\"canonical\" href=\"https:\/\/botanian.com\/de\/product\/balcony-and-vegetables-soil-mix-20l\/\" \/>\n<meta property=\"og:locale\" content=\"de_DE\" \/>\n<meta property=\"og:type\" content=\"article\" \/>\n<meta property=\"og:title\" content=\"Balcony &amp; Vegetables Soil Mix - Botanian\" \/>\n<meta property=\"og:description\" content=\"20L torfreduziert\" \/>\n<meta property=\"og:url\" content=\"https:\/\/botanian.com\/de\/product\/balcony-and-vegetables-soil-mix-20l\/\" \/>\n<meta property=\"og:site_name\" content=\"Botanian\" \/>\n<meta property=\"og:image\" content=\"https:\/\/botanian.com\/wp-content\/uploads\/botanian-placeholder.png\" \/>\n\t<meta property=\"og:image:width\" content=\"1024\" \/>\n\t<meta property=\"og:image:height\" content=\"1024\" \/>\n\t<meta property=\"og:image:type\" content=\"image\/png\" \/>\n<meta name=\"twitter:card\" content=\"summary_large_image\" \/>\n<meta name=\"twitter:label1\" content=\"Gesch\u00e4tzte Lesezeit\" \/>\n\t<meta name=\"twitter:data1\" content=\"1\u00a0Minute\" \/>\n<script type=\"application\/ld+json\" class=\"yoast-schema-graph\">{\"@context\":\"https:\\\/\\\/schema.org\",\"@graph\":[{\"@type\":\"WebPage\",\"@id\":\"https:\\\/\\\/botanian.com\\\/de\\\/product\\\/balcony-and-vegetables-soil-mix-20l\\\/\",\"url\":\"https:\\\/\\\/botanian.com\\\/de\\\/product\\\/balcony-and-vegetables-soil-mix-20l\\\/\",\"name\":\"Balcony & Vegetables Soil Mix - Botanian\",\"isPartOf\":{\"@id\":\"https:\\\/\\\/botanian.com\\\/de\\\/#website\"},\"primaryImageOfPage\":{\"@id\":\"https:\\\/\\\/botanian.com\\\/de\\\/product\\\/balcony-and-vegetables-soil-mix-20l\\\/#primaryimage\"},\"image\":{\"@id\":\"https:\\\/\\\/botanian.com\\\/de\\\/product\\\/balcony-and-vegetables-soil-mix-20l\\\/#primaryimage\"},\"thumbnailUrl\":\"https:\\\/\\\/botanian.com\\\/wp-content\\\/uploads\\\/110184.png\",\"datePublished\":\"2025-02-14T14:04:42+00:00\",\"breadcrumb\":{\"@id\":\"https:\\\/\\\/botanian.com\\\/de\\\/product\\\/balcony-and-vegetables-soil-mix-20l\\\/#breadcrumb\"},\"inLanguage\":\"de\",\"potentialAction\":[{\"@type\":\"ReadAction\",\"target\":[\"https:\\\/\\\/botanian.com\\\/de\\\/product\\\/balcony-and-vegetables-soil-mix-20l\\\/\"]}]},{\"@type\":\"ImageObject\",\"inLanguage\":\"de\",\"@id\":\"https:\\\/\\\/botanian.com\\\/de\\\/product\\\/balcony-and-vegetables-soil-mix-20l\\\/#primaryimage\",\"url\":\"https:\\\/\\\/botanian.com\\\/wp-content\\\/uploads\\\/110184.png\",\"contentUrl\":\"https:\\\/\\\/botanian.com\\\/wp-content\\\/uploads\\\/110184.png\",\"width\":1024,\"height\":1024,\"caption\":\"Balcony & Vegetables Soil Mix 20L\"},{\"@type\":\"BreadcrumbList\",\"@id\":\"https:\\\/\\\/botanian.com\\\/de\\\/product\\\/balcony-and-vegetables-soil-mix-20l\\\/#breadcrumb\",\"itemListElement\":[{\"@type\":\"ListItem\",\"position\":1,\"name\":\"Home\",\"item\":\"https:\\\/\\\/botanian.com\\\/de\\\/\"},{\"@type\":\"ListItem\",\"position\":2,\"name\":\"Produkte\",\"item\":\"https:\\\/\\\/botanian.com\\\/products\\\/\"},{\"@type\":\"ListItem\",\"position\":3,\"name\":\"Balcony &#038; Vegetables Soil Mix\"}]},{\"@type\":\"WebSite\",\"@id\":\"https:\\\/\\\/botanian.com\\\/de\\\/#website\",\"url\":\"https:\\\/\\\/botanian.com\\\/de\\\/\",\"name\":\"Botanian\",\"description\":\"Growing wherever you can imagine\",\"publisher\":{\"@id\":\"https:\\\/\\\/botanian.com\\\/de\\\/#organization\"},\"potentialAction\":[{\"@type\":\"SearchAction\",\"target\":{\"@type\":\"EntryPoint\",\"urlTemplate\":\"https:\\\/\\\/botanian.com\\\/de\\\/?s={search_term_string}\"},\"query-input\":{\"@type\":\"PropertyValueSpecification\",\"valueRequired\":true,\"valueName\":\"search_term_string\"}}],\"inLanguage\":\"de\"},{\"@type\":\"Organization\",\"@id\":\"https:\\\/\\\/botanian.com\\\/de\\\/#organization\",\"name\":\"Botanian\",\"url\":\"https:\\\/\\\/botanian.com\\\/de\\\/\",\"logo\":{\"@type\":\"ImageObject\",\"inLanguage\":\"de\",\"@id\":\"https:\\\/\\\/botanian.com\\\/de\\\/#\\\/schema\\\/logo\\\/image\\\/\",\"url\":\"https:\\\/\\\/botanian.com\\\/wp-content\\\/uploads\\\/botanian-logo.svg\",\"contentUrl\":\"https:\\\/\\\/botanian.com\\\/wp-content\\\/uploads\\\/botanian-logo.svg\",\"caption\":\"Botanian\"},\"image\":{\"@id\":\"https:\\\/\\\/botanian.com\\\/de\\\/#\\\/schema\\\/logo\\\/image\\\/\"}}]}<\/script>\n<!-- \/ Yoast SEO plugin. -->","yoast_head_json":{"title":"Balcony & Vegetables Soil Mix - Botanian","robots":{"index":"index","follow":"follow","max-snippet":"max-snippet:-1","max-image-preview":"max-image-preview:large","max-video-preview":"max-video-preview:-1"},"canonical":"https:\/\/botanian.com\/de\/product\/balcony-and-vegetables-soil-mix-20l\/","og_locale":"de_DE","og_type":"article","og_title":"Balcony & Vegetables Soil Mix - Botanian","og_description":"20L torfreduziert","og_url":"https:\/\/botanian.com\/de\/product\/balcony-and-vegetables-soil-mix-20l\/","og_site_name":"Botanian","og_image":[{"width":1024,"height":1024,"url":"https:\/\/botanian.com\/wp-content\/uploads\/botanian-placeholder.png","type":"image\/png"}],"twitter_card":"summary_large_image","twitter_misc":{"Gesch\u00e4tzte Lesezeit":"1\u00a0Minute"},"schema":{"@context":"https:\/\/schema.org","@graph":[{"@type":"WebPage","@id":"https:\/\/botanian.com\/de\/product\/balcony-and-vegetables-soil-mix-20l\/","url":"https:\/\/botanian.com\/de\/product\/balcony-and-vegetables-soil-mix-20l\/","name":"Balcony & Vegetables Soil Mix - Botanian","isPartOf":{"@id":"https:\/\/botanian.com\/de\/#website"},"primaryImageOfPage":{"@id":"https:\/\/botanian.com\/de\/product\/balcony-and-vegetables-soil-mix-20l\/#primaryimage"},"image":{"@id":"https:\/\/botanian.com\/de\/product\/balcony-and-vegetables-soil-mix-20l\/#primaryimage"},"thumbnailUrl":"https:\/\/botanian.com\/wp-content\/uploads\/110184.png","datePublished":"2025-02-14T14:04:42+00:00","breadcrumb":{"@id":"https:\/\/botanian.com\/de\/product\/balcony-and-vegetables-soil-mix-20l\/#breadcrumb"},"inLanguage":"de","potentialAction":[{"@type":"ReadAction","target":["https:\/\/botanian.com\/de\/product\/balcony-and-vegetables-soil-mix-20l\/"]}]},{"@type":"ImageObject","inLanguage":"de","@id":"https:\/\/botanian.com\/de\/product\/balcony-and-vegetables-soil-mix-20l\/#primaryimage","url":"https:\/\/botanian.com\/wp-content\/uploads\/110184.png","contentUrl":"https:\/\/botanian.com\/wp-content\/uploads\/110184.png","width":1024,"height":1024,"caption":"Balcony & Vegetables Soil Mix 20L"},{"@type":"BreadcrumbList","@id":"https:\/\/botanian.com\/de\/product\/balcony-and-vegetables-soil-mix-20l\/#breadcrumb","itemListElement":[{"@type":"ListItem","position":1,"name":"Home","item":"https:\/\/botanian.com\/de\/"},{"@type":"ListItem","position":2,"name":"Produkte","item":"https:\/\/botanian.com\/products\/"},{"@type":"ListItem","position":3,"name":"Balcony &#038; Vegetables Soil Mix"}]},{"@type":"WebSite","@id":"https:\/\/botanian.com\/de\/#website","url":"https:\/\/botanian.com\/de\/","name":"Botanian","description":"Growing wherever you can imagine","publisher":{"@id":"https:\/\/botanian.com\/de\/#organization"},"potentialAction":[{"@type":"SearchAction","target":{"@type":"EntryPoint","urlTemplate":"https:\/\/botanian.com\/de\/?s={search_term_string}"},"query-input":{"@type":"PropertyValueSpecification","valueRequired":true,"valueName":"search_term_string"}}],"inLanguage":"de"},{"@type":"Organization","@id":"https:\/\/botanian.com\/de\/#organization","name":"Botanian","url":"https:\/\/botanian.com\/de\/","logo":{"@type":"ImageObject","inLanguage":"de","@id":"https:\/\/botanian.com\/de\/#\/schema\/logo\/image\/","url":"https:\/\/botanian.com\/wp-content\/uploads\/botanian-logo.svg","contentUrl":"https:\/\/botanian.com\/wp-content\/uploads\/botanian-logo.svg","caption":"Botanian"},"image":{"@id":"https:\/\/botanian.com\/de\/#\/schema\/logo\/image\/"}}]}},"_links":{"self":[{"href":"https:\/\/botanian.com\/de\/wp-json\/wp\/v2\/product\/9107","targetHints":{"allow":["GET"]}}],"collection":[{"href":"https:\/\/botanian.com\/de\/wp-json\/wp\/v2\/product"}],"about":[{"href":"https:\/\/botanian.com\/de\/wp-json\/wp\/v2\/types\/product"}],"version-history":[{"count":1,"href":"https:\/\/botanian.com\/de\/wp-json\/wp\/v2\/product\/9107\/revisions"}],"predecessor-version":[{"id":9121,"href":"https:\/\/botanian.com\/de\/wp-json\/wp\/v2\/product\/9107\/revisions\/9121"}],"wp:featuredmedia":[{"embeddable":true,"href":"https:\/\/botanian.com\/de\/wp-json\/wp\/v2\/media\/9942"}],"wp:attachment":[{"href":"https:\/\/botanian.com\/de\/wp-json\/wp\/v2\/media?parent=9107"}],"wp:term":[{"taxonomy":"product_brand","embeddable":true,"href":"https:\/\/botanian.com\/de\/wp-json\/wp\/v2\/product_brand?post=9107"},{"taxonomy":"product_cat","embeddable":true,"href":"https:\/\/botanian.com\/de\/wp-json\/wp\/v2\/product_cat?post=9107"},{"taxonomy":"product_tag","embeddable":true,"href":"https:\/\/botanian.com\/de\/wp-json\/wp\/v2\/product_tag?post=9107"}],"curies":[{"name":"wp","href":"https:\/\/api.w.org\/{rel}","templated":true}]}}