{"id":9037,"date":"2025-03-06T12:32:18","date_gmt":"2025-03-06T12:32:18","guid":{"rendered":"https:\/\/botanian.com\/?post_type=product&#038;p=9037"},"modified":"2025-03-06T12:32:18","modified_gmt":"2025-03-06T12:32:18","slug":"grow-strips-35mm-3pack-peat-free","status":"publish","type":"product","link":"https:\/\/botanian.com\/de\/product\/grow-strips-35mm-3pack-peat-free\/","title":{"rendered":"Grow Strips"},"content":{"rendered":"<h2>Torffreie Grow Strips 12 Anzuchtzellen 3,5&#215;3,5 cm* 3x Pack<\/h2>\n<p>F\u00fcr alle Au\u00dfen- und Zimmerpflanzen, einschlie\u00dflich Gem\u00fcse, Kr\u00e4uter und Blumen.<\/p>\n<p>Egal f\u00fcr welches Produkt aus dem Botanian-Sortiment Sie sich entscheiden, der Einstieg ist nie schwierig.<br \/>\nEinfach und unkompliziert in der Anwendung \u2013 einfach Substrat, Wasser und Samen hinzuf\u00fcgen.<\/p>\n<h2>Produktinformationen<\/h2>\n<p>Dieses Paket enth\u00e4lt 3 Grow Strips mit jeweils 12 einzelnen Anzuchtzellen.<\/p>\n<p>Botanian Grow Strips f\u00f6rdern ein schnelleres und kr\u00e4ftigeres Wurzelwachstum im Vergleich zu Plastikt\u00f6pfen. Sie erleichtern das Umpflanzen, da sie Wurzelst\u00f6rungen vermeiden und Temperaturschwankungen im Wurzelbereich reduzieren.<\/p>\n<p>Diese Botanian Grow Strips bieten eine umweltfreundliche Alternative zur Pflanzenanzucht. Sie bestehen aus Torfmoos, einer nat\u00fcrlichen und erneuerbaren Ressource.<\/p>\n","protected":false},"excerpt":{"rendered":"<p>12 Anzuchtzellen 3,5&#215;3,5 cm 3x Pack torffrei<\/p>\n","protected":false},"featured_media":10262,"template":"","meta":{"site-sidebar-layout":"default","site-content-layout":"default","ast-site-content-layout":"default","site-content-style":"default","site-sidebar-style":"default","ast-global-header-display":"","ast-banner-title-visibility":"","ast-main-header-display":"","ast-hfb-above-header-display":"","ast-hfb-below-header-display":"","ast-hfb-mobile-header-display":"","site-post-title":"","ast-breadcrumbs-content":"","ast-featured-img":"","footer-sml-layout":"","ast-disable-related-posts":"","theme-transparent-header-meta":"default","adv-header-id-meta":"","stick-header-meta":"","header-above-stick-meta":"","header-main-stick-meta":"","header-below-stick-meta":"","astra-migrate-meta-layouts":"set","ast-page-background-enabled":"default","ast-page-background-meta":{"desktop":{"background-color":"var(--ast-global-color-4)","background-image":"","background-repeat":"repeat","background-position":"center center","background-size":"auto","background-attachment":"scroll","background-type":"","background-media":"","overlay-type":"","overlay-color":"","overlay-opacity":"","overlay-gradient":""},"tablet":{"background-color":"","background-image":"","background-repeat":"repeat","background-position":"center center","background-size":"auto","background-attachment":"scroll","background-type":"","background-media":"","overlay-type":"","overlay-color":"","overlay-opacity":"","overlay-gradient":""},"mobile":{"background-color":"","background-image":"","background-repeat":"repeat","background-position":"center center","background-size":"auto","background-attachment":"scroll","background-type":"","background-media":"","overlay-type":"","overlay-color":"","overlay-opacity":"","overlay-gradient":""}},"ast-content-background-meta":{"desktop":{"background-color":"var(--ast-global-color-5)","background-image":"","background-repeat":"repeat","background-position":"center center","background-size":"auto","background-attachment":"scroll","background-type":"","background-media":"","overlay-type":"","overlay-color":"","overlay-opacity":"","overlay-gradient":""},"tablet":{"background-color":"var(--ast-global-color-5)","background-image":"","background-repeat":"repeat","background-position":"center center","background-size":"auto","background-attachment":"scroll","background-type":"","background-media":"","overlay-type":"","overlay-color":"","overlay-opacity":"","overlay-gradient":""},"mobile":{"background-color":"var(--ast-global-color-5)","background-image":"","background-repeat":"repeat","background-position":"center center","background-size":"auto","background-attachment":"scroll","background-type":"","background-media":"","overlay-type":"","overlay-color":"","overlay-opacity":"","overlay-gradient":""}}},"product_brand":[],"product_cat":[277],"product_tag":[181],"class_list":{"0":"post-9037","1":"product","2":"type-product","3":"status-publish","4":"has-post-thumbnail","6":"product_cat-grow-strips-de","7":"product_tag-torffrei","8":"desktop-align-left","9":"tablet-align-left","10":"mobile-align-left","11":"ast-product-gallery-layout-horizontal-slider","12":"ast-product-gallery-with-no-image","13":"ast-magnify-disabled","14":"ast-product-tabs-layout-horizontal","16":"first","17":"instock","18":"shipping-taxable","19":"product-type-simple"},"yoast_head":"<!-- This site is optimized with the Yoast SEO plugin v27.4 - https:\/\/yoast.com\/product\/yoast-seo-wordpress\/ -->\n<title>Grow Strips - Botanian<\/title>\n<meta name=\"robots\" content=\"index, follow, max-snippet:-1, max-image-preview:large, max-video-preview:-1\" \/>\n<link rel=\"canonical\" href=\"https:\/\/botanian.com\/de\/product\/grow-strips-35mm-3pack-peat-free\/\" \/>\n<meta property=\"og:locale\" content=\"de_DE\" \/>\n<meta property=\"og:type\" content=\"article\" \/>\n<meta property=\"og:title\" content=\"Grow Strips - Botanian\" \/>\n<meta property=\"og:description\" content=\"12 Anzuchtzellen 3,5x3,5 cm 3x Pack torffrei\" \/>\n<meta property=\"og:url\" content=\"https:\/\/botanian.com\/de\/product\/grow-strips-35mm-3pack-peat-free\/\" \/>\n<meta property=\"og:site_name\" content=\"Botanian\" \/>\n<meta property=\"og:image\" content=\"https:\/\/botanian.com\/wp-content\/uploads\/botanian-placeholder.png\" \/>\n\t<meta property=\"og:image:width\" content=\"1024\" \/>\n\t<meta property=\"og:image:height\" content=\"1024\" \/>\n\t<meta property=\"og:image:type\" content=\"image\/png\" \/>\n<meta name=\"twitter:card\" content=\"summary_large_image\" \/>\n<meta name=\"twitter:label1\" content=\"Gesch\u00e4tzte Lesezeit\" \/>\n\t<meta name=\"twitter:data1\" content=\"1\u00a0Minute\" \/>\n<script type=\"application\/ld+json\" class=\"yoast-schema-graph\">{\"@context\":\"https:\\\/\\\/schema.org\",\"@graph\":[{\"@type\":\"WebPage\",\"@id\":\"https:\\\/\\\/botanian.com\\\/de\\\/product\\\/grow-strips-35mm-3pack-peat-free\\\/\",\"url\":\"https:\\\/\\\/botanian.com\\\/de\\\/product\\\/grow-strips-35mm-3pack-peat-free\\\/\",\"name\":\"Grow Strips - Botanian\",\"isPartOf\":{\"@id\":\"https:\\\/\\\/botanian.com\\\/de\\\/#website\"},\"primaryImageOfPage\":{\"@id\":\"https:\\\/\\\/botanian.com\\\/de\\\/product\\\/grow-strips-35mm-3pack-peat-free\\\/#primaryimage\"},\"image\":{\"@id\":\"https:\\\/\\\/botanian.com\\\/de\\\/product\\\/grow-strips-35mm-3pack-peat-free\\\/#primaryimage\"},\"thumbnailUrl\":\"https:\\\/\\\/botanian.com\\\/wp-content\\\/uploads\\\/botanian-grow-strips-peat-free.png\",\"datePublished\":\"2025-03-06T12:32:18+00:00\",\"breadcrumb\":{\"@id\":\"https:\\\/\\\/botanian.com\\\/de\\\/product\\\/grow-strips-35mm-3pack-peat-free\\\/#breadcrumb\"},\"inLanguage\":\"de\",\"potentialAction\":[{\"@type\":\"ReadAction\",\"target\":[\"https:\\\/\\\/botanian.com\\\/de\\\/product\\\/grow-strips-35mm-3pack-peat-free\\\/\"]}]},{\"@type\":\"ImageObject\",\"inLanguage\":\"de\",\"@id\":\"https:\\\/\\\/botanian.com\\\/de\\\/product\\\/grow-strips-35mm-3pack-peat-free\\\/#primaryimage\",\"url\":\"https:\\\/\\\/botanian.com\\\/wp-content\\\/uploads\\\/botanian-grow-strips-peat-free.png\",\"contentUrl\":\"https:\\\/\\\/botanian.com\\\/wp-content\\\/uploads\\\/botanian-grow-strips-peat-free.png\",\"width\":1024,\"height\":1024,\"caption\":\"Botanian Grow Strips Peat-free\"},{\"@type\":\"BreadcrumbList\",\"@id\":\"https:\\\/\\\/botanian.com\\\/de\\\/product\\\/grow-strips-35mm-3pack-peat-free\\\/#breadcrumb\",\"itemListElement\":[{\"@type\":\"ListItem\",\"position\":1,\"name\":\"Home\",\"item\":\"https:\\\/\\\/botanian.com\\\/de\\\/\"},{\"@type\":\"ListItem\",\"position\":2,\"name\":\"Produkte\",\"item\":\"https:\\\/\\\/botanian.com\\\/products\\\/\"},{\"@type\":\"ListItem\",\"position\":3,\"name\":\"Grow Strips\"}]},{\"@type\":\"WebSite\",\"@id\":\"https:\\\/\\\/botanian.com\\\/de\\\/#website\",\"url\":\"https:\\\/\\\/botanian.com\\\/de\\\/\",\"name\":\"Botanian\",\"description\":\"Growing wherever you can imagine\",\"publisher\":{\"@id\":\"https:\\\/\\\/botanian.com\\\/de\\\/#organization\"},\"potentialAction\":[{\"@type\":\"SearchAction\",\"target\":{\"@type\":\"EntryPoint\",\"urlTemplate\":\"https:\\\/\\\/botanian.com\\\/de\\\/?s={search_term_string}\"},\"query-input\":{\"@type\":\"PropertyValueSpecification\",\"valueRequired\":true,\"valueName\":\"search_term_string\"}}],\"inLanguage\":\"de\"},{\"@type\":\"Organization\",\"@id\":\"https:\\\/\\\/botanian.com\\\/de\\\/#organization\",\"name\":\"Botanian\",\"url\":\"https:\\\/\\\/botanian.com\\\/de\\\/\",\"logo\":{\"@type\":\"ImageObject\",\"inLanguage\":\"de\",\"@id\":\"https:\\\/\\\/botanian.com\\\/de\\\/#\\\/schema\\\/logo\\\/image\\\/\",\"url\":\"https:\\\/\\\/botanian.com\\\/wp-content\\\/uploads\\\/botanian-logo.svg\",\"contentUrl\":\"https:\\\/\\\/botanian.com\\\/wp-content\\\/uploads\\\/botanian-logo.svg\",\"caption\":\"Botanian\"},\"image\":{\"@id\":\"https:\\\/\\\/botanian.com\\\/de\\\/#\\\/schema\\\/logo\\\/image\\\/\"}}]}<\/script>\n<!-- \/ Yoast SEO plugin. -->","yoast_head_json":{"title":"Grow Strips - Botanian","robots":{"index":"index","follow":"follow","max-snippet":"max-snippet:-1","max-image-preview":"max-image-preview:large","max-video-preview":"max-video-preview:-1"},"canonical":"https:\/\/botanian.com\/de\/product\/grow-strips-35mm-3pack-peat-free\/","og_locale":"de_DE","og_type":"article","og_title":"Grow Strips - Botanian","og_description":"12 Anzuchtzellen 3,5x3,5 cm 3x Pack torffrei","og_url":"https:\/\/botanian.com\/de\/product\/grow-strips-35mm-3pack-peat-free\/","og_site_name":"Botanian","og_image":[{"width":1024,"height":1024,"url":"https:\/\/botanian.com\/wp-content\/uploads\/botanian-placeholder.png","type":"image\/png"}],"twitter_card":"summary_large_image","twitter_misc":{"Gesch\u00e4tzte Lesezeit":"1\u00a0Minute"},"schema":{"@context":"https:\/\/schema.org","@graph":[{"@type":"WebPage","@id":"https:\/\/botanian.com\/de\/product\/grow-strips-35mm-3pack-peat-free\/","url":"https:\/\/botanian.com\/de\/product\/grow-strips-35mm-3pack-peat-free\/","name":"Grow Strips - Botanian","isPartOf":{"@id":"https:\/\/botanian.com\/de\/#website"},"primaryImageOfPage":{"@id":"https:\/\/botanian.com\/de\/product\/grow-strips-35mm-3pack-peat-free\/#primaryimage"},"image":{"@id":"https:\/\/botanian.com\/de\/product\/grow-strips-35mm-3pack-peat-free\/#primaryimage"},"thumbnailUrl":"https:\/\/botanian.com\/wp-content\/uploads\/botanian-grow-strips-peat-free.png","datePublished":"2025-03-06T12:32:18+00:00","breadcrumb":{"@id":"https:\/\/botanian.com\/de\/product\/grow-strips-35mm-3pack-peat-free\/#breadcrumb"},"inLanguage":"de","potentialAction":[{"@type":"ReadAction","target":["https:\/\/botanian.com\/de\/product\/grow-strips-35mm-3pack-peat-free\/"]}]},{"@type":"ImageObject","inLanguage":"de","@id":"https:\/\/botanian.com\/de\/product\/grow-strips-35mm-3pack-peat-free\/#primaryimage","url":"https:\/\/botanian.com\/wp-content\/uploads\/botanian-grow-strips-peat-free.png","contentUrl":"https:\/\/botanian.com\/wp-content\/uploads\/botanian-grow-strips-peat-free.png","width":1024,"height":1024,"caption":"Botanian Grow Strips Peat-free"},{"@type":"BreadcrumbList","@id":"https:\/\/botanian.com\/de\/product\/grow-strips-35mm-3pack-peat-free\/#breadcrumb","itemListElement":[{"@type":"ListItem","position":1,"name":"Home","item":"https:\/\/botanian.com\/de\/"},{"@type":"ListItem","position":2,"name":"Produkte","item":"https:\/\/botanian.com\/products\/"},{"@type":"ListItem","position":3,"name":"Grow Strips"}]},{"@type":"WebSite","@id":"https:\/\/botanian.com\/de\/#website","url":"https:\/\/botanian.com\/de\/","name":"Botanian","description":"Growing wherever you can imagine","publisher":{"@id":"https:\/\/botanian.com\/de\/#organization"},"potentialAction":[{"@type":"SearchAction","target":{"@type":"EntryPoint","urlTemplate":"https:\/\/botanian.com\/de\/?s={search_term_string}"},"query-input":{"@type":"PropertyValueSpecification","valueRequired":true,"valueName":"search_term_string"}}],"inLanguage":"de"},{"@type":"Organization","@id":"https:\/\/botanian.com\/de\/#organization","name":"Botanian","url":"https:\/\/botanian.com\/de\/","logo":{"@type":"ImageObject","inLanguage":"de","@id":"https:\/\/botanian.com\/de\/#\/schema\/logo\/image\/","url":"https:\/\/botanian.com\/wp-content\/uploads\/botanian-logo.svg","contentUrl":"https:\/\/botanian.com\/wp-content\/uploads\/botanian-logo.svg","caption":"Botanian"},"image":{"@id":"https:\/\/botanian.com\/de\/#\/schema\/logo\/image\/"}}]}},"_links":{"self":[{"href":"https:\/\/botanian.com\/de\/wp-json\/wp\/v2\/product\/9037","targetHints":{"allow":["GET"]}}],"collection":[{"href":"https:\/\/botanian.com\/de\/wp-json\/wp\/v2\/product"}],"about":[{"href":"https:\/\/botanian.com\/de\/wp-json\/wp\/v2\/types\/product"}],"version-history":[{"count":2,"href":"https:\/\/botanian.com\/de\/wp-json\/wp\/v2\/product\/9037\/revisions"}],"predecessor-version":[{"id":9089,"href":"https:\/\/botanian.com\/de\/wp-json\/wp\/v2\/product\/9037\/revisions\/9089"}],"wp:featuredmedia":[{"embeddable":true,"href":"https:\/\/botanian.com\/de\/wp-json\/wp\/v2\/media\/10262"}],"wp:attachment":[{"href":"https:\/\/botanian.com\/de\/wp-json\/wp\/v2\/media?parent=9037"}],"wp:term":[{"taxonomy":"product_brand","embeddable":true,"href":"https:\/\/botanian.com\/de\/wp-json\/wp\/v2\/product_brand?post=9037"},{"taxonomy":"product_cat","embeddable":true,"href":"https:\/\/botanian.com\/de\/wp-json\/wp\/v2\/product_cat?post=9037"},{"taxonomy":"product_tag","embeddable":true,"href":"https:\/\/botanian.com\/de\/wp-json\/wp\/v2\/product_tag?post=9037"}],"curies":[{"name":"wp","href":"https:\/\/api.w.org\/{rel}","templated":true}]}}