{"id":4295,"date":"2023-06-19T17:50:36","date_gmt":"2023-06-19T17:50:36","guid":{"rendered":"https:\/\/botanian.com\/product\/grow-pellets-2\/"},"modified":"2024-12-02T13:16:20","modified_gmt":"2024-12-02T13:16:20","slug":"grow-pellets-2","status":"publish","type":"product","link":"https:\/\/botanian.com\/de\/product\/grow-pellets-2\/","title":{"rendered":"Grow Pellets"},"content":{"rendered":"<h2>36 mm* torffreie Pellets, 24er Pack<\/h2>\n<p>F\u00fcr alle Outdoor- und Indoor-Pflanzen, einschlie\u00dflich Gem\u00fcse, Kr\u00e4uter und Blumen<br \/>\nDas perfekte Produkt f\u00fcr jeden Anf\u00e4nger oder erfahrenen G\u00e4rtner. Diese Pellets expandieren mit der Zugabe von Wasser und schaffen so das ideale Zuhause f\u00fcr das Wachstum von Setzlingen und Stecklingen.<br \/>\nEinfach und leicht zu verwenden \u2013 einfach Wasser und Samen hinzuf\u00fcgen!<\/p>\n<h2>Produktinformationen<\/h2>\n<p>Dieses Paket enth\u00e4lt 36 torffreie Pellets, 36 mm*<\/p>\n<p>Mit Botanian Pellets erhalten Sie mehr Blumen, Fr\u00fcchte und Gem\u00fcse. Das liegt daran, dass die entscheidende Wurzelentwicklung der Pflanzen nicht gest\u00f6rt wird. Wenn es Zeit ist, Ihre Pflanzen in einen gr\u00f6\u00dferen Beh\u00e4lter oder in den Garten zu verpflanzen, setzen Sie sie einfach mit dem intakten Pellet um.<\/p>\n<p>Diese Botanian Pellets sind torffrei. Sie bestehen aus Kokosfaser (\u201ekoy-ah\u201c), einem umweltfreundlichen Nebenprodukt der Kokosverarbeitungsindustrie. Wir beschaffen und verarbeiten unsere Kokosnussschalen verantwortungsbewusst.<\/p>\n","protected":false},"excerpt":{"rendered":"<p>36 mm Pellets, 24er Pack<\/p>\n","protected":false},"featured_media":3994,"template":"","meta":{"site-sidebar-layout":"default","site-content-layout":"default","ast-site-content-layout":"default","site-content-style":"default","site-sidebar-style":"default","ast-global-header-display":"","ast-banner-title-visibility":"","ast-main-header-display":"","ast-hfb-above-header-display":"","ast-hfb-below-header-display":"","ast-hfb-mobile-header-display":"","site-post-title":"","ast-breadcrumbs-content":"","ast-featured-img":"","footer-sml-layout":"","ast-disable-related-posts":"","theme-transparent-header-meta":"default","adv-header-id-meta":"","stick-header-meta":"","header-above-stick-meta":"","header-main-stick-meta":"","header-below-stick-meta":"","astra-migrate-meta-layouts":"default","ast-page-background-enabled":"default","ast-page-background-meta":{"desktop":{"background-color":"var(--ast-global-color-4)","background-image":"","background-repeat":"repeat","background-position":"center center","background-size":"auto","background-attachment":"scroll","background-type":"","background-media":"","overlay-type":"","overlay-color":"","overlay-opacity":"","overlay-gradient":""},"tablet":{"background-color":"","background-image":"","background-repeat":"repeat","background-position":"center center","background-size":"auto","background-attachment":"scroll","background-type":"","background-media":"","overlay-type":"","overlay-color":"","overlay-opacity":"","overlay-gradient":""},"mobile":{"background-color":"","background-image":"","background-repeat":"repeat","background-position":"center center","background-size":"auto","background-attachment":"scroll","background-type":"","background-media":"","overlay-type":"","overlay-color":"","overlay-opacity":"","overlay-gradient":""}},"ast-content-background-meta":{"desktop":{"background-color":"var(--ast-global-color-5)","background-image":"","background-repeat":"repeat","background-position":"center center","background-size":"auto","background-attachment":"scroll","background-type":"","background-media":"","overlay-type":"","overlay-color":"","overlay-opacity":"","overlay-gradient":""},"tablet":{"background-color":"var(--ast-global-color-5)","background-image":"","background-repeat":"repeat","background-position":"center center","background-size":"auto","background-attachment":"scroll","background-type":"","background-media":"","overlay-type":"","overlay-color":"","overlay-opacity":"","overlay-gradient":""},"mobile":{"background-color":"var(--ast-global-color-5)","background-image":"","background-repeat":"repeat","background-position":"center center","background-size":"auto","background-attachment":"scroll","background-type":"","background-media":"","overlay-type":"","overlay-color":"","overlay-opacity":"","overlay-gradient":""}}},"product_brand":[],"product_cat":[86],"product_tag":[181],"class_list":{"0":"post-4295","1":"product","2":"type-product","3":"status-publish","4":"has-post-thumbnail","6":"product_cat-grow-pellets","7":"product_tag-torffrei","8":"desktop-align-left","9":"tablet-align-left","10":"mobile-align-left","11":"ast-product-gallery-layout-horizontal-slider","12":"ast-magnify-disabled","13":"ast-product-tabs-layout-horizontal","15":"first","16":"instock","17":"shipping-taxable","18":"product-type-simple"},"yoast_head":"<!-- This site is optimized with the Yoast SEO plugin v27.3 - https:\/\/yoast.com\/product\/yoast-seo-wordpress\/ -->\n<title>Grow Pellets - Botanian<\/title>\n<meta name=\"robots\" content=\"index, follow, max-snippet:-1, max-image-preview:large, max-video-preview:-1\" \/>\n<link rel=\"canonical\" href=\"https:\/\/botanian.com\/de\/product\/grow-pellets-2\/\" \/>\n<meta property=\"og:locale\" content=\"de_DE\" \/>\n<meta property=\"og:type\" content=\"article\" \/>\n<meta property=\"og:title\" content=\"Grow Pellets - Botanian\" \/>\n<meta property=\"og:description\" content=\"36 mm Pellets, 24er Pack\" \/>\n<meta property=\"og:url\" content=\"https:\/\/botanian.com\/de\/product\/grow-pellets-2\/\" \/>\n<meta property=\"og:site_name\" content=\"Botanian\" \/>\n<meta property=\"article:modified_time\" content=\"2024-12-02T13:16:20+00:00\" \/>\n<meta property=\"og:image\" content=\"https:\/\/botanian.com\/wp-content\/uploads\/botanian-grow-pellets-110151-36-mm-peat-free-24x-pack-front-winner.png\" \/>\n\t<meta property=\"og:image:width\" content=\"1000\" \/>\n\t<meta property=\"og:image:height\" content=\"1000\" \/>\n\t<meta property=\"og:image:type\" content=\"image\/png\" \/>\n<meta name=\"twitter:card\" content=\"summary_large_image\" \/>\n<meta name=\"twitter:label1\" content=\"Gesch\u00e4tzte Lesezeit\" \/>\n\t<meta name=\"twitter:data1\" content=\"1\u00a0Minute\" \/>\n<script type=\"application\/ld+json\" class=\"yoast-schema-graph\">{\"@context\":\"https:\\\/\\\/schema.org\",\"@graph\":[{\"@type\":\"WebPage\",\"@id\":\"https:\\\/\\\/botanian.com\\\/de\\\/product\\\/grow-pellets-2\\\/\",\"url\":\"https:\\\/\\\/botanian.com\\\/de\\\/product\\\/grow-pellets-2\\\/\",\"name\":\"Grow Pellets - Botanian\",\"isPartOf\":{\"@id\":\"https:\\\/\\\/botanian.com\\\/de\\\/#website\"},\"primaryImageOfPage\":{\"@id\":\"https:\\\/\\\/botanian.com\\\/de\\\/product\\\/grow-pellets-2\\\/#primaryimage\"},\"image\":{\"@id\":\"https:\\\/\\\/botanian.com\\\/de\\\/product\\\/grow-pellets-2\\\/#primaryimage\"},\"thumbnailUrl\":\"https:\\\/\\\/botanian.com\\\/wp-content\\\/uploads\\\/botanian-grow-pellets-110151-36-mm-peat-free-24x-pack-front-winner.png\",\"datePublished\":\"2023-06-19T17:50:36+00:00\",\"dateModified\":\"2024-12-02T13:16:20+00:00\",\"breadcrumb\":{\"@id\":\"https:\\\/\\\/botanian.com\\\/de\\\/product\\\/grow-pellets-2\\\/#breadcrumb\"},\"inLanguage\":\"de\",\"potentialAction\":[{\"@type\":\"ReadAction\",\"target\":[\"https:\\\/\\\/botanian.com\\\/de\\\/product\\\/grow-pellets-2\\\/\"]}]},{\"@type\":\"ImageObject\",\"inLanguage\":\"de\",\"@id\":\"https:\\\/\\\/botanian.com\\\/de\\\/product\\\/grow-pellets-2\\\/#primaryimage\",\"url\":\"https:\\\/\\\/botanian.com\\\/wp-content\\\/uploads\\\/botanian-grow-pellets-110151-36-mm-peat-free-24x-pack-front-winner.png\",\"contentUrl\":\"https:\\\/\\\/botanian.com\\\/wp-content\\\/uploads\\\/botanian-grow-pellets-110151-36-mm-peat-free-24x-pack-front-winner.png\",\"width\":1000,\"height\":1000,\"caption\":\"Grow pellets\"},{\"@type\":\"BreadcrumbList\",\"@id\":\"https:\\\/\\\/botanian.com\\\/de\\\/product\\\/grow-pellets-2\\\/#breadcrumb\",\"itemListElement\":[{\"@type\":\"ListItem\",\"position\":1,\"name\":\"Home\",\"item\":\"https:\\\/\\\/botanian.com\\\/de\\\/\"},{\"@type\":\"ListItem\",\"position\":2,\"name\":\"Produkte\",\"item\":\"https:\\\/\\\/botanian.com\\\/products\\\/\"},{\"@type\":\"ListItem\",\"position\":3,\"name\":\"Grow Pellets\"}]},{\"@type\":\"WebSite\",\"@id\":\"https:\\\/\\\/botanian.com\\\/de\\\/#website\",\"url\":\"https:\\\/\\\/botanian.com\\\/de\\\/\",\"name\":\"Botanian\",\"description\":\"Growing wherever you can imagine\",\"publisher\":{\"@id\":\"https:\\\/\\\/botanian.com\\\/de\\\/#organization\"},\"potentialAction\":[{\"@type\":\"SearchAction\",\"target\":{\"@type\":\"EntryPoint\",\"urlTemplate\":\"https:\\\/\\\/botanian.com\\\/de\\\/?s={search_term_string}\"},\"query-input\":{\"@type\":\"PropertyValueSpecification\",\"valueRequired\":true,\"valueName\":\"search_term_string\"}}],\"inLanguage\":\"de\"},{\"@type\":\"Organization\",\"@id\":\"https:\\\/\\\/botanian.com\\\/de\\\/#organization\",\"name\":\"Botanian\",\"url\":\"https:\\\/\\\/botanian.com\\\/de\\\/\",\"logo\":{\"@type\":\"ImageObject\",\"inLanguage\":\"de\",\"@id\":\"https:\\\/\\\/botanian.com\\\/de\\\/#\\\/schema\\\/logo\\\/image\\\/\",\"url\":\"https:\\\/\\\/botanian.com\\\/wp-content\\\/uploads\\\/botanian-logo.svg\",\"contentUrl\":\"https:\\\/\\\/botanian.com\\\/wp-content\\\/uploads\\\/botanian-logo.svg\",\"caption\":\"Botanian\"},\"image\":{\"@id\":\"https:\\\/\\\/botanian.com\\\/de\\\/#\\\/schema\\\/logo\\\/image\\\/\"}}]}<\/script>\n<!-- \/ Yoast SEO plugin. -->","yoast_head_json":{"title":"Grow Pellets - Botanian","robots":{"index":"index","follow":"follow","max-snippet":"max-snippet:-1","max-image-preview":"max-image-preview:large","max-video-preview":"max-video-preview:-1"},"canonical":"https:\/\/botanian.com\/de\/product\/grow-pellets-2\/","og_locale":"de_DE","og_type":"article","og_title":"Grow Pellets - Botanian","og_description":"36 mm Pellets, 24er Pack","og_url":"https:\/\/botanian.com\/de\/product\/grow-pellets-2\/","og_site_name":"Botanian","article_modified_time":"2024-12-02T13:16:20+00:00","og_image":[{"width":1000,"height":1000,"url":"https:\/\/botanian.com\/wp-content\/uploads\/botanian-grow-pellets-110151-36-mm-peat-free-24x-pack-front-winner.png","type":"image\/png"}],"twitter_card":"summary_large_image","twitter_misc":{"Gesch\u00e4tzte Lesezeit":"1\u00a0Minute"},"schema":{"@context":"https:\/\/schema.org","@graph":[{"@type":"WebPage","@id":"https:\/\/botanian.com\/de\/product\/grow-pellets-2\/","url":"https:\/\/botanian.com\/de\/product\/grow-pellets-2\/","name":"Grow Pellets - Botanian","isPartOf":{"@id":"https:\/\/botanian.com\/de\/#website"},"primaryImageOfPage":{"@id":"https:\/\/botanian.com\/de\/product\/grow-pellets-2\/#primaryimage"},"image":{"@id":"https:\/\/botanian.com\/de\/product\/grow-pellets-2\/#primaryimage"},"thumbnailUrl":"https:\/\/botanian.com\/wp-content\/uploads\/botanian-grow-pellets-110151-36-mm-peat-free-24x-pack-front-winner.png","datePublished":"2023-06-19T17:50:36+00:00","dateModified":"2024-12-02T13:16:20+00:00","breadcrumb":{"@id":"https:\/\/botanian.com\/de\/product\/grow-pellets-2\/#breadcrumb"},"inLanguage":"de","potentialAction":[{"@type":"ReadAction","target":["https:\/\/botanian.com\/de\/product\/grow-pellets-2\/"]}]},{"@type":"ImageObject","inLanguage":"de","@id":"https:\/\/botanian.com\/de\/product\/grow-pellets-2\/#primaryimage","url":"https:\/\/botanian.com\/wp-content\/uploads\/botanian-grow-pellets-110151-36-mm-peat-free-24x-pack-front-winner.png","contentUrl":"https:\/\/botanian.com\/wp-content\/uploads\/botanian-grow-pellets-110151-36-mm-peat-free-24x-pack-front-winner.png","width":1000,"height":1000,"caption":"Grow pellets"},{"@type":"BreadcrumbList","@id":"https:\/\/botanian.com\/de\/product\/grow-pellets-2\/#breadcrumb","itemListElement":[{"@type":"ListItem","position":1,"name":"Home","item":"https:\/\/botanian.com\/de\/"},{"@type":"ListItem","position":2,"name":"Produkte","item":"https:\/\/botanian.com\/products\/"},{"@type":"ListItem","position":3,"name":"Grow Pellets"}]},{"@type":"WebSite","@id":"https:\/\/botanian.com\/de\/#website","url":"https:\/\/botanian.com\/de\/","name":"Botanian","description":"Growing wherever you can imagine","publisher":{"@id":"https:\/\/botanian.com\/de\/#organization"},"potentialAction":[{"@type":"SearchAction","target":{"@type":"EntryPoint","urlTemplate":"https:\/\/botanian.com\/de\/?s={search_term_string}"},"query-input":{"@type":"PropertyValueSpecification","valueRequired":true,"valueName":"search_term_string"}}],"inLanguage":"de"},{"@type":"Organization","@id":"https:\/\/botanian.com\/de\/#organization","name":"Botanian","url":"https:\/\/botanian.com\/de\/","logo":{"@type":"ImageObject","inLanguage":"de","@id":"https:\/\/botanian.com\/de\/#\/schema\/logo\/image\/","url":"https:\/\/botanian.com\/wp-content\/uploads\/botanian-logo.svg","contentUrl":"https:\/\/botanian.com\/wp-content\/uploads\/botanian-logo.svg","caption":"Botanian"},"image":{"@id":"https:\/\/botanian.com\/de\/#\/schema\/logo\/image\/"}}]}},"_links":{"self":[{"href":"https:\/\/botanian.com\/de\/wp-json\/wp\/v2\/product\/4295","targetHints":{"allow":["GET"]}}],"collection":[{"href":"https:\/\/botanian.com\/de\/wp-json\/wp\/v2\/product"}],"about":[{"href":"https:\/\/botanian.com\/de\/wp-json\/wp\/v2\/types\/product"}],"version-history":[{"count":1,"href":"https:\/\/botanian.com\/de\/wp-json\/wp\/v2\/product\/4295\/revisions"}],"predecessor-version":[{"id":4307,"href":"https:\/\/botanian.com\/de\/wp-json\/wp\/v2\/product\/4295\/revisions\/4307"}],"wp:featuredmedia":[{"embeddable":true,"href":"https:\/\/botanian.com\/de\/wp-json\/wp\/v2\/media\/3994"}],"wp:attachment":[{"href":"https:\/\/botanian.com\/de\/wp-json\/wp\/v2\/media?parent=4295"}],"wp:term":[{"taxonomy":"product_brand","embeddable":true,"href":"https:\/\/botanian.com\/de\/wp-json\/wp\/v2\/product_brand?post=4295"},{"taxonomy":"product_cat","embeddable":true,"href":"https:\/\/botanian.com\/de\/wp-json\/wp\/v2\/product_cat?post=4295"},{"taxonomy":"product_tag","embeddable":true,"href":"https:\/\/botanian.com\/de\/wp-json\/wp\/v2\/product_tag?post=4295"}],"curies":[{"name":"wp","href":"https:\/\/api.w.org\/{rel}","templated":true}]}}