{"id":10500,"date":"2026-03-15T14:29:37","date_gmt":"2026-03-15T14:29:37","guid":{"rendered":"https:\/\/botanian.com\/?post_type=product&#038;p=10500"},"modified":"2026-04-03T12:55:15","modified_gmt":"2026-04-03T12:55:15","slug":"grow-block-kit-peat-free","status":"publish","type":"product","link":"https:\/\/botanian.com\/de\/product\/grow-block-kit-peat-free\/","title":{"rendered":"Grow Block Kit"},"content":{"rendered":"<h2>Grow Block Kit mit 80x80mm* Grow Blocks, 6er-Pack<\/h2>\n<p>F\u00fcr alle Outdoor- und Indoor-Pflanzen, einschlie\u00dflich Gem\u00fcse, Kr\u00e4uter und Blumen.<\/p>\n<p>Das ultimative Upgrade f\u00fcr Ihre Botanian Pellets zur effektiven Vermehrung von Samen und Stecklingen und zur Entwicklung eines stabileren Wurzelsystems vor der Umpflanzung. Das perfekte Produkt f\u00fcr jeden Anf\u00e4nger oder erfahrenen G\u00e4rtner. Grow Blocks eignen sich hervorragend f\u00fcr den Anbau gr\u00f6\u00dferer Kulturen wie Tomaten, Gurken, Zucchini, Auberginen und K\u00fcrbisse.<br \/>\nEinfach und benutzerfreundlich \u2013 einfach Wasser und Pellets hinzuf\u00fcgen!<\/p>\n<p>Die Grow Blocks k\u00f6nnen auch direkt mit Samen oder Stecklingen verwendet werden, f\u00fcr beste Ergebnisse wird jedoch dringend empfohlen, sie zusammen mit Botanian Pellets zu verwenden.<\/p>\n<h2>Produktinformationen<\/h2>\n<p>Dieses Botanian Grow Block Kit enth\u00e4lt: 6 Grow Blocks 80x80mm*, 1 wasserdichte Schale mit Deckel.<\/p>\n<p>Mit Botanian\u00ae Grow Blocks erhalten Sie mehr Blumen, Fr\u00fcchte und Gem\u00fcse. Das liegt daran, dass die so wichtige Wurzelentwicklung der Pflanzen nicht gest\u00f6rt wird. Tats\u00e4chlich erm\u00f6glichen die Grow Blocks, dass Ihre Samen oder Stecklinge ein noch stabileres Wurzelsystem entwickeln, bevor sie in einen gr\u00f6\u00dferen Beh\u00e4lter oder direkt in Ihren Garten umgepflanzt werden, w\u00e4hrend die Grow Blocks intakt bleiben.<\/p>\n<p>Diese Botanian\u00ae Grow Blocks sind torffrei. Sie bestehen aus Kokosfaser (Coir), einem Nebenprodukt der Kokosverarbeitungsindustrie. Wir beziehen und verarbeiten unsere Kokosschalen auf verantwortungsvolle Weise.<\/p>\n<p>Die Schale und der Deckel sind wiederverwendbar. F\u00fcllen Sie sie einfach mit Botanian Grow Blocks auf und Sie k\u00f6nnen mit Ihrer n\u00e4chsten Anzucht beginnen.<br \/>\nDie Schale kann auch mit Ihren Botanian Grow Pots wiederverwendet werden, um Ihre Umgebung trocken und sauber zu halten.<\/p>\n","protected":false},"excerpt":{"rendered":"<p>80x80mm Grow Blocks, 6er-Pack<\/p>\n","protected":false},"featured_media":8911,"template":"","meta":{"site-sidebar-layout":"default","site-content-layout":"default","ast-site-content-layout":"default","site-content-style":"default","site-sidebar-style":"default","ast-global-header-display":"","ast-banner-title-visibility":"","ast-main-header-display":"","ast-hfb-above-header-display":"","ast-hfb-below-header-display":"","ast-hfb-mobile-header-display":"","site-post-title":"","ast-breadcrumbs-content":"","ast-featured-img":"","footer-sml-layout":"","ast-disable-related-posts":"","theme-transparent-header-meta":"default","adv-header-id-meta":"","stick-header-meta":"","header-above-stick-meta":"","header-main-stick-meta":"","header-below-stick-meta":"","astra-migrate-meta-layouts":"set","ast-page-background-enabled":"default","ast-page-background-meta":{"desktop":{"background-color":"var(--ast-global-color-4)","background-image":"","background-repeat":"repeat","background-position":"center center","background-size":"auto","background-attachment":"scroll","background-type":"","background-media":"","overlay-type":"","overlay-color":"","overlay-opacity":"","overlay-gradient":""},"tablet":{"background-color":"","background-image":"","background-repeat":"repeat","background-position":"center center","background-size":"auto","background-attachment":"scroll","background-type":"","background-media":"","overlay-type":"","overlay-color":"","overlay-opacity":"","overlay-gradient":""},"mobile":{"background-color":"","background-image":"","background-repeat":"repeat","background-position":"center center","background-size":"auto","background-attachment":"scroll","background-type":"","background-media":"","overlay-type":"","overlay-color":"","overlay-opacity":"","overlay-gradient":""}},"ast-content-background-meta":{"desktop":{"background-color":"var(--ast-global-color-5)","background-image":"","background-repeat":"repeat","background-position":"center center","background-size":"auto","background-attachment":"scroll","background-type":"","background-media":"","overlay-type":"","overlay-color":"","overlay-opacity":"","overlay-gradient":""},"tablet":{"background-color":"var(--ast-global-color-5)","background-image":"","background-repeat":"repeat","background-position":"center center","background-size":"auto","background-attachment":"scroll","background-type":"","background-media":"","overlay-type":"","overlay-color":"","overlay-opacity":"","overlay-gradient":""},"mobile":{"background-color":"var(--ast-global-color-5)","background-image":"","background-repeat":"repeat","background-position":"center center","background-size":"auto","background-attachment":"scroll","background-type":"","background-media":"","overlay-type":"","overlay-color":"","overlay-opacity":"","overlay-gradient":""}}},"product_brand":[],"product_cat":[293],"product_tag":[181],"class_list":{"0":"post-10500","1":"product","2":"type-product","3":"status-publish","4":"has-post-thumbnail","6":"product_cat-grow-block-kits","7":"product_tag-torffrei","8":"desktop-align-left","9":"tablet-align-left","10":"mobile-align-left","11":"ast-product-gallery-layout-horizontal-slider","12":"ast-product-gallery-with-no-image","13":"ast-magnify-disabled","14":"ast-product-tabs-layout-horizontal","16":"first","17":"instock","18":"shipping-taxable","19":"product-type-simple"},"yoast_head":"<!-- This site is optimized with the Yoast SEO plugin v27.4 - https:\/\/yoast.com\/product\/yoast-seo-wordpress\/ -->\n<title>Grow Block Kit - Botanian<\/title>\n<meta name=\"robots\" content=\"index, follow, max-snippet:-1, max-image-preview:large, max-video-preview:-1\" \/>\n<link rel=\"canonical\" href=\"https:\/\/botanian.com\/de\/product\/grow-block-kit-peat-free\/\" \/>\n<meta property=\"og:locale\" content=\"de_DE\" \/>\n<meta property=\"og:type\" content=\"article\" \/>\n<meta property=\"og:title\" content=\"Grow Block Kit - Botanian\" \/>\n<meta property=\"og:description\" content=\"80x80mm Grow Blocks, 6er-Pack\" \/>\n<meta property=\"og:url\" content=\"https:\/\/botanian.com\/de\/product\/grow-block-kit-peat-free\/\" \/>\n<meta property=\"og:site_name\" content=\"Botanian\" \/>\n<meta property=\"article:modified_time\" content=\"2026-04-03T12:55:15+00:00\" \/>\n<meta property=\"og:image\" content=\"https:\/\/botanian.com\/wp-content\/uploads\/botanian-placeholder.png\" \/>\n\t<meta property=\"og:image:width\" content=\"1024\" \/>\n\t<meta property=\"og:image:height\" content=\"1024\" \/>\n\t<meta property=\"og:image:type\" content=\"image\/png\" \/>\n<meta name=\"twitter:card\" content=\"summary_large_image\" \/>\n<meta name=\"twitter:label1\" content=\"Gesch\u00e4tzte Lesezeit\" \/>\n\t<meta name=\"twitter:data1\" content=\"1\u00a0Minute\" \/>\n<script type=\"application\/ld+json\" class=\"yoast-schema-graph\">{\"@context\":\"https:\\\/\\\/schema.org\",\"@graph\":[{\"@type\":\"WebPage\",\"@id\":\"https:\\\/\\\/botanian.com\\\/de\\\/product\\\/grow-block-kit-peat-free\\\/\",\"url\":\"https:\\\/\\\/botanian.com\\\/de\\\/product\\\/grow-block-kit-peat-free\\\/\",\"name\":\"Grow Block Kit - Botanian\",\"isPartOf\":{\"@id\":\"https:\\\/\\\/botanian.com\\\/de\\\/#website\"},\"primaryImageOfPage\":{\"@id\":\"https:\\\/\\\/botanian.com\\\/de\\\/product\\\/grow-block-kit-peat-free\\\/#primaryimage\"},\"image\":{\"@id\":\"https:\\\/\\\/botanian.com\\\/de\\\/product\\\/grow-block-kit-peat-free\\\/#primaryimage\"},\"thumbnailUrl\":\"https:\\\/\\\/botanian.com\\\/wp-content\\\/uploads\\\/botanian-placeholder.png\",\"datePublished\":\"2026-03-15T14:29:37+00:00\",\"dateModified\":\"2026-04-03T12:55:15+00:00\",\"breadcrumb\":{\"@id\":\"https:\\\/\\\/botanian.com\\\/de\\\/product\\\/grow-block-kit-peat-free\\\/#breadcrumb\"},\"inLanguage\":\"de\",\"potentialAction\":[{\"@type\":\"ReadAction\",\"target\":[\"https:\\\/\\\/botanian.com\\\/de\\\/product\\\/grow-block-kit-peat-free\\\/\"]}]},{\"@type\":\"ImageObject\",\"inLanguage\":\"de\",\"@id\":\"https:\\\/\\\/botanian.com\\\/de\\\/product\\\/grow-block-kit-peat-free\\\/#primaryimage\",\"url\":\"https:\\\/\\\/botanian.com\\\/wp-content\\\/uploads\\\/botanian-placeholder.png\",\"contentUrl\":\"https:\\\/\\\/botanian.com\\\/wp-content\\\/uploads\\\/botanian-placeholder.png\",\"width\":1024,\"height\":1024},{\"@type\":\"BreadcrumbList\",\"@id\":\"https:\\\/\\\/botanian.com\\\/de\\\/product\\\/grow-block-kit-peat-free\\\/#breadcrumb\",\"itemListElement\":[{\"@type\":\"ListItem\",\"position\":1,\"name\":\"Home\",\"item\":\"https:\\\/\\\/botanian.com\\\/de\\\/\"},{\"@type\":\"ListItem\",\"position\":2,\"name\":\"Produkte\",\"item\":\"https:\\\/\\\/botanian.com\\\/products\\\/\"},{\"@type\":\"ListItem\",\"position\":3,\"name\":\"Grow Block Kit\"}]},{\"@type\":\"WebSite\",\"@id\":\"https:\\\/\\\/botanian.com\\\/de\\\/#website\",\"url\":\"https:\\\/\\\/botanian.com\\\/de\\\/\",\"name\":\"Botanian\",\"description\":\"Growing wherever you can imagine\",\"publisher\":{\"@id\":\"https:\\\/\\\/botanian.com\\\/de\\\/#organization\"},\"potentialAction\":[{\"@type\":\"SearchAction\",\"target\":{\"@type\":\"EntryPoint\",\"urlTemplate\":\"https:\\\/\\\/botanian.com\\\/de\\\/?s={search_term_string}\"},\"query-input\":{\"@type\":\"PropertyValueSpecification\",\"valueRequired\":true,\"valueName\":\"search_term_string\"}}],\"inLanguage\":\"de\"},{\"@type\":\"Organization\",\"@id\":\"https:\\\/\\\/botanian.com\\\/de\\\/#organization\",\"name\":\"Botanian\",\"url\":\"https:\\\/\\\/botanian.com\\\/de\\\/\",\"logo\":{\"@type\":\"ImageObject\",\"inLanguage\":\"de\",\"@id\":\"https:\\\/\\\/botanian.com\\\/de\\\/#\\\/schema\\\/logo\\\/image\\\/\",\"url\":\"https:\\\/\\\/botanian.com\\\/wp-content\\\/uploads\\\/botanian-logo.svg\",\"contentUrl\":\"https:\\\/\\\/botanian.com\\\/wp-content\\\/uploads\\\/botanian-logo.svg\",\"caption\":\"Botanian\"},\"image\":{\"@id\":\"https:\\\/\\\/botanian.com\\\/de\\\/#\\\/schema\\\/logo\\\/image\\\/\"}}]}<\/script>\n<!-- \/ Yoast SEO plugin. -->","yoast_head_json":{"title":"Grow Block Kit - Botanian","robots":{"index":"index","follow":"follow","max-snippet":"max-snippet:-1","max-image-preview":"max-image-preview:large","max-video-preview":"max-video-preview:-1"},"canonical":"https:\/\/botanian.com\/de\/product\/grow-block-kit-peat-free\/","og_locale":"de_DE","og_type":"article","og_title":"Grow Block Kit - Botanian","og_description":"80x80mm Grow Blocks, 6er-Pack","og_url":"https:\/\/botanian.com\/de\/product\/grow-block-kit-peat-free\/","og_site_name":"Botanian","article_modified_time":"2026-04-03T12:55:15+00:00","og_image":[{"width":1024,"height":1024,"url":"https:\/\/botanian.com\/wp-content\/uploads\/botanian-placeholder.png","type":"image\/png"}],"twitter_card":"summary_large_image","twitter_misc":{"Gesch\u00e4tzte Lesezeit":"1\u00a0Minute"},"schema":{"@context":"https:\/\/schema.org","@graph":[{"@type":"WebPage","@id":"https:\/\/botanian.com\/de\/product\/grow-block-kit-peat-free\/","url":"https:\/\/botanian.com\/de\/product\/grow-block-kit-peat-free\/","name":"Grow Block Kit - Botanian","isPartOf":{"@id":"https:\/\/botanian.com\/de\/#website"},"primaryImageOfPage":{"@id":"https:\/\/botanian.com\/de\/product\/grow-block-kit-peat-free\/#primaryimage"},"image":{"@id":"https:\/\/botanian.com\/de\/product\/grow-block-kit-peat-free\/#primaryimage"},"thumbnailUrl":"https:\/\/botanian.com\/wp-content\/uploads\/botanian-placeholder.png","datePublished":"2026-03-15T14:29:37+00:00","dateModified":"2026-04-03T12:55:15+00:00","breadcrumb":{"@id":"https:\/\/botanian.com\/de\/product\/grow-block-kit-peat-free\/#breadcrumb"},"inLanguage":"de","potentialAction":[{"@type":"ReadAction","target":["https:\/\/botanian.com\/de\/product\/grow-block-kit-peat-free\/"]}]},{"@type":"ImageObject","inLanguage":"de","@id":"https:\/\/botanian.com\/de\/product\/grow-block-kit-peat-free\/#primaryimage","url":"https:\/\/botanian.com\/wp-content\/uploads\/botanian-placeholder.png","contentUrl":"https:\/\/botanian.com\/wp-content\/uploads\/botanian-placeholder.png","width":1024,"height":1024},{"@type":"BreadcrumbList","@id":"https:\/\/botanian.com\/de\/product\/grow-block-kit-peat-free\/#breadcrumb","itemListElement":[{"@type":"ListItem","position":1,"name":"Home","item":"https:\/\/botanian.com\/de\/"},{"@type":"ListItem","position":2,"name":"Produkte","item":"https:\/\/botanian.com\/products\/"},{"@type":"ListItem","position":3,"name":"Grow Block Kit"}]},{"@type":"WebSite","@id":"https:\/\/botanian.com\/de\/#website","url":"https:\/\/botanian.com\/de\/","name":"Botanian","description":"Growing wherever you can imagine","publisher":{"@id":"https:\/\/botanian.com\/de\/#organization"},"potentialAction":[{"@type":"SearchAction","target":{"@type":"EntryPoint","urlTemplate":"https:\/\/botanian.com\/de\/?s={search_term_string}"},"query-input":{"@type":"PropertyValueSpecification","valueRequired":true,"valueName":"search_term_string"}}],"inLanguage":"de"},{"@type":"Organization","@id":"https:\/\/botanian.com\/de\/#organization","name":"Botanian","url":"https:\/\/botanian.com\/de\/","logo":{"@type":"ImageObject","inLanguage":"de","@id":"https:\/\/botanian.com\/de\/#\/schema\/logo\/image\/","url":"https:\/\/botanian.com\/wp-content\/uploads\/botanian-logo.svg","contentUrl":"https:\/\/botanian.com\/wp-content\/uploads\/botanian-logo.svg","caption":"Botanian"},"image":{"@id":"https:\/\/botanian.com\/de\/#\/schema\/logo\/image\/"}}]}},"_links":{"self":[{"href":"https:\/\/botanian.com\/de\/wp-json\/wp\/v2\/product\/10500","targetHints":{"allow":["GET"]}}],"collection":[{"href":"https:\/\/botanian.com\/de\/wp-json\/wp\/v2\/product"}],"about":[{"href":"https:\/\/botanian.com\/de\/wp-json\/wp\/v2\/types\/product"}],"version-history":[{"count":5,"href":"https:\/\/botanian.com\/de\/wp-json\/wp\/v2\/product\/10500\/revisions"}],"predecessor-version":[{"id":11048,"href":"https:\/\/botanian.com\/de\/wp-json\/wp\/v2\/product\/10500\/revisions\/11048"}],"wp:featuredmedia":[{"embeddable":true,"href":"https:\/\/botanian.com\/de\/wp-json\/wp\/v2\/media\/8911"}],"wp:attachment":[{"href":"https:\/\/botanian.com\/de\/wp-json\/wp\/v2\/media?parent=10500"}],"wp:term":[{"taxonomy":"product_brand","embeddable":true,"href":"https:\/\/botanian.com\/de\/wp-json\/wp\/v2\/product_brand?post=10500"},{"taxonomy":"product_cat","embeddable":true,"href":"https:\/\/botanian.com\/de\/wp-json\/wp\/v2\/product_cat?post=10500"},{"taxonomy":"product_tag","embeddable":true,"href":"https:\/\/botanian.com\/de\/wp-json\/wp\/v2\/product_tag?post=10500"}],"curies":[{"name":"wp","href":"https:\/\/api.w.org\/{rel}","templated":true}]}}