{"id":5662,"date":"2023-02-13T20:46:32","date_gmt":"2023-02-13T20:46:32","guid":{"rendered":"https:\/\/botanian.com\/ueber-uns\/"},"modified":"2025-01-17T10:46:33","modified_gmt":"2025-01-17T10:46:33","slug":"ueber-uns","status":"publish","type":"page","link":"https:\/\/botanian.com\/de\/ueber-uns\/","title":{"rendered":"\u00dcber uns"},"content":{"rendered":"\t\t<div data-elementor-type=\"wp-page\" data-elementor-id=\"5662\" class=\"elementor elementor-5662 elementor-2027\" data-elementor-post-type=\"page\">\n\t\t\t\t<div class=\"elementor-element elementor-element-44f1a9f9 e-flex e-con-boxed e-con e-parent\" data-id=\"44f1a9f9\" data-element_type=\"container\" data-e-type=\"container\">\n\t\t\t\t\t<div class=\"e-con-inner\">\n\t\t\t\t\t<\/div>\n\t\t\t\t<\/div>\n\t\t<div class=\"elementor-element elementor-element-3cff66b e-flex e-con-boxed e-con e-parent\" data-id=\"3cff66b\" data-element_type=\"container\" data-e-type=\"container\">\n\t\t\t\t\t<div class=\"e-con-inner\">\n\t\t\t\t<div class=\"elementor-element elementor-element-41570595 elementor-widget elementor-widget-heading\" data-id=\"41570595\" data-element_type=\"widget\" data-e-type=\"widget\" data-widget_type=\"heading.default\">\n\t\t\t\t<div class=\"elementor-widget-container\">\n\t\t\t\t\t<h2 class=\"elementor-heading-title elementor-size-default\">Hi, wir sind Botanian,<\/h2>\t\t\t\t<\/div>\n\t\t\t\t<\/div>\n\t\t\t\t\t<\/div>\n\t\t\t\t<\/div>\n\t\t<div class=\"elementor-element elementor-element-e0923d4 e-flex e-con-boxed e-con e-parent\" data-id=\"e0923d4\" data-element_type=\"container\" data-e-type=\"container\">\n\t\t\t\t\t<div class=\"e-con-inner\">\n\t\t<div class=\"elementor-element elementor-element-a693e2d e-con-full e-flex e-con e-child\" data-id=\"a693e2d\" data-element_type=\"container\" data-e-type=\"container\">\n\t\t\t\t<div class=\"elementor-element elementor-element-f039067 elementor-widget elementor-widget-text-editor\" data-id=\"f039067\" data-element_type=\"widget\" data-e-type=\"widget\" data-widget_type=\"text-editor.default\">\n\t\t\t\t<div class=\"elementor-widget-container\">\n\t\t\t\t\t\t\t\t\t<p>Wir m\u00f6gen neu f\u00fcr Sie sein, aber Landwirte und Pflanzenbaumschulen auf der ganzen Welt vertrauen seit den 1950er Jahren auf unsere Produkte. Jetzt sind sie f\u00fcr alle verf\u00fcgbar, die ihr eigenes Gem\u00fcse, Kr\u00e4uter und Blumen anbauen m\u00f6chten. Wir haben uns entschieden, eine Reihe von hochwertigen Gartenprodukten f\u00fcr den Heimgebrauch zu entwickeln, weil wir wissen, dass es nicht nur nachhaltig und gesund ist, sondern auch eine wunderbare Freude bereitet, zu sehen, wie Ihre Pflanzen gedeihen.<\/p>\n<p>M\u00f6chten Sie Ihren Samen und Stecklingen die bestm\u00f6gliche Chance geben? Unser Tipp Nummer 1 ist sicherzustellen, dass sie schnell starke Wurzeln bilden, um die N\u00e4hrstoffe aus dem Boden zu den Bl\u00e4ttern und Fr\u00fcchten zu transportieren. Alle Botanian-Produkte \u2013 wie unsere T\u00f6pfe, Pellets und Mini-Gew\u00e4chsh\u00e4user \u2013 enthalten alles, was Sie brauchen, um das Wurzelwachstum zu f\u00f6rdern. Dazu geh\u00f6ren wissenschaftlich bew\u00e4hrte N\u00e4hrstoffe und optimale Luft- und Wasserspeicherf\u00e4higkeiten.<\/p>\n<p>Klingt kompliziert? Tats\u00e4chlich haben wir die harte Arbeit f\u00fcr Sie erledigt und all unsere Produkte sind so einfach zu verwenden. F\u00fcgen Sie einfach Wasser hinzu und schon k\u00f6nnen Sie Ihre Samen oder Stecklinge pflanzen. Sie brauchen nicht einmal viel Platz \u2013 ein Beh\u00e4lter auf einer sonnigen Fensterbank oder einem Balkon reicht aus, um Ihre eigenen Tomaten, Oregano und vieles mehr anzubauen.<\/p>\n<p>Sie k\u00f6nnen auf Botanian z\u00e4hlen, denn wir kontrollieren unsere gesamte Lieferkette: von der verantwortungsvollen Beschaffung der hochwertigsten Rohstoffe \u00fcber das fachkundige Mischen bis hin zum Versand an vertrauensw\u00fcrdige Einzelh\u00e4ndler. Es stimmt, unser Ansatz mag auf den ersten Blick etwas anders erscheinen. Zum Beispiel haben wir immer biologisch abbaubare T\u00f6pfe hergestellt, nie Plastik. Und unsere komprimierten, rein nat\u00fcrlichen Pellets sehen nicht aus wie gro\u00dfe S\u00e4cke mit Blumenerde \u2013 aber weichen Sie sie in ein wenig Wasser ein und Sie haben alles, was Sie brauchen, um gl\u00fcckliche Pflanzen drinnen und drau\u00dfen anzubauen.<\/p>\n<p>Wir lieben es, zu sehen, wie alle G\u00e4rtner erfolgreich sind, also schauen Sie sich gerne auf unserer Website um und lassen Sie sich inspirieren. Haben Sie eine Frage? Stellen Sie sie uns <a href=\"https:\/\/botanian.com\/de\/kontakt\/\">hier<\/a>. Und markieren Sie uns auf Insta, wenn Sie Fotos von Ihren Gartenerfolgen teilen. Botanian, w\u00e4chst \u00fcberall dort, wo Sie es sich vorstellen k\u00f6nnen.<\/p>\n\t\t\t\t\t\t\t\t<\/div>\n\t\t\t\t<\/div>\n\t\t\t\t<\/div>\n\t\t<div class=\"elementor-element elementor-element-5d98103 e-con-full e-flex e-con e-child\" data-id=\"5d98103\" data-element_type=\"container\" data-e-type=\"container\">\n\t\t\t\t<div class=\"elementor-element elementor-element-7877449 elementor-widget elementor-widget-image\" data-id=\"7877449\" data-element_type=\"widget\" data-e-type=\"widget\" data-widget_type=\"image.default\">\n\t\t\t\t<div class=\"elementor-widget-container\">\n\t\t\t\t\t\t\t\t\t\t\t\t\t\t\t\t<a href=\"https:\/\/ferrymorse.com\/pages\/about-ferry-morse-home-gardening\">\n\t\t\t\t\t\t\t<img decoding=\"async\" src=\"https:\/\/botanian.com\/wp-content\/uploads\/history-of-botanian.jpg\" title=\"history-of-botanian\" alt=\"history-of-botanian\" loading=\"lazy\" \/>\t\t\t\t\t\t\t\t<\/a>\n\t\t\t\t\t\t\t\t\t\t\t\t\t\t\t<\/div>\n\t\t\t\t<\/div>\n\t\t\t\t<\/div>\n\t\t\t\t\t<\/div>\n\t\t\t\t<\/div>\n\t\t<div class=\"elementor-element elementor-element-2ac8a5e3 e-flex e-con-boxed e-con e-parent\" data-id=\"2ac8a5e3\" data-element_type=\"container\" data-e-type=\"container\" data-settings=\"{&quot;background_background&quot;:&quot;classic&quot;}\">\n\t\t\t\t\t<div class=\"e-con-inner\">\n\t\t\t\t<div class=\"elementor-element elementor-element-e9229ea elementor-widget elementor-widget-heading\" data-id=\"e9229ea\" data-element_type=\"widget\" data-e-type=\"widget\" data-widget_type=\"heading.default\">\n\t\t\t\t<div class=\"elementor-widget-container\">\n\t\t\t\t\t<h4 class=\"elementor-heading-title elementor-size-default\">Erfahren Sie alles \u00fcber <br>unser Sortiment<\/h4>\t\t\t\t<\/div>\n\t\t\t\t<\/div>\n\t\t\t\t\t<\/div>\n\t\t\t\t<\/div>\n\t\t<div class=\"elementor-element elementor-element-ad4f193 e-flex e-con-boxed e-con e-parent\" data-id=\"ad4f193\" data-element_type=\"container\" data-e-type=\"container\" data-settings=\"{&quot;background_background&quot;:&quot;classic&quot;}\">\n\t\t\t\t\t<div class=\"e-con-inner\">\n\t\t<a class=\"elementor-element elementor-element-4dbf09a3 e-con-full e-transform e-flex e-con e-child\" data-id=\"4dbf09a3\" data-element_type=\"container\" data-e-type=\"container\" data-settings=\"{&quot;_transform_scale_effect_hover&quot;:{&quot;unit&quot;:&quot;px&quot;,&quot;size&quot;:1.05,&quot;sizes&quot;:[]},&quot;_transform_scale_effect_hover_tablet&quot;:{&quot;unit&quot;:&quot;px&quot;,&quot;size&quot;:&quot;&quot;,&quot;sizes&quot;:[]},&quot;_transform_scale_effect_hover_mobile&quot;:{&quot;unit&quot;:&quot;px&quot;,&quot;size&quot;:&quot;&quot;,&quot;sizes&quot;:[]}}\" link=\"#\" href=\"https:\/\/botanian.com\/de\/produkt-kategorie\/grow-pots\/\">\n\t\t\t\t<div class=\"elementor-element elementor-element-2237ef82 elementor-widget elementor-widget-image\" data-id=\"2237ef82\" data-element_type=\"widget\" data-e-type=\"widget\" data-widget_type=\"image.default\">\n\t\t\t\t<div class=\"elementor-widget-container\">\n\t\t\t\t\t\t\t\t\t\t\t\t\t\t\t<img fetchpriority=\"high\" decoding=\"async\" width=\"1000\" height=\"1000\" src=\"https:\/\/botanian.com\/wp-content\/uploads\/pots-1.jpg\" class=\"attachment-full size-full wp-image-3805\" alt=\"Grow Pots\" srcset=\"https:\/\/botanian.com\/wp-content\/uploads\/pots-1.jpg 1000w, https:\/\/botanian.com\/wp-content\/uploads\/pots-1-300x300.jpg 300w, https:\/\/botanian.com\/wp-content\/uploads\/pots-1-150x150.jpg 150w, https:\/\/botanian.com\/wp-content\/uploads\/pots-1-768x768.jpg 768w, https:\/\/botanian.com\/wp-content\/uploads\/pots-1-600x600.jpg 600w, https:\/\/botanian.com\/wp-content\/uploads\/pots-1-100x100.jpg 100w\" sizes=\"(max-width: 1000px) 100vw, 1000px\" \/>\t\t\t\t\t\t\t\t\t\t\t\t\t\t\t<\/div>\n\t\t\t\t<\/div>\n\t\t\t\t<div class=\"elementor-element elementor-element-536bba6f elementor-widget elementor-widget-heading\" data-id=\"536bba6f\" data-element_type=\"widget\" data-e-type=\"widget\" data-widget_type=\"heading.default\">\n\t\t\t\t<div class=\"elementor-widget-container\">\n\t\t\t\t\t<h6 class=\"elementor-heading-title elementor-size-default\">GROW POTS<\/h6>\t\t\t\t<\/div>\n\t\t\t\t<\/div>\n\t\t\t\t<\/a>\n\t\t<a class=\"elementor-element elementor-element-1bc5e02e e-con-full e-transform e-flex e-con e-child\" data-id=\"1bc5e02e\" data-element_type=\"container\" data-e-type=\"container\" data-settings=\"{&quot;_transform_scale_effect_hover&quot;:{&quot;unit&quot;:&quot;px&quot;,&quot;size&quot;:1.05,&quot;sizes&quot;:[]},&quot;_transform_scale_effect_hover_tablet&quot;:{&quot;unit&quot;:&quot;px&quot;,&quot;size&quot;:&quot;&quot;,&quot;sizes&quot;:[]},&quot;_transform_scale_effect_hover_mobile&quot;:{&quot;unit&quot;:&quot;px&quot;,&quot;size&quot;:&quot;&quot;,&quot;sizes&quot;:[]}}\" link=\"#\" href=\"https:\/\/botanian.com\/de\/produkt-kategorie\/grow-pellets\/\">\n\t\t\t\t<div class=\"elementor-element elementor-element-6323bd0 elementor-widget elementor-widget-image\" data-id=\"6323bd0\" data-element_type=\"widget\" data-e-type=\"widget\" data-widget_type=\"image.default\">\n\t\t\t\t<div class=\"elementor-widget-container\">\n\t\t\t\t\t\t\t\t\t\t\t\t\t\t\t<img decoding=\"async\" width=\"1000\" height=\"1000\" src=\"https:\/\/botanian.com\/wp-content\/uploads\/peat-pellets-02-over.jpg\" class=\"attachment-full size-full wp-image-3814\" alt=\"Grow pellets\" srcset=\"https:\/\/botanian.com\/wp-content\/uploads\/peat-pellets-02-over.jpg 1000w, https:\/\/botanian.com\/wp-content\/uploads\/peat-pellets-02-over-300x300.jpg 300w, https:\/\/botanian.com\/wp-content\/uploads\/peat-pellets-02-over-150x150.jpg 150w, https:\/\/botanian.com\/wp-content\/uploads\/peat-pellets-02-over-768x768.jpg 768w, https:\/\/botanian.com\/wp-content\/uploads\/peat-pellets-02-over-600x600.jpg 600w, https:\/\/botanian.com\/wp-content\/uploads\/peat-pellets-02-over-100x100.jpg 100w\" sizes=\"(max-width: 1000px) 100vw, 1000px\" \/>\t\t\t\t\t\t\t\t\t\t\t\t\t\t\t<\/div>\n\t\t\t\t<\/div>\n\t\t\t\t<div class=\"elementor-element elementor-element-426c70c9 elementor-widget elementor-widget-heading\" data-id=\"426c70c9\" data-element_type=\"widget\" data-e-type=\"widget\" data-widget_type=\"heading.default\">\n\t\t\t\t<div class=\"elementor-widget-container\">\n\t\t\t\t\t<h6 class=\"elementor-heading-title elementor-size-default\">GROW PELLETS<\/h6>\t\t\t\t<\/div>\n\t\t\t\t<\/div>\n\t\t\t\t<\/a>\n\t\t<a class=\"elementor-element elementor-element-6748836e e-con-full e-transform e-flex e-con e-child\" data-id=\"6748836e\" data-element_type=\"container\" data-e-type=\"container\" data-settings=\"{&quot;_transform_scale_effect_hover&quot;:{&quot;unit&quot;:&quot;px&quot;,&quot;size&quot;:1.05,&quot;sizes&quot;:[]},&quot;_transform_scale_effect_hover_tablet&quot;:{&quot;unit&quot;:&quot;px&quot;,&quot;size&quot;:&quot;&quot;,&quot;sizes&quot;:[]},&quot;_transform_scale_effect_hover_mobile&quot;:{&quot;unit&quot;:&quot;px&quot;,&quot;size&quot;:&quot;&quot;,&quot;sizes&quot;:[]}}\" link=\"#\" href=\"https:\/\/botanian.com\/de\/produkt-kategorie\/quick-soil-mix-pellets\/\">\n\t\t\t\t<div class=\"elementor-element elementor-element-48e5a202 elementor-widget elementor-widget-image\" data-id=\"48e5a202\" data-element_type=\"widget\" data-e-type=\"widget\" data-widget_type=\"image.default\">\n\t\t\t\t<div class=\"elementor-widget-container\">\n\t\t\t\t\t\t\t\t\t\t\t\t\t\t\t<img decoding=\"async\" width=\"1000\" height=\"1000\" src=\"https:\/\/botanian.com\/wp-content\/uploads\/quick-soil-mix-pellets-growing.jpg\" class=\"attachment-full size-full wp-image-4057\" alt=\"Quick Soil Mix Pellets\" srcset=\"https:\/\/botanian.com\/wp-content\/uploads\/quick-soil-mix-pellets-growing.jpg 1000w, https:\/\/botanian.com\/wp-content\/uploads\/quick-soil-mix-pellets-growing-300x300.jpg 300w, https:\/\/botanian.com\/wp-content\/uploads\/quick-soil-mix-pellets-growing-150x150.jpg 150w, https:\/\/botanian.com\/wp-content\/uploads\/quick-soil-mix-pellets-growing-768x768.jpg 768w, https:\/\/botanian.com\/wp-content\/uploads\/quick-soil-mix-pellets-growing-600x600.jpg 600w, https:\/\/botanian.com\/wp-content\/uploads\/quick-soil-mix-pellets-growing-100x100.jpg 100w\" sizes=\"(max-width: 1000px) 100vw, 1000px\" \/>\t\t\t\t\t\t\t\t\t\t\t\t\t\t\t<\/div>\n\t\t\t\t<\/div>\n\t\t\t\t<div class=\"elementor-element elementor-element-75d9105e elementor-widget elementor-widget-heading\" data-id=\"75d9105e\" data-element_type=\"widget\" data-e-type=\"widget\" data-widget_type=\"heading.default\">\n\t\t\t\t<div class=\"elementor-widget-container\">\n\t\t\t\t\t<h6 class=\"elementor-heading-title elementor-size-default\">QUICK SOIL MIX PELLETS<\/h6>\t\t\t\t<\/div>\n\t\t\t\t<\/div>\n\t\t\t\t<\/a>\n\t\t<a class=\"elementor-element elementor-element-69b66092 e-con-full e-transform e-flex e-con e-child\" data-id=\"69b66092\" data-element_type=\"container\" data-e-type=\"container\" data-settings=\"{&quot;_transform_scale_effect_hover&quot;:{&quot;unit&quot;:&quot;px&quot;,&quot;size&quot;:1.05,&quot;sizes&quot;:[]},&quot;_transform_scale_effect_hover_tablet&quot;:{&quot;unit&quot;:&quot;px&quot;,&quot;size&quot;:&quot;&quot;,&quot;sizes&quot;:[]},&quot;_transform_scale_effect_hover_mobile&quot;:{&quot;unit&quot;:&quot;px&quot;,&quot;size&quot;:&quot;&quot;,&quot;sizes&quot;:[]}}\" link=\"#\" href=\"https:\/\/botanian.com\/de\/produkt-kategorie\/greenhouse-kits\/\">\n\t\t\t\t<div class=\"elementor-element elementor-element-736cada5 elementor-widget elementor-widget-image\" data-id=\"736cada5\" data-element_type=\"widget\" data-e-type=\"widget\" data-widget_type=\"image.default\">\n\t\t\t\t<div class=\"elementor-widget-container\">\n\t\t\t\t\t\t\t\t\t\t\t\t\t\t\t<img loading=\"lazy\" decoding=\"async\" width=\"500\" height=\"500\" src=\"https:\/\/botanian.com\/wp-content\/uploads\/green-house-kits.jpg\" class=\"attachment-full size-full wp-image-3724\" alt=\"Mini Greenhouse\" srcset=\"https:\/\/botanian.com\/wp-content\/uploads\/green-house-kits.jpg 500w, https:\/\/botanian.com\/wp-content\/uploads\/green-house-kits-300x300.jpg 300w, https:\/\/botanian.com\/wp-content\/uploads\/green-house-kits-100x100.jpg 100w, https:\/\/botanian.com\/wp-content\/uploads\/green-house-kits-150x150.jpg 150w\" sizes=\"(max-width: 500px) 100vw, 500px\" \/>\t\t\t\t\t\t\t\t\t\t\t\t\t\t\t<\/div>\n\t\t\t\t<\/div>\n\t\t\t\t<div class=\"elementor-element elementor-element-476ec4c7 elementor-widget elementor-widget-heading\" data-id=\"476ec4c7\" data-element_type=\"widget\" data-e-type=\"widget\" data-widget_type=\"heading.default\">\n\t\t\t\t<div class=\"elementor-widget-container\">\n\t\t\t\t\t<h6 class=\"elementor-heading-title elementor-size-default\">GREENHOUSE KITS<\/h6>\t\t\t\t<\/div>\n\t\t\t\t<\/div>\n\t\t\t\t<\/a>\n\t\t\t\t\t<\/div>\n\t\t\t\t<\/div>\n\t\t\t\t<\/div>\n\t\t","protected":false},"excerpt":{"rendered":"<p>Hi, wir sind Botanian, Wir m\u00f6gen neu f\u00fcr Sie sein, aber Landwirte und Pflanzenbaumschulen auf der ganzen Welt vertrauen seit den 1950er Jahren auf unsere Produkte. Jetzt sind sie f\u00fcr alle verf\u00fcgbar, die ihr eigenes Gem\u00fcse, Kr\u00e4uter und Blumen anbauen m\u00f6chten. Wir haben uns entschieden, eine Reihe von hochwertigen Gartenprodukten f\u00fcr den Heimgebrauch zu entwickeln, [&hellip;]<\/p>\n","protected":false},"author":1,"featured_media":0,"parent":0,"menu_order":0,"comment_status":"closed","ping_status":"closed","template":"","meta":{"site-sidebar-layout":"no-sidebar","site-content-layout":"page-builder","ast-site-content-layout":"default","site-content-style":"default","site-sidebar-style":"default","ast-global-header-display":"","ast-banner-title-visibility":"","ast-main-header-display":"","ast-hfb-above-header-display":"","ast-hfb-below-header-display":"","ast-hfb-mobile-header-display":"","site-post-title":"disabled","ast-breadcrumbs-content":"","ast-featured-img":"disabled","footer-sml-layout":"","ast-disable-related-posts":"","theme-transparent-header-meta":"","adv-header-id-meta":"","stick-header-meta":"","header-above-stick-meta":"","header-main-stick-meta":"","header-below-stick-meta":"","astra-migrate-meta-layouts":"default","ast-page-background-enabled":"default","ast-page-background-meta":{"desktop":{"background-color":"var(--ast-global-color-4)","background-image":"","background-repeat":"repeat","background-position":"center center","background-size":"auto","background-attachment":"scroll","background-type":"","background-media":"","overlay-type":"","overlay-color":"","overlay-opacity":"","overlay-gradient":""},"tablet":{"background-color":"","background-image":"","background-repeat":"repeat","background-position":"center center","background-size":"auto","background-attachment":"scroll","background-type":"","background-media":"","overlay-type":"","overlay-color":"","overlay-opacity":"","overlay-gradient":""},"mobile":{"background-color":"","background-image":"","background-repeat":"repeat","background-position":"center center","background-size":"auto","background-attachment":"scroll","background-type":"","background-media":"","overlay-type":"","overlay-color":"","overlay-opacity":"","overlay-gradient":""}},"ast-content-background-meta":{"desktop":{"background-color":"var(--ast-global-color-5)","background-image":"","background-repeat":"repeat","background-position":"center center","background-size":"auto","background-attachment":"scroll","background-type":"","background-media":"","overlay-type":"","overlay-color":"","overlay-opacity":"","overlay-gradient":""},"tablet":{"background-color":"var(--ast-global-color-5)","background-image":"","background-repeat":"repeat","background-position":"center center","background-size":"auto","background-attachment":"scroll","background-type":"","background-media":"","overlay-type":"","overlay-color":"","overlay-opacity":"","overlay-gradient":""},"mobile":{"background-color":"var(--ast-global-color-5)","background-image":"","background-repeat":"repeat","background-position":"center center","background-size":"auto","background-attachment":"scroll","background-type":"","background-media":"","overlay-type":"","overlay-color":"","overlay-opacity":"","overlay-gradient":""}},"footnotes":""},"class_list":["post-5662","page","type-page","status-publish","hentry"],"yoast_head":"<!-- This site is optimized with the Yoast SEO plugin v27.3 - https:\/\/yoast.com\/product\/yoast-seo-wordpress\/ -->\n<title>\u00dcber uns - Botanian<\/title>\n<meta name=\"robots\" content=\"index, follow, max-snippet:-1, max-image-preview:large, max-video-preview:-1\" \/>\n<link rel=\"canonical\" href=\"https:\/\/botanian.com\/de\/ueber-uns\/\" \/>\n<meta property=\"og:locale\" content=\"de_DE\" \/>\n<meta property=\"og:type\" content=\"article\" \/>\n<meta property=\"og:title\" content=\"\u00dcber uns - Botanian\" \/>\n<meta property=\"og:description\" content=\"Hi, wir sind Botanian, Wir m\u00f6gen neu f\u00fcr Sie sein, aber Landwirte und Pflanzenbaumschulen auf der ganzen Welt vertrauen seit den 1950er Jahren auf unsere Produkte. Jetzt sind sie f\u00fcr alle verf\u00fcgbar, die ihr eigenes Gem\u00fcse, Kr\u00e4uter und Blumen anbauen m\u00f6chten. Wir haben uns entschieden, eine Reihe von hochwertigen Gartenprodukten f\u00fcr den Heimgebrauch zu entwickeln, [&hellip;]\" \/>\n<meta property=\"og:url\" content=\"https:\/\/botanian.com\/de\/ueber-uns\/\" \/>\n<meta property=\"og:site_name\" content=\"Botanian\" \/>\n<meta property=\"article:modified_time\" content=\"2025-01-17T10:46:33+00:00\" \/>\n<meta property=\"og:image\" content=\"https:\/\/botanian.com\/wp-content\/uploads\/history-of-botanian.jpg\" \/>\n<meta name=\"twitter:card\" content=\"summary_large_image\" \/>\n<meta name=\"twitter:label1\" content=\"Gesch\u00e4tzte Lesezeit\" \/>\n\t<meta name=\"twitter:data1\" content=\"2\u00a0Minuten\" \/>\n<script type=\"application\/ld+json\" class=\"yoast-schema-graph\">{\"@context\":\"https:\\\/\\\/schema.org\",\"@graph\":[{\"@type\":\"WebPage\",\"@id\":\"https:\\\/\\\/botanian.com\\\/de\\\/ueber-uns\\\/\",\"url\":\"https:\\\/\\\/botanian.com\\\/de\\\/ueber-uns\\\/\",\"name\":\"\u00dcber uns - Botanian\",\"isPartOf\":{\"@id\":\"https:\\\/\\\/botanian.com\\\/de\\\/#website\"},\"primaryImageOfPage\":{\"@id\":\"https:\\\/\\\/botanian.com\\\/de\\\/ueber-uns\\\/#primaryimage\"},\"image\":{\"@id\":\"https:\\\/\\\/botanian.com\\\/de\\\/ueber-uns\\\/#primaryimage\"},\"thumbnailUrl\":\"https:\\\/\\\/botanian.com\\\/wp-content\\\/uploads\\\/history-of-botanian.jpg\",\"datePublished\":\"2023-02-13T20:46:32+00:00\",\"dateModified\":\"2025-01-17T10:46:33+00:00\",\"breadcrumb\":{\"@id\":\"https:\\\/\\\/botanian.com\\\/de\\\/ueber-uns\\\/#breadcrumb\"},\"inLanguage\":\"de\",\"potentialAction\":[{\"@type\":\"ReadAction\",\"target\":[\"https:\\\/\\\/botanian.com\\\/de\\\/ueber-uns\\\/\"]}]},{\"@type\":\"ImageObject\",\"inLanguage\":\"de\",\"@id\":\"https:\\\/\\\/botanian.com\\\/de\\\/ueber-uns\\\/#primaryimage\",\"url\":\"https:\\\/\\\/botanian.com\\\/wp-content\\\/uploads\\\/history-of-botanian.jpg\",\"contentUrl\":\"https:\\\/\\\/botanian.com\\\/wp-content\\\/uploads\\\/history-of-botanian.jpg\"},{\"@type\":\"BreadcrumbList\",\"@id\":\"https:\\\/\\\/botanian.com\\\/de\\\/ueber-uns\\\/#breadcrumb\",\"itemListElement\":[{\"@type\":\"ListItem\",\"position\":1,\"name\":\"Home\",\"item\":\"https:\\\/\\\/botanian.com\\\/de\\\/\"},{\"@type\":\"ListItem\",\"position\":2,\"name\":\"\u00dcber uns\"}]},{\"@type\":\"WebSite\",\"@id\":\"https:\\\/\\\/botanian.com\\\/de\\\/#website\",\"url\":\"https:\\\/\\\/botanian.com\\\/de\\\/\",\"name\":\"Botanian\",\"description\":\"Growing wherever you can imagine\",\"publisher\":{\"@id\":\"https:\\\/\\\/botanian.com\\\/de\\\/#organization\"},\"potentialAction\":[{\"@type\":\"SearchAction\",\"target\":{\"@type\":\"EntryPoint\",\"urlTemplate\":\"https:\\\/\\\/botanian.com\\\/de\\\/?s={search_term_string}\"},\"query-input\":{\"@type\":\"PropertyValueSpecification\",\"valueRequired\":true,\"valueName\":\"search_term_string\"}}],\"inLanguage\":\"de\"},{\"@type\":\"Organization\",\"@id\":\"https:\\\/\\\/botanian.com\\\/de\\\/#organization\",\"name\":\"Botanian\",\"url\":\"https:\\\/\\\/botanian.com\\\/de\\\/\",\"logo\":{\"@type\":\"ImageObject\",\"inLanguage\":\"de\",\"@id\":\"https:\\\/\\\/botanian.com\\\/de\\\/#\\\/schema\\\/logo\\\/image\\\/\",\"url\":\"https:\\\/\\\/botanian.com\\\/wp-content\\\/uploads\\\/botanian-logo.svg\",\"contentUrl\":\"https:\\\/\\\/botanian.com\\\/wp-content\\\/uploads\\\/botanian-logo.svg\",\"caption\":\"Botanian\"},\"image\":{\"@id\":\"https:\\\/\\\/botanian.com\\\/de\\\/#\\\/schema\\\/logo\\\/image\\\/\"}}]}<\/script>\n<!-- \/ Yoast SEO plugin. -->","yoast_head_json":{"title":"\u00dcber uns - Botanian","robots":{"index":"index","follow":"follow","max-snippet":"max-snippet:-1","max-image-preview":"max-image-preview:large","max-video-preview":"max-video-preview:-1"},"canonical":"https:\/\/botanian.com\/de\/ueber-uns\/","og_locale":"de_DE","og_type":"article","og_title":"\u00dcber uns - Botanian","og_description":"Hi, wir sind Botanian, Wir m\u00f6gen neu f\u00fcr Sie sein, aber Landwirte und Pflanzenbaumschulen auf der ganzen Welt vertrauen seit den 1950er Jahren auf unsere Produkte. Jetzt sind sie f\u00fcr alle verf\u00fcgbar, die ihr eigenes Gem\u00fcse, Kr\u00e4uter und Blumen anbauen m\u00f6chten. Wir haben uns entschieden, eine Reihe von hochwertigen Gartenprodukten f\u00fcr den Heimgebrauch zu entwickeln, [&hellip;]","og_url":"https:\/\/botanian.com\/de\/ueber-uns\/","og_site_name":"Botanian","article_modified_time":"2025-01-17T10:46:33+00:00","og_image":[{"url":"https:\/\/botanian.com\/wp-content\/uploads\/history-of-botanian.jpg","type":"","width":"","height":""}],"twitter_card":"summary_large_image","twitter_misc":{"Gesch\u00e4tzte Lesezeit":"2\u00a0Minuten"},"schema":{"@context":"https:\/\/schema.org","@graph":[{"@type":"WebPage","@id":"https:\/\/botanian.com\/de\/ueber-uns\/","url":"https:\/\/botanian.com\/de\/ueber-uns\/","name":"\u00dcber uns - Botanian","isPartOf":{"@id":"https:\/\/botanian.com\/de\/#website"},"primaryImageOfPage":{"@id":"https:\/\/botanian.com\/de\/ueber-uns\/#primaryimage"},"image":{"@id":"https:\/\/botanian.com\/de\/ueber-uns\/#primaryimage"},"thumbnailUrl":"https:\/\/botanian.com\/wp-content\/uploads\/history-of-botanian.jpg","datePublished":"2023-02-13T20:46:32+00:00","dateModified":"2025-01-17T10:46:33+00:00","breadcrumb":{"@id":"https:\/\/botanian.com\/de\/ueber-uns\/#breadcrumb"},"inLanguage":"de","potentialAction":[{"@type":"ReadAction","target":["https:\/\/botanian.com\/de\/ueber-uns\/"]}]},{"@type":"ImageObject","inLanguage":"de","@id":"https:\/\/botanian.com\/de\/ueber-uns\/#primaryimage","url":"https:\/\/botanian.com\/wp-content\/uploads\/history-of-botanian.jpg","contentUrl":"https:\/\/botanian.com\/wp-content\/uploads\/history-of-botanian.jpg"},{"@type":"BreadcrumbList","@id":"https:\/\/botanian.com\/de\/ueber-uns\/#breadcrumb","itemListElement":[{"@type":"ListItem","position":1,"name":"Home","item":"https:\/\/botanian.com\/de\/"},{"@type":"ListItem","position":2,"name":"\u00dcber uns"}]},{"@type":"WebSite","@id":"https:\/\/botanian.com\/de\/#website","url":"https:\/\/botanian.com\/de\/","name":"Botanian","description":"Growing wherever you can imagine","publisher":{"@id":"https:\/\/botanian.com\/de\/#organization"},"potentialAction":[{"@type":"SearchAction","target":{"@type":"EntryPoint","urlTemplate":"https:\/\/botanian.com\/de\/?s={search_term_string}"},"query-input":{"@type":"PropertyValueSpecification","valueRequired":true,"valueName":"search_term_string"}}],"inLanguage":"de"},{"@type":"Organization","@id":"https:\/\/botanian.com\/de\/#organization","name":"Botanian","url":"https:\/\/botanian.com\/de\/","logo":{"@type":"ImageObject","inLanguage":"de","@id":"https:\/\/botanian.com\/de\/#\/schema\/logo\/image\/","url":"https:\/\/botanian.com\/wp-content\/uploads\/botanian-logo.svg","contentUrl":"https:\/\/botanian.com\/wp-content\/uploads\/botanian-logo.svg","caption":"Botanian"},"image":{"@id":"https:\/\/botanian.com\/de\/#\/schema\/logo\/image\/"}}]}},"_links":{"self":[{"href":"https:\/\/botanian.com\/de\/wp-json\/wp\/v2\/pages\/5662","targetHints":{"allow":["GET"]}}],"collection":[{"href":"https:\/\/botanian.com\/de\/wp-json\/wp\/v2\/pages"}],"about":[{"href":"https:\/\/botanian.com\/de\/wp-json\/wp\/v2\/types\/page"}],"author":[{"embeddable":true,"href":"https:\/\/botanian.com\/de\/wp-json\/wp\/v2\/users\/1"}],"replies":[{"embeddable":true,"href":"https:\/\/botanian.com\/de\/wp-json\/wp\/v2\/comments?post=5662"}],"version-history":[{"count":4,"href":"https:\/\/botanian.com\/de\/wp-json\/wp\/v2\/pages\/5662\/revisions"}],"predecessor-version":[{"id":8217,"href":"https:\/\/botanian.com\/de\/wp-json\/wp\/v2\/pages\/5662\/revisions\/8217"}],"wp:attachment":[{"href":"https:\/\/botanian.com\/de\/wp-json\/wp\/v2\/media?parent=5662"}],"curies":[{"name":"wp","href":"https:\/\/api.w.org\/{rel}","templated":true}]}}